{"id":6232,"date":"2025-10-24T15:24:18","date_gmt":"2025-10-24T13:24:18","guid":{"rendered":"https:\/\/e-m-p-i-r-e.eu\/produit\/the-cocktail-principle-oeuvres-de-michaela-sanson-braun-de-1995-a-2025\/"},"modified":"2026-02-10T19:57:38","modified_gmt":"2026-02-10T18:57:38","slug":"the-cocktail-principle-oeuvres-de-michaela-sanson-braun-de-1995-a-2025","status":"publish","type":"product","link":"https:\/\/e-m-p-i-r-e.eu\/fr\/produit\/the-cocktail-principle-oeuvres-de-michaela-sanson-braun-de-1995-a-2025\/","title":{"rendered":"The Cocktail Principle, \u0153uvres de Michaela Sanson-Braun de 1995 \u00e0 2025"},"content":{"rendered":"<p>Cette premi\u00e8re monographie retrace trente ann\u00e9es de pratique en Allemagne, \u00e0 Londres et en France. Elle r\u00e9unit reproductions, vues d\u2019expositions et essais, et pr\u00e9sente \u00e9galement seize peintures sp\u00e9cialement con\u00e7ues pour l\u2019occasion, imprim\u00e9es sur un papier offset. Telles des poup\u00e9es russes, elles cr\u00e9ent une mise en abyme de la fabrication du livre, brouillant la fronti\u00e8re entre documentation et \u0153uvre.<\/p>\n<p>&nbsp;<\/p>\n<p>Textes : Marie Dupas, Fred Emprou, G\u00e9raldine Gourbe, Anna Schultz, Eug\u00e9nie Z\u00e9ly<\/p>\n<p>&nbsp;<\/p>\n<p>Conversation avec : Vanina Andr\u00e9ani<\/p>\n<p>&nbsp;<\/p>\n<p>&nbsp;<\/p>\n<p>Michaela Sanson-Braun (n\u00e9e en 1975 en Allemagne) a obtenu un MFA \u00e0 la Slade School of Fine Art (UCL) de Londres, apr\u00e8s des \u00e9tudes \u00e0 l\u2019\u00c9cole des Beaux-Arts de Stuttgart. Install\u00e9e \u00e0 Nantes depuis 2019, elle y vit et travaille.<\/p>\n<p>En 2025, elle pr\u00e9sente <i>Peaches and Cream<\/i> dans le parvis du Mus\u00e9e d\u2019arts de Nantes et participe \u00e0 <i>L\u2019Envers du d\u00e9cor<\/i> au MASC (Mus\u00e9e d\u2019art moderne et d\u2019art contemporain) des Sables d\u2019Olonne, ainsi qu\u2019\u00e0 une r\u00e9sidence au collectif Blast \u00e0 Angers. Ses expositions r\u00e9centes incluent <i>Other People\u2019s Sunsets<\/i> (Le Carr\u00e9, CACIN, 2024), <i>Le curieux r\u00eave de Ren\u00e9e de Bourbon<\/i> (Abbaye royale de Fontevraud, 2023) et <i>Il faut que tu revoies ta copie<\/i> (Atelier Legault, 2022) en collaboration avec le Frac <i>(Fonds r\u00e9gional d\u2019art contemporain) <\/i>des Pays de la Loire et le d\u00e9partement de Maine-et-Loire.<\/p>\n","protected":false},"excerpt":{"rendered":"<p>isbn 979-10-95991-81-6<br \/>\nAnglais\/Fran\u00e7ais<br \/>\n21 \u00d7 29,7 cm<br \/>\n176 pages avec 16 peintures originales<br \/>\nDesign : Syndicat<br \/>\n32\u20ac<br \/>\nnovembre 2025<\/p>\n","protected":false},"featured_media":10034,"comment_status":"closed","ping_status":"closed","template":"","meta":[],"product_brand":[],"product_cat":[164],"product_tag":[],"contributor":[3804,3805,3802,3803,3801,1877,3806],"season":[],"subject":[3909],"collection":[4507],"artist":[3799],"limited_edition":[],"class_list":{"0":"post-6232","1":"product","2":"type-product","3":"status-publish","4":"has-post-thumbnail","6":"product_cat-empire-fr","7":"contributor-anna-schultz","8":"contributor-eugenie-zely","9":"contributor-fred-emprou","10":"contributor-geraldine-gourbe","11":"contributor-marie-dupas","12":"contributor-michaela-sanson-braun","13":"contributor-vanina-andreani","14":"subject-contemporary-art-fr","15":"collection-monographie","16":"artist-michaela-sanson-braun","18":"first","19":"instock","20":"featured","21":"shipping-taxable","22":"purchasable","23":"product-type-simple"},"_links":{"self":[{"href":"https:\/\/e-m-p-i-r-e.eu\/fr\/wp-json\/wp\/v2\/product\/6232","targetHints":{"allow":["GET"]}}],"collection":[{"href":"https:\/\/e-m-p-i-r-e.eu\/fr\/wp-json\/wp\/v2\/product"}],"about":[{"href":"https:\/\/e-m-p-i-r-e.eu\/fr\/wp-json\/wp\/v2\/types\/product"}],"replies":[{"embeddable":true,"href":"https:\/\/e-m-p-i-r-e.eu\/fr\/wp-json\/wp\/v2\/comments?post=6232"}],"wp:featuredmedia":[{"embeddable":true,"href":"https:\/\/e-m-p-i-r-e.eu\/fr\/wp-json\/wp\/v2\/media\/10034"}],"wp:attachment":[{"href":"https:\/\/e-m-p-i-r-e.eu\/fr\/wp-json\/wp\/v2\/media?parent=6232"}],"wp:term":[{"taxonomy":"product_brand","embeddable":true,"href":"https:\/\/e-m-p-i-r-e.eu\/fr\/wp-json\/wp\/v2\/product_brand?post=6232"},{"taxonomy":"product_cat","embeddable":true,"href":"https:\/\/e-m-p-i-r-e.eu\/fr\/wp-json\/wp\/v2\/product_cat?post=6232"},{"taxonomy":"product_tag","embeddable":true,"href":"https:\/\/e-m-p-i-r-e.eu\/fr\/wp-json\/wp\/v2\/product_tag?post=6232"},{"taxonomy":"contributor","embeddable":true,"href":"https:\/\/e-m-p-i-r-e.eu\/fr\/wp-json\/wp\/v2\/contributor?post=6232"},{"taxonomy":"season","embeddable":true,"href":"https:\/\/e-m-p-i-r-e.eu\/fr\/wp-json\/wp\/v2\/season?post=6232"},{"taxonomy":"subject","embeddable":true,"href":"https:\/\/e-m-p-i-r-e.eu\/fr\/wp-json\/wp\/v2\/subject?post=6232"},{"taxonomy":"collection","embeddable":true,"href":"https:\/\/e-m-p-i-r-e.eu\/fr\/wp-json\/wp\/v2\/collection?post=6232"},{"taxonomy":"artist","embeddable":true,"href":"https:\/\/e-m-p-i-r-e.eu\/fr\/wp-json\/wp\/v2\/artist?post=6232"},{"taxonomy":"limited_edition","embeddable":true,"href":"https:\/\/e-m-p-i-r-e.eu\/fr\/wp-json\/wp\/v2\/limited_edition?post=6232"}],"curies":[{"name":"wp","href":"https:\/\/api.w.org\/{rel}","templated":true}]}}