{"id":4444,"date":"2025-10-20T14:58:49","date_gmt":"2025-10-20T12:58:49","guid":{"rendered":"https:\/\/e-m-p-i-r-e.eu\/?post_type=product&#038;p=4444"},"modified":"2026-02-10T19:50:31","modified_gmt":"2026-02-10T18:50:31","slug":"jocaste-n0-revue-de-psychanalyse-et-de-discussions","status":"publish","type":"product","link":"https:\/\/e-m-p-i-r-e.eu\/fr\/produit\/jocaste-n0-revue-de-psychanalyse-et-de-discussions\/","title":{"rendered":"Jocaste, n\u00b00 &#8211; Revue de psychanalyse et de discussions"},"content":{"rendered":"<p>Le num\u00e9ro inaugural de la revue annuelle de psychanalyse et de discussions interdisciplinaire co-\u00e9dit\u00e9e par l&rsquo;Association Lacanienne Internationale et les \u00e9ditions Empire, autour de la figure du pli.<\/p>\n<p>&nbsp;<\/p>\n<p>Jocaste, revue de psychanalyse et de discussions se veut un lieu de rencontres et d\u2019\u00e9changes entre les avanc\u00e9es actuelles de la psychanalyse et les propositions venues de disciplines diverses. Cette revue accueille des contributions d\u2019artistes contemporains, d\u2019essayistes, de po\u00e8tes, de psychanalystes, de femmes et d\u2019hommes engag\u00e9s dans une praxis et dans le temps qui est le n\u00f4tre.<\/p>\n<p>&nbsp;<\/p>\n<p>Direction de la publication : Thatyana Pitavy<\/p>\n<p>Comit\u00e9 de r\u00e9daction : Val\u00e9rie Batteux, Alexis Chiari, Cristiana Fanelli, Cyrille Noirjean, Thatyana Pitavy<\/p>\n<p>&nbsp;<\/p>\n<p>Textes de : Philippe Azoury, Val\u00e9rie Batteux, Jean Brini, Guillaume Cassegrain, Alexis Chiari, Julie Everaert, Cristiana Fanelli, Virginia Hasenbalg, Christiane Lac\u00f4te-Destribats, Sabine Laran, Marie-Christine Laznik, Colin Lemoine, Federico Leoni, Cyrille Noirjean, Thatyana Pitavy, Massimo Recalcati, Jean-Paul Sauz\u00e8de, Jean-Claude Silbermann, Gibus de Soultrait, St\u00e9phane Thibierge, Eriko Thibierge-Nasu,<\/p>\n<p>&nbsp;<\/p>\n<p>Entretiens avec : Gautier Deblonde, Fran\u00e7ois Petit, Simon Schubert, Gibus de Soultrait<\/p>\n","protected":false},"excerpt":{"rendered":"<p>A.L.I. (Association Lacanienne Internationale) &amp; Empire Books<br \/>\nisbn 979-10-95991-55-7<br \/>\n(fran\u00e7ais)<br \/>\n136 pages<br \/>\n20 \u00d7 29,7 cm<br \/>\nNoir + 1 PMS<br \/>\nDesign : <a href=\"https:\/\/s-y-n-d-i-c-a-t.eu\">Syndicat<\/a><br \/>\n20 \u20ac<br \/>\n2025<\/p>\n","protected":false},"featured_media":5265,"comment_status":"closed","ping_status":"closed","template":"","meta":[],"product_brand":[],"product_cat":[164],"product_tag":[],"contributor":[1875,1874,1873,1871,1876],"season":[],"subject":[3185],"collection":[],"artist":[],"limited_edition":[],"class_list":{"0":"post-4444","1":"product","2":"type-product","3":"status-publish","4":"has-post-thumbnail","6":"product_cat-empire-fr","7":"contributor-alexis-chiari","8":"contributor-cristiana-fanelli","9":"contributor-cyrille-noirjean","10":"contributor-thatyana-pitavy","11":"contributor-valerie-batteux","12":"subject-art-fr","14":"first","15":"instock","16":"featured","17":"shipping-taxable","18":"purchasable","19":"product-type-simple"},"_links":{"self":[{"href":"https:\/\/e-m-p-i-r-e.eu\/fr\/wp-json\/wp\/v2\/product\/4444","targetHints":{"allow":["GET"]}}],"collection":[{"href":"https:\/\/e-m-p-i-r-e.eu\/fr\/wp-json\/wp\/v2\/product"}],"about":[{"href":"https:\/\/e-m-p-i-r-e.eu\/fr\/wp-json\/wp\/v2\/types\/product"}],"replies":[{"embeddable":true,"href":"https:\/\/e-m-p-i-r-e.eu\/fr\/wp-json\/wp\/v2\/comments?post=4444"}],"wp:featuredmedia":[{"embeddable":true,"href":"https:\/\/e-m-p-i-r-e.eu\/fr\/wp-json\/wp\/v2\/media\/5265"}],"wp:attachment":[{"href":"https:\/\/e-m-p-i-r-e.eu\/fr\/wp-json\/wp\/v2\/media?parent=4444"}],"wp:term":[{"taxonomy":"product_brand","embeddable":true,"href":"https:\/\/e-m-p-i-r-e.eu\/fr\/wp-json\/wp\/v2\/product_brand?post=4444"},{"taxonomy":"product_cat","embeddable":true,"href":"https:\/\/e-m-p-i-r-e.eu\/fr\/wp-json\/wp\/v2\/product_cat?post=4444"},{"taxonomy":"product_tag","embeddable":true,"href":"https:\/\/e-m-p-i-r-e.eu\/fr\/wp-json\/wp\/v2\/product_tag?post=4444"},{"taxonomy":"contributor","embeddable":true,"href":"https:\/\/e-m-p-i-r-e.eu\/fr\/wp-json\/wp\/v2\/contributor?post=4444"},{"taxonomy":"season","embeddable":true,"href":"https:\/\/e-m-p-i-r-e.eu\/fr\/wp-json\/wp\/v2\/season?post=4444"},{"taxonomy":"subject","embeddable":true,"href":"https:\/\/e-m-p-i-r-e.eu\/fr\/wp-json\/wp\/v2\/subject?post=4444"},{"taxonomy":"collection","embeddable":true,"href":"https:\/\/e-m-p-i-r-e.eu\/fr\/wp-json\/wp\/v2\/collection?post=4444"},{"taxonomy":"artist","embeddable":true,"href":"https:\/\/e-m-p-i-r-e.eu\/fr\/wp-json\/wp\/v2\/artist?post=4444"},{"taxonomy":"limited_edition","embeddable":true,"href":"https:\/\/e-m-p-i-r-e.eu\/fr\/wp-json\/wp\/v2\/limited_edition?post=4444"}],"curies":[{"name":"wp","href":"https:\/\/api.w.org\/{rel}","templated":true}]}}