{"id":3374,"date":"2025-04-10T17:42:28","date_gmt":"2025-04-10T15:42:28","guid":{"rendered":"https:\/\/e-m-p-i-r-e.eu\/produit\/dessin-antoine-de-galbert-collection\/"},"modified":"2026-03-27T16:23:43","modified_gmt":"2026-03-27T15:23:43","slug":"dessin-antoine-de-galbert-collection","status":"publish","type":"product","link":"https:\/\/e-m-p-i-r-e.eu\/fr\/produit\/dessin-antoine-de-galbert-collection\/","title":{"rendered":"Dessin, collection Antoine de Galbert"},"content":{"rendered":"<p>Cet ouvrage rassemble plus de 500 dessins de la Collection Antoine de Galbert r\u00e9unis depuis pr\u00e8s de 40 ans. 213 artistes s\u2019y succ\u00e8dent sous la forme d\u2019un ab\u00e9c\u00e9daire, favorisant les rencontres fortuites.<\/p>\n<p>&nbsp;<\/p>\n<p>&nbsp;<\/p>\n<p>\u00ab\u2009Une collection en forme de gouffre d\u2019humanit\u00e9 qui tape fort, se tord, exulte, \u2019extasie, d\u00e9conne, se r\u00e9pand, exag\u00e8re, se contracte. Avec \u00e9l\u00e9gance, gaucherie, na\u00efvet\u00e9, virtuosit\u00e9, les \u0153uvres sur papier sont la vie qui veut continuer, qu\u2019on en pleure ou qu\u2019on en rie. Elles puent la vie qui travaille la mort \u00e0 mort.\u2009\u00bb<\/p>\n<p>Corinne Rondeau<\/p>\n<p>&nbsp;<\/p>\n<p>&nbsp;<\/p>\n<p>Avec un texte de Corinne Rondeau et des notices d\u2019Antoine Champenois<\/p>\n<p>&nbsp;<\/p>\n<p>Artistes :<br \/>\nIsaac Abrams, Jean-Michel Alberola, Y\u00fcksel Arslan, Martin Assig, Atelier Van Lieshout, Jean-Philippe Aubanel,Bart Baele, Cl\u00e9ment Bagot, Ladoo Ba\u00ef, Gilles Barbier, Annette Barcelo, Jean-Michel Basquiat, Jean Batail, Hans Bellmer, Lucie Beppler, Alain Bizos, Pierrette Bloch, Cathryn Boch, Pierre-Yves Bohm, Micha\u00ebl Borremans, George Brecht, Damien Cabanes, Damien Cadio, John Cage, Miriam Cahn, Marcos Carrasquer, Eug\u00e8ne Carri\u00e8re, Charley Case, Gaston Chaissac, chantalpetit, Henri Chopin, Alo\u00efse Corbaz, \u00c9ric Corne, Robert Coutelas, Pierre Daboval, Henry Darger, Berlinde De Bruyckere, Thierry De Cordier, James Edward Deeds, H\u00e9l\u00e8ne Delprat, Wim Delvoye, Damien Deroubaix, Fernand Desmoulin, Fred Deux, John Devlin, Herv\u00e9 Di Rosa, Daniel Martin Diaz, Hiroyuki Doi, Janko Dom\u0161i\u010d, Marcel Dzama, Jos\u00e9 Manuel Egea, Ernest T., Philippe Favier, Leonor Fini, Johann Fischer, Roland Flexner, Lucio Fontana, \u00c9ric Fonteneau, Eug\u00e8ne Gabritschevsky, Antonio Garcia Molino, Vidya Gastaldon, Gilgian Gelzer, Jochen Gerner, Patrick Gimel, Alexander Gorlizki, Annabelle Guetatra, Guyodo, Abraham Hadad, Johann Hauser, Yoshifumi Hayashi, Elika Hedayat, Hendrik Hegray, Hipkiss, Josef Hofer, Carlos Garcia Huergo, Fabrice Hyber, IRWIN, Karl Hans Janke, Foma Jaremtschuk, Kim Jones, Ida Karskaya, John Urho Kemp, Carlo Keshishian, Serge Kliaving, Olrik Kohlhoff, Slavko Kopa\u010d, Johann Korec, Zdenek Ko\u0161ek, Noboru Kurosu, Arnaud Labelle-Rojoux, Joseph Lambert, J\u00f6rg Langhans, Ricardo Lanzarini, Jacques Lapergue, Alexandre Leger, Fr\u00e9d\u00e9ric L\u00e9glise, Eug\u00e8ne Leroy, Pascal Leyder, Christian Lhopital, Mark Licari, Alexandre Lobanov, Rapha\u00ebl Lonn\u00e9, Fr\u00e9d\u00e9rique Loutz, Dwight Mackintosh, Ren\u00e9 Magritte, Naoko Majima, Robert Malaval, Kevin Sim\u00f3n Mancera, St\u00e9phane Mandelbaum, Marcel Marceau, Joseph W. Marino, Maryan, Titus Matiyane, Ramuntcho Matta, Philippe Mayaux, Malcolm McKesson, Elina Merenmies, Gene Merritt, Annette Messager, Henri Michaux, Marie-Claire Mitout, Fran\u00e7ois Morellet, Shanthamani Muddaiah, John Bunion Murray, Michel Nedjar, Armineh Negahdari, Marc Negri, Nikifor, Maldo Nollimerg, Heinrich N\u00fcsslein, Oda Jaune, Olivier O. Olivier, Dami\u00e1n Ontiveros Ram\u00edrez, Hans Op de Beeck, Tony Oursler, \u00c1lvaro Oyarz\u00fan, Panamarenko, Jean-Luc Parant, Michail Paule, Romain Pellas, Jean Perdrizet, Peybak, Francis Picabia, Lubo\u0161 Pln\u00fd, \u00c9tienne Pottier, \u00c9ric Pougeau, Markus Raetz, Jean Raine, Arnulf Rainer, Mario Reis, Bernard R\u00e9quichot, Fran\u00e7ois Ribes, Andr\u00e9 Robillard, Mika Rottenberg, Jean-Jacques Rullier, Jean Rustin, Patricia Salen, Thibault Scemama de Gialluly, Arnold Schmidt, Anne-Marie Schneider, Friedrich Schr\u00f6der-Sonnenstern, Thomas Sch\u00fctte, Gilbert Shelton, Arturo Sim\u00f3 Masip, Sylvain Sorgato, Louis Soutter, Charles Steffen, St\u00e9phane Steiner, Harald Stoffers, Ceija Stojka, Marcel Storr, Elly Strik, Leopold Strobl, Graham Sutherland, Benjamin Swaim, onel Talpazan, Dorothea Tanning, Yuri Titov, Roland Topor, G\u00e9rard Traquandi, Elmar Trenkwalder, Elisabeth Trenkwalder, Oswald Tschirtner, Nasan Tur, Dami\u00e1n Vald\u00e9s Dilla, Patrick Van Caeckenbergh, Willem van Genk, Philippe Vandenberg, Sandra V\u00e1squez de la Horra, Alan Vega, T. Venkanna, Fran\u00e7oise Vergier, Jean-Luc Verna, Fabien Verschaere, Acharya Vyakul, August Walla, Melvin Way, Pae White, George Widener, Katarzyna Wiesiolek, Scottie Wilson, Winshluss , Agatha Wojciechowsky, Adolf W\u00f6lfli, Xiaohai Wu, M\u00e2khi Xenakis, Joseph Yoakum, Anna Zem\u00e1nkov\u00e1, J\u00e9r\u00f4me Zonder, Pascal Zoss, Aloys Z\u00f6tl, Unica Z\u00fcrn, Zush<\/p>\n","protected":false},"excerpt":{"rendered":"<p>Avec un texte de Corinne Rondeau et des notices d\u2019Antoine Champenois<br \/>\nisbn 9791095991472<br \/>\nFran\u00e7ais (+ traduction anglaise du texte de Corinne Rondeau)<br \/>\n324 pages + couverture<br \/>\n21 \u00d7 29,7 cm<br \/>\nCMJN + 3 PMS<br \/>\nCouverture souple<br \/>\nGraphisme : Syndicat<br \/>\n2025<br \/>\n39\u20ac<\/p>\n","protected":false},"featured_media":3323,"comment_status":"closed","ping_status":"closed","template":"","meta":[],"product_brand":[],"product_cat":[164],"product_tag":[1643,588,421,1740,1607,1733,1640,1664,1668,381,1746,1693,1704,422,1641,598,1603,599,1635,1686,603,1709,604,1712,1598,605,1600,1720,1621,608,1656,1649,1609,1716,1617,1714,1615,615,1601,1691,1728,1611,1612,618,1627,623,402,628,1680,1725,1718,1168,630,1634,631,633,1700,1614,635,1666,1736,1650,385,1652,1699,638,639,640,1624,1665,1670,1710,1616,1681,1071,1737,1724,1711,1637,645,1719,1642,649,1692,417,1689,1623,1646,1618,1128,384,1626,1647,1628,1654,1101,1597,1663,1622,386,1605,410,1702,1706,1705,1695,1735,659,1604,1599,1744,1638,1632,1644,661,406,1613,1625,1655,1661,1629,1648,396,1674,1743,1651,1738,1672,1653,1602,1631,416,674,675,1606,676,1742,1679,677,1687,678,1673,1717,679,1682,1703,1667,1701,682,1675,419,1610,1696,1685,1596,684,1684,1671,1727,1688,1660,691,1690,1658,1721,1726,1176,1694,399,1745,1707,1639,1729,1698,1630,1678,1731,1620,700,1608,1677,1669,708,1662,1619,711,1633,1723,1697,1732,420,1657,1683,1659,720,1715,1713,1734,1708,727,730,1676,1136,424,1636,1730,738,1739,1741,1645,742,1722,395,1747],"contributor":[319,152,1748],"season":[],"subject":[3185,3142,3909],"collection":[],"artist":[4525,4527],"limited_edition":[],"class_list":{"0":"post-3374","1":"product","2":"type-product","3":"status-publish","4":"has-post-thumbnail","6":"product_cat-empire-fr","7":"product_tag-abraham-hadad-fr","8":"product_tag-acharya-vyakul-fr","9":"product_tag-adolf-wolfli-fr","10":"product_tag-agatha-wojciechowsky-fr","11":"product_tag-alain-bizos-fr","12":"product_tag-alan-vega-fr","13":"product_tag-alexander-gorlizki-fr","14":"product_tag-alexandre-leger-fr","15":"product_tag-alexandre-lobanov-fr","16":"product_tag-aloise-corbaz-fr","17":"product_tag-aloys-zotl-fr","18":"product_tag-alvaro-oyarzun-fr","19":"product_tag-andre-robillard-fr","20":"product_tag-anna-zemankova-fr","21":"product_tag-annabelle-guetatra-fr","22":"product_tag-anne-marie-schneider-fr","23":"product_tag-annette-barcelo-fr","24":"product_tag-annette-messager-fr","25":"product_tag-antonio-garcia-molino-fr","26":"product_tag-armineh-negahdari-fr","27":"product_tag-arnaud-labelle-rojoux-fr","28":"product_tag-arnold-schmidt-fr","29":"product_tag-arnulf-rainer-fr","30":"product_tag-arturo-simo-masip-fr","31":"product_tag-atelier-van-lieshout-fr","32":"product_tag-august-walla-fr","33":"product_tag-bart-baele-fr","34":"product_tag-benjamin-swaim-fr","35":"product_tag-berlinde-de-bruyckere-fr","36":"product_tag-bernard-requichot-fr","37":"product_tag-carlo-keshishian-fr","38":"product_tag-carlos-garcia-huergo-fr","39":"product_tag-cathryn-boch-fr","40":"product_tag-ceija-stojka-fr","41":"product_tag-chantalpetit-fr","42":"product_tag-charles-steffen-fr","43":"product_tag-charley-case-fr","44":"product_tag-christian-lhopital-fr","45":"product_tag-clement-bagot-fr","46":"product_tag-damian-ontiveros-ramirez-fr","47":"product_tag-damian-valdes-dilla-fr","48":"product_tag-damien-cabanes-fr","49":"product_tag-damien-cadio-fr","50":"product_tag-damien-deroubaix-fr","51":"product_tag-daniel-martin-diaz-fr","52":"product_tag-dorothea-tanning-fr","53":"product_tag-dwight-mackintosh-fr","54":"product_tag-elika-hedayat-fr","55":"product_tag-elina-merenmies-fr","56":"product_tag-elisabeth-trenkwalder-fr","57":"product_tag-elly-strik-fr","58":"product_tag-elmar-trenkwalder-fr","59":"product_tag-eric-corne-fr","60":"product_tag-eric-fonteneau-fr","61":"product_tag-eric-pougeau-fr","62":"product_tag-ernest-t-fr","63":"product_tag-etienne-pottier-fr","64":"product_tag-eugene-carriere-fr","65":"product_tag-eugene-gabritschevsky-fr","66":"product_tag-eugene-leroy-fr","67":"product_tag-fabien-verschaere-fr","68":"product_tag-fabrice-hyber-fr","69":"product_tag-fernand-desmoulin-fr","70":"product_tag-foma-jaremtschuk-fr","71":"product_tag-francis-picabia-fr","72":"product_tag-francois-morellet-fr","73":"product_tag-francois-ribes-fr","74":"product_tag-francoise-vergier-fr","75":"product_tag-fred-deux-fr","76":"product_tag-frederic-leglise-fr","77":"product_tag-frederique-loutz-fr","78":"product_tag-friedrich-schroder-sonnenstern-fr","79":"product_tag-gaston-chaissac-fr","80":"product_tag-gene-merritt-fr","81":"product_tag-george-brecht-fr","82":"product_tag-george-widener-fr","83":"product_tag-gerard-traquandi-fr","84":"product_tag-gilbert-shelton-fr","85":"product_tag-gilgian-gelzer-fr","86":"product_tag-gilles-barbier-fr","87":"product_tag-graham-sutherland-fr","88":"product_tag-guyodo-fr","89":"product_tag-hans-bellmer-fr","90":"product_tag-hans-op-de-beeck-fr","91":"product_tag-harald-stoffers-fr","92":"product_tag-heinrich-nusslein-fr","93":"product_tag-helene-delprat-fr","94":"product_tag-hendrik-hegray-fr","95":"product_tag-henri-chopin-fr","96":"product_tag-henri-michaux-fr","97":"product_tag-henry-darger-fr","98":"product_tag-herve-di-rosa-fr","99":"product_tag-hipkiss-fr","100":"product_tag-hiroyuki-doi-fr","101":"product_tag-ida-karskaya-fr","102":"product_tag-irwin-fr","103":"product_tag-isaac-abrams-fr","104":"product_tag-jacques-lapergue-fr","105":"product_tag-james-edward-deeds-fr","106":"product_tag-janko-domsic-fr","107":"product_tag-jean-batail-fr","108":"product_tag-jean-perdrizet-fr","109":"product_tag-jean-raine-fr","110":"product_tag-jean-rustin-fr","111":"product_tag-jean-jacques-rullier-fr","112":"product_tag-jean-luc-parant-fr","113":"product_tag-jean-luc-verna-fr","114":"product_tag-jean-michel-alberola-fr","115":"product_tag-jean-michel-basquiat-fr","116":"product_tag-jean-philippe-aubanel-fr","117":"product_tag-jerome-zonder-fr","118":"product_tag-jochen-gerner-fr","119":"product_tag-johann-fischer-fr","120":"product_tag-johann-hauser-fr","121":"product_tag-johann-korec-fr","122":"product_tag-john-bunion-murray-fr","123":"product_tag-john-cage-fr","124":"product_tag-john-devlin-fr","125":"product_tag-john-urho-kemp-fr","126":"product_tag-jorg-langhans-fr","127":"product_tag-jose-manuel-egea-fr","128":"product_tag-josef-hofer-fr","129":"product_tag-joseph-lambert-fr","130":"product_tag-joseph-w-marino-fr","131":"product_tag-joseph-yoakum-fr","132":"product_tag-karl-hans-janke-fr","133":"product_tag-katarzyna-wiesiolek-fr","134":"product_tag-kevin-simon-mancera-fr","135":"product_tag-kim-jones-fr","136":"product_tag-ladoo-bai-fr","137":"product_tag-leonor-fini-fr","138":"product_tag-leopold-strobl-fr","139":"product_tag-louis-soutter-fr","140":"product_tag-lubos-plny-fr","141":"product_tag-lucie-beppler-fr","142":"product_tag-lucio-fontana-fr","143":"product_tag-makhi-xenakis-fr","144":"product_tag-malcolm-mckesson-fr","145":"product_tag-maldo-nollimerg-fr","146":"product_tag-marc-negri-fr","147":"product_tag-marcel-dzama-fr","148":"product_tag-marcel-marceau-fr","149":"product_tag-marcel-storr-fr","150":"product_tag-marcos-carrasquer-fr","151":"product_tag-marie-claire-mitout-fr","152":"product_tag-mario-reis-fr","153":"product_tag-mark-licari-fr","154":"product_tag-markus-raetz-fr","155":"product_tag-martin-assig-fr","156":"product_tag-maryan-fr","157":"product_tag-melvin-way-fr","158":"product_tag-michael-borremans-fr","159":"product_tag-michail-paule-fr","160":"product_tag-michel-nedjar-fr","161":"product_tag-mika-rottenberg-fr","162":"product_tag-miriam-cahn-fr","163":"product_tag-n-fr","164":"product_tag-naoko-majima-fr","165":"product_tag-nasan-tur-fr","166":"product_tag-nikifor-fr","167":"product_tag-noboru-kurosu-fr","168":"product_tag-oda-jaune-fr","169":"product_tag-olivier-o-olivier-fr","170":"product_tag-olrik-kohlhoff-fr","171":"product_tag-onel-talpazan-fr","172":"product_tag-oswald-tschirtner-fr","173":"product_tag-pae-white-fr","174":"product_tag-panamarenko-fr","175":"product_tag-pascal-leyder-fr","176":"product_tag-pascal-zoss-fr","177":"product_tag-patricia-salen-fr","178":"product_tag-patrick-gimel-fr","179":"product_tag-patrick-van-caeckenbergh-fr","180":"product_tag-peybak-fr","181":"product_tag-philippe-favier-fr","182":"product_tag-philippe-mayaux-fr","183":"product_tag-philippe-vandenberg-fr","184":"product_tag-pierre-daboval-fr","185":"product_tag-pierre-yves-bohm-fr","186":"product_tag-pierrette-bloch-fr","187":"product_tag-ramuntcho-matta-fr","188":"product_tag-raphael-lonne-fr","189":"product_tag-rene-magritte-fr","190":"product_tag-ricardo-lanzarini-fr","191":"product_tag-robert-coutelas-fr","192":"product_tag-robert-malaval-fr","193":"product_tag-roland-flexner-fr","194":"product_tag-roland-topor-fr","195":"product_tag-romain-pellas-fr","196":"product_tag-sandra-vasquez-de-la-horra-fr","197":"product_tag-scottie-wilson-fr","198":"product_tag-serge-kliaving-fr","199":"product_tag-shanthamani-muddaiah-fr","200":"product_tag-slavko-kopac-fr","201":"product_tag-stephane-mandelbaum-fr","202":"product_tag-stephane-steiner-fr","203":"product_tag-sylvain-sorgato-fr","204":"product_tag-t-venkanna-fr","205":"product_tag-thibault-scemama-de-gialluly-fr","206":"product_tag-thierry-de-cordier-fr","207":"product_tag-thomas-schutte-fr","208":"product_tag-titus-matiyane-fr","209":"product_tag-tony-oursler-fr","210":"product_tag-unica-zurn-fr","211":"product_tag-vidya-gastaldon-fr","212":"product_tag-willem-van-genk-fr","213":"product_tag-wim-delvoye-fr","214":"product_tag-winshluss-fr","215":"product_tag-xiaohai-wu-fr","216":"product_tag-yoshifumi-hayashi-fr","217":"product_tag-yuksel-arslan-fr","218":"product_tag-yuri-titov-fr","219":"product_tag-zdenek-kosek-fr","220":"product_tag-zush-fr","221":"contributor-antoine-champenois","222":"contributor-antoine-de-galbert","223":"contributor-corinne-rondeau","224":"subject-art-fr","225":"subject-collection-fr","226":"subject-contemporary-art-fr","227":"artist-adolf-wolfli","228":"artist-eugen-gabritschevsky","230":"first","231":"instock","232":"featured","233":"shipping-taxable","234":"purchasable","235":"product-type-simple"},"_links":{"self":[{"href":"https:\/\/e-m-p-i-r-e.eu\/fr\/wp-json\/wp\/v2\/product\/3374","targetHints":{"allow":["GET"]}}],"collection":[{"href":"https:\/\/e-m-p-i-r-e.eu\/fr\/wp-json\/wp\/v2\/product"}],"about":[{"href":"https:\/\/e-m-p-i-r-e.eu\/fr\/wp-json\/wp\/v2\/types\/product"}],"replies":[{"embeddable":true,"href":"https:\/\/e-m-p-i-r-e.eu\/fr\/wp-json\/wp\/v2\/comments?post=3374"}],"wp:featuredmedia":[{"embeddable":true,"href":"https:\/\/e-m-p-i-r-e.eu\/fr\/wp-json\/wp\/v2\/media\/3323"}],"wp:attachment":[{"href":"https:\/\/e-m-p-i-r-e.eu\/fr\/wp-json\/wp\/v2\/media?parent=3374"}],"wp:term":[{"taxonomy":"product_brand","embeddable":true,"href":"https:\/\/e-m-p-i-r-e.eu\/fr\/wp-json\/wp\/v2\/product_brand?post=3374"},{"taxonomy":"product_cat","embeddable":true,"href":"https:\/\/e-m-p-i-r-e.eu\/fr\/wp-json\/wp\/v2\/product_cat?post=3374"},{"taxonomy":"product_tag","embeddable":true,"href":"https:\/\/e-m-p-i-r-e.eu\/fr\/wp-json\/wp\/v2\/product_tag?post=3374"},{"taxonomy":"contributor","embeddable":true,"href":"https:\/\/e-m-p-i-r-e.eu\/fr\/wp-json\/wp\/v2\/contributor?post=3374"},{"taxonomy":"season","embeddable":true,"href":"https:\/\/e-m-p-i-r-e.eu\/fr\/wp-json\/wp\/v2\/season?post=3374"},{"taxonomy":"subject","embeddable":true,"href":"https:\/\/e-m-p-i-r-e.eu\/fr\/wp-json\/wp\/v2\/subject?post=3374"},{"taxonomy":"collection","embeddable":true,"href":"https:\/\/e-m-p-i-r-e.eu\/fr\/wp-json\/wp\/v2\/collection?post=3374"},{"taxonomy":"artist","embeddable":true,"href":"https:\/\/e-m-p-i-r-e.eu\/fr\/wp-json\/wp\/v2\/artist?post=3374"},{"taxonomy":"limited_edition","embeddable":true,"href":"https:\/\/e-m-p-i-r-e.eu\/fr\/wp-json\/wp\/v2\/limited_edition?post=3374"}],"curies":[{"name":"wp","href":"https:\/\/api.w.org\/{rel}","templated":true}]}}