{"id":2925,"date":"2024-10-02T15:16:04","date_gmt":"2024-10-02T13:16:04","guid":{"rendered":"https:\/\/e-m-p-i-r-e.eu\/produit\/le-chant-des-sirenes-leau-racontee-par-les-artistes\/"},"modified":"2026-02-10T19:06:56","modified_gmt":"2026-02-10T18:06:56","slug":"le-chant-des-sirenes-leau-racontee-par-les-artistes","status":"publish","type":"product","link":"https:\/\/e-m-p-i-r-e.eu\/fr\/produit\/le-chant-des-sirenes-leau-racontee-par-les-artistes\/","title":{"rendered":"Le chant des sir\u00e8nes \u2014 L\u2019eau racont\u00e9e par les artistes"},"content":{"rendered":"<p>\u00c0 la fois \u00e9l\u00e9ment et ressource, l\u2019eau qui nous constitue et d\u00e9borde le monde est aujourd\u2019hui en crise. Depuis la Villa M\u00e9dicis, suivons la figure de la sir\u00e8ne qui navigue entre les mondes, et depuis Rome, o\u00f9 l\u2019eau semble \u00e9ternelle, \u00e9coutons ce que les artistes nous en racontent.<\/p>\n<p>&nbsp;<\/p>\n<p>30 artistes et 10 auteurs racontent l\u2019eau :<\/p>\n<p>Artistes<\/p>\n<p>Monira Al Qadiri,\u00a0Mounir Ayache, Younes Ben Slimane, Alix Boillot, Bianca Bondi, Hera B\u00fcy\u00fckta\u015fc\u0131yan, MadisonBycroft, Alex Cecchetti, Ga\u00eblle Choisne, Jumana Emil Abboud, Klodin Erb, Simone Fattal, Estrid Lutz, Rose-Lynn Fisher, Yiannis Maniatakos, Lou Masduraud, Raffaela Naldi Rossano, Dala Nasser, Valentin\u00a0Nouja\u00efm &amp; Ma\u00efa Tellit Hawad, Ariana Papademetropolous, Laure Prouvost, Pamela Rosenkranz, LaToya Ruby Frazier, Bassem Saad, Chiyuki Sakagami,\u2009\u2009Himali\u2009 Singh\u2009\u2009Soin,\u2009\u2009Emilija\u2009\u2009\u0160karnulyt\u0117,\u2009\u2009A\u00efcha Snoussi,\u2009\u2009Kusukazu\u2009\u2009Uraguchi<\/p>\n<p>Auteurs<\/p>\n<p>Myriam Bahaffou, Alix Boillot, Caroline Courrioux, Julien d\u2019Huy, Vinciane Pirenne-Delforge, Sarah Rey, Himali Singh Soin, Sam Stourdz\u00e9, Ala Tannir, Justinien Tribillon, S\u00e9n\u00e8que (Seneca), Pline l\u2019Ancien (Plinio il Vecchio).<\/p>\n<p>&nbsp;<\/p>\n<p>Cet ouvrage est publi\u00e9 \u00e0 l\u2019occasion de l\u2019exposition <em>Le chant des sir\u00e8nes. L\u2019eau racont\u00e9e par les artistes<\/em>,\u00a0organis\u00e9e par l\u2019Acad\u00e9mie de France \u00e0 Rome\u00a0\u2013\u00a0Villa M\u00e9dicis du 4 octobre 2024 au 13 janvier 2025.<\/p>\n<p>&nbsp;<\/p>\n<p>Sous la direction de Caroline Courrioux et Sam Stourdz\u00e9<\/p>\n","protected":false},"excerpt":{"rendered":"<p>Villa M\u00e9dicis et Empire books<br \/>\nisbn 979-10-95991-39-7<br \/>\n(Fran\u00e7ais\/Italien)<br \/>\n352 pages, CMJN<br \/>\n15\u00a0\u00d7 21 cm,\u00a0couverture rembord\u00e9e<br \/>\nDesign : Syndicat<br \/>\n2024<br \/>\n28\u2009\u20ac<\/p>\n","protected":false},"featured_media":2973,"comment_status":"closed","ping_status":"closed","template":"","meta":[],"product_brand":[],"product_cat":[164],"product_tag":[],"contributor":[747,748],"season":[],"subject":[3185,3909],"collection":[],"artist":[],"limited_edition":[],"class_list":{"0":"post-2925","1":"product","2":"type-product","3":"status-publish","4":"has-post-thumbnail","6":"product_cat-empire-fr","7":"contributor-caroline-courrioux","8":"contributor-sam-stourdze","9":"subject-art-fr","10":"subject-contemporary-art-fr","12":"first","13":"instock","14":"featured","15":"shipping-taxable","16":"purchasable","17":"product-type-simple"},"_links":{"self":[{"href":"https:\/\/e-m-p-i-r-e.eu\/fr\/wp-json\/wp\/v2\/product\/2925","targetHints":{"allow":["GET"]}}],"collection":[{"href":"https:\/\/e-m-p-i-r-e.eu\/fr\/wp-json\/wp\/v2\/product"}],"about":[{"href":"https:\/\/e-m-p-i-r-e.eu\/fr\/wp-json\/wp\/v2\/types\/product"}],"replies":[{"embeddable":true,"href":"https:\/\/e-m-p-i-r-e.eu\/fr\/wp-json\/wp\/v2\/comments?post=2925"}],"wp:featuredmedia":[{"embeddable":true,"href":"https:\/\/e-m-p-i-r-e.eu\/fr\/wp-json\/wp\/v2\/media\/2973"}],"wp:attachment":[{"href":"https:\/\/e-m-p-i-r-e.eu\/fr\/wp-json\/wp\/v2\/media?parent=2925"}],"wp:term":[{"taxonomy":"product_brand","embeddable":true,"href":"https:\/\/e-m-p-i-r-e.eu\/fr\/wp-json\/wp\/v2\/product_brand?post=2925"},{"taxonomy":"product_cat","embeddable":true,"href":"https:\/\/e-m-p-i-r-e.eu\/fr\/wp-json\/wp\/v2\/product_cat?post=2925"},{"taxonomy":"product_tag","embeddable":true,"href":"https:\/\/e-m-p-i-r-e.eu\/fr\/wp-json\/wp\/v2\/product_tag?post=2925"},{"taxonomy":"contributor","embeddable":true,"href":"https:\/\/e-m-p-i-r-e.eu\/fr\/wp-json\/wp\/v2\/contributor?post=2925"},{"taxonomy":"season","embeddable":true,"href":"https:\/\/e-m-p-i-r-e.eu\/fr\/wp-json\/wp\/v2\/season?post=2925"},{"taxonomy":"subject","embeddable":true,"href":"https:\/\/e-m-p-i-r-e.eu\/fr\/wp-json\/wp\/v2\/subject?post=2925"},{"taxonomy":"collection","embeddable":true,"href":"https:\/\/e-m-p-i-r-e.eu\/fr\/wp-json\/wp\/v2\/collection?post=2925"},{"taxonomy":"artist","embeddable":true,"href":"https:\/\/e-m-p-i-r-e.eu\/fr\/wp-json\/wp\/v2\/artist?post=2925"},{"taxonomy":"limited_edition","embeddable":true,"href":"https:\/\/e-m-p-i-r-e.eu\/fr\/wp-json\/wp\/v2\/limited_edition?post=2925"}],"curies":[{"name":"wp","href":"https:\/\/api.w.org\/{rel}","templated":true}]}}