{"id":2667,"date":"2024-02-19T16:24:11","date_gmt":"2024-02-19T15:24:11","guid":{"rendered":"https:\/\/e-m-p-i-r-e.eu\/produit\/desordres-collection-antoine-de-galbert-au-musee-dart-contemporain-de-lyon\/"},"modified":"2026-02-10T17:57:48","modified_gmt":"2026-02-10T16:57:48","slug":"desordres-collection-antoine-de-galbert-au-musee-dart-contemporain-de-lyon","status":"publish","type":"product","link":"https:\/\/e-m-p-i-r-e.eu\/fr\/produit\/desordres-collection-antoine-de-galbert-au-musee-dart-contemporain-de-lyon\/","title":{"rendered":"D\u00e9sordres \u2013 Collection Antoine de Galbert au Mus\u00e9e d&rsquo;Art Contemporain de Lyon"},"content":{"rendered":"<p>Antoine de Galbert donne un aper\u00e7u de sa collection affranchie des normes traditionnelles de l&rsquo;histoire de l&rsquo;art : une immersion dans son univers artistique, \u00e0 travers une s\u00e9lection de plus de deux cents \u0153uvres pr\u00e9sent\u00e9es sans hi\u00e9rarchie ni classement.<\/p>\n<p>Antoine de Galbert \u0153uvre depuis de nombreuses ann\u00e9es \u00e0 promouvoir et soutenir l&rsquo;art contemporain, notamment par le biais de sa fondation reconnue d&rsquo;utilit\u00e9 publique, qu&rsquo;il a cr\u00e9\u00e9e en 2003. Il a \u00e9galement fond\u00e9 et pr\u00e9sid\u00e9 La Maison rouge, un lieu d&rsquo;exposition dont la qualit\u00e9 de la programmation artistique a marqu\u00e9 la sc\u00e8ne parisienne entre 2004 et 2018. Depuis plus de trente ans, Antoine de Galbert collectionne l&rsquo;art contemporain avec une forte proportion d&rsquo;art brut, mais aussi d&rsquo;autres formes d&rsquo;art, ethnologiques ou populaires.<\/p>\n<p>L&rsquo;\u00e9clectisme de sa collection souligne son insatiable curiosit\u00e9 et l&rsquo;int\u00e9r\u00eat qu&rsquo;il porte \u00e0 des artistes reconnus \u00e0 l&rsquo;international, mais aussi \u00e0 la jeune cr\u00e9ation ou \u00e0 des artistes dont l&rsquo;\u0153uvre est encore peu connue. Sa sensibilit\u00e9 autodidacte, revendiqu\u00e9e, laisse libre cours \u00e0 une grande ind\u00e9pendance dans ses choix, lui permettant de r\u00e9unir une collection affranchie des normes traditionnelles de l&rsquo;histoire de l&rsquo;art. Son engagement dans le monde de l&rsquo;art et la relation qu&rsquo;il entretient avec les artistes de sa collection font de lui un collectionneur passionn\u00e9 et passionnant.<\/p>\n<p>Les \u0153uvres de la collection d&rsquo;Antoine de Galbert sont r\u00e9guli\u00e8rement pr\u00e9sentes dans de nombreuses expositions en France et \u00e0 l&rsquo;\u00e9tranger. Il a \u00e9galement fait d&rsquo;importantes donations \u00e0 de prestigieuses collections comme celles du mus\u00e9e des Confluences de Lyon en 2017 (un don de 530 coiffes), du mus\u00e9e de Grenoble en 2023, ou encore du Centre Pompidou, du ch\u00e2teau d&rsquo;Oiron et du mus\u00e9e des Beaux-Arts de Lyon.<\/p>\n<p>Pens\u00e9s en \u00e9troite collaboration avec Antoine de Galbert, l&rsquo;exposition D\u00e9sordres au macLYON et le catalogue rassemblent plus de 250 \u0153uvres, montrant ainsi la richesse et la singularit\u00e9 de sa collection.<\/p>\n<p>&nbsp;<\/p>\n<p>&nbsp;<\/p>\n<p>Publi\u00e9 \u00e0 l&rsquo;occasion de l&rsquo;exposition \u00e9ponyme au Mus\u00e9e d&rsquo;art contemporain de Lyon du 8 mars au 7 juillet 2024.<\/p>\n<p>&nbsp;<\/p>\n<p>&nbsp;<\/p>\n<p>\u0152uvres de Jane Alexander, Sara Bich\u00e3o, Miriam Cahn, Roman Cieslewicz, Marcel Dzama, John Isaacs, Richard Jackson, Mari Katayama, Annie Leibovitz, Christian Lhopital, Boris Mikhailov, Kent Monkman, Zanele Muholi, St\u00e9phane Pancr\u00e9ac&rsquo;h, Rapha\u00eblle Ricol, Mika Rottenberg, Thomas Sch\u00fctte, Sylvie Selig, Agathe Snow, St\u00e9phane Thidet, Alexander Tsikarishvili, Erwin Wurm, J\u00e9r\u00f4me Zonder\u2026<\/p>\n","protected":false},"excerpt":{"rendered":"<p>Textes : Sophie Delpeux, B\u00e9rang\u00e8re Amblard, Lola Carrel<br \/>\nisbn 979-10-95991-35-9<br \/>\nFran\u00e7ais\/Anglais<br \/>\n17,2 x 25 cm (softcover)<br \/>\n240 + 28 pages<br \/>\nGraphisme : Syndicat<br \/>\n2024<br \/>\n25 \u20ac<\/p>\n","protected":false},"featured_media":2761,"comment_status":"open","ping_status":"closed","template":"","meta":[],"product_brand":[],"product_cat":[164],"product_tag":[375,586,587,588,589,590,591,592,593,594,595,596,597,598,599,600,601,602,603,604,605,398,606,607,608,609,610,611,612,613,614,615,616,617,618,619,620,621,622,623,624,625,626,627,628,629,630,631,632,633,634,635,636,637,638,639,640,641,642,643,644,645,646,647,648,649,650,651,652,653,654,655,656,657,658,659,660,661,662,663,664,665,666,667,668,669,670,671,672,673,674,675,676,677,678,679,680,681,682,683,684,685,686,687,688,689,690,691,692,693,694,695,696,697,698,699,700,701,702,703,704,705,706,707,708,709,710,711,712,713,714,715,716,717,718,719,720,721,722,723,724,725,726,727,728,729,730,731,732,733,734,735,736,737,738,739,740,741,742,743],"contributor":[152,427,744,310,64],"season":[],"subject":[3185,3142,3909],"collection":[],"artist":[4511],"limited_edition":[],"class_list":{"0":"post-2667","1":"product","2":"type-product","3":"status-publish","4":"has-post-thumbnail","6":"product_cat-empire-fr","7":"product_tag-a-c-m-fr","8":"product_tag-abbes-saladi-fr","9":"product_tag-abigail-deville-fr","10":"product_tag-acharya-vyakul-fr","11":"product_tag-adriana-popescu-fr","12":"product_tag-agathe-snow-fr","13":"product_tag-albert-de-hert-fr","14":"product_tag-aldo-piacenza-fr","15":"product_tag-alexander-tsikarishvili-fr","16":"product_tag-alighiero-boetti-fr","17":"product_tag-almighty-god-fr","18":"product_tag-andre-felix-fr","19":"product_tag-angelo-meani-fr","20":"product_tag-anne-marie-schneider-fr","21":"product_tag-annette-messager-fr","22":"product_tag-annie-leibovitz-fr","23":"product_tag-antonino-virduzzo-fr","24":"product_tag-armand-avril-fr","25":"product_tag-arnaud-labelle-rojoux-fr","26":"product_tag-arnulf-rainer-fr","27":"product_tag-august-walla-fr","28":"product_tag-augustin-lesage-fr","29":"product_tag-benoit-huot-fr","30":"product_tag-benoit-pype-fr","31":"product_tag-bernard-requichot-fr","32":"product_tag-bertrand-lavier-fr","33":"product_tag-boris-mikhailov-fr","34":"product_tag-brassai-fr","35":"product_tag-bri-williams-fr","36":"product_tag-camille-de-galbert-fr","37":"product_tag-capitaine-lonchamps-fr","38":"product_tag-christian-lhopital-fr","39":"product_tag-claire-fontaine-fr","40":"product_tag-dado-fr","41":"product_tag-damien-deroubaix-fr","42":"product_tag-denise-a-aubertin-fr","43":"product_tag-diego-bianchi-fr","44":"product_tag-dietrich-orth-fr","45":"product_tag-dominique-figarella-fr","46":"product_tag-dorothea-tanning-fr","47":"product_tag-dr-auzoux-fr","48":"product_tag-duchenne-de-boulogne-fr","49":"product_tag-dylan-spaysky-fr","50":"product_tag-edward-lipski-fr","51":"product_tag-elika-hedayat-fr","52":"product_tag-enrique-marty-fr","53":"product_tag-eric-corne-fr","54":"product_tag-eric-pougeau-fr","55":"product_tag-erik-dietman-fr","56":"product_tag-ernest-t-fr","57":"product_tag-erwin-wurm-fr","58":"product_tag-eugene-gabritschevsky-fr","59":"product_tag-evariste-richer-fr","60":"product_tag-flor-garduno-fr","61":"product_tag-francois-morellet-fr","62":"product_tag-francois-ribes-fr","63":"product_tag-francoise-vergier-fr","64":"product_tag-frederic-pardo-fr","65":"product_tag-friedrich-schroder-fr","66":"product_tag-gautier-dagoty-fr","67":"product_tag-gerhard-marx-maryan-fr","68":"product_tag-gilles-barbier-fr","69":"product_tag-giovanni-battista-fr","70":"product_tag-gregor-schneider-fr","71":"product_tag-gunter-haese-fr","72":"product_tag-hans-bellmer-fr","73":"product_tag-henri-ughetto-fr","74":"product_tag-ida-tursic-fr","75":"product_tag-ingrid-berger-fr","76":"product_tag-jackie-kayser-fr","77":"product_tag-jacques-fabien-fr","78":"product_tag-jacques-lizene-fr","79":"product_tag-jan-malik-fr","80":"product_tag-jane-alexander-fr","81":"product_tag-jean-painleve-fr","82":"product_tag-jean-michel-alberola-fr","83":"product_tag-jerome-zonde-fr","84":"product_tag-johann-korec-fr","85":"product_tag-john-davies-fr","86":"product_tag-john-isaacs-fr","87":"product_tag-jonathan-loppin-fr","88":"product_tag-julia-peirone-fr","89":"product_tag-julien-beneyton-fr","90":"product_tag-jurgen-klauke-fr","91":"product_tag-kati-heck-fr","92":"product_tag-kendell-geers-gelitin-fr","93":"product_tag-kent-monkman-fr","94":"product_tag-kurt-schwitters-fr","95":"product_tag-leon-ferrari-fr","96":"product_tag-leonid-sokov-fr","97":"product_tag-louis-soutter-fr","98":"product_tag-lubos-plny-fr","99":"product_tag-lucio-fontana-fr","100":"product_tag-maldo-nollimerg-fr","101":"product_tag-marcel-dzama-fr","102":"product_tag-marcos-carrasquer-fr","103":"product_tag-mari-katayama-fr","104":"product_tag-mark-dion-fr","105":"product_tag-martin-assig-fr","106":"product_tag-meret-oppenheim-fr","107":"product_tag-miriam-cahn-fr","108":"product_tag-nathalie-baetens-fr","109":"product_tag-neil-farber-fr","110":"product_tag-nicolas-darrot-fr","111":"product_tag-nicolas-milhe-fr","112":"product_tag-nobuko-tsuchiya-fr","113":"product_tag-norbert-h-knox-fr","114":"product_tag-oda-jaune-fr","115":"product_tag-olivier-blanckart-fr","116":"product_tag-pascal-bernier-fr","117":"product_tag-pascal-monteil-fr","118":"product_tag-paul-rebeyrolle-fr","119":"product_tag-peter-buggenhout-fr","120":"product_tag-philippe-de-gobert-fr","121":"product_tag-philippe-dereux-fr","122":"product_tag-pierre-molinier-fr","123":"product_tag-pierre-yves-bohm-fr","124":"product_tag-pilaralbarracin-fr","125":"product_tag-podesta-fr","126":"product_tag-rachel-kneebone-fr","127":"product_tag-radenko-milak-fr","128":"product_tag-raoul-hausmann-fr","129":"product_tag-raphaelle-ricol-fr","130":"product_tag-renaud-jerez-fr","131":"product_tag-rene-magritte-fr","132":"product_tag-richard-jackson-fr","133":"product_tag-robert-filliou-fr","134":"product_tag-robert-malaval-fr","135":"product_tag-roger-lorance-fr","136":"product_tag-roman-cieslewicz-fr","137":"product_tag-roman-opalka-fr","138":"product_tag-roman-signer-fr","139":"product_tag-sara-bichao-fr","140":"product_tag-shary-boyle-fr","141":"product_tag-shine-shivan-fr","142":"product_tag-sonnenstern-fr","143":"product_tag-stephane-mandelbaum-fr","144":"product_tag-stephane-pencreach-fr","145":"product_tag-stephane-thidet-fr","146":"product_tag-sylvain-goemare-fr","147":"product_tag-sylvie-selig-fr","148":"product_tag-tetsumi-kudo-fr","149":"product_tag-thibault-de-gialluly-fr","150":"product_tag-thierry-de-cordier-fr","151":"product_tag-thomas-feuerstein-fr","152":"product_tag-thomas-grunfeld-fr","153":"product_tag-thomas-schutte-fr","154":"product_tag-thomas-thompson-fr","155":"product_tag-thomas-zipp-fr","156":"product_tag-tsuyoshi-ozawa-fr","157":"product_tag-urs-luthi-fr","158":"product_tag-wilfried-mille-fr","159":"product_tag-william-eugene-smith-fr","160":"product_tag-william-hawkins-fr","161":"product_tag-wim-delvoye-fr","162":"product_tag-wolfgang-laib-fr","163":"product_tag-wols-fr","164":"product_tag-yayoi-kusama-fr","165":"product_tag-yuksel-arslan-fr","166":"product_tag-zanele-muholi-fr","167":"contributor-antoine-de-galbert","168":"contributor-berangere-amblard","169":"contributor-lola-carrel","170":"contributor-roman-cieslewicz","171":"contributor-sophie-delpeux","172":"subject-art-fr","173":"subject-collection-fr","174":"subject-contemporary-art-fr","175":"artist-roman-cieslewicz","177":"first","178":"instock","179":"featured","180":"shipping-taxable","181":"purchasable","182":"product-type-simple"},"_links":{"self":[{"href":"https:\/\/e-m-p-i-r-e.eu\/fr\/wp-json\/wp\/v2\/product\/2667","targetHints":{"allow":["GET"]}}],"collection":[{"href":"https:\/\/e-m-p-i-r-e.eu\/fr\/wp-json\/wp\/v2\/product"}],"about":[{"href":"https:\/\/e-m-p-i-r-e.eu\/fr\/wp-json\/wp\/v2\/types\/product"}],"replies":[{"embeddable":true,"href":"https:\/\/e-m-p-i-r-e.eu\/fr\/wp-json\/wp\/v2\/comments?post=2667"}],"wp:featuredmedia":[{"embeddable":true,"href":"https:\/\/e-m-p-i-r-e.eu\/fr\/wp-json\/wp\/v2\/media\/2761"}],"wp:attachment":[{"href":"https:\/\/e-m-p-i-r-e.eu\/fr\/wp-json\/wp\/v2\/media?parent=2667"}],"wp:term":[{"taxonomy":"product_brand","embeddable":true,"href":"https:\/\/e-m-p-i-r-e.eu\/fr\/wp-json\/wp\/v2\/product_brand?post=2667"},{"taxonomy":"product_cat","embeddable":true,"href":"https:\/\/e-m-p-i-r-e.eu\/fr\/wp-json\/wp\/v2\/product_cat?post=2667"},{"taxonomy":"product_tag","embeddable":true,"href":"https:\/\/e-m-p-i-r-e.eu\/fr\/wp-json\/wp\/v2\/product_tag?post=2667"},{"taxonomy":"contributor","embeddable":true,"href":"https:\/\/e-m-p-i-r-e.eu\/fr\/wp-json\/wp\/v2\/contributor?post=2667"},{"taxonomy":"season","embeddable":true,"href":"https:\/\/e-m-p-i-r-e.eu\/fr\/wp-json\/wp\/v2\/season?post=2667"},{"taxonomy":"subject","embeddable":true,"href":"https:\/\/e-m-p-i-r-e.eu\/fr\/wp-json\/wp\/v2\/subject?post=2667"},{"taxonomy":"collection","embeddable":true,"href":"https:\/\/e-m-p-i-r-e.eu\/fr\/wp-json\/wp\/v2\/collection?post=2667"},{"taxonomy":"artist","embeddable":true,"href":"https:\/\/e-m-p-i-r-e.eu\/fr\/wp-json\/wp\/v2\/artist?post=2667"},{"taxonomy":"limited_edition","embeddable":true,"href":"https:\/\/e-m-p-i-r-e.eu\/fr\/wp-json\/wp\/v2\/limited_edition?post=2667"}],"curies":[{"name":"wp","href":"https:\/\/api.w.org\/{rel}","templated":true}]}}