{"id":2663,"date":"2024-02-19T15:41:50","date_gmt":"2024-02-19T14:41:50","guid":{"rendered":"https:\/\/e-m-p-i-r-e.eu\/produit\/epopees-celestes-art-brut-dans-la-collection-decharme\/"},"modified":"2026-02-10T17:54:53","modified_gmt":"2026-02-10T16:54:53","slug":"epopees-celestes-art-brut-dans-la-collection-decharme","status":"publish","type":"product","link":"https:\/\/e-m-p-i-r-e.eu\/fr\/produit\/epopees-celestes-art-brut-dans-la-collection-decharme\/","title":{"rendered":"\u00c9pop\u00e9es c\u00e9lestes \u2013 Art brut dans la collection Decharme"},"content":{"rendered":"<p>La Villa M\u00e9dicis pr\u00e9sente une s\u00e9lection de 180 \u0153uvres de la remarquable collection Decharme.<br \/>\nAu c\u0153ur d\u2019une Acad\u00e9mie o\u00f9 le geste constitue l\u2019apprentissage de la ma\u00eetrise, l\u2019exposition \u00c9pop\u00e9es c\u00e9lestes interroge nos certitudes, pose un regard tout \u00e0 la fois critique et bienveillant sur les marges dans la cr\u00e9ation, avan\u00e7ant l\u2019id\u00e9e que faire monde, c\u2019est faire \u0153uvre.<br \/>\nAvant m\u00eame que Jean Dubuffet n&rsquo;invente l&rsquo;expression en 1945, l&rsquo;art brut n&rsquo;a cess\u00e9 de bousculer l&rsquo;histoire de l&rsquo;art et de nourrir les esprits r\u00e9fractaires aux normes. Mais qui sont-ils, ces artistes d&rsquo;un genre particulier, t\u00e9moins d&rsquo;un autre monde, \u00e9trangers aux courants et aux influences stylistiques\u2009? Ils se tiennent \u2013 ou sont tenus \u2013 \u00e0 l&rsquo;\u00e9cart de la culture des beaux-arts, des codes et des lieux qui la constituent\u2009: \u00e9coles, acad\u00e9mies, mus\u00e9es, foires\u2026<br \/>\nSi le territoire de l&rsquo;art brut est celui de \u00ab\u2009l&rsquo;homme du commun \u00e0 l&rsquo;ouvrage\u2009\u00bb, selon la formule de Dubuffet, on peut aussi dire que le destin de ce dernier est \u00ab\u2009hors du commun\u2009\u00bb, redevable essentiellement \u00e0 ses capacit\u00e9s psychiques propres, aliment\u00e9es par un monde int\u00e9rieur bouillonnant, pourvues d&#8217;emprunts faits \u00e0 la culture populaire.<br \/>\nCes productions que les Anglo-Saxons nomment outsider art mettent en \u0153uvre des capacit\u00e9s hautement cr\u00e9atives, en prise directe avec les anomalies du monde. Aux confins de l&rsquo;imaginaire, perdus dans le r\u00e9el, \u00e9clabouss\u00e9s d&rsquo;\u00e9toiles, les outsiders redessinent sans cesse la g\u00e9ographie d&rsquo;un univers qu&rsquo;ils inventent au fur et \u00e0 mesure. Avec la libert\u00e9 et l&rsquo;alt\u00e9rit\u00e9 comme seules boussoles, ils r\u00e9coltent, accumulent, remplissent, d\u00e9chiffrent, noircissent, d\u00e9forment, amplifient, ordonnancent, b\u00e2tissent. Sans filtres, ils se sont lanc\u00e9s dans de grandes \u00e9pop\u00e9es c\u00e9lestes.<\/p>\n<p>&nbsp;<\/p>\n<p>&nbsp;<\/p>\n<p>Publi\u00e9 \u00e0 l&rsquo;occasion de l&rsquo;exposition \u00e9ponyme \u00e0 la Villa M\u00e9dicis, Rome, en 2024.<\/p>\n<p>&nbsp;<\/p>\n<p>\u0152uvres de A.C.M., Noviadi Angkasapura, Anselme Boix-Vives, Marie Bodson, Giovanni Bosco, Gustavo Enrique Buongermini, Alo\u00efse Corbaz, Fleury-Joseph Cr\u00e9pin, Egidio Cuniberti, Henry Darger, Fernand Desmoulin, Janko Domsic, Dong-Hyun Kim, Jaime Fernandes, Eugen Gabritschevsky, Pietro Ghizzardi, Madge Gill, Paul Goesch, Jorge Alberto Hern\u00e1ndez Cadi, Paul Humphrey, Zden\u011bk Ko\u0161ek, Joseph Lambert, Gustave Pierre Marie Le Goarant de Tromelin, Augustin Lesage, Pascal Leyder, Alexander Pavlovitch Lobanov, Ramon Losa, Dwight Mackintosh, L\u00e1zaro Antonio Mart\u00ednez Dur\u00e1n, Mettraux, Edmund Monsiel, John Bunion Murray, Iwona Mysera, Koji Nishioka, Masao Obata, Jean Perdrizet, M. Pierron, Photographies Spirites, Miloslava Ratzingerov\u00e1, Marco Raugel, Achilles G. Rizzoli, Leopold Strobl, Harald Stoffers, Mose Tolliver, Melvin Way, Scottie Wilson, Adolf W\u00f6lfli, Anna Zem\u00e1nkov\u00e1, Carlo Zinelli, Unica Z\u00fcrn.<\/p>\n<p>&nbsp;<\/p>\n<p>&nbsp;<\/p>\n<p>Apr\u00e8s des \u00e9tudes de philosophie et d&rsquo;histoire de l&rsquo;art, Bruno Decharme devient r\u00e9alisateur. Au milieu des ann\u00e9es 1970, sa rencontre avec la collection de l&rsquo;art brut de Jean Dubuffet est d\u00e9terminante. Depuis, il partage sa vie entre le cin\u00e9ma et sa collection. En 2021, il a fait don de pr\u00e8s de mille \u0153uvres au Mus\u00e9e national d&rsquo;Art moderne \u2013 Centre Georges Pompidou. Il est membre du comit\u00e9 de pilotage sur l&rsquo;art brut au sein de la Biblioth\u00e8que Kandinsky \u2013 Centre Pompidou.<\/p>\n","protected":false},"excerpt":{"rendered":"<p>Textes : Gustavo Giacosa, Barbara Safarova.<br \/>\nisbn 979-10-95991-36-6<br \/>\n(Fran\u00e7ais\/Italien)<br \/>\n24 x 31 cm<br \/>\n172 pages + poster pli\u00e9<br \/>\nCMYK + 1 PMS<br \/>\nGraphisme : Syndicat<br \/>\n2024<br \/>\n28 \u20ac<\/p>\n","protected":false},"featured_media":2672,"comment_status":"open","ping_status":"closed","template":"","meta":[],"product_brand":[],"product_cat":[164],"product_tag":[375,415,421,400,381,422,377,398,423,387,402,405,383,389,385,382,379,397,380,417,384,407,388,386,410,406,393,396,408,403,416,411,391,414,378,409,419,404,413,418,376,399,392,394,412,390,401,420,424,395],"contributor":[324,426,425],"season":[],"subject":[3185,3142],"collection":[],"artist":[],"limited_edition":[],"class_list":{"0":"post-2663","1":"product","2":"type-product","3":"status-publish","4":"has-post-thumbnail","6":"product_cat-empire-fr","7":"product_tag-a-c-m-fr","8":"product_tag-achilles-g-rizzoli-fr","9":"product_tag-adolf-wolfli-fr","10":"product_tag-alexander-pavlovitch-lobanov-fr","11":"product_tag-aloise-corbaz-fr","12":"product_tag-anna-zemankova-fr","13":"product_tag-anselme-boix-vives-fr","14":"product_tag-augustin-lesage-fr","15":"product_tag-carlo-zinelli-fr","16":"product_tag-dong-hyun-kim-fr","17":"product_tag-dwight-mackintosh-fr","18":"product_tag-edmund-monsiel-fr","19":"product_tag-egidio-cuniberti-fr","20":"product_tag-eugen-gabritschevsky-fr","21":"product_tag-fernand-desmoulin-fr","22":"product_tag-fleury-joseph-crepin-fr","23":"product_tag-giovanni-bosco-fr","24":"product_tag-gustave-pierre-marie-le-goarant-de-tromelin-fr","25":"product_tag-gustavo-enrique-buongermini-fr","26":"product_tag-harald-stoffers-fr","27":"product_tag-henry-darger-fr","28":"product_tag-iwona-mysera-fr","29":"product_tag-jaime-fernandes-fr","30":"product_tag-janko-domsic-fr","31":"product_tag-jean-perdrizet-fr","32":"product_tag-john-bunion-murray-fr","33":"product_tag-jorge-alberto-hernandez-cadi-fr","34":"product_tag-joseph-lambert-fr","35":"product_tag-koji-nishioka-fr","36":"product_tag-lazaro-antonio-martinez-duran-fr","37":"product_tag-leopold-strobl-fr","38":"product_tag-m-pierron-fr","39":"product_tag-madge-gill-fr","40":"product_tag-marco-raugel-fr","41":"product_tag-marie-bodson-fr","42":"product_tag-masao-obata-fr","43":"product_tag-melvin-way-fr","44":"product_tag-mettraux-fr","45":"product_tag-miloslava-ratzingerova-fr","46":"product_tag-mose-tolliver-fr","47":"product_tag-noviadi-angkasapura-fr","48":"product_tag-pascal-leyder-fr","49":"product_tag-paul-goesch-fr","50":"product_tag-paul-humphrey-fr","51":"product_tag-photographies-spirites-fr","52":"product_tag-pietro-ghizzardi-fr","53":"product_tag-ramon-losa-fr","54":"product_tag-scottie-wilson-fr","55":"product_tag-unica-zurn-fr","56":"product_tag-zdenek-kosek-fr","57":"contributor-barbara-safarova","58":"contributor-bruno-decharme","59":"contributor-gustavo-giacosa","60":"subject-art-fr","61":"subject-collection-fr","63":"first","64":"instock","65":"featured","66":"shipping-taxable","67":"purchasable","68":"product-type-simple"},"_links":{"self":[{"href":"https:\/\/e-m-p-i-r-e.eu\/fr\/wp-json\/wp\/v2\/product\/2663","targetHints":{"allow":["GET"]}}],"collection":[{"href":"https:\/\/e-m-p-i-r-e.eu\/fr\/wp-json\/wp\/v2\/product"}],"about":[{"href":"https:\/\/e-m-p-i-r-e.eu\/fr\/wp-json\/wp\/v2\/types\/product"}],"replies":[{"embeddable":true,"href":"https:\/\/e-m-p-i-r-e.eu\/fr\/wp-json\/wp\/v2\/comments?post=2663"}],"wp:featuredmedia":[{"embeddable":true,"href":"https:\/\/e-m-p-i-r-e.eu\/fr\/wp-json\/wp\/v2\/media\/2672"}],"wp:attachment":[{"href":"https:\/\/e-m-p-i-r-e.eu\/fr\/wp-json\/wp\/v2\/media?parent=2663"}],"wp:term":[{"taxonomy":"product_brand","embeddable":true,"href":"https:\/\/e-m-p-i-r-e.eu\/fr\/wp-json\/wp\/v2\/product_brand?post=2663"},{"taxonomy":"product_cat","embeddable":true,"href":"https:\/\/e-m-p-i-r-e.eu\/fr\/wp-json\/wp\/v2\/product_cat?post=2663"},{"taxonomy":"product_tag","embeddable":true,"href":"https:\/\/e-m-p-i-r-e.eu\/fr\/wp-json\/wp\/v2\/product_tag?post=2663"},{"taxonomy":"contributor","embeddable":true,"href":"https:\/\/e-m-p-i-r-e.eu\/fr\/wp-json\/wp\/v2\/contributor?post=2663"},{"taxonomy":"season","embeddable":true,"href":"https:\/\/e-m-p-i-r-e.eu\/fr\/wp-json\/wp\/v2\/season?post=2663"},{"taxonomy":"subject","embeddable":true,"href":"https:\/\/e-m-p-i-r-e.eu\/fr\/wp-json\/wp\/v2\/subject?post=2663"},{"taxonomy":"collection","embeddable":true,"href":"https:\/\/e-m-p-i-r-e.eu\/fr\/wp-json\/wp\/v2\/collection?post=2663"},{"taxonomy":"artist","embeddable":true,"href":"https:\/\/e-m-p-i-r-e.eu\/fr\/wp-json\/wp\/v2\/artist?post=2663"},{"taxonomy":"limited_edition","embeddable":true,"href":"https:\/\/e-m-p-i-r-e.eu\/fr\/wp-json\/wp\/v2\/limited_edition?post=2663"}],"curies":[{"name":"wp","href":"https:\/\/api.w.org\/{rel}","templated":true}]}}