{"id":2501,"date":"2023-10-30T16:26:39","date_gmt":"2023-10-30T15:26:39","guid":{"rendered":"https:\/\/e-m-p-i-r-e.eu\/produit\/poster-photo-magazine-n1\/"},"modified":"2026-02-10T17:44:09","modified_gmt":"2026-02-10T16:44:09","slug":"poster-photo-magazine-n1","status":"publish","type":"product","link":"https:\/\/e-m-p-i-r-e.eu\/fr\/produit\/poster-photo-magazine-n1\/","title":{"rendered":"Poster Photo Magazine n\u00b01"},"content":{"rendered":"<p><em>Poster Photo Magazine<\/em> privil\u00e9gie une vision transversale des pratiques de la photographie. Son champ de vision honore le travail de photographes iconiques et inclut le talentde la nouvelle g\u00e9n\u00e9ration ; la d\u00e9marche des artistes iconographes s\u2019y confronte aux r\u00e9cents outils de production photor\u00e9aliste. <em>Poster Photo Magazine<\/em> constitue autantun outil de regard que de critique, d\u2019\u00e9dition que de commissariat, de collection que de d\u00e9coration, d\u2019accessibilit\u00e9 des esth\u00e9tiques au-del\u00e0 de leur sacralisation.<\/p>\n<p>Jamais des images n\u2019auront autant \u00e9t\u00e9 destin\u00e9es \u00e0 se d\u00e9ployer hors de leurs pages pour, perc\u00e9es de quatre punaises non fournies, investir nos murs et frappernos r\u00e9tines de toute la force de leur r\u00e9solution. En profanant le pli crois\u00e9 pourtant assum\u00e9, les destinataires renouent avec les origines du genre, ces posters encart\u00e9s dans les publications populaires : foot, musique, motos ou poneys, souvent destin\u00e9es \u00e0 la jeunesse, qui s\u2019appropriait ainsi la figure de ses totems.<\/p>\n<p>&nbsp;<\/p>\n<p>12 posters pli\u00e9s par 12 photographes :<\/p>\n<p>Julia Andr\u00e9one, Area of Work, Roman Cieslewicz, Stig De Block, Thomas Demand, Marie Deteneuille, Aur\u00e9lien Froment, Antonio Masotti, Simon Menner, Marie Qu\u00e9au,\u00a0Kuba Ryniewicz, Deborah Turbeville<\/p>\n<p>&nbsp;<\/p>\n","protected":false},"excerpt":{"rendered":"<p>isbn 979-10-95991-34-2<br \/>\nFran\u00e7ais\/Anglais<br \/>\nMagazine: 25 \u00d7 34,5 cm<br \/>\nPosters: 50 \u00d7 68 cm<br \/>\nNovembre 2023<\/p>\n","protected":false},"featured_media":2540,"comment_status":"open","ping_status":"closed","template":"","meta":[],"product_brand":[],"product_cat":[164],"product_tag":[],"contributor":[313,306,312,309,43,315,314,310,307,308,311],"season":[],"subject":[3885,3916],"collection":[],"artist":[4515,4510,4477,4519,4509,4518,4514,4517,4511,4516,4512,4513],"limited_edition":[],"class_list":{"0":"post-2501","1":"product","2":"type-product","3":"status-publish","4":"has-post-thumbnail","6":"product_cat-empire-fr","7":"contributor-antonio-masotti","8":"contributor-area-of-work","9":"contributor-aurelien-froment","10":"contributor-deborah-turbeville","11":"contributor-julia-andreone","12":"contributor-kuba-ryniewicz","13":"contributor-marie-queau","14":"contributor-roman-cieslewicz","15":"contributor-simon-menner","16":"contributor-stig-de-block","17":"contributor-thomas-demand","18":"subject-photography-fr","19":"subject-poster-fr","20":"artist-antonio-masotti","21":"artist-area-of-work","22":"artist-aurelien-froment","23":"artist-deborah-turbeville","24":"artist-julia-andreone","25":"artist-kuba-ryniewicz","26":"artist-marie-deteneuille","27":"artist-marie-queau","28":"artist-roman-cieslewicz","29":"artist-simon-menner","30":"artist-stig-de-block","31":"artist-thomas-demand","33":"first","34":"instock","35":"featured","36":"shipping-taxable","37":"purchasable","38":"product-type-simple"},"_links":{"self":[{"href":"https:\/\/e-m-p-i-r-e.eu\/fr\/wp-json\/wp\/v2\/product\/2501","targetHints":{"allow":["GET"]}}],"collection":[{"href":"https:\/\/e-m-p-i-r-e.eu\/fr\/wp-json\/wp\/v2\/product"}],"about":[{"href":"https:\/\/e-m-p-i-r-e.eu\/fr\/wp-json\/wp\/v2\/types\/product"}],"replies":[{"embeddable":true,"href":"https:\/\/e-m-p-i-r-e.eu\/fr\/wp-json\/wp\/v2\/comments?post=2501"}],"wp:featuredmedia":[{"embeddable":true,"href":"https:\/\/e-m-p-i-r-e.eu\/fr\/wp-json\/wp\/v2\/media\/2540"}],"wp:attachment":[{"href":"https:\/\/e-m-p-i-r-e.eu\/fr\/wp-json\/wp\/v2\/media?parent=2501"}],"wp:term":[{"taxonomy":"product_brand","embeddable":true,"href":"https:\/\/e-m-p-i-r-e.eu\/fr\/wp-json\/wp\/v2\/product_brand?post=2501"},{"taxonomy":"product_cat","embeddable":true,"href":"https:\/\/e-m-p-i-r-e.eu\/fr\/wp-json\/wp\/v2\/product_cat?post=2501"},{"taxonomy":"product_tag","embeddable":true,"href":"https:\/\/e-m-p-i-r-e.eu\/fr\/wp-json\/wp\/v2\/product_tag?post=2501"},{"taxonomy":"contributor","embeddable":true,"href":"https:\/\/e-m-p-i-r-e.eu\/fr\/wp-json\/wp\/v2\/contributor?post=2501"},{"taxonomy":"season","embeddable":true,"href":"https:\/\/e-m-p-i-r-e.eu\/fr\/wp-json\/wp\/v2\/season?post=2501"},{"taxonomy":"subject","embeddable":true,"href":"https:\/\/e-m-p-i-r-e.eu\/fr\/wp-json\/wp\/v2\/subject?post=2501"},{"taxonomy":"collection","embeddable":true,"href":"https:\/\/e-m-p-i-r-e.eu\/fr\/wp-json\/wp\/v2\/collection?post=2501"},{"taxonomy":"artist","embeddable":true,"href":"https:\/\/e-m-p-i-r-e.eu\/fr\/wp-json\/wp\/v2\/artist?post=2501"},{"taxonomy":"limited_edition","embeddable":true,"href":"https:\/\/e-m-p-i-r-e.eu\/fr\/wp-json\/wp\/v2\/limited_edition?post=2501"}],"curies":[{"name":"wp","href":"https:\/\/api.w.org\/{rel}","templated":true}]}}