{"id":19320,"date":"2026-04-03T16:16:06","date_gmt":"2026-04-03T14:16:06","guid":{"rendered":"https:\/\/e-m-p-i-r-e.eu\/produit\/et-la-vie-continue-dessins-de-la-collection-karmitz\/"},"modified":"2026-04-03T16:29:28","modified_gmt":"2026-04-03T14:29:28","slug":"et-la-vie-continue-dessins-de-la-collection-karmitz","status":"publish","type":"product","link":"https:\/\/e-m-p-i-r-e.eu\/fr\/produit\/et-la-vie-continue-dessins-de-la-collection-karmitz\/","title":{"rendered":"et la vie continue\u2026 dessins de la collection Karmitz"},"content":{"rendered":"<p>Ce catalogue rassemble plus de 150 dessins de la collection Karmitz. \u00c0 travers des oeuvres d\u2019artistes historiques (Th\u00e9odore G\u00e9ricault, Victor Hugo\u2026), modernes (Otto Dix, Alberto Giacometti\u2026) et contemporains (Paula Rego, Annette Messager\u2026), il met en tension les pulsions de vie et de mort qui animent cet ensemble au sein duquel le corps humain se confronte implacablement \u00e0 l\u2019\u00e9ternel retour des causes de sa finitude.<\/p>\n<p>Il est accompagn\u00e9 d\u2019un livret r\u00e9unissant l\u2019ensemble des gravures de la s\u00e9rie <em>Los Desastres de la Guerra<\/em> de Francisco de Goya, pens\u00e9 comme une premi\u00e8re extension de cette archive imprim\u00e9e.<\/p>\n<p>&nbsp;<\/p>\n<p>Publi\u00e9 \u00e0 l\u2019occasion de l&rsquo;exposition \u00e9ponyme \u00e0 la chapelle Saint-Anne, Arles, dans le cadre du Festival du Dessin d\u2019Arles du 18 avril au 17 mai 2026.<\/p>\n<p>&nbsp;<\/p>\n<p>Entretien entre Marin Karmitz et Antoine de Galbert<\/p>\n<p>Notices : Julie Jones, Antoine Champenois<\/p>\n<p>&nbsp;<\/p>\n<p>Artistes : Christian Boltanski, Louise Bourgeois, Constantin Brancusi, Vincenzo Camuccini, Camille Corot, Henry Darger, Damien Daufresne, Jean Delville, Otto Dix, Jean Dubuffet, Bernard Dufour, Jean Fautrier, Lucian Freud, Vincenzo Gemito, Th\u00e9odore G\u00e9ricault, Alberto Giacometti, Leon Golub, Beatriz Gonz\u00e1lez, Julio Gonz\u00e1lez, Francisco de Goya, George Grosz, Le Guerchin, Elika Hedayat, Ferdinand Hodler, Victor Hugo, Jean-Auguste-Dominique Ingres, Tadeusz Kantor, Eug\u00e8ne Leroy, Man Ray, St\u00e9phane Mandelbaum, Maryan S. Maryan, Andr\u00e9 Masson, Annette Messager, Joan Mir\u00f3, \u00d3scar Mu\u00f1oz, Ernest Pignon-Ernest, Arnulf Rainer, Paula Rego, Riss, Auguste Rodin, Oskar Schlemmer, Louis Soutter, Nancy Spero, L\u00e9on Spilliaert, Alina Szapocznikow, Yves Tanguy, Tomi Ungerer, F\u00e9lix Vallotton, Andy Warhol.<\/p>\n","protected":false},"excerpt":{"rendered":"<p>isbn 979-10-95991-87-8<br \/>\n(Fran\u00e7ais\/Anglais)<br \/>\n236 + 48 pages, CMJN<br \/>\n17 \u00d7 24 cm, couverture souple<br \/>\nGraphisme : <a href=\"https:\/\/s-y-n-d-i-c-a-t.eu\">Syndicat<\/a><br \/>\n2026<br \/>\n25\u2009\u20ac<\/p>\n","protected":false},"featured_media":19269,"comment_status":"closed","ping_status":"closed","template":"","meta":[],"product_brand":[],"product_cat":[164],"product_tag":[],"contributor":[319,152,4571,4570],"season":[],"subject":[3185,3142,3909,4573],"collection":[],"artist":[4572],"limited_edition":[],"class_list":{"0":"post-19320","1":"product","2":"type-product","3":"status-publish","4":"has-post-thumbnail","6":"product_cat-empire-fr","7":"contributor-antoine-champenois","8":"contributor-antoine-de-galbert","9":"contributor-julie-jones","10":"contributor-marin-karmitz","11":"subject-art-fr","12":"subject-collection-fr","13":"subject-contemporary-art-fr","14":"subject-drawing","15":"artist-francisco-de-goya","17":"first","18":"onbackorder","19":"featured","20":"shipping-taxable","21":"purchasable","22":"product-type-simple"},"_links":{"self":[{"href":"https:\/\/e-m-p-i-r-e.eu\/fr\/wp-json\/wp\/v2\/product\/19320","targetHints":{"allow":["GET"]}}],"collection":[{"href":"https:\/\/e-m-p-i-r-e.eu\/fr\/wp-json\/wp\/v2\/product"}],"about":[{"href":"https:\/\/e-m-p-i-r-e.eu\/fr\/wp-json\/wp\/v2\/types\/product"}],"replies":[{"embeddable":true,"href":"https:\/\/e-m-p-i-r-e.eu\/fr\/wp-json\/wp\/v2\/comments?post=19320"}],"wp:featuredmedia":[{"embeddable":true,"href":"https:\/\/e-m-p-i-r-e.eu\/fr\/wp-json\/wp\/v2\/media\/19269"}],"wp:attachment":[{"href":"https:\/\/e-m-p-i-r-e.eu\/fr\/wp-json\/wp\/v2\/media?parent=19320"}],"wp:term":[{"taxonomy":"product_brand","embeddable":true,"href":"https:\/\/e-m-p-i-r-e.eu\/fr\/wp-json\/wp\/v2\/product_brand?post=19320"},{"taxonomy":"product_cat","embeddable":true,"href":"https:\/\/e-m-p-i-r-e.eu\/fr\/wp-json\/wp\/v2\/product_cat?post=19320"},{"taxonomy":"product_tag","embeddable":true,"href":"https:\/\/e-m-p-i-r-e.eu\/fr\/wp-json\/wp\/v2\/product_tag?post=19320"},{"taxonomy":"contributor","embeddable":true,"href":"https:\/\/e-m-p-i-r-e.eu\/fr\/wp-json\/wp\/v2\/contributor?post=19320"},{"taxonomy":"season","embeddable":true,"href":"https:\/\/e-m-p-i-r-e.eu\/fr\/wp-json\/wp\/v2\/season?post=19320"},{"taxonomy":"subject","embeddable":true,"href":"https:\/\/e-m-p-i-r-e.eu\/fr\/wp-json\/wp\/v2\/subject?post=19320"},{"taxonomy":"collection","embeddable":true,"href":"https:\/\/e-m-p-i-r-e.eu\/fr\/wp-json\/wp\/v2\/collection?post=19320"},{"taxonomy":"artist","embeddable":true,"href":"https:\/\/e-m-p-i-r-e.eu\/fr\/wp-json\/wp\/v2\/artist?post=19320"},{"taxonomy":"limited_edition","embeddable":true,"href":"https:\/\/e-m-p-i-r-e.eu\/fr\/wp-json\/wp\/v2\/limited_edition?post=19320"}],"curies":[{"name":"wp","href":"https:\/\/api.w.org\/{rel}","templated":true}]}}