{"id":19245,"date":"2026-03-19T11:46:51","date_gmt":"2026-03-19T10:46:51","guid":{"rendered":"https:\/\/e-m-p-i-r-e.eu\/produit\/almighty-god-art-works-kwame-akoto\/"},"modified":"2026-03-24T16:44:54","modified_gmt":"2026-03-24T15:44:54","slug":"almighty-god-art-works-kwame-akoto","status":"publish","type":"product","link":"https:\/\/e-m-p-i-r-e.eu\/fr\/produit\/almighty-god-art-works-kwame-akoto\/","title":{"rendered":"Almighty God Art Works, Kwame Akoto"},"content":{"rendered":"<p>Artiste et pr\u00e9dicateur ghan\u00e9en plus connu sous le nom d\u2019Almighty God, Kwame Akoto d\u00e9veloppe une pratique picturale en parall\u00e8le de son activit\u00e9 de peintre d\u2019enseignes depuis le d\u00e9but des ann\u00e9es 1970. Cette \u0153uvre prolifique m\u00eale messages spirituels, autoportraits, portraits de c\u00e9l\u00e9brit\u00e9s et sc\u00e8nes quotidiennes de Kumasi, la capitale de la r\u00e9gion Ashanti o\u00f9 il est \u00e9tabli. Avec une grande ma\u00eetrise de la typographie et un sens pr\u00e9cis de la formule et de l\u2019image, l\u2019artiste y remercie \u00ab\u2009Dieu tout-puissant\u2009\u00bb des gr\u00e2ces qu\u2019il accorde, notamment l\u2019humanit\u00e9, la nature ou la nourriture, et pr\u00eache contre les tentations d\u00e9moniaques comme la sorcellerie, le paganisme ou encore la cigarette, ennemi public num\u00e9ro un.<\/p>\n<p>&nbsp;<\/p>\n<p>Textes : Sarah Ligner, Victoire Di Rosa, Jean Seisser, Fran\u00e7oise Adamsbaum.<\/p>\n<p>&nbsp;<\/p>\n<p>Cet ouvrage est publi\u00e9 \u00e0 l\u2019occasion de l\u2019exposition <em>Kwame Akoto. Almighty God Art Works<\/em>, pr\u00e9sent\u00e9e \u00e0 l\u2019atelier Martine Aublet du mus\u00e9e du quai Branly \u2013 Jacques Chirac du 31 mars au 13 septembre 2026.<\/p>\n","protected":false},"excerpt":{"rendered":"<p><a href=\"https:\/\/fondationantoinedegalbert.org\" target=\"_blank\" rel=\"noopener\">Fondation Antoine de Galbert<\/a> &amp; Empire books<br \/>\nisbn 979-10-95991-89-2<br \/>\n(Fran\u00e7ais\/Anglais)<br \/>\n96 pages, CMJN<br \/>\n17 \u00d7 24 cm, couverture rigide<br \/>\nGraphisme : <a href=\"https:\/\/s-y-n-d-i-c-a-t.eu\">Syndicat<\/a><br \/>\n2026<br \/>\n25\u2009\u20ac<\/p>\n","protected":false},"featured_media":19206,"comment_status":"closed","ping_status":"closed","template":"","meta":[],"product_brand":[],"product_cat":[164],"product_tag":[],"contributor":[4568,4567,4564,4565,4566],"season":[],"subject":[3185,3909],"collection":[4507],"artist":[4569],"limited_edition":[],"class_list":{"0":"post-19245","1":"product","2":"type-product","3":"status-publish","4":"has-post-thumbnail","6":"product_cat-empire-fr","7":"contributor-francoise-adamsbaum","8":"contributor-jean-seisser","9":"contributor-kwame-akoto","10":"contributor-sarah-ligner","11":"contributor-victoire-di-rosa","12":"subject-art-fr","13":"subject-contemporary-art-fr","14":"collection-monographie","15":"artist-kwame-akoto","17":"first","18":"instock","19":"featured","20":"shipping-taxable","21":"purchasable","22":"product-type-simple"},"_links":{"self":[{"href":"https:\/\/e-m-p-i-r-e.eu\/fr\/wp-json\/wp\/v2\/product\/19245","targetHints":{"allow":["GET"]}}],"collection":[{"href":"https:\/\/e-m-p-i-r-e.eu\/fr\/wp-json\/wp\/v2\/product"}],"about":[{"href":"https:\/\/e-m-p-i-r-e.eu\/fr\/wp-json\/wp\/v2\/types\/product"}],"replies":[{"embeddable":true,"href":"https:\/\/e-m-p-i-r-e.eu\/fr\/wp-json\/wp\/v2\/comments?post=19245"}],"wp:featuredmedia":[{"embeddable":true,"href":"https:\/\/e-m-p-i-r-e.eu\/fr\/wp-json\/wp\/v2\/media\/19206"}],"wp:attachment":[{"href":"https:\/\/e-m-p-i-r-e.eu\/fr\/wp-json\/wp\/v2\/media?parent=19245"}],"wp:term":[{"taxonomy":"product_brand","embeddable":true,"href":"https:\/\/e-m-p-i-r-e.eu\/fr\/wp-json\/wp\/v2\/product_brand?post=19245"},{"taxonomy":"product_cat","embeddable":true,"href":"https:\/\/e-m-p-i-r-e.eu\/fr\/wp-json\/wp\/v2\/product_cat?post=19245"},{"taxonomy":"product_tag","embeddable":true,"href":"https:\/\/e-m-p-i-r-e.eu\/fr\/wp-json\/wp\/v2\/product_tag?post=19245"},{"taxonomy":"contributor","embeddable":true,"href":"https:\/\/e-m-p-i-r-e.eu\/fr\/wp-json\/wp\/v2\/contributor?post=19245"},{"taxonomy":"season","embeddable":true,"href":"https:\/\/e-m-p-i-r-e.eu\/fr\/wp-json\/wp\/v2\/season?post=19245"},{"taxonomy":"subject","embeddable":true,"href":"https:\/\/e-m-p-i-r-e.eu\/fr\/wp-json\/wp\/v2\/subject?post=19245"},{"taxonomy":"collection","embeddable":true,"href":"https:\/\/e-m-p-i-r-e.eu\/fr\/wp-json\/wp\/v2\/collection?post=19245"},{"taxonomy":"artist","embeddable":true,"href":"https:\/\/e-m-p-i-r-e.eu\/fr\/wp-json\/wp\/v2\/artist?post=19245"},{"taxonomy":"limited_edition","embeddable":true,"href":"https:\/\/e-m-p-i-r-e.eu\/fr\/wp-json\/wp\/v2\/limited_edition?post=19245"}],"curies":[{"name":"wp","href":"https:\/\/api.w.org\/{rel}","templated":true}]}}