{"id":18441,"date":"2026-02-23T09:55:06","date_gmt":"2026-02-23T08:55:06","guid":{"rendered":"https:\/\/e-m-p-i-r-e.eu\/produit\/ecal-a-typographic-atlas\/"},"modified":"2026-04-03T16:59:23","modified_gmt":"2026-04-03T14:59:23","slug":"ecal-a-typographic-atlas","status":"publish","type":"product","link":"https:\/\/e-m-p-i-r-e.eu\/fr\/produit\/ecal-a-typographic-atlas\/","title":{"rendered":"ECAL, A Typographic Atlas"},"content":{"rendered":"<div>\n<p>Un sp\u00e9cimen de caract\u00e8res est un document utilis\u00e9 par les imprimeurs et les fondeurs de caract\u00e8res pour pr\u00e9senter leurs catalogues. Initialement produits sur des feuilles individuelles et rarement dat\u00e9s, ils ont \u00e9volu\u00e9 vers des ouvrages reli\u00e9s \u00e0 mesure que la r\u00e9volution industrielle, les progr\u00e8s techniques et la mont\u00e9e en puissance de l\u2019alphab\u00e9tisation multipliaient les styles typographiques. Aujourd\u2019hui, les sp\u00e9cimens de caract\u00e8res existent principalement sous forme num\u00e9rique.<\/p>\n<p>Ceci est un sp\u00e9cimen de caract\u00e8res. Mais pas seulement.<\/p>\n<p>C&rsquo;est aussi un atlas : une collection de formes de lettres retra\u00e7ant dix ann\u00e9es de cr\u00e9ation typographique \u00e0 l\u2019ECAL \/ \u00c9cole Cantonale d\u2019Art de Lausanne, en Suisse. \u00c0 travers deux programmes \u2013 son Bachelor en Design Graphique et son Master en Cr\u00e9ation de Caract\u00e8res \u2013, l\u2019ECAL a form\u00e9 plus de quatre cents \u00e9tudiants dipl\u00f4m\u00e9s au dessin, \u00e0 l&rsquo;espacement, au codage et \u00e0 la ma\u00eetrise des formes de lettres. Il en r\u00e9sulte un vaste panorama : des textes classiques et faciles \u00e0 lire, destin\u00e9s aux petits caract\u00e8res courants, aux formes d&rsquo;affichage les plus audacieuses ; des formes exp\u00e9rimentales, \u00e0 peine lisibles, aux mod\u00e8les classiques revisit\u00e9s \u2014\u00a0couvrant tous les genres du spectre typographique contemporain.<\/p>\n<p>La typographie est aujourd\u2019hui v\u00e9ritablement mondiale. Accueillant des \u00e9tudiants de plus de trente pays, l\u2019ECAL tisse des liens culturels \u00e0 travers le monde et au sein de l&rsquo;industrie typographique. S\u2019inscrivant dans la lign\u00e9e des premiers sp\u00e9cimens de caract\u00e8res juxtaposant les alphabets grec, h\u00e9breu et latin, l\u2019Atlas typographique pr\u00e9sente des alphabets, des abugidas, des abjads et des hanzi\/kanji issus d&rsquo;une riche vari\u00e9t\u00e9 de syst\u00e8mes d\u2019\u00e9criture, ainsi que des formes de lettres utilis\u00e9es dans des logos de genres divers, car la cr\u00e9ation typographique constitue le fondement m\u00eame de toute \u0153uvre graphique.<\/p>\n<p>En confrontant ces approches vari\u00e9es, l\u2019ECAL affirme son r\u00f4le de carrefour international de la cr\u00e9ation typographique, o\u00f9 enseignement, recherche et pratique s\u2019enrichissent mutuellement.<\/p>\n<\/div>\n<div><\/div>\n<div>Textes : James Langdon, Alexis Georgacopoulos, Matthieu Cortat-Roller<\/div>\n","protected":false},"excerpt":{"rendered":"<p>isbn 979-10-95991-88-5<br \/>\nAnglais<\/p>\n<p>21,5 \u00d7 30,5 cm<\/p>\n<p>536 pages, couverture rigide<\/p>\n<p>plus de 300 typographies et leurs variantes de styles<\/p>\n<p>Design: <a href=\"https:\/\/www.eurostandard.ch\">Eurostandard<\/a> &amp; <a href=\"https:\/\/gilianecachin.ch\/\">Giliane Cachin<\/a><\/p>\n<p>48\u20ac<\/p>\n<p>avril 2026<\/p>\n","protected":false},"featured_media":18422,"comment_status":"closed","ping_status":"closed","template":"","meta":[],"product_brand":[],"product_cat":[164],"product_tag":[],"contributor":[4562,41,4561],"season":[],"subject":[3177,3882],"collection":[],"artist":[3914,4563],"limited_edition":[],"class_list":{"0":"post-18441","1":"product","2":"type-product","3":"status-publish","4":"has-post-thumbnail","6":"product_cat-empire-fr","7":"contributor-alexis-georgacopoulos","8":"contributor-james-langdon","9":"contributor-matthieu-cortat-roller","10":"subject-ecal-fr","11":"subject-typography-fr","12":"artist-eurostandard","13":"artist-giliane-cachin","15":"first","16":"instock","17":"featured","18":"shipping-taxable","19":"purchasable","20":"product-type-simple"},"_links":{"self":[{"href":"https:\/\/e-m-p-i-r-e.eu\/fr\/wp-json\/wp\/v2\/product\/18441","targetHints":{"allow":["GET"]}}],"collection":[{"href":"https:\/\/e-m-p-i-r-e.eu\/fr\/wp-json\/wp\/v2\/product"}],"about":[{"href":"https:\/\/e-m-p-i-r-e.eu\/fr\/wp-json\/wp\/v2\/types\/product"}],"replies":[{"embeddable":true,"href":"https:\/\/e-m-p-i-r-e.eu\/fr\/wp-json\/wp\/v2\/comments?post=18441"}],"wp:featuredmedia":[{"embeddable":true,"href":"https:\/\/e-m-p-i-r-e.eu\/fr\/wp-json\/wp\/v2\/media\/18422"}],"wp:attachment":[{"href":"https:\/\/e-m-p-i-r-e.eu\/fr\/wp-json\/wp\/v2\/media?parent=18441"}],"wp:term":[{"taxonomy":"product_brand","embeddable":true,"href":"https:\/\/e-m-p-i-r-e.eu\/fr\/wp-json\/wp\/v2\/product_brand?post=18441"},{"taxonomy":"product_cat","embeddable":true,"href":"https:\/\/e-m-p-i-r-e.eu\/fr\/wp-json\/wp\/v2\/product_cat?post=18441"},{"taxonomy":"product_tag","embeddable":true,"href":"https:\/\/e-m-p-i-r-e.eu\/fr\/wp-json\/wp\/v2\/product_tag?post=18441"},{"taxonomy":"contributor","embeddable":true,"href":"https:\/\/e-m-p-i-r-e.eu\/fr\/wp-json\/wp\/v2\/contributor?post=18441"},{"taxonomy":"season","embeddable":true,"href":"https:\/\/e-m-p-i-r-e.eu\/fr\/wp-json\/wp\/v2\/season?post=18441"},{"taxonomy":"subject","embeddable":true,"href":"https:\/\/e-m-p-i-r-e.eu\/fr\/wp-json\/wp\/v2\/subject?post=18441"},{"taxonomy":"collection","embeddable":true,"href":"https:\/\/e-m-p-i-r-e.eu\/fr\/wp-json\/wp\/v2\/collection?post=18441"},{"taxonomy":"artist","embeddable":true,"href":"https:\/\/e-m-p-i-r-e.eu\/fr\/wp-json\/wp\/v2\/artist?post=18441"},{"taxonomy":"limited_edition","embeddable":true,"href":"https:\/\/e-m-p-i-r-e.eu\/fr\/wp-json\/wp\/v2\/limited_edition?post=18441"}],"curies":[{"name":"wp","href":"https:\/\/api.w.org\/{rel}","templated":true}]}}