{"id":17753,"date":"2026-02-16T12:55:50","date_gmt":"2026-02-16T11:55:50","guid":{"rendered":"https:\/\/e-m-p-i-r-e.eu\/produit\/season-2-16th-to-30th-issue-copy\/"},"modified":"2026-02-20T18:03:35","modified_gmt":"2026-02-20T17:03:35","slug":"season-2-16th-to-30th-issue-copy","status":"publish","type":"product","link":"https:\/\/e-m-p-i-r-e.eu\/fr\/produit\/season-2-16th-to-30th-issue-copy\/","title":{"rendered":"Revue Faire saison 2, num\u00e9ros 16 \u00e0 30"},"content":{"rendered":"<p>n\u00ba 16 \u2014\u00a0<u>Une reproduction<\/u>\u00a0: Ce que veut El Lissitzky. Auteur : James Langdon<br \/>\nn\u00ba 17 \u2014\u00a0<u>Un acronyme<\/u>\u00a0: ACAB. Auteurs : Ariane Bosshard, J\u00e9r\u00f4me Dupeyrat, Olivier Huz et Julie Martin<br \/>\nn\u00ba 18 \u2014\u00a0<u>Une visite d\u2019atelier<\/u>\u00a0: le studio d\u2019Ines Cox. Auteures : Manon Bruet et Julia Andr\u00e9one<br \/>\nn\u00ba 19 \u2014\u00a0<u>Une histoire<\/u>\u00a0: des graphistes \u00e9diteurs. Auteur : Thierry Chancogne<br \/>\nn\u00ba 20 \u2014 \u2022 NUM\u00c9RO SP\u00c9CIAL \u2022\u00a0<u>Des \u00ab Art poster \u00bb\u2009?<\/u>\u00a0la question du \u00ab poster d\u2019artiste \u00bb. Auteurs : Thierry Chancogne, J\u00e9r\u00f4me Dupeyrat, Mathias Augustyniak<br \/>\nn\u00ba 21 \u2014\u00a0<u>Une station de ski<\/u>\u00a0: Pierre Faucheux et les Arcs. De l\u2019espace au signe. Auteure : Catherine Guiral<\/p>\n<p>n\u00ba 22 \u2014\u00a0<u>Un original<\/u>\u00a0: les catalogues de Laurent Benner pour les Plus beaux livres suisses. Auteur : James Langdon et Adrian Samson<br \/>\nn\u00ba 23 \u2014\u00a0<u>Un portrait<\/u>\u00a0: Le ma\u00eetre satisfait de son propre travail. Auteur : Ziga Testen<br \/>\nn\u00ba 24 \u2014\u00a0<u>Une identit\u00e9 de th\u00e9\u00e2tre<\/u>\u00a0: le Schauspielhaus par Cornel Windlin. Auteurs : \u00c9tienne Hervy et Thierry Chancogne<br \/>\nn\u00ba 25 \u2014\u00a0<u>La photographie \u00e0 l\u2019exposition<\/u>. Jonathan Monk. Auteur : Remi Parcollet<br \/>\nn\u00ba 26 \u2014\u00a0<u>Des syst\u00e8mes de production<\/u>\u00a0: auto publication et impression en ligne, mod\u00e8le \u00e0 la demande. Auteure : Manon Bruet<\/p>\n<p>n\u00ba 27 \u2014 Un magazine : Rhizomes de Londres. Archigram et images mentales de la ville. Auteure : Sonia de Puineuf<\/p>\n<p>n\u00ba 28 \u2014\u00a0<u>Un format<\/u>\u00a0: la conf\u00e9rence. Auteure : Manon Bruet avec Area Of Work<br \/>\nn\u00ba 29 \u2014\u00a0<u><em>Girls<\/em>, les troupi\u00e8res de la danse.<\/u>\u00a0Esth\u00e9tisation du politique et manipulation du divertissement. Auteure : Alexandra Midal<br \/>\nn\u00ba 30 \u2014\u00a0<u>Donner corps<\/u>\u00a0: le specimen typographique chez Lineto. Auteur : Olivier Lebrun<\/p>\n","protected":false},"excerpt":{"rendered":"<p class=\"p1\">Issues 1, 2, 3, 4, 5, 6, 7, 8, 9, 10, 11, 12, 13, 14 &amp; 15<br \/>\n15 \u00d7 20 pages and sometimes more<br \/>\n21 \u00d7 29,7 cm, CMYK and sometimes more, Saddle stitched binding<br \/>\nDesign:\u00a0<a href=\"http:\/\/www.s-y-n-d-i-c-a-t.eu\/\">Syndicat<\/a><br \/>\n2017-2018<br \/>\nSold out \u2014 available on demand<\/p>\n","protected":false},"featured_media":17491,"comment_status":"open","ping_status":"closed","template":"","meta":[],"product_brand":[],"product_cat":[164],"product_tag":[],"contributor":[],"season":[],"subject":[3901],"collection":[4560],"artist":[],"limited_edition":[],"class_list":{"0":"post-17753","1":"product","2":"type-product","3":"status-publish","4":"has-post-thumbnail","6":"product_cat-empire-fr","7":"subject-graphic-design-fr","8":"collection-revue-faire-fr","10":"first","11":"instock","12":"featured","13":"shipping-taxable","14":"purchasable","15":"product-type-simple"},"_links":{"self":[{"href":"https:\/\/e-m-p-i-r-e.eu\/fr\/wp-json\/wp\/v2\/product\/17753","targetHints":{"allow":["GET"]}}],"collection":[{"href":"https:\/\/e-m-p-i-r-e.eu\/fr\/wp-json\/wp\/v2\/product"}],"about":[{"href":"https:\/\/e-m-p-i-r-e.eu\/fr\/wp-json\/wp\/v2\/types\/product"}],"replies":[{"embeddable":true,"href":"https:\/\/e-m-p-i-r-e.eu\/fr\/wp-json\/wp\/v2\/comments?post=17753"}],"wp:featuredmedia":[{"embeddable":true,"href":"https:\/\/e-m-p-i-r-e.eu\/fr\/wp-json\/wp\/v2\/media\/17491"}],"wp:attachment":[{"href":"https:\/\/e-m-p-i-r-e.eu\/fr\/wp-json\/wp\/v2\/media?parent=17753"}],"wp:term":[{"taxonomy":"product_brand","embeddable":true,"href":"https:\/\/e-m-p-i-r-e.eu\/fr\/wp-json\/wp\/v2\/product_brand?post=17753"},{"taxonomy":"product_cat","embeddable":true,"href":"https:\/\/e-m-p-i-r-e.eu\/fr\/wp-json\/wp\/v2\/product_cat?post=17753"},{"taxonomy":"product_tag","embeddable":true,"href":"https:\/\/e-m-p-i-r-e.eu\/fr\/wp-json\/wp\/v2\/product_tag?post=17753"},{"taxonomy":"contributor","embeddable":true,"href":"https:\/\/e-m-p-i-r-e.eu\/fr\/wp-json\/wp\/v2\/contributor?post=17753"},{"taxonomy":"season","embeddable":true,"href":"https:\/\/e-m-p-i-r-e.eu\/fr\/wp-json\/wp\/v2\/season?post=17753"},{"taxonomy":"subject","embeddable":true,"href":"https:\/\/e-m-p-i-r-e.eu\/fr\/wp-json\/wp\/v2\/subject?post=17753"},{"taxonomy":"collection","embeddable":true,"href":"https:\/\/e-m-p-i-r-e.eu\/fr\/wp-json\/wp\/v2\/collection?post=17753"},{"taxonomy":"artist","embeddable":true,"href":"https:\/\/e-m-p-i-r-e.eu\/fr\/wp-json\/wp\/v2\/artist?post=17753"},{"taxonomy":"limited_edition","embeddable":true,"href":"https:\/\/e-m-p-i-r-e.eu\/fr\/wp-json\/wp\/v2\/limited_edition?post=17753"}],"curies":[{"name":"wp","href":"https:\/\/api.w.org\/{rel}","templated":true}]}}