{"id":17747,"date":"2026-02-13T16:19:04","date_gmt":"2026-02-13T15:19:04","guid":{"rendered":"https:\/\/e-m-p-i-r-e.eu\/?post_type=product&#038;p=17747"},"modified":"2026-03-19T11:53:25","modified_gmt":"2026-03-19T10:53:25","slug":"revue-faire-saison-4-abonnement-aux-numeros-46-a-57","status":"publish","type":"product","link":"https:\/\/e-m-p-i-r-e.eu\/fr\/produit\/revue-faire-saison-4-abonnement-aux-numeros-46-a-57\/","title":{"rendered":"Revue Faire saison 4, abonnement aux num\u00e9ros 46 \u00e0 57"},"content":{"rendered":"<p>n\u00b046 \u2014\u00a0Une approche calcul\u00e9e\u00a0: La raison d\u00e9raisonn\u00e9e de Norm. Auteur : James Langdon (novembre 2024)<br \/>\nn\u00b047 &amp; 48 \u2014\u00a0Des traductions m\u00e9caniques\u00a0:<\/p>\n<p>\u2014 Des machines, des voyelles\u00a0et des affects. Auteur : Camille Pageard (d\u00e9cembre 2024)<\/p>\n<p>\u2014 Les lettres \u00e9lectriques. Auteur : Simon Renaud (d\u00e9cembre 2024)<br \/>\nn\u00b049 \u2014\u00a0Lawrence Weiner: We Are Ships at Sea, Not Ducks On a Pond. Auteur: Joris Kritis + entretiens avec Nora Turato et Linda van Deursen (janvier 2025)<br \/>\nn\u00b050 \u2014\u00a0<u>Un site<\/u>\u00a0: Palais de la ma\u00e7onnerie typographique. Auteur : Thierry Chancogne (f\u00e9vrier 2025)<br \/>\nn\u00b051 \u2014\u00a0Des ruines de papier, des itin\u00e9raires d\u2019avenir\u00a0: International Library of Fashion Research. Auteure : Aude Fellay (mars 2025)<br \/>\nn\u00b052 \u2014\u00a0Un mode de repr\u00e9sentation: 3D. Auteure: Manon Bruet + illustrations de Harriet Davey (avril 2025)<br \/>\nn\u00b053 \u2014\u00a0<u>Les graphistes iconographes<\/u>. Auteur: Thierry Chancogne (octobre 2025)<br \/>\nn\u00b054 \u2014\u00a0<u>Le directeur, le graphiste et l\u2019imprimeur<\/u> : Pontus Hult\u00e9n et la fabrique du catalogue, 1960\u20131973. Auteure : Malou Messien (d\u00e9cembre 2025)<br \/>\nn\u00b055 \u2014 \u00ab\u2009<u>De l\u2019image du panneau publicitaire<\/u>\u2009\u00bb. Auteure : Rica Cerbarano (f\u00e9vrier 2026)<br \/>\nn\u00b056 \u2014 Lire jusqu\u2019\u00e0 ce que je m\u2019endorme : Manuel Raeder. Auteur : Joel Mu (mars 2026)<\/p>\n<p>n\u00b057 \u2014\u00a0<u>Le livre photo<\/u> : Le nouveau visage de la photophilie. Auteur : Cl\u00e9ment Ch\u00e9roux + une s\u00e9lection de livre r\u00e9alis\u00e9e avec Th\u00e9ophile Calot (2026)<\/p>\n<p>&nbsp;<\/p>\n<p>* l\u2019ordre des num\u00e9ros peut changer, ainsi qu\u2019un ou deux sujets.<\/p>\n","protected":false},"excerpt":{"rendered":"<p>publication d\u2019octobre 2024 \u00e0 mi 2026<br \/>\nnum\u00e9ros 46, 47-48, 49, 50, 51, 52, 53, 54, 55, 56, 57<br \/>\nFran\u00e7ais\/Anglais<br \/>\nenviron 60 pages, 210 \u00d7 297 mm<br \/>\nCMJN et parfois plus<br \/>\n10 ou 14\u20ac chaque num\u00e9ro, ou 90\u20ac l\u2019abonnement (pour 12 num\u00e9ros)<br \/>\n90,00\u20ac<\/p>\n","protected":false},"featured_media":19140,"comment_status":"closed","ping_status":"closed","template":"","meta":[],"product_brand":[],"product_cat":[164],"product_tag":[],"contributor":[],"season":[],"subject":[],"collection":[4560],"artist":[],"limited_edition":[],"class_list":{"0":"post-17747","1":"product","2":"type-product","3":"status-publish","4":"has-post-thumbnail","6":"product_cat-empire-fr","7":"collection-revue-faire-fr","9":"first","10":"instock","11":"featured","12":"shipping-taxable","13":"purchasable","14":"product-type-simple"},"_links":{"self":[{"href":"https:\/\/e-m-p-i-r-e.eu\/fr\/wp-json\/wp\/v2\/product\/17747","targetHints":{"allow":["GET"]}}],"collection":[{"href":"https:\/\/e-m-p-i-r-e.eu\/fr\/wp-json\/wp\/v2\/product"}],"about":[{"href":"https:\/\/e-m-p-i-r-e.eu\/fr\/wp-json\/wp\/v2\/types\/product"}],"replies":[{"embeddable":true,"href":"https:\/\/e-m-p-i-r-e.eu\/fr\/wp-json\/wp\/v2\/comments?post=17747"}],"wp:featuredmedia":[{"embeddable":true,"href":"https:\/\/e-m-p-i-r-e.eu\/fr\/wp-json\/wp\/v2\/media\/19140"}],"wp:attachment":[{"href":"https:\/\/e-m-p-i-r-e.eu\/fr\/wp-json\/wp\/v2\/media?parent=17747"}],"wp:term":[{"taxonomy":"product_brand","embeddable":true,"href":"https:\/\/e-m-p-i-r-e.eu\/fr\/wp-json\/wp\/v2\/product_brand?post=17747"},{"taxonomy":"product_cat","embeddable":true,"href":"https:\/\/e-m-p-i-r-e.eu\/fr\/wp-json\/wp\/v2\/product_cat?post=17747"},{"taxonomy":"product_tag","embeddable":true,"href":"https:\/\/e-m-p-i-r-e.eu\/fr\/wp-json\/wp\/v2\/product_tag?post=17747"},{"taxonomy":"contributor","embeddable":true,"href":"https:\/\/e-m-p-i-r-e.eu\/fr\/wp-json\/wp\/v2\/contributor?post=17747"},{"taxonomy":"season","embeddable":true,"href":"https:\/\/e-m-p-i-r-e.eu\/fr\/wp-json\/wp\/v2\/season?post=17747"},{"taxonomy":"subject","embeddable":true,"href":"https:\/\/e-m-p-i-r-e.eu\/fr\/wp-json\/wp\/v2\/subject?post=17747"},{"taxonomy":"collection","embeddable":true,"href":"https:\/\/e-m-p-i-r-e.eu\/fr\/wp-json\/wp\/v2\/collection?post=17747"},{"taxonomy":"artist","embeddable":true,"href":"https:\/\/e-m-p-i-r-e.eu\/fr\/wp-json\/wp\/v2\/artist?post=17747"},{"taxonomy":"limited_edition","embeddable":true,"href":"https:\/\/e-m-p-i-r-e.eu\/fr\/wp-json\/wp\/v2\/limited_edition?post=17747"}],"curies":[{"name":"wp","href":"https:\/\/api.w.org\/{rel}","templated":true}]}}