{"id":17733,"date":"2026-02-11T14:52:15","date_gmt":"2026-02-11T13:52:15","guid":{"rendered":"https:\/\/e-m-p-i-r-e.eu\/?post_type=product&#038;p=17733"},"modified":"2026-02-20T18:02:42","modified_gmt":"2026-02-20T17:02:42","slug":"n20-lor-blanc-et-lespace-dun-signe-roger-charlotte-pierre-et-les-arcs-auteure-catherine-guiral","status":"publish","type":"product","link":"https:\/\/e-m-p-i-r-e.eu\/fr\/produit\/n20-lor-blanc-et-lespace-dun-signe-roger-charlotte-pierre-et-les-arcs-auteure-catherine-guiral\/","title":{"rendered":"n\u00b020 \u2014 L\u2019or blanc et l\u2019espace d\u2019un signe : Roger, Charlotte, Pierre et les Arcs. Auteure : Catherine Guiral"},"content":{"rendered":"<p>Connu comme \u00ab l\u2019homme aux cent millions de couvertures \u00bb et acteur majeur dans l\u2019histoire du design graphique fran\u00e7ais durant les Trente Glorieuses, Pierre Faucheux a aussi pratiqu\u00e9 une riche activit\u00e9 d\u2019agenceur d\u2019espaces. \u00c0 la fin des ann\u00e9es 1960 il est invit\u00e9 par Charlotte Perriand \u00e0 participer \u00e0 l\u2019aventure de la station de sports d\u2019hiver des Arcs. \u00ab\u00a0Construction d\u2019un imaginaire\u00a0\u00bb pens\u00e9e par l\u2019ing\u00e9nieur Roger Godino, les Arcs, station savoyarde d\u2019un autre genre, s\u2019incarneront dans un signe particulier qui raconte le double int\u00e9r\u00eat que Faucheux eut pour l\u2019espace et ses transformations.<\/p>\n","protected":false},"excerpt":{"rendered":"<p>Auteure : Catherine Guiral<br \/>\n20 pages, 21 \u00d7 29,7 cm, CMJN<br \/>\n4 mars 2020<br \/>\nisbn 979-10-95991-16-8<br \/>\nissn 2558-2062<\/p>\n","protected":false},"featured_media":17199,"comment_status":"open","ping_status":"closed","template":"","meta":[],"product_brand":[],"product_cat":[3849],"product_tag":[4280,3928,4049,3894,4075,4220,4064],"contributor":[38],"season":[34],"subject":[3168,3170,3901,3902,3136],"collection":[],"artist":[4555,3809,4556],"limited_edition":[],"class_list":{"0":"post-17733","1":"product","2":"type-product","3":"status-publish","4":"has-post-thumbnail","6":"product_cat-revue-faire-fr","7":"product_tag-architecture-fr-2","8":"product_tag-design-fr-2","9":"product_tag-graphic-identity-fr","10":"product_tag-identity-fr-2","11":"product_tag-logo-fr-2","12":"product_tag-pierre-faucheux-fr-2","13":"product_tag-visual-identity-fr","14":"contributor-catherine-guiral","15":"season-34","16":"subject-architecture-fr","17":"subject-design-fr","18":"subject-graphic-design-fr","19":"subject-identity-fr","20":"subject-logo-fr","21":"artist-charlotte-perriand","22":"artist-pierre-faucheux","23":"artist-roger-godino","25":"first","26":"instock","27":"featured","28":"shipping-taxable","29":"product-type-simple"},"_links":{"self":[{"href":"https:\/\/e-m-p-i-r-e.eu\/fr\/wp-json\/wp\/v2\/product\/17733","targetHints":{"allow":["GET"]}}],"collection":[{"href":"https:\/\/e-m-p-i-r-e.eu\/fr\/wp-json\/wp\/v2\/product"}],"about":[{"href":"https:\/\/e-m-p-i-r-e.eu\/fr\/wp-json\/wp\/v2\/types\/product"}],"replies":[{"embeddable":true,"href":"https:\/\/e-m-p-i-r-e.eu\/fr\/wp-json\/wp\/v2\/comments?post=17733"}],"wp:featuredmedia":[{"embeddable":true,"href":"https:\/\/e-m-p-i-r-e.eu\/fr\/wp-json\/wp\/v2\/media\/17199"}],"wp:attachment":[{"href":"https:\/\/e-m-p-i-r-e.eu\/fr\/wp-json\/wp\/v2\/media?parent=17733"}],"wp:term":[{"taxonomy":"product_brand","embeddable":true,"href":"https:\/\/e-m-p-i-r-e.eu\/fr\/wp-json\/wp\/v2\/product_brand?post=17733"},{"taxonomy":"product_cat","embeddable":true,"href":"https:\/\/e-m-p-i-r-e.eu\/fr\/wp-json\/wp\/v2\/product_cat?post=17733"},{"taxonomy":"product_tag","embeddable":true,"href":"https:\/\/e-m-p-i-r-e.eu\/fr\/wp-json\/wp\/v2\/product_tag?post=17733"},{"taxonomy":"contributor","embeddable":true,"href":"https:\/\/e-m-p-i-r-e.eu\/fr\/wp-json\/wp\/v2\/contributor?post=17733"},{"taxonomy":"season","embeddable":true,"href":"https:\/\/e-m-p-i-r-e.eu\/fr\/wp-json\/wp\/v2\/season?post=17733"},{"taxonomy":"subject","embeddable":true,"href":"https:\/\/e-m-p-i-r-e.eu\/fr\/wp-json\/wp\/v2\/subject?post=17733"},{"taxonomy":"collection","embeddable":true,"href":"https:\/\/e-m-p-i-r-e.eu\/fr\/wp-json\/wp\/v2\/collection?post=17733"},{"taxonomy":"artist","embeddable":true,"href":"https:\/\/e-m-p-i-r-e.eu\/fr\/wp-json\/wp\/v2\/artist?post=17733"},{"taxonomy":"limited_edition","embeddable":true,"href":"https:\/\/e-m-p-i-r-e.eu\/fr\/wp-json\/wp\/v2\/limited_edition?post=17733"}],"curies":[{"name":"wp","href":"https:\/\/api.w.org\/{rel}","templated":true}]}}