{"id":17732,"date":"2026-02-11T14:38:54","date_gmt":"2026-02-11T13:38:54","guid":{"rendered":"https:\/\/e-m-p-i-r-e.eu\/?post_type=product&#038;p=17732"},"modified":"2026-02-20T18:03:07","modified_gmt":"2026-02-20T17:03:07","slug":"agora-la-place-du-musee-2","status":"publish","type":"product","link":"https:\/\/e-m-p-i-r-e.eu\/fr\/produit\/agora-la-place-du-musee-2\/","title":{"rendered":"AGORA, la place du mus\u00e9e"},"content":{"rendered":"<p>Les LAB du Nouveau Mus\u00e9e National de Monaco proposent une forme de \u00ab\u2009laboratoire\u2009\u00bb dans lequel ses missions essentielles (collectionner, \u00e9tudier, communiquer, produire, conserver et transmettre) sont les sujets de r\u00e9flexions, d\u2019exp\u00e9rimentations et d\u2019innovations.<\/p>\n<p>En 2015, le premier LAB exposait les m\u00e9tiers et les coulisses de l\u2019institution. En 2018, le LAB#2 invitaient des artistes \u00e0 questionner la d\u00e9finition et jusqu\u2019\u00e0 la structure m\u00eame du mus\u00e9e.<\/p>\n<p>En 2025, le NMNM a choisi de faire la part belle \u00e0 ses programmes publics qui mettent les artistes et la transmission au c\u0153ur de leurs enjeux. \u00ab\u2009AGORA, La place du mus\u00e9e\u2009\u00bb \u00e9tait un projet collaboratif, participatif, exp\u00e9rimental\u2009: il lui fallait une publication qui refl\u00e8te ses ambitions. Comment documenter un catalogue lorsque que les projets d\u2019exposition et de m\u00e9diation qu\u2019il relate ont toujours cours au moment de son impression\u2009? Quelle image choisir\u2009? Que pr\u00e9f\u00e8re-t-on documenter\u2009? Selon quel format\u2009?<\/p>\n<p>Comment int\u00e9grer des informations post\u00e9rieures \u00e0 la fabrication du livre\u2009? \u00c0 partir des questions qui ont anim\u00e9 la conception de cet ouvrage, nous avons souhait\u00e9 laisser aux lecteur-rices le soin de compl\u00e9ter ponctuellement les diff\u00e9rents chapitres afin de leur permettre de personnaliser ces pages en fonction de leur sensibilit\u00e9, de leur regard, de leur relation \u00e0 l\u2019objet-livre comme au format d\u2019une exposition mus\u00e9ale ou d\u2019une collection d\u2019art.<\/p>\n<p>&nbsp;<\/p>\n<p>Textes :<\/p>\n<p>Kathy Alliou, Leslie Astier, C\u00e9lia Bernasconi, Ana Cheishvili, Christine Eyene, Sharon Jones, \u00c9l\u00e9onore Kabouche, Benjamin Laugier, Romy Marill, St\u00e9phanie Marin, Coline Matarazzo, Emanuele Quinz, St\u00e9phane Vacquier.<\/p>\n<p>&nbsp;<\/p>\n<p>Artistes :<\/p>\n<p>Andreas Angelidakis, Gabriele Basilico, \u00c9ric Baudelaire, L\u00e9a Collet, Mark Dion, Kees van Dongen, L\u00e9na Durr, Hala Elkoussy, \u00c9l\u00e9onore False, Rita Ferreira, Andrea Fraser, Carsten H\u00f6ller, Pierre Joseph, Katia Kameli, Anton Kannemeyer, Nicolas Mollard, Jean Painlev\u00e9, Laure Prouvost, Mika Rottenberg, Lothar Schreyer, Studio smarin, Xavier Theunis, Olivier Vadrot<\/p>\n","protected":false},"excerpt":{"rendered":"<p>Nouveau Mus\u00e9e National de Monaco et \u00e9ditions Empire<br \/>\nISBN: 979-10-95991-48-9<br \/>\nFran\u00e7ais \/ Anglais<br \/>\n160 pages + 51 stickers<br \/>\n21 \u00d7 29,7 cm<br \/>\nGraphisme: <a href=\"https:\/\/s-y-n-d-i-c-a-t.eu\/\">Syndicat<\/a><br \/>\n25\u2009\u20ac<br \/>\n2025<\/p>\n","protected":false},"featured_media":3401,"comment_status":"closed","ping_status":"closed","template":"","meta":[],"product_brand":[],"product_cat":[164],"product_tag":[],"contributor":[1214,1210,1215,1213,1207,749,1211,1206,1217,1216,1209,1212,1205,1208],"season":[],"subject":[3185,3899,3909,3977,3233],"collection":[],"artist":[4530],"limited_edition":[],"class_list":{"0":"post-17732","1":"product","2":"type-product","3":"status-publish","4":"has-post-thumbnail","6":"product_cat-empire-fr","7":"contributor-ana-cheishvili","8":"contributor-benjamin-laugier","9":"contributor-celia-bernasconi","10":"contributor-christine-eyene","11":"contributor-coline-matarazzo","12":"contributor-eleonore-false","13":"contributor-eleonore-kabouche","14":"contributor-emanuele-quinz","15":"contributor-kathy-alliou","16":"contributor-leslie-astier","17":"contributor-romy-marill","18":"contributor-sharon-jones","19":"contributor-stephane-vacquier","20":"contributor-stephanie-marin","21":"subject-art-fr","22":"subject-book-fr","23":"subject-contemporary-art-fr","24":"subject-exhibition-fr","25":"subject-mediation-fr","26":"artist-eleonore-false","28":"first","29":"instock","30":"featured","31":"shipping-taxable","32":"purchasable","33":"product-type-simple"},"_links":{"self":[{"href":"https:\/\/e-m-p-i-r-e.eu\/fr\/wp-json\/wp\/v2\/product\/17732","targetHints":{"allow":["GET"]}}],"collection":[{"href":"https:\/\/e-m-p-i-r-e.eu\/fr\/wp-json\/wp\/v2\/product"}],"about":[{"href":"https:\/\/e-m-p-i-r-e.eu\/fr\/wp-json\/wp\/v2\/types\/product"}],"replies":[{"embeddable":true,"href":"https:\/\/e-m-p-i-r-e.eu\/fr\/wp-json\/wp\/v2\/comments?post=17732"}],"wp:featuredmedia":[{"embeddable":true,"href":"https:\/\/e-m-p-i-r-e.eu\/fr\/wp-json\/wp\/v2\/media\/3401"}],"wp:attachment":[{"href":"https:\/\/e-m-p-i-r-e.eu\/fr\/wp-json\/wp\/v2\/media?parent=17732"}],"wp:term":[{"taxonomy":"product_brand","embeddable":true,"href":"https:\/\/e-m-p-i-r-e.eu\/fr\/wp-json\/wp\/v2\/product_brand?post=17732"},{"taxonomy":"product_cat","embeddable":true,"href":"https:\/\/e-m-p-i-r-e.eu\/fr\/wp-json\/wp\/v2\/product_cat?post=17732"},{"taxonomy":"product_tag","embeddable":true,"href":"https:\/\/e-m-p-i-r-e.eu\/fr\/wp-json\/wp\/v2\/product_tag?post=17732"},{"taxonomy":"contributor","embeddable":true,"href":"https:\/\/e-m-p-i-r-e.eu\/fr\/wp-json\/wp\/v2\/contributor?post=17732"},{"taxonomy":"season","embeddable":true,"href":"https:\/\/e-m-p-i-r-e.eu\/fr\/wp-json\/wp\/v2\/season?post=17732"},{"taxonomy":"subject","embeddable":true,"href":"https:\/\/e-m-p-i-r-e.eu\/fr\/wp-json\/wp\/v2\/subject?post=17732"},{"taxonomy":"collection","embeddable":true,"href":"https:\/\/e-m-p-i-r-e.eu\/fr\/wp-json\/wp\/v2\/collection?post=17732"},{"taxonomy":"artist","embeddable":true,"href":"https:\/\/e-m-p-i-r-e.eu\/fr\/wp-json\/wp\/v2\/artist?post=17732"},{"taxonomy":"limited_edition","embeddable":true,"href":"https:\/\/e-m-p-i-r-e.eu\/fr\/wp-json\/wp\/v2\/limited_edition?post=17732"}],"curies":[{"name":"wp","href":"https:\/\/api.w.org\/{rel}","templated":true}]}}