{"id":17718,"date":"2026-02-10T20:18:59","date_gmt":"2026-02-10T19:18:59","guid":{"rendered":"https:\/\/e-m-p-i-r-e.eu\/?post_type=product&#038;p=17718"},"modified":"2026-02-10T20:20:33","modified_gmt":"2026-02-10T19:20:33","slug":"16m-de-signes-from-and-about-books","status":"publish","type":"product","link":"https:\/\/e-m-p-i-r-e.eu\/fr\/produit\/16m-de-signes-from-and-about-books\/","title":{"rendered":"16M de signes \u2014 FROM AND ABOUT BOOKS"},"content":{"rendered":"<p>Des r\u00e9flexions d\u2019<span class=\"\">Alexandra Midal<\/span> et de\u00a0<span class=\"\">Thierry Chancogne<\/span> sur l\u2019objet livre et les surfaces imprim\u00e9es, \u00e0 partir de la centaine de publications r\u00e9alis\u00e9es par le MAC VAL au cours de deux d\u00e9cennies d&rsquo;engagement pour la cr\u00e9ation graphique contemporaine.<\/p>\n<p>&nbsp;<\/p>\n<p>\u00c0 l\u2019occasion des 20 ans des \u00e9ditions du MAC VAL, le mus\u00e9e invite le duo Syndicat \u00e0 investir les 104 publications r\u00e9alis\u00e9es au cours de deux d\u00e9cennies.<\/p>\n<p>Les livres se d\u00e9ploient sur un podium de consultation pr\u00e9sentant l\u2019ensemble des textes publi\u00e9s, soit 16 465 721 signes typographiques.<\/p>\n<p>En regard d\u2019une s\u00e9lection d\u2019\u0153uvres de la collection du mus\u00e9e, des pages de catalogues sont affich\u00e9es agrandies afin que les formats des reproductions et des originaux co\u00efncident.<\/p>\n<p>L\u2019ensemble est accompagn\u00e9 de questions \u00e0 propos de l\u2019objet livre, auxquelles Alexandra Midal et Thierry Chancogne proposent au sein de cet ouvrage des r\u00e9ponses historiques, s\u00e9mantiques, techniques ou sociologiques.<\/p>\n<p>&nbsp;<\/p>\n<p>&nbsp;<\/p>\n<p>Artiste-commissaire et professeure \u00e0 la HEAD-Gen\u00e8ve \/ HES-SO, Alexandra Midal d\u00e9veloppe une recherche en culture visuelle qui donne lieu \u00e0 des expositions, des livres et des films.<br \/>\nEnseignant, \u00e9diteur et auteur, Thierry Chancogne enseigne, r\u00e9fl\u00e9chit et anime le graphisme, la typographie, le design graphique.<\/p>\n","protected":false},"excerpt":{"rendered":"<p>MAC VAL &amp; Empire books<br \/>\nisbn 979-10-95991-84-7<br \/>\n(fran\u00e7ais\/anglais)<br \/>\n240 pages, CMJN + 1 PMS<br \/>\n10,5 \u00d7 15 cm<br \/>\nGraphisme : Syndicat<br \/>\n2026<br \/>\n14 \u20ac<\/p>\n","protected":false},"featured_media":17671,"comment_status":"closed","ping_status":"closed","template":"","meta":[],"product_brand":[],"product_cat":[164],"product_tag":[],"contributor":[146,50],"season":[],"subject":[3899,3909,3904],"collection":[],"artist":[],"limited_edition":[],"class_list":{"0":"post-17718","1":"product","2":"type-product","3":"status-publish","4":"has-post-thumbnail","6":"product_cat-empire-fr","7":"contributor-alexandra-midal","8":"contributor-thierry-chancogne","9":"subject-book-fr","10":"subject-contemporary-art-fr","11":"subject-publishing-fr","13":"first","14":"instock","15":"featured","16":"shipping-taxable","17":"purchasable","18":"product-type-simple"},"_links":{"self":[{"href":"https:\/\/e-m-p-i-r-e.eu\/fr\/wp-json\/wp\/v2\/product\/17718","targetHints":{"allow":["GET"]}}],"collection":[{"href":"https:\/\/e-m-p-i-r-e.eu\/fr\/wp-json\/wp\/v2\/product"}],"about":[{"href":"https:\/\/e-m-p-i-r-e.eu\/fr\/wp-json\/wp\/v2\/types\/product"}],"replies":[{"embeddable":true,"href":"https:\/\/e-m-p-i-r-e.eu\/fr\/wp-json\/wp\/v2\/comments?post=17718"}],"wp:featuredmedia":[{"embeddable":true,"href":"https:\/\/e-m-p-i-r-e.eu\/fr\/wp-json\/wp\/v2\/media\/17671"}],"wp:attachment":[{"href":"https:\/\/e-m-p-i-r-e.eu\/fr\/wp-json\/wp\/v2\/media?parent=17718"}],"wp:term":[{"taxonomy":"product_brand","embeddable":true,"href":"https:\/\/e-m-p-i-r-e.eu\/fr\/wp-json\/wp\/v2\/product_brand?post=17718"},{"taxonomy":"product_cat","embeddable":true,"href":"https:\/\/e-m-p-i-r-e.eu\/fr\/wp-json\/wp\/v2\/product_cat?post=17718"},{"taxonomy":"product_tag","embeddable":true,"href":"https:\/\/e-m-p-i-r-e.eu\/fr\/wp-json\/wp\/v2\/product_tag?post=17718"},{"taxonomy":"contributor","embeddable":true,"href":"https:\/\/e-m-p-i-r-e.eu\/fr\/wp-json\/wp\/v2\/contributor?post=17718"},{"taxonomy":"season","embeddable":true,"href":"https:\/\/e-m-p-i-r-e.eu\/fr\/wp-json\/wp\/v2\/season?post=17718"},{"taxonomy":"subject","embeddable":true,"href":"https:\/\/e-m-p-i-r-e.eu\/fr\/wp-json\/wp\/v2\/subject?post=17718"},{"taxonomy":"collection","embeddable":true,"href":"https:\/\/e-m-p-i-r-e.eu\/fr\/wp-json\/wp\/v2\/collection?post=17718"},{"taxonomy":"artist","embeddable":true,"href":"https:\/\/e-m-p-i-r-e.eu\/fr\/wp-json\/wp\/v2\/artist?post=17718"},{"taxonomy":"limited_edition","embeddable":true,"href":"https:\/\/e-m-p-i-r-e.eu\/fr\/wp-json\/wp\/v2\/limited_edition?post=17718"}],"curies":[{"name":"wp","href":"https:\/\/api.w.org\/{rel}","templated":true}]}}