{"id":17666,"date":"2026-02-10T20:05:18","date_gmt":"2026-02-10T19:05:18","guid":{"rendered":"https:\/\/e-m-p-i-r-e.eu\/?post_type=product&#038;p=17666"},"modified":"2026-02-20T16:41:33","modified_gmt":"2026-02-20T15:41:33","slug":"telegraphes-de-lutopie-lart-des-avant-gardes-en-europe-centrale-1918-1939-sonia-de-puineuf-2","status":"publish","type":"product","link":"https:\/\/e-m-p-i-r-e.eu\/fr\/produit\/telegraphes-de-lutopie-lart-des-avant-gardes-en-europe-centrale-1918-1939-sonia-de-puineuf-2\/","title":{"rendered":"T\u00e9l\u00e9graphes de l\u2019Utopie \u2013 L\u2019art des avant-gardes en Europe Centrale 1918-1939, Sonia de Puineuf"},"content":{"rendered":"<div class=\"accroche\">\n<p>Cet ouvrage, richement illustr\u00e9, pr\u00e9sente l\u2019\u00e9mulation artistique qui s\u2019est manifest\u00e9e en Europe centrale entre les deux guerres, en remettant en cause le concept \u00ab\u2009centre-p\u00e9riph\u00e9rie\u2009\u00bb qui a longtemps pr\u00e9valu dans l\u2019\u00e9criture de l\u2019histoire de l\u2019art. Renon\u00e7ant \u00e0 un parcours strictement chronologique ou \u00e0 un d\u00e9coupage g\u00e9ographique, l\u2019auteure propose une r\u00e9flexion synth\u00e9tique sur les \u00e9changes entre diff\u00e9rents foyers, dus notamment \u00e0 la mobilit\u00e9 des artistes et \u00e0 la circulation des id\u00e9es via les m\u00e9dias imprim\u00e9s. La notion de communication internationale est au c\u0153ur de ce projet. L\u2019\u00e9tude, nourrie des recherches men\u00e9es pendant plusieurs ann\u00e9es dans divers pays, insiste sur la transdisciplinarit\u00e9 et la polyvalence des artistes, sur la curiosit\u00e9 pour les nouvelles formes d\u2019expression et pour les nouvelles technologies de cr\u00e9ation. Elle dessine un large territoire aux fronti\u00e8res floues o\u00f9 se construisit pendant une vingtaine d\u2019ann\u00e9es un projet utopique collectif.<span class=\"Apple-converted-space\">\u00a0<\/span><\/p>\n<\/div>\n<p>&nbsp;<\/p>\n<div class=\"bioAuteur\">Sonia de Puineuf (n\u00e9e en 1976 en ex-Tch\u00e9coslovaquie) est historienne de l\u2019art, de l\u2019architecture et du design graphique. Elle a soutenu sa th\u00e8se \u00e0 la Sorbonne en 2006 sur le th\u00e8me \u00ab La lettre dans l\u2019art des avant-gardes 1909-1939 : signe-passeur du modernisme \u00bb. Ses recherches portent notamment sur l\u2019art, l\u2019architecture et le design graphique en Europe Centrale dans l\u2019entre-deux-guerres. Ses connaissances linguistiques (slovaque, tch\u00e8que, polonais, allemand, anglais, italien, russe) lui donnent acc\u00e8s \u00e0 de nombreuses sources \u00e9trang\u00e8res, qu\u2019il s\u2019agissent des documents d\u2019archives ou de textes scientifiques encore m\u00e9connus en France. Elle a traduit en tch\u00e8que les \u00e9crits de Karel Teige et elle publie r\u00e9guli\u00e8rement des articles dans les revues de r\u00e9f\u00e9rences en France et \u00e0 l\u2019\u00e9tranger et dans les actes de colloques internationaux auxquels elle participe. En 2019 \u00e0 Bratislava, elle a co-organis\u00e9 le symposium international consacr\u00e9 \u00e0 l\u2019\u00e9ducation artistique dans le premier tiers du XX<sup>e<\/sup> si\u00e8cle dans l\u2019aire culturelle de l\u2019Europe centrale. En 2021 \u00e0 Bratislava, elle a co-\u00e9dit\u00e9 l\u2019ouvrage consacr\u00e9 \u00e0 l\u2019\u00e9cole SUR (1928-1938) qui s\u2019impose comme un nouveau livre de r\u00e9f\u00e9rence dans le pays. \u00c0 c\u00f4t\u00e9 de son activit\u00e9 de chercheuse ind\u00e9pendante, elle enseigne dans les universit\u00e9s et les \u00e9coles d\u2019art et collabore avec les mus\u00e9es.<\/div>\n","protected":false},"excerpt":{"rendered":"<p>isbn 979-10-95991-51-9<br \/>\nFran\u00e7ais<br \/>\n336 pages<br \/>\nCMJN<br \/>\n300 illustrations<br \/>\n15 \u00d7 21 cm<br \/>\nCouverture souple avec d\u00e9coupe<br \/>\nConception graphique : Syndicat<br \/>\n28 \u20ac<\/p>\n","protected":false},"featured_media":3613,"comment_status":"closed","ping_status":"closed","template":"","meta":[],"product_brand":[],"product_cat":[164],"product_tag":[],"contributor":[145],"season":[],"subject":[3185,3957],"collection":[],"artist":[3934],"limited_edition":[],"class_list":{"0":"post-17666","1":"product","2":"type-product","3":"status-publish","4":"has-post-thumbnail","6":"product_cat-empire-fr","7":"contributor-sonia-de-puineuf","8":"subject-art-fr","9":"subject-modern-art-fr","10":"artist-el-lissitzky","12":"first","13":"instock","14":"featured","15":"shipping-taxable","16":"purchasable","17":"product-type-simple"},"_links":{"self":[{"href":"https:\/\/e-m-p-i-r-e.eu\/fr\/wp-json\/wp\/v2\/product\/17666","targetHints":{"allow":["GET"]}}],"collection":[{"href":"https:\/\/e-m-p-i-r-e.eu\/fr\/wp-json\/wp\/v2\/product"}],"about":[{"href":"https:\/\/e-m-p-i-r-e.eu\/fr\/wp-json\/wp\/v2\/types\/product"}],"replies":[{"embeddable":true,"href":"https:\/\/e-m-p-i-r-e.eu\/fr\/wp-json\/wp\/v2\/comments?post=17666"}],"wp:featuredmedia":[{"embeddable":true,"href":"https:\/\/e-m-p-i-r-e.eu\/fr\/wp-json\/wp\/v2\/media\/3613"}],"wp:attachment":[{"href":"https:\/\/e-m-p-i-r-e.eu\/fr\/wp-json\/wp\/v2\/media?parent=17666"}],"wp:term":[{"taxonomy":"product_brand","embeddable":true,"href":"https:\/\/e-m-p-i-r-e.eu\/fr\/wp-json\/wp\/v2\/product_brand?post=17666"},{"taxonomy":"product_cat","embeddable":true,"href":"https:\/\/e-m-p-i-r-e.eu\/fr\/wp-json\/wp\/v2\/product_cat?post=17666"},{"taxonomy":"product_tag","embeddable":true,"href":"https:\/\/e-m-p-i-r-e.eu\/fr\/wp-json\/wp\/v2\/product_tag?post=17666"},{"taxonomy":"contributor","embeddable":true,"href":"https:\/\/e-m-p-i-r-e.eu\/fr\/wp-json\/wp\/v2\/contributor?post=17666"},{"taxonomy":"season","embeddable":true,"href":"https:\/\/e-m-p-i-r-e.eu\/fr\/wp-json\/wp\/v2\/season?post=17666"},{"taxonomy":"subject","embeddable":true,"href":"https:\/\/e-m-p-i-r-e.eu\/fr\/wp-json\/wp\/v2\/subject?post=17666"},{"taxonomy":"collection","embeddable":true,"href":"https:\/\/e-m-p-i-r-e.eu\/fr\/wp-json\/wp\/v2\/collection?post=17666"},{"taxonomy":"artist","embeddable":true,"href":"https:\/\/e-m-p-i-r-e.eu\/fr\/wp-json\/wp\/v2\/artist?post=17666"},{"taxonomy":"limited_edition","embeddable":true,"href":"https:\/\/e-m-p-i-r-e.eu\/fr\/wp-json\/wp\/v2\/limited_edition?post=17666"}],"curies":[{"name":"wp","href":"https:\/\/api.w.org\/{rel}","templated":true}]}}