{"id":17664,"date":"2026-02-10T19:54:07","date_gmt":"2026-02-10T18:54:07","guid":{"rendered":"https:\/\/e-m-p-i-r-e.eu\/?post_type=product&#038;p=17664"},"modified":"2026-02-10T20:20:19","modified_gmt":"2026-02-10T19:20:19","slug":"mermed-1-jean-jullien","status":"publish","type":"product","link":"https:\/\/e-m-p-i-r-e.eu\/fr\/produit\/mermed-1-jean-jullien\/","title":{"rendered":"Mermed 1, Jean Jullien"},"content":{"rendered":"<p>\u00ab Mermed \u00bb constitue le premier volet d\u2019une odyss\u00e9e artistique dans laquelle Jean Jullien fait escale \u00e0 la galerie Masurel.<\/p>\n<p>Par des aller-retours entre reproductions de carnets de croquis et reproductions de peintures install\u00e9es, nous voyageons dans les pages de l\u2019ouvrage en compagnie de l\u2019artiste et ses interpr\u00e9tations des mondes qu\u2019il d\u00e9couvre, contemple ou fantasme.<\/p>\n<p>Une discussion men\u00e9e par Martin Bethenod permet de comprendre les int\u00e9r\u00eats et m\u00e9thodologies de travail de l\u2019artiste, notamment la filiation entre le travail de dessin et la peinture.<\/p>\n<p>Ce sont ces terres ch\u00e8res \u00e0 l\u2019artiste qui prennent forme ici \u00e0 travers leur palette de couleurs et leurs \u00e9l\u00e9ments naturels. Le voyage se poursuit le long de la c\u00f4te m\u00e9diterran\u00e9enne, \u00e0 travers la France, l\u2019Italie et la Gr\u00e8ce. La mer devient peu \u00e0 peu l\u2019\u00e9cran de projection d\u2019un imaginaire de savoirs et de mythologies partag\u00e9s.<\/p>\n<p>Charg\u00e9 d\u2019une profonde dimension affective, l\u2019itin\u00e9raire de ses peintures prend racine dans le pays bigouden. Ce sont les terres si ch\u00e8res \u00e0 l\u2019artiste qui s\u2019y dessinent, leur palette de couleurs, leurs \u00e9l\u00e9ments naturels. Le trajet se poursuit sur les c\u00f4tes de la mer M\u00e9diterran\u00e9e, en France, en Italie et en Gr\u00e8ce. Peu \u00e0 peu, la mer devient \u00e9cran de projection d\u2019un imaginaire, fait de savoirs partag\u00e9s, de mythologies. On embarque, \u00e0 mesure du d\u00e9placement, vers un ailleurs symbolique. On y devine des r\u00e9f\u00e9rences \u00e0 la Gr\u00e8ce antique et \u00e0 sa civilisation, dans lesquelles Jean Jullien puise pour connecter pass\u00e9 et pr\u00e9sent.<\/p>\n<p>En poursuivant notre chemin, nous nous dirigeons vers un ailleurs symbolique. On per\u00e7oit des r\u00e9f\u00e9rences \u00e0 la Gr\u00e8ce antique et \u00e0 sa civilisation, dont Jean Jullien s\u2019inspire pour relier le pass\u00e9 et le pr\u00e9sent.<\/p>\n<p>Entre reproductions de pages de carnets et peintures, on voyage au fil des pages du livre en compagnie de l\u2019artiste et de ses interpr\u00e9tations des mondes qu\u2019il d\u00e9couvre, contemple ou r\u00eave.<\/p>\n<p>&nbsp;<\/p>\n<p>&nbsp;<\/p>\n<p>&nbsp;<\/p>\n<p>Jean Jullien (n\u00e9 en 1983 \u00e0 Nantes) est un artiste fran\u00e7ais bas\u00e9 \u00e0 Paris. Il est dipl\u00f4m\u00e9 de Central Saint Martins en 2008 et du Royal College of Art en 2010. Sa production artistique s\u2019\u00e9tend de la peinture, de l\u2019illustration, des installations, de la photographie et de la vid\u00e9o aux costumes, livres, affiches et v\u00eatements.<br \/>\nSon travail a \u00e9t\u00e9 expos\u00e9 dans le monde entier, dans mus\u00e9es et des galeries \u00e0 Paris, Londres, Bruxelles, Los Angeles, New York, San Francisco, Berlin, Tokyo, S\u00e9oul, Melbourne et Singapour et publi\u00e9 dans le New York Times, le New Yorker, le Guardian, National Geographic, SZ Magazin, T\u00e9l\u00e9rama entre autre. Il a \u00e9galement collabor\u00e9 avec de nombreuses marques internationales.<br \/>\nEn 2016 il a lanc\u00e9 avec Jae Huh la marque cor\u00e9enne Nounou qui propose une large gamme de produits : v\u00eatements pour adultes et pour enfants, articles pour la maison et accessoires. Jullien a publi\u00e9 de nombreux livres chez des maisons d\u2019\u00e9dition r\u00e9put\u00e9es, notamment teNeues, Walker Books, Comme des G\u00e9ants et Hato Press.<br \/>\nEn 2023, sa premi\u00e8re exposition personnelle institutionnelle europ\u00e9enne a \u00e9t\u00e9 inaugur\u00e9e au MIMA \u00e0 Bruxelles. La m\u00eame ann\u00e9e, l\u2019artiste a \u00e9t\u00e9 invit\u00e9 \u00e0 participer \u00e0 l\u2019exposition triennale de la National Gallery of Victoria \u00e0 Melbourne, avec une installation immersive \u00e0 grande \u00e9chelle pour les enfants. La production cr\u00e9ative de Jullien va de la peinture, de l\u2019illustration, de l\u2019installation, de la photographie et de la vid\u00e9o aux costumes, livres, affiches et v\u00eatements. Il a expos\u00e9 ses \u0153uvres dans le monde entier, dans des mus\u00e9es et des galeries \u00e0 Paris, Londres, Bruxelles, Los Angeles, New York, San Francisco, Berlin, Tokyo, S\u00e9oul, Melbourne, Singapour et bien d\u2019autres encore. Son travail est publi\u00e9 dans le New York Times, le New Yorker, le Guardian, National Geographic, SZ Magazin, T\u00e9l\u00e9rama et bien d\u2019autres encore, et il a collabor\u00e9 avec de nombreuses marques internationales. En 2011, Jean Jullien et son fr\u00e8re Nico fondent Jullien Brothers, un duo sp\u00e9cialis\u00e9 dans l\u2019image en mouvement. En 2016, il a lanc\u00e9 NouNou avec Jae Huh, un label bas\u00e9 en Cor\u00e9e qui produit une gamme de produits mettant en valeur les visuels distinctifs de l\u2019artiste<\/p>\n","protected":false},"excerpt":{"rendered":"<p>Galerie Masurel &amp; Empire books<br \/>\n\u00c9dition limit\u00e9e<br \/>\nisbn 979-10-95991-52-6<br \/>\nAnglais \/ Fran\u00e7ais<br \/>\n120 pages + 2 cartes, CMJN<br \/>\n20 \u00d7 26,5 cm, couverture rigide<br \/>\nGraphisme : <a href=\"http:\/\/www.s-y-n-d-i-c-a-t.eu\/\">Syndicat<\/a><br \/>\n35 \u20ac<br \/>\n2025<\/p>\n","protected":false},"featured_media":5941,"comment_status":"closed","ping_status":"closed","template":"","meta":[],"product_brand":[],"product_cat":[164],"product_tag":[],"contributor":[1872,746],"season":[],"subject":[],"collection":[],"artist":[4452],"limited_edition":[],"class_list":{"0":"post-17664","1":"product","2":"type-product","3":"status-publish","4":"has-post-thumbnail","6":"product_cat-empire-fr","7":"contributor-jean-jullien","8":"contributor-martin-bethenod","9":"artist-jean-jullien","11":"first","12":"instock","13":"featured","14":"shipping-taxable","15":"purchasable","16":"product-type-simple"},"_links":{"self":[{"href":"https:\/\/e-m-p-i-r-e.eu\/fr\/wp-json\/wp\/v2\/product\/17664","targetHints":{"allow":["GET"]}}],"collection":[{"href":"https:\/\/e-m-p-i-r-e.eu\/fr\/wp-json\/wp\/v2\/product"}],"about":[{"href":"https:\/\/e-m-p-i-r-e.eu\/fr\/wp-json\/wp\/v2\/types\/product"}],"replies":[{"embeddable":true,"href":"https:\/\/e-m-p-i-r-e.eu\/fr\/wp-json\/wp\/v2\/comments?post=17664"}],"wp:featuredmedia":[{"embeddable":true,"href":"https:\/\/e-m-p-i-r-e.eu\/fr\/wp-json\/wp\/v2\/media\/5941"}],"wp:attachment":[{"href":"https:\/\/e-m-p-i-r-e.eu\/fr\/wp-json\/wp\/v2\/media?parent=17664"}],"wp:term":[{"taxonomy":"product_brand","embeddable":true,"href":"https:\/\/e-m-p-i-r-e.eu\/fr\/wp-json\/wp\/v2\/product_brand?post=17664"},{"taxonomy":"product_cat","embeddable":true,"href":"https:\/\/e-m-p-i-r-e.eu\/fr\/wp-json\/wp\/v2\/product_cat?post=17664"},{"taxonomy":"product_tag","embeddable":true,"href":"https:\/\/e-m-p-i-r-e.eu\/fr\/wp-json\/wp\/v2\/product_tag?post=17664"},{"taxonomy":"contributor","embeddable":true,"href":"https:\/\/e-m-p-i-r-e.eu\/fr\/wp-json\/wp\/v2\/contributor?post=17664"},{"taxonomy":"season","embeddable":true,"href":"https:\/\/e-m-p-i-r-e.eu\/fr\/wp-json\/wp\/v2\/season?post=17664"},{"taxonomy":"subject","embeddable":true,"href":"https:\/\/e-m-p-i-r-e.eu\/fr\/wp-json\/wp\/v2\/subject?post=17664"},{"taxonomy":"collection","embeddable":true,"href":"https:\/\/e-m-p-i-r-e.eu\/fr\/wp-json\/wp\/v2\/collection?post=17664"},{"taxonomy":"artist","embeddable":true,"href":"https:\/\/e-m-p-i-r-e.eu\/fr\/wp-json\/wp\/v2\/artist?post=17664"},{"taxonomy":"limited_edition","embeddable":true,"href":"https:\/\/e-m-p-i-r-e.eu\/fr\/wp-json\/wp\/v2\/limited_edition?post=17664"}],"curies":[{"name":"wp","href":"https:\/\/api.w.org\/{rel}","templated":true}]}}