{"id":17663,"date":"2026-02-10T19:37:02","date_gmt":"2026-02-10T18:37:02","guid":{"rendered":"https:\/\/e-m-p-i-r-e.eu\/?post_type=product&#038;p=17663"},"modified":"2026-02-10T20:20:20","modified_gmt":"2026-02-10T19:20:20","slug":"herman-de-vries-mouans-sartoux-paris-eschenau-digne-les-bains-tredrez-locquemeau","status":"publish","type":"product","link":"https:\/\/e-m-p-i-r-e.eu\/fr\/produit\/herman-de-vries-mouans-sartoux-paris-eschenau-digne-les-bains-tredrez-locquemeau\/","title":{"rendered":"herman de vries \u2013 mouans-sartoux, paris, eschenau, digne-les-bains, tr\u00e9drez-locqu\u00e9meau"},"content":{"rendered":"<p>entre 2024 et 2025, l\u2019espace de l\u2019art concret, la galerie du dourven, la galerie aline vidal et le mus\u00e9e gassendi pr\u00e9sentent en leurs lieux le travail de herman de vries en faisant \u00e9cho aux longues relations entretenues avec l\u2019artiste.<\/p>\n<p>\u00e0 travers diff\u00e9rentes vues d\u2019expositions, d\u2019interventions in situ, de documents et de photographies de l\u2019artiste dans ses espaces de travail et de vie, l\u2019ouvrage op\u00e8re une succession de d\u00e9ambulations visuelles et g\u00e9ographiques, entre ext\u00e9rieur et int\u00e9rieur, entre contexte et d\u00e9tail, entre le monde et le travail.<\/p>\n<p>cinq pr\u00e9l\u00e8vements ont \u00e9t\u00e9 r\u00e9alis\u00e9s dans les cinq localit\u00e9s concern\u00e9es, en suivant les pr\u00e9conisations de l\u2019artiste et inclus dans cet ouvrage.<\/p>\n<p>&nbsp;<\/p>\n<p>&nbsp;<\/p>\n<p>autrices : Nadine Gomez- Passamar, Anne M\u0153glin Delcroix<\/p>\n<p>&nbsp;<\/p>\n<p>direction \u00e9ditoriale : Elsa Briand, Sandra Cattini, Fabienne Grasser-Fulch\u00e9ri, Nadine Gomez-Passamar, Syndicat, Aline Vidal<\/p>\n<p>&nbsp;<\/p>\n<p>photos : Jean-Baptiste Warluzel, Fran\u00e7ois Fernandez, Marion Reibner, Jean Brasille<\/p>\n","protected":false},"excerpt":{"rendered":"<p>auteurs : Anne M\u0153glin Delcroix, Nadine Gomez- Passamar<\/p>\n<p>fran\u00e7ais\/anglais<\/p>\n<p>isbn 979-10-95991-50-2<\/p>\n<p>160 pages + 5 pr\u00e9l\u00e8vements<\/p>\n<p>format 20 \u00d7 28 cm<\/p>\n<p>couverture rigide<\/p>\n<p>conception graphique : syndicat<\/p>\n<p>avec le soutien de la galerie aline vidal, espace de l\u2019art concret, galerie du dourven, mus\u00e9e gassendi et la fondation antoine de galbert<\/p>\n<p>35\u20ac<\/p>\n","protected":false},"featured_media":3482,"comment_status":"closed","ping_status":"closed","template":"","meta":[],"product_brand":[],"product_cat":[164],"product_tag":[1766,1761,1763,1767,1764,1762,1765],"contributor":[1749,1750,1751,1752],"season":[],"subject":[4552,3909],"collection":[4508,4507],"artist":[4533],"limited_edition":[],"class_list":{"0":"post-17663","1":"product","2":"type-product","3":"status-publish","4":"has-post-thumbnail","6":"product_cat-empire-fr","7":"product_tag-aline-vidal-fr","8":"product_tag-elsa-briand-fr","9":"product_tag-fabienne-grasser-fulcheri-fr","10":"product_tag-herman-de-vries-fr","11":"product_tag-nadine-gomez-passamar-fr","12":"product_tag-sandra-cattini-fr","13":"product_tag-syndicat-fr","14":"contributor-anne-moeglin-delcroix","15":"contributor-herman-de-vries","16":"contributor-jean-baptiste-warluzel","17":"contributor-nadine-gomez-passamar","18":"subject-artists-studio-fr","19":"subject-contemporary-art-fr","20":"collection-livre-d-artiste","21":"collection-monographie","22":"artist-herman-de-vries","24":"first","25":"instock","26":"featured","27":"shipping-taxable","28":"purchasable","29":"product-type-simple"},"_links":{"self":[{"href":"https:\/\/e-m-p-i-r-e.eu\/fr\/wp-json\/wp\/v2\/product\/17663","targetHints":{"allow":["GET"]}}],"collection":[{"href":"https:\/\/e-m-p-i-r-e.eu\/fr\/wp-json\/wp\/v2\/product"}],"about":[{"href":"https:\/\/e-m-p-i-r-e.eu\/fr\/wp-json\/wp\/v2\/types\/product"}],"replies":[{"embeddable":true,"href":"https:\/\/e-m-p-i-r-e.eu\/fr\/wp-json\/wp\/v2\/comments?post=17663"}],"wp:featuredmedia":[{"embeddable":true,"href":"https:\/\/e-m-p-i-r-e.eu\/fr\/wp-json\/wp\/v2\/media\/3482"}],"wp:attachment":[{"href":"https:\/\/e-m-p-i-r-e.eu\/fr\/wp-json\/wp\/v2\/media?parent=17663"}],"wp:term":[{"taxonomy":"product_brand","embeddable":true,"href":"https:\/\/e-m-p-i-r-e.eu\/fr\/wp-json\/wp\/v2\/product_brand?post=17663"},{"taxonomy":"product_cat","embeddable":true,"href":"https:\/\/e-m-p-i-r-e.eu\/fr\/wp-json\/wp\/v2\/product_cat?post=17663"},{"taxonomy":"product_tag","embeddable":true,"href":"https:\/\/e-m-p-i-r-e.eu\/fr\/wp-json\/wp\/v2\/product_tag?post=17663"},{"taxonomy":"contributor","embeddable":true,"href":"https:\/\/e-m-p-i-r-e.eu\/fr\/wp-json\/wp\/v2\/contributor?post=17663"},{"taxonomy":"season","embeddable":true,"href":"https:\/\/e-m-p-i-r-e.eu\/fr\/wp-json\/wp\/v2\/season?post=17663"},{"taxonomy":"subject","embeddable":true,"href":"https:\/\/e-m-p-i-r-e.eu\/fr\/wp-json\/wp\/v2\/subject?post=17663"},{"taxonomy":"collection","embeddable":true,"href":"https:\/\/e-m-p-i-r-e.eu\/fr\/wp-json\/wp\/v2\/collection?post=17663"},{"taxonomy":"artist","embeddable":true,"href":"https:\/\/e-m-p-i-r-e.eu\/fr\/wp-json\/wp\/v2\/artist?post=17663"},{"taxonomy":"limited_edition","embeddable":true,"href":"https:\/\/e-m-p-i-r-e.eu\/fr\/wp-json\/wp\/v2\/limited_edition?post=17663"}],"curies":[{"name":"wp","href":"https:\/\/api.w.org\/{rel}","templated":true}]}}