{"id":17662,"date":"2026-02-10T19:26:00","date_gmt":"2026-02-10T18:26:00","guid":{"rendered":"https:\/\/e-m-p-i-r-e.eu\/?post_type=product&#038;p=17662"},"modified":"2026-02-10T20:20:21","modified_gmt":"2026-02-10T19:20:21","slug":"enormement-bizarre-collection-jean-chatelus-donation-fondation-antoine-de-galbert-au-centre-pompidou","status":"publish","type":"product","link":"https:\/\/e-m-p-i-r-e.eu\/fr\/produit\/enormement-bizarre-collection-jean-chatelus-donation-fondation-antoine-de-galbert-au-centre-pompidou\/","title":{"rendered":"\u00c9norm\u00e9ment bizarre. Collection Jean Chatelus. Donation Fondation Antoine de Galbert au Centre Pompidou"},"content":{"rendered":"<p>Le cabinet de curiosit\u00e9s contemporain constitu\u00e9 par la singuli\u00e8re collection r\u00e9unie par Jean Chatelus (1939-2021) tout au long de sa vie\u00a0: sculptures, installations, peintures, photographies, dessins des plus grandes figures du XX<sup>e<\/sup> si\u00e8cle comme d\u2019artistes outsider et d\u2019\u00ab\u00a0enfants terribles\u00a0\u00bb, pi\u00e8ces d\u2019art extra-occidental et objets issus de traditions populaires, refl\u00e9tant des esth\u00e9tiques comme des voix diverses, et les obsessions du collectionneur autour des th\u00e9matiques du corps, du caract\u00e8re \u00e9ph\u00e9m\u00e8re de la vie, de la ruine et de la d\u00e9composition organique, de l\u2019interdit ou du spectre apocalyptique.<\/p>\n<p>&nbsp;<\/p>\n<p>\u00ab\u2009\u00c9norm\u00e9ment bizarre \u00bb, sont les mots que l\u2019artiste Wim Delvoye choisit pour d\u00e9crire l\u2019incroyable collection rassembl\u00e9e par Jean Chatelus (1939\u20132021) dans ses appartements parisiens \u00e0 partir de la fin des ann\u00e9es 1960. De la chambre au garage, cet ouvrage nous ouvre les portes de son cabinet de curiosit\u00e9s contemporain aussi pr\u00e9cis et exigeant que d\u00e9rangeant et provocateur. On y rencontre des \u0153uvres de Cindy Sherman, Jake &amp; Dinos Chapman, Mike Kelley, Yayoi Kusama, Christian Boltanski ou Gina Pane aux c\u00f4t\u00e9s de masques Komo et de bondieuseries. Plus de 600 \u0153uvres et documents \u2013 sculptures, installations, peintures, photographies, dessins, objets votifs et vernaculaires \u2013 t\u00e9moignent des obsessions du collectionneur\u2009: le corps mis \u00e0 mal, la po\u00e9tique des ruines, la mort, l\u2019organique et sa d\u00e9composition, le spectre apocalyptique, l\u2019interdit, le religieux et son blasph\u00e8me. Enrichi de notices d\u2019\u0153uvres, de textes critiques et de t\u00e9moignages, ce livre documente la collection et rend hommage \u00e0 l\u2019engagement infaillible de son cr\u00e9ateur.<span class=\"Apple-converted-space\">\u00a0<\/span><\/p>\n<p>&nbsp;<\/p>\n<p>Cet ouvrage a \u00e9t\u00e9 publi\u00e9 \u00e0 l\u2019occasion du legs de la collection Jean Chatelus \u00e0 la Fondation Antoine de Galbert puis de sa donation au Mus\u00e9e national d\u2019art moderne<span class=\"Apple-converted-space\">\u00a0 <\/span>\u2013 Centre Pompidou.<span class=\"Apple-converted-space\">\u00a0<\/span><\/p>\n<p>&nbsp;<\/p>\n<p>Publi\u00e9 \u00e0 l\u2019occasion de l\u2019exposition \u00e9ponyme au Centre Pompidou, Paris, de mars \u00e0 juin 2025.<\/p>\n<p>&nbsp;<\/p>\n<p>Avec Vito Acconci, Eva Aeppli, Mequitta Ahuja, David Altmejd, Mich\u00e8le Andal, Dieter Appelt, Arman, assume vivid astro focus, Rina Banerjee, Richard Baqui\u00e9, Marcel Bascoulard, J\u00e9r\u00f4me Basserode, Bill Beckley, Olivier Beer, Fr\u00e9d\u00e9ric Benrath, Madeleine Berkhemer, Joseph Beuys, Huma Bhabha, Guillaume Bijl, Marc Bijl, John Bock, Christian Boltanski, Monica Bonvicini, Jonathan Borofsky, George Brecht, Olaf Breuning, Ricardo Brey, G\u00fcnter Brus, Mark Brusse, Dora Budor, Peter Buggenhout, James Lee Byars, Jake &amp; Dinos Chapman, Jean-Jules Chasse-Pot, Ouyang Chun, John Coplans, Tony Cragg, Johan Creten, Hanne Darboven, Wim Delvoye, Damien Deroubaix, G\u00e9rard Deschamps, Stephan Dillemuth, Mark Dion, David Douard, Elmgreen &amp; Dragset, Mounir Fatmi, Hans-Peter Feldmann, Robert Filliou, Lizzie Fitch &amp; Ryan Trecartin, Eug\u00e8ne Gabritschevsky, Thomas Gr\u00fcnfeld, G\u00e9rard Guyomard, Fabrice Gygi, Rachel Harrison, Georg Herold, Noritoshi Hirakawa, Ulrich Horndash, Komaro Hoshino, Douglas Huebler, Peter Hutchinson, IRWIN, Christian Jaccard, Richard Jackson, Alain Jacquet, Paul Jacquet, Cameron Jamie, Folkert de Jong, Michel Journiac, Mike Kelley, Edward Kienholz, Nancy Reddin Kienholz, Karen Kilimnik, Peter Klasen, J\u00fcrgen Klauke, Mathieu Kleyebe Abonnenc, Alexander Kosolapov, Piotr Kowalski, Tetsumi Kudo, Guillermo Kuitca, Yayoi Kusama, Mire Lee, Zoe Leonard, Justin Lieberman, Lucile Littot, Urs L\u00fcthi, Zhenya Machneva, Paul Mansouroff, Robert Mapplethorpe, Matthew McCaslin, Jonathan Meese, Bjarne Melgaard, Gerhard Merz, Henri Michaux, John Miller, Pierre Molinier, Yasumasa Morimura, Robert Morris, Ciprian Muresan, Hermann Nitsch, Henrique Oliveira, Dennis Oppenheim, Tony Oursler, Nam June Paik, Gina Pane, Jorge Pardo, Chloe Piene, Jack Pierson, Huang Yong Ping, Cameron Platter, Henrik Plenge Jakobsen, Sigmar Polke, Jon Pylypchuk, Arnulf Rainer, Odilon Redon, Tobias Rehberger, Dario Robleto, F\u00e9licien Rops, Amanda Ross-Ho, Mimmo Rotella, Dieter Roth, Francis Roux, David Salle, Julia Scher, Bernard Schultze, George Segal, Andres Serrano, Jim Shaw, Cindy Sherman, Chiharu Shiota, Sandy Skoglund, Ilya Smirnov, Agathe Snow, Anna Solal, Daniel Spoerri, Haim Steinbach, Elmar Trenkwalder, Meyer Vaisman, Joana Vasconcelos, Banks Violette, Wolf Vostell, Li Wei, Anne Wenzel, Franz West, Pae White, Gottfried Wiegand, Sue Williams, Scottie Wilson, Jesse Wine, Joel-Peter Witkin, Bill Woodrow, Michele Zaza, Gilberto Zorio, Unica Z\u00fcrn.<\/p>\n<p>&nbsp;<\/p>\n<p>Textes de:<\/p>\n<p>Antoine de Galbert, Laurent le Bon, Xavier Rey, Anne Martin-Fugier, Sophie Delpeux, Yves Le Fur, G\u00e9rard Wajcman, Bernard Marcad\u00e9<\/p>\n","protected":false},"excerpt":{"rendered":"<p>Textes : Antoine de Galbert, Laurent le Bon, Xavier Rey, Anne Martin-Fugier, Sophie Delpeux, Yves Le Fur, G\u00e9rard Wajcman, Bernard Marcad\u00e9.<br \/>\nisbn 979-10-95991-38-0<br \/>\n(Fran\u00e7ais\/Anglais)<br \/>\n21 x 29,7cm<br \/>\n540 + 16 pages<br \/>\nCMYK + 2 dorures et 1 s\u00e9rigraphie en couverture<br \/>\nGraphisme : Syndicat<br \/>\nTraduction : Matthieu Ortalda<br \/>\n\u00c9dition Empire<span class=\"Apple-converted-space\"> &amp;<\/span>\u00a0Fondation Antoine de Galbert<br \/>\n2025<br \/>\n\u00c9puis\u00e9<\/p>\n","protected":false},"featured_media":17607,"comment_status":"closed","ping_status":"closed","template":"","meta":[],"product_brand":[],"product_cat":[164],"product_tag":[590,1103,1114,1151,1159,1165,1174,1053,604,1054,1171,1157,1059,1181,1126,1105,1143,1162,1140,1068,1102,1161,1132,618,1166,1149,1050,1087,1155,1135,1052,1153,1076,1099,1109,1168,1088,635,1048,1093,1150,1106,1154,1175,1061,1095,1071,1158,1085,1092,1127,1046,1138,1177,1065,1116,1074,1167,1084,1090,1128,1144,1134,1133,1142,1064,1164,1101,1141,1078,1077,1079,1058,1179,1160,1170,1180,1083,1067,1081,1129,1146,1070,1125,1139,1063,1156,667,1119,1111,1098,1173,1091,1120,1062,1066,1057,1075,681,1113,1124,1049,1169,1107,1051,1182,1108,1152,1117,1069,1089,1137,1110,1096,1147,1072,1060,1080,1176,1104,1122,696,1100,1112,699,1115,1094,1073,1056,709,1055,710,1123,1131,1163,420,1145,1086,1178,725,729,1148,1082,1136,1097,424,734,1047,738,1172,1130,741,1121,1118],"contributor":[750,152,752,751,754,64,753,4532],"season":[],"subject":[3185,3142,3909],"collection":[],"artist":[],"limited_edition":[],"class_list":{"0":"post-17662","1":"product","2":"type-product","3":"status-publish","4":"has-post-thumbnail","6":"product_cat-empire-fr","7":"product_tag-agathe-snow-fr","8":"product_tag-alain-jacquet-fr","9":"product_tag-alexander-kosolapov-fr","10":"product_tag-amanda-ross-ho-fr","11":"product_tag-andres-serrano-fr","12":"product_tag-anna-solal-fr","13":"product_tag-anne-wenzel-fr","14":"product_tag-arman-fr","15":"product_tag-arnulf-rainer-fr","16":"product_tag-assume-vivid-astro-focus-fr","17":"product_tag-banks-violette-fr","18":"product_tag-bernard-schultze-fr","19":"product_tag-bill-beckley-fr","20":"product_tag-bill-woodrow-fr","21":"product_tag-bjarne-melgaard-fr","22":"product_tag-cameron-jamie-fr","23":"product_tag-cameron-platter-fr","24":"product_tag-chiharu-shiota-fr","25":"product_tag-chloe-piene-fr","26":"product_tag-christian-boltanski-fr","27":"product_tag-christian-jaccard-fr","28":"product_tag-cindy-sherman-fr","29":"product_tag-ciprian-muresan-fr","30":"product_tag-damien-deroubaix-fr","31":"product_tag-daniel-spoerri-fr","32":"product_tag-dario-robleto-fr","33":"product_tag-david-altmejd-fr","34":"product_tag-david-douard-fr","35":"product_tag-david-salle-fr","36":"product_tag-dennis-oppenheim-fr","37":"product_tag-dieter-appelt-fr","38":"product_tag-dieter-roth-fr","39":"product_tag-dora-budor-fr","40":"product_tag-douglas-huebler-fr","41":"product_tag-edward-kienholz-fr","42":"product_tag-elmar-trenkwalder-fr","43":"product_tag-elmgreen-dragset-fr","44":"product_tag-eugene-gabritschevsky-fr","45":"product_tag-eva-aeppli-fr","46":"product_tag-fabrice-gygi-fr","47":"product_tag-felicien-rops-fr","48":"product_tag-folkert-de-jong-fr","49":"product_tag-francis-roux-fr","50":"product_tag-franz-west-fr","51":"product_tag-frederic-benrath-fr","52":"product_tag-georg-herold-fr","53":"product_tag-george-brecht-fr","54":"product_tag-george-segal-fr","55":"product_tag-gerard-deschamps-fr","56":"product_tag-gerard-guyomard-fr","57":"product_tag-gerhard-merz-fr","58":"product_tag-gilberto-zorio-fr","59":"product_tag-gina-pane-fr","60":"product_tag-gottfried-wiegand-fr","61":"product_tag-guillaume-bijl-fr","62":"product_tag-guillermo-kuitca-fr","63":"product_tag-gunter-brus-fr","64":"product_tag-haim-steinbach-fr","65":"product_tag-hanne-darboven-fr","66":"product_tag-hans-peter-feldmann-fr","67":"product_tag-henri-michaux-fr","68":"product_tag-henrik-plenge-jakobsen-fr","69":"product_tag-henrique-oliveira-fr","70":"product_tag-hermann-nitsch-fr","71":"product_tag-huang-yong-ping-fr","72":"product_tag-huma-bhabha-fr","73":"product_tag-ilya-smirnov-fr","74":"product_tag-irwin-fr","75":"product_tag-jack-pierson-fr","76":"product_tag-jake-dinos-chapman-fr","77":"product_tag-james-lee-byars-fr","78":"product_tag-jean-jules-chasse-pot-fr","79":"product_tag-jerome-basserode-fr","80":"product_tag-jesse-wine-fr","81":"product_tag-jim-shaw-fr","82":"product_tag-joana-vasconcelos-fr","83":"product_tag-joel-peter-witkin-fr","84":"product_tag-johan-creten-fr","85":"product_tag-john-bock-fr","86":"product_tag-john-coplans-fr","87":"product_tag-john-miller-fr","88":"product_tag-jon-pylypchuk-fr","89":"product_tag-jonathan-borofsky-fr","90":"product_tag-jonathan-meese-fr","91":"product_tag-jorge-pardo-fr","92":"product_tag-joseph-beuys-fr","93":"product_tag-julia-scher-fr","94":"product_tag-jurgen-klauke-fr","95":"product_tag-justin-lieberman-fr","96":"product_tag-karen-kilimnik-fr","97":"product_tag-komaro-hoshino-fr","98":"product_tag-li-wei-fr","99":"product_tag-lizzie-fitch-ryan-trecartin-fr","100":"product_tag-lucile-littot-fr","101":"product_tag-madeleine-berkhemer-fr","102":"product_tag-marc-bijl-fr","103":"product_tag-marcel-bascoulard-fr","104":"product_tag-mark-brusse-fr","105":"product_tag-mark-dion-fr","106":"product_tag-mathieu-kleyebe-abonnenc-fr","107":"product_tag-matthew-mccaslin-fr","108":"product_tag-mequitta-ahuja-fr","109":"product_tag-meyer-vaisman-fr","110":"product_tag-michel-journiac-fr","111":"product_tag-michele-andal-fr","112":"product_tag-michele-zaza-fr","113":"product_tag-mike-kelley-fr","114":"product_tag-mimmo-rotella-fr","115":"product_tag-mire-lee-fr","116":"product_tag-monica-bonvicini-fr","117":"product_tag-mounir-fatmi-fr","118":"product_tag-nam-june-paik-fr","119":"product_tag-nancy-reddin-kienholz-fr","120":"product_tag-noritoshi-hirakawa-fr","121":"product_tag-odilon-redon-fr","122":"product_tag-olaf-breuning-fr","123":"product_tag-olivier-beer-fr","124":"product_tag-ouyang-chun-fr","125":"product_tag-pae-white-fr","126":"product_tag-paul-jacquet-fr","127":"product_tag-paul-mansouroff-fr","128":"product_tag-peter-buggenhout-fr","129":"product_tag-peter-hutchinson-fr","130":"product_tag-peter-klasen-fr","131":"product_tag-pierre-molinier-fr","132":"product_tag-piotr-kowalski-fr","133":"product_tag-rachel-harrison-fr","134":"product_tag-ricardo-brey-fr","135":"product_tag-richard-baquie-fr","136":"product_tag-richard-jackson-fr","137":"product_tag-rina-banerjee-fr","138":"product_tag-robert-filliou-fr","139":"product_tag-robert-mapplethorpe-fr","140":"product_tag-robert-morris-fr","141":"product_tag-sandy-skoglund-fr","142":"product_tag-scottie-wilson-fr","143":"product_tag-sigmar-polke-fr","144":"product_tag-stephan-dillemuth-fr","145":"product_tag-sue-williams-fr","146":"product_tag-tetsumi-kudo-fr","147":"product_tag-thomas-grunfeld-fr","148":"product_tag-tobias-rehberger-fr","149":"product_tag-tony-cragg-fr","150":"product_tag-tony-oursler-fr","151":"product_tag-ulrich-horndash-fr","152":"product_tag-unica-zurn-fr","153":"product_tag-urs-luthi-fr","154":"product_tag-vito-acconci-fr","155":"product_tag-wim-delvoye-fr","156":"product_tag-wolf-vostell-fr","157":"product_tag-yasumasa-morimura-fr","158":"product_tag-yayoi-kusama-fr","159":"product_tag-zhenya-machneva-fr","160":"product_tag-zoe-leonard-fr","161":"contributor-anne-martin-fugier","162":"contributor-antoine-de-galbert","163":"contributor-bernard-marcade","164":"contributor-gerard-wajcman","165":"contributor-laurent-le-bon","166":"contributor-sophie-delpeux","167":"contributor-xavier-rey","168":"contributor-yves-le-fur","169":"subject-art-fr","170":"subject-collection-fr","171":"subject-contemporary-art-fr","173":"first","174":"outofstock","175":"featured","176":"shipping-taxable","177":"product-type-simple"},"_links":{"self":[{"href":"https:\/\/e-m-p-i-r-e.eu\/fr\/wp-json\/wp\/v2\/product\/17662","targetHints":{"allow":["GET"]}}],"collection":[{"href":"https:\/\/e-m-p-i-r-e.eu\/fr\/wp-json\/wp\/v2\/product"}],"about":[{"href":"https:\/\/e-m-p-i-r-e.eu\/fr\/wp-json\/wp\/v2\/types\/product"}],"replies":[{"embeddable":true,"href":"https:\/\/e-m-p-i-r-e.eu\/fr\/wp-json\/wp\/v2\/comments?post=17662"}],"wp:featuredmedia":[{"embeddable":true,"href":"https:\/\/e-m-p-i-r-e.eu\/fr\/wp-json\/wp\/v2\/media\/17607"}],"wp:attachment":[{"href":"https:\/\/e-m-p-i-r-e.eu\/fr\/wp-json\/wp\/v2\/media?parent=17662"}],"wp:term":[{"taxonomy":"product_brand","embeddable":true,"href":"https:\/\/e-m-p-i-r-e.eu\/fr\/wp-json\/wp\/v2\/product_brand?post=17662"},{"taxonomy":"product_cat","embeddable":true,"href":"https:\/\/e-m-p-i-r-e.eu\/fr\/wp-json\/wp\/v2\/product_cat?post=17662"},{"taxonomy":"product_tag","embeddable":true,"href":"https:\/\/e-m-p-i-r-e.eu\/fr\/wp-json\/wp\/v2\/product_tag?post=17662"},{"taxonomy":"contributor","embeddable":true,"href":"https:\/\/e-m-p-i-r-e.eu\/fr\/wp-json\/wp\/v2\/contributor?post=17662"},{"taxonomy":"season","embeddable":true,"href":"https:\/\/e-m-p-i-r-e.eu\/fr\/wp-json\/wp\/v2\/season?post=17662"},{"taxonomy":"subject","embeddable":true,"href":"https:\/\/e-m-p-i-r-e.eu\/fr\/wp-json\/wp\/v2\/subject?post=17662"},{"taxonomy":"collection","embeddable":true,"href":"https:\/\/e-m-p-i-r-e.eu\/fr\/wp-json\/wp\/v2\/collection?post=17662"},{"taxonomy":"artist","embeddable":true,"href":"https:\/\/e-m-p-i-r-e.eu\/fr\/wp-json\/wp\/v2\/artist?post=17662"},{"taxonomy":"limited_edition","embeddable":true,"href":"https:\/\/e-m-p-i-r-e.eu\/fr\/wp-json\/wp\/v2\/limited_edition?post=17662"}],"curies":[{"name":"wp","href":"https:\/\/api.w.org\/{rel}","templated":true}]}}