{"id":17604,"date":"2026-02-10T18:25:37","date_gmt":"2026-02-10T17:25:37","guid":{"rendered":"https:\/\/e-m-p-i-r-e.eu\/?post_type=product&#038;p=17604"},"modified":"2026-02-10T20:20:23","modified_gmt":"2026-02-10T19:20:23","slug":"rien-de-personnel-martin-bethenod-2","status":"publish","type":"product","link":"https:\/\/e-m-p-i-r-e.eu\/fr\/produit\/rien-de-personnel-martin-bethenod-2\/","title":{"rendered":"Rien de personnel, Martin Bethenod"},"content":{"rendered":"<p>\u00ab Depuis 2013, je publie sur Instagram,<span class=\"Apple-converted-space\">\u00a0<\/span>\u00e0 un rythme irr\u00e9gulier mais constant, des photos de<span class=\"Apple-converted-space\">\u00a0 <\/span>chiens et de repr\u00e9sentations de chiens.\u00a0Ces images, sans intention ni statut, sont prises et post\u00e9es sur l\u2019instant, sans filtre, sans retouche, avec pour seules interventions<span class=\"Apple-converted-space\">\u00a0<\/span>la mise au format carr\u00e9 et un \u00e9ventuel recadrage.<span class=\"Apple-converted-space\">\u00a0<\/span>Aucune ne fait l\u2019objet d\u2019une demande de pose<span class=\"Apple-converted-space\">\u00a0<\/span>ou d\u2019autorisation, elles sont presque<span class=\"Apple-converted-space\">\u00a0<\/span>toujours prises sans que quiconque s\u2019en aper\u00e7oive.\u00a0Elles ne r\u00e9sultent d\u2019aucune recherche,<span class=\"Apple-converted-space\">\u00a0<\/span><\/p>\n<p>d\u2019aucune qu\u00eate, d\u2019aucune attente, d\u2019aucun r\u00e9emploi, elles ne reposent sur aucune collaboration, aucun guet, aucun subterfuge.\u00a0Les chiens passent, adviennent, ils sont l\u00e0, je les photographie, sans me montrer,<span class=\"Apple-converted-space\">\u00a0<\/span>sans m\u2019approcher, sans me pencher, souvent sans viser.\u00a0Les chiens ne sont pas identifi\u00e9s, pour la plupart ils me sont inconnus. Quelques-uns reviennent au hasard des ann\u00e9es. Les humains n\u2019apparaissent que comme des silhouettes ou des fragments: une jambe, un dos, une main qui tient une laisse.<span class=\"Apple-converted-space\">\u00a0<\/span>Les arri\u00e8res plans sont parfois reconnaissables ou situables, parfois non.\u00a0La capacit\u00e9 de ces petits personnages \u00e0 susciter l\u2019empathie autant qu\u2019\u00e0 l\u2019exprimer me touche infiniment. L\u2019enchainement de nos rencontres fugitives, inattendues, oubli\u00e9es parfois, est le journal intime d\u2019une d\u00e9cennie. O\u00f9 ne se d\u00e9voile jamais rien de personnel.<span class=\"Apple-converted-space\">\u00a0\u00bb<\/span><\/p>\n<p>&nbsp;<\/p>\n<p>Merci \u00e0<\/p>\n<p>Art\u00f9, Bardo, Bricola,<span class=\"Apple-converted-space\">\u00a0<\/span>Clab, Echo, Eckhart, Emma,<span class=\"Apple-converted-space\">\u00a0<\/span>Eschyle,<span class=\"Apple-converted-space\">\u00a0<\/span>Fitz, George,<span class=\"Apple-converted-space\">\u00a0<\/span>Haddock, Hip, Hippie,<span class=\"Apple-converted-space\">\u00a0<\/span>Human, Indie, Iole,<span class=\"Apple-converted-space\">\u00a0<\/span>Ipsos, Iris, Jackie, Jujube,<span class=\"Apple-converted-space\">\u00a0<\/span>Junior, Kawa,\u00a0Lazy, Lupin, Nino, Nico,<span class=\"Apple-converted-space\">\u00a0<\/span>Pepa, Rosina, S\u00e9n\u00e8que, Th\u00e9r\u00e8se, Tot,\u00a0Ulisse.<span class=\"Apple-converted-space\">\u00a0<\/span><\/p>\n<p>&nbsp;<\/p>\n<p>Responsable d\u2019institutions, \u00e9diteur, journaliste, commissaire d\u2019exposition,<span class=\"Apple-converted-space\">\u00a0 <\/span>Martin Bethenod a notamment dirig\u00e9<span class=\"Apple-converted-space\">\u00a0 <\/span>la D\u00e9l\u00e9gation aux Arts plastiques<span class=\"Apple-converted-space\">\u00a0 <\/span>du Minist\u00e8re de la Culture, la FIAC,<span class=\"Apple-converted-space\">\u00a0 <\/span>le Palazzo Grassi, la Punta della Dogana<span class=\"Apple-converted-space\">\u00a0 <\/span>et la Bourse de Commerce-Pinault Collection.<\/p>\n","protected":false},"excerpt":{"rendered":"<div class=\"descrListe responsabilite\">Fondation Antoine de Galbert et \u00e9ditions Empire<br \/>\nISBN\u00a0: 979-10-95991-37-3<\/div>\n<div class=\"descrListe\">Fran\u00e7ois\/Anglais<\/div>\n<div class=\"descrListe\">11 x 24 cm<\/div>\n<div class=\"descrListe\">flipbook\u00a0384 pages<br \/>\nConception graphique: Syndicat<br \/>\n2024<\/div>\n<div>\u00c9puis\u00e9<\/div>\n","protected":false},"featured_media":2847,"comment_status":"open","ping_status":"closed","template":"","meta":[],"product_brand":[],"product_cat":[164],"product_tag":[],"contributor":[152,746],"season":[],"subject":[3144,3885],"collection":[],"artist":[],"limited_edition":[],"class_list":{"0":"post-17604","1":"product","2":"type-product","3":"status-publish","4":"has-post-thumbnail","6":"product_cat-empire-fr","7":"contributor-antoine-de-galbert","8":"contributor-martin-bethenod","9":"subject-instagram-fr","10":"subject-photography-fr","12":"first","13":"outofstock","14":"featured","15":"shipping-taxable","16":"product-type-simple"},"_links":{"self":[{"href":"https:\/\/e-m-p-i-r-e.eu\/fr\/wp-json\/wp\/v2\/product\/17604","targetHints":{"allow":["GET"]}}],"collection":[{"href":"https:\/\/e-m-p-i-r-e.eu\/fr\/wp-json\/wp\/v2\/product"}],"about":[{"href":"https:\/\/e-m-p-i-r-e.eu\/fr\/wp-json\/wp\/v2\/types\/product"}],"replies":[{"embeddable":true,"href":"https:\/\/e-m-p-i-r-e.eu\/fr\/wp-json\/wp\/v2\/comments?post=17604"}],"wp:featuredmedia":[{"embeddable":true,"href":"https:\/\/e-m-p-i-r-e.eu\/fr\/wp-json\/wp\/v2\/media\/2847"}],"wp:attachment":[{"href":"https:\/\/e-m-p-i-r-e.eu\/fr\/wp-json\/wp\/v2\/media?parent=17604"}],"wp:term":[{"taxonomy":"product_brand","embeddable":true,"href":"https:\/\/e-m-p-i-r-e.eu\/fr\/wp-json\/wp\/v2\/product_brand?post=17604"},{"taxonomy":"product_cat","embeddable":true,"href":"https:\/\/e-m-p-i-r-e.eu\/fr\/wp-json\/wp\/v2\/product_cat?post=17604"},{"taxonomy":"product_tag","embeddable":true,"href":"https:\/\/e-m-p-i-r-e.eu\/fr\/wp-json\/wp\/v2\/product_tag?post=17604"},{"taxonomy":"contributor","embeddable":true,"href":"https:\/\/e-m-p-i-r-e.eu\/fr\/wp-json\/wp\/v2\/contributor?post=17604"},{"taxonomy":"season","embeddable":true,"href":"https:\/\/e-m-p-i-r-e.eu\/fr\/wp-json\/wp\/v2\/season?post=17604"},{"taxonomy":"subject","embeddable":true,"href":"https:\/\/e-m-p-i-r-e.eu\/fr\/wp-json\/wp\/v2\/subject?post=17604"},{"taxonomy":"collection","embeddable":true,"href":"https:\/\/e-m-p-i-r-e.eu\/fr\/wp-json\/wp\/v2\/collection?post=17604"},{"taxonomy":"artist","embeddable":true,"href":"https:\/\/e-m-p-i-r-e.eu\/fr\/wp-json\/wp\/v2\/artist?post=17604"},{"taxonomy":"limited_edition","embeddable":true,"href":"https:\/\/e-m-p-i-r-e.eu\/fr\/wp-json\/wp\/v2\/limited_edition?post=17604"}],"curies":[{"name":"wp","href":"https:\/\/api.w.org\/{rel}","templated":true}]}}