{"id":17601,"date":"2023-12-06T11:07:08","date_gmt":"2023-12-06T10:07:08","guid":{"rendered":"https:\/\/e-m-p-i-r-e.eu\/?post_type=product&#038;p=17601"},"modified":"2026-02-10T17:51:27","modified_gmt":"2026-02-10T16:51:27","slug":"une-histoire-dimages-donation-antoine-de-galbert-au-musee-de-grenoble","status":"publish","type":"product","link":"https:\/\/e-m-p-i-r-e.eu\/fr\/produit\/une-histoire-dimages-donation-antoine-de-galbert-au-musee-de-grenoble\/","title":{"rendered":"Une Histoire d\u2019images, donation Antoine de Galbert au mus\u00e9e de Grenoble"},"content":{"rendered":"<p>Through the works of 95 photographers, including Jane Evelyn Atwood, Sammy Baloji, Henri Cartier-Bresson, Luc Delahaye, Dorothea Lange, Martin Parr, and Wiktoria Wojciechowska, this book directly confronts significant recent historical events and highlights the pivotal role played by photography in the shaping of our perceptions.<br \/>\nEach piece is analysed with a description that contextualises the photographers\u2019 work and the stories behind the scenes they present. From civil rights struggles to geopolitical upheavals, from technological advances to major cultural movements, up until the\u00a0everyday lives\u2014sometimes marked by violence, other times by poetry\u2014of anonymous individuals, each photograph poignantly, and sometimes tragically, unveils the destiny\u00a0of humanity as it grapples with the inexorable, often elusive and crushing march\u00a0of History.<br \/>\nThis catalogue is published on the occasion of the exhibition featuring\u00a0Antoine de Galbert\u2019s donation to the Mus\u00e9e de Grenoble.<\/p>\n<p>&nbsp;<\/p>\n<p>&nbsp;<\/p>\n<p>With: Aalam, Bani Abidi, Antoine d\u2019Agata, Lucien Aigner, Pilar Albarrac\u00edn, Yolanda Andrade, Sammy Baloji, Ion B\u00eerl\u0103deanu, Eric Baudelaire, Philippe Bazin, Guillaume Binet, Alain Bizos, Antoni Campana, Mario Carnicelli, Henri Cartier-Bresson, Jean-Philippe Charbonnier, Chieh-Jen Chen, Roman Cieslewicz, Christian Courr\u00e8ges, David Damoison, Philippe De Gobert, Luc Delahaye, Bernard Descamps, Jean-Marie Donat, Alfred Eisenstaedt, Sandra Eleta, Fouad Elkoury, Charles Fr\u00e9ger, Alberto Garc\u00eda-Alix, Laurence Geai, Agnes Geoffray, Julien Gester, Stephan Gladieu, David Goldblatt, Hengameh Golestan, Cosmin Gradinaru, Guillaume Herbaut, Chester Higgins, Kati Horna, John Isaacs, Olivier Jobard, Alain Keler, Yevgeny Khalde\u00ef, Chris Killip, Sirkka-Liisa Konttinen, Oleg Kulik, Olivier Laban-Mattei, St\u00e9phane Lagoutte, Dorothea Lange, Le Tiers Visible, Arthur Leipzig, Alexandre Lewkowicz, Pascal Ma\u00eetre, Yuri Mechitov, Davood Maeili, Edouard M\u00e9hom\u00e9, Georges Melet, L\u00edvia Melzi, Boris Mikha\u00eflov, Lisette Model, Etienne Montes, Yan Morvan, Genevieve Naylor, Vladimir Nikitin, Martin Parr, Paolo Pellegrin, Mathieu Pernot, Gilles Raynaldy, Marc Riboud, Sophie Ristelhueber, Hugo Schm\u00f6lz &amp; Karl Hugo Schm\u00f6lz, Chantal Stoman, Paul Strand, Mikhael Subotzky, Barth\u00e9l\u00e9my Toguo, Tomasz Tomaszewski, James-Iroha Uchechukwu, Alex Van Gelder, Erwan Venn, Weegee, Where dogs run, Sue Williamson, Wiktoria Wojciechowska, Pavel Wolberg, Tom Wood, Patrick Zachmann, Miron Zownir.<\/p>\n","protected":false},"excerpt":{"rendered":"<p>isbn 979-10-95991-33-5<br \/>\nFrench\/(interview and forward translated in English)<br \/>\nTexts: Antoine de Galbert, Guy Tosatto, Cl\u00e9ment Ch\u00e9roux, No\u00eblig Le Roux, Antoine Champenois, Jos\u00e9phine Givodan<br \/>\nmore than 500 color images<br \/>\n108 caption (French)<br \/>\n308 pages<br \/>\n21 \u00d7 28 cm<br \/>\nDesign: Syndicat<br \/>\n35.00 \u20ac<\/p>\n<p>&nbsp;<\/p>\n","protected":false},"featured_media":2797,"comment_status":"open","ping_status":"closed","template":"","meta":[],"product_brand":[],"product_cat":[164],"product_tag":[],"contributor":[319,152,317,316,320,318],"season":[],"subject":[3885],"collection":[],"artist":[4520,4511],"limited_edition":[],"class_list":{"0":"post-17601","1":"product","2":"type-product","3":"status-publish","4":"has-post-thumbnail","6":"product_cat-empire-fr","7":"contributor-antoine-champenois","8":"contributor-antoine-de-galbert","9":"contributor-clement-cheroux","10":"contributor-guy-tosatto","11":"contributor-josephine-givodan","12":"contributor-noelig-le-roux","13":"subject-photography-fr","14":"artist-luc-delahaye","15":"artist-roman-cieslewicz","17":"first","18":"instock","19":"featured","20":"shipping-taxable","21":"purchasable","22":"product-type-simple"},"_links":{"self":[{"href":"https:\/\/e-m-p-i-r-e.eu\/fr\/wp-json\/wp\/v2\/product\/17601","targetHints":{"allow":["GET"]}}],"collection":[{"href":"https:\/\/e-m-p-i-r-e.eu\/fr\/wp-json\/wp\/v2\/product"}],"about":[{"href":"https:\/\/e-m-p-i-r-e.eu\/fr\/wp-json\/wp\/v2\/types\/product"}],"replies":[{"embeddable":true,"href":"https:\/\/e-m-p-i-r-e.eu\/fr\/wp-json\/wp\/v2\/comments?post=17601"}],"wp:featuredmedia":[{"embeddable":true,"href":"https:\/\/e-m-p-i-r-e.eu\/fr\/wp-json\/wp\/v2\/media\/2797"}],"wp:attachment":[{"href":"https:\/\/e-m-p-i-r-e.eu\/fr\/wp-json\/wp\/v2\/media?parent=17601"}],"wp:term":[{"taxonomy":"product_brand","embeddable":true,"href":"https:\/\/e-m-p-i-r-e.eu\/fr\/wp-json\/wp\/v2\/product_brand?post=17601"},{"taxonomy":"product_cat","embeddable":true,"href":"https:\/\/e-m-p-i-r-e.eu\/fr\/wp-json\/wp\/v2\/product_cat?post=17601"},{"taxonomy":"product_tag","embeddable":true,"href":"https:\/\/e-m-p-i-r-e.eu\/fr\/wp-json\/wp\/v2\/product_tag?post=17601"},{"taxonomy":"contributor","embeddable":true,"href":"https:\/\/e-m-p-i-r-e.eu\/fr\/wp-json\/wp\/v2\/contributor?post=17601"},{"taxonomy":"season","embeddable":true,"href":"https:\/\/e-m-p-i-r-e.eu\/fr\/wp-json\/wp\/v2\/season?post=17601"},{"taxonomy":"subject","embeddable":true,"href":"https:\/\/e-m-p-i-r-e.eu\/fr\/wp-json\/wp\/v2\/subject?post=17601"},{"taxonomy":"collection","embeddable":true,"href":"https:\/\/e-m-p-i-r-e.eu\/fr\/wp-json\/wp\/v2\/collection?post=17601"},{"taxonomy":"artist","embeddable":true,"href":"https:\/\/e-m-p-i-r-e.eu\/fr\/wp-json\/wp\/v2\/artist?post=17601"},{"taxonomy":"limited_edition","embeddable":true,"href":"https:\/\/e-m-p-i-r-e.eu\/fr\/wp-json\/wp\/v2\/limited_edition?post=17601"}],"curies":[{"name":"wp","href":"https:\/\/api.w.org\/{rel}","templated":true}]}}