{"id":17599,"date":"2026-02-10T17:36:13","date_gmt":"2026-02-10T16:36:13","guid":{"rendered":"https:\/\/e-m-p-i-r-e.eu\/?post_type=product&#038;p=17599"},"modified":"2026-02-10T20:20:33","modified_gmt":"2026-02-10T19:20:33","slug":"30-mn-aurelien-mole","status":"publish","type":"product","link":"https:\/\/e-m-p-i-r-e.eu\/fr\/produit\/30-mn-aurelien-mole\/","title":{"rendered":"30 mn, Aur\u00e9lien Mole"},"content":{"rendered":"<p>Avec deux appareils argentiques jetables achet\u00e9s sur place, Aur\u00e9lien\u00a0Mole a pris trente minutes pour r\u00e9aliser la documentation photographique\u00a0d\u2019un laboratoire photographique de quartier, vestige d\u2019une \u00e9poque en\u00a0voie de disparition : celle de l\u2019industrialisation et de la vulgarisation\u00a0de la photographie argentique. Il n\u2019aura pas fallu plus de temps\u00a0pour que les deux films n\u00e9gatifs couleur de ce reportage photographique\u00a0y soient d\u00e9velopp\u00e9s et tir\u00e9s et que ce petit texte de pr\u00e9sentation\u00a0soit r\u00e9dig\u00e9. Un peu plus, par contre, pour que leur mise en page\u00a0fantomatique soit dessin\u00e9e par Syndicat.<\/p>\n","protected":false},"excerpt":{"rendered":"<p>Empire books &amp; Tombolo Presses<br \/>\nisbn 979-10-95991-22-9<br \/>\n116 pages<br \/>\n17 x 10,2 cm, couverture rembord\u00e9e<br \/>\nCMJN + vernis s\u00e9rigraphique<br \/>\nGraphisme : Syndicat<br \/>\n35 \u20ac<\/p>\n<p>Novembre 2023<\/p>\n","protected":false},"featured_media":2562,"comment_status":"open","ping_status":"closed","template":"","meta":[],"product_brand":[],"product_cat":[164],"product_tag":[],"contributor":[79],"season":[],"subject":[3114,3885],"collection":[4508],"artist":[4493],"limited_edition":[],"class_list":{"0":"post-17599","1":"product","2":"type-product","3":"status-publish","4":"has-post-thumbnail","6":"product_cat-empire-fr","7":"contributor-aurelien-mole","8":"subject-archive-fr","9":"subject-photography-fr","10":"collection-livre-d-artiste","11":"artist-aurelien-mole","13":"first","14":"instock","15":"featured","16":"shipping-taxable","17":"purchasable","18":"product-type-simple"},"_links":{"self":[{"href":"https:\/\/e-m-p-i-r-e.eu\/fr\/wp-json\/wp\/v2\/product\/17599","targetHints":{"allow":["GET"]}}],"collection":[{"href":"https:\/\/e-m-p-i-r-e.eu\/fr\/wp-json\/wp\/v2\/product"}],"about":[{"href":"https:\/\/e-m-p-i-r-e.eu\/fr\/wp-json\/wp\/v2\/types\/product"}],"replies":[{"embeddable":true,"href":"https:\/\/e-m-p-i-r-e.eu\/fr\/wp-json\/wp\/v2\/comments?post=17599"}],"wp:featuredmedia":[{"embeddable":true,"href":"https:\/\/e-m-p-i-r-e.eu\/fr\/wp-json\/wp\/v2\/media\/2562"}],"wp:attachment":[{"href":"https:\/\/e-m-p-i-r-e.eu\/fr\/wp-json\/wp\/v2\/media?parent=17599"}],"wp:term":[{"taxonomy":"product_brand","embeddable":true,"href":"https:\/\/e-m-p-i-r-e.eu\/fr\/wp-json\/wp\/v2\/product_brand?post=17599"},{"taxonomy":"product_cat","embeddable":true,"href":"https:\/\/e-m-p-i-r-e.eu\/fr\/wp-json\/wp\/v2\/product_cat?post=17599"},{"taxonomy":"product_tag","embeddable":true,"href":"https:\/\/e-m-p-i-r-e.eu\/fr\/wp-json\/wp\/v2\/product_tag?post=17599"},{"taxonomy":"contributor","embeddable":true,"href":"https:\/\/e-m-p-i-r-e.eu\/fr\/wp-json\/wp\/v2\/contributor?post=17599"},{"taxonomy":"season","embeddable":true,"href":"https:\/\/e-m-p-i-r-e.eu\/fr\/wp-json\/wp\/v2\/season?post=17599"},{"taxonomy":"subject","embeddable":true,"href":"https:\/\/e-m-p-i-r-e.eu\/fr\/wp-json\/wp\/v2\/subject?post=17599"},{"taxonomy":"collection","embeddable":true,"href":"https:\/\/e-m-p-i-r-e.eu\/fr\/wp-json\/wp\/v2\/collection?post=17599"},{"taxonomy":"artist","embeddable":true,"href":"https:\/\/e-m-p-i-r-e.eu\/fr\/wp-json\/wp\/v2\/artist?post=17599"},{"taxonomy":"limited_edition","embeddable":true,"href":"https:\/\/e-m-p-i-r-e.eu\/fr\/wp-json\/wp\/v2\/limited_edition?post=17599"}],"curies":[{"name":"wp","href":"https:\/\/api.w.org\/{rel}","templated":true}]}}