{"id":17598,"date":"2026-02-10T17:28:12","date_gmt":"2026-02-10T16:28:12","guid":{"rendered":"https:\/\/e-m-p-i-r-e.eu\/?post_type=product&#038;p=17598"},"modified":"2026-02-13T09:30:10","modified_gmt":"2026-02-13T08:30:10","slug":"elika-hedayat-2","status":"publish","type":"product","link":"https:\/\/e-m-p-i-r-e.eu\/fr\/produit\/elika-hedayat-2\/","title":{"rendered":"Elika Hedayat"},"content":{"rendered":"<p>Elika est iranienne parisienne. C\u2019est un peu ironique mais ce m\u00e9lange de culture est tr\u00e8s important et nourrit son travail artistique.<span class=\"Apple-converted-space\">\u00a0<\/span><\/p>\n<p>Elle fait des films, des vid\u00e9os, des dessins toujours tr\u00e8s beaux, dr\u00f4les, cinglants et cruels inspir\u00e9s de son enfance, de sa vie, des violences de son pays natal.<\/p>\n<p>Annette Messager, 2023<span class=\"Apple-converted-space\">\u00a0<\/span><\/p>\n<p>&nbsp;<\/p>\n<p>Texte de Fran\u00e7oise Docquiert<\/p>\n<p>Entretien avec Elika Hedayat par Joana P. R. Neves<\/p>\n","protected":false},"excerpt":{"rendered":"<p>isbn 979-10-95991-25-0<br \/>\nBilingue Fran\u00e7ais\/Anglais<br \/>\n134 pages + 2 d\u00e9pliants (24 \u00d7 33 cm et 65 \u00d7 92cm)<br \/>\n20,5 \u00d7 28,8 cm<br \/>\nCMJN<br \/>\nCouverture toil\u00e9 rigide<br \/>\nGraphisme : Syndicat<br \/>\nAvec le soutiens de la Galerie Aline Vidal, de la fondation Antoine de Galbert, du Centre d\u2019art contemporain de Malakoff\u2009, and Frac Picardie Haut-de-France.<br \/>\n30 euros<br \/>\n2023<\/p>\n","protected":false},"featured_media":2411,"comment_status":"open","ping_status":"closed","template":"","meta":[],"product_brand":[],"product_cat":[164],"product_tag":[],"contributor":[303,304,305],"season":[],"subject":[3909],"collection":[4507],"artist":[3848],"limited_edition":[],"class_list":{"0":"post-17598","1":"product","2":"type-product","3":"status-publish","4":"has-post-thumbnail","6":"product_cat-empire-fr","7":"contributor-elika-hedayat","8":"contributor-francoise-docquiert","9":"contributor-joana-p-r-neves","10":"subject-contemporary-art-fr","11":"collection-monographie","12":"artist-elika-hedayat","14":"first","15":"instock","16":"featured","17":"shipping-taxable","18":"purchasable","19":"product-type-simple"},"_links":{"self":[{"href":"https:\/\/e-m-p-i-r-e.eu\/fr\/wp-json\/wp\/v2\/product\/17598","targetHints":{"allow":["GET"]}}],"collection":[{"href":"https:\/\/e-m-p-i-r-e.eu\/fr\/wp-json\/wp\/v2\/product"}],"about":[{"href":"https:\/\/e-m-p-i-r-e.eu\/fr\/wp-json\/wp\/v2\/types\/product"}],"replies":[{"embeddable":true,"href":"https:\/\/e-m-p-i-r-e.eu\/fr\/wp-json\/wp\/v2\/comments?post=17598"}],"wp:featuredmedia":[{"embeddable":true,"href":"https:\/\/e-m-p-i-r-e.eu\/fr\/wp-json\/wp\/v2\/media\/2411"}],"wp:attachment":[{"href":"https:\/\/e-m-p-i-r-e.eu\/fr\/wp-json\/wp\/v2\/media?parent=17598"}],"wp:term":[{"taxonomy":"product_brand","embeddable":true,"href":"https:\/\/e-m-p-i-r-e.eu\/fr\/wp-json\/wp\/v2\/product_brand?post=17598"},{"taxonomy":"product_cat","embeddable":true,"href":"https:\/\/e-m-p-i-r-e.eu\/fr\/wp-json\/wp\/v2\/product_cat?post=17598"},{"taxonomy":"product_tag","embeddable":true,"href":"https:\/\/e-m-p-i-r-e.eu\/fr\/wp-json\/wp\/v2\/product_tag?post=17598"},{"taxonomy":"contributor","embeddable":true,"href":"https:\/\/e-m-p-i-r-e.eu\/fr\/wp-json\/wp\/v2\/contributor?post=17598"},{"taxonomy":"season","embeddable":true,"href":"https:\/\/e-m-p-i-r-e.eu\/fr\/wp-json\/wp\/v2\/season?post=17598"},{"taxonomy":"subject","embeddable":true,"href":"https:\/\/e-m-p-i-r-e.eu\/fr\/wp-json\/wp\/v2\/subject?post=17598"},{"taxonomy":"collection","embeddable":true,"href":"https:\/\/e-m-p-i-r-e.eu\/fr\/wp-json\/wp\/v2\/collection?post=17598"},{"taxonomy":"artist","embeddable":true,"href":"https:\/\/e-m-p-i-r-e.eu\/fr\/wp-json\/wp\/v2\/artist?post=17598"},{"taxonomy":"limited_edition","embeddable":true,"href":"https:\/\/e-m-p-i-r-e.eu\/fr\/wp-json\/wp\/v2\/limited_edition?post=17598"}],"curies":[{"name":"wp","href":"https:\/\/api.w.org\/{rel}","templated":true}]}}