{"id":17596,"date":"2026-02-10T17:23:46","date_gmt":"2026-02-10T16:23:46","guid":{"rendered":"https:\/\/e-m-p-i-r-e.eu\/?post_type=product&#038;p=17596"},"modified":"2026-02-13T09:34:51","modified_gmt":"2026-02-13T08:34:51","slug":"je-gage-iels-gagent-nous-gageons-jennifer-caubet","status":"publish","type":"product","link":"https:\/\/e-m-p-i-r-e.eu\/fr\/produit\/je-gage-iels-gagent-nous-gageons-jennifer-caubet\/","title":{"rendered":"je gage, iels gagent, nous gageons, Jennifer Caubet"},"content":{"rendered":"<p>De l\u2019objet imprim\u00e9 aux structures monumentales, de l\u2019espace public au <em>white cube<\/em>, le travail de Jennifer Caubet agit sur les contextes dans lesquels il se monte, se d\u00e9monte, se tend et s\u2019\u00e9tend, se construit et entreprend de d\u00e9construire.<\/p>\n<p>Ce livre retrace quinze ann\u00e9es de production de l\u2019artiste \u00e0 travers les diff\u00e9rentes \u00e9tapes qui rythment\u2009\u2009sa\u2009\u2009pratique\u2009:\u2009\u2009du\u2009\u2009dessin\u2009\u2009d\u2019\u00e9tude\u2009\u2009\u00e0\u2009\u2009l\u2019exposition,\u2009\u2009en\u2009\u2009passant\u2009\u2009par\u2009\u2009le\u2009\u2009travail\u2009\u2009quotidien\u2009\u2009en\u2009\u2009atelier\u00a0et les diff\u00e9rents savoir-faire partag\u00e9s.<\/p>\n<p>Un\u2009\u2009entretien\u2009\u2009r\u00e9alis\u00e9\u2009\u2009avec\u2009\u2009Sarah\u2009\u2009Ihler-Meyer\u2009\u2009pose\u2009\u2009le\u2009\u2009cadre\u2009\u2009de\u2009\u2009sa\u2009\u2009pratique,\u2009\u2009sur\u2009\u2009laquelle\u2009\u2009Annabela\u00a0Tournon Zubieta et Isabelle Reiher portent un regard attentif \u00e0 travers deux essais. Pedro Morais souligne quant \u00e0 lui l\u2019ancrage politique des pi\u00e8ces pr\u00e9sent\u00e9es lors de l\u2019exposition <em>Deux ou trois choses que je sais d\u2019elle<\/em> en 2023 chez Jousse Entreprise.<\/p>\n<p>&nbsp;<\/p>\n<p><img loading=\"lazy\" decoding=\"async\" class=\"alignleft\" src=\"https:\/\/e-m-p-i-r-e.eu\/wp-content\/uploads\/2023\/06\/Jennifer-Caubet-Marque-Page-2023-Programme-1750.jpg\" alt=\"\" width=\"1750\" height=\"1750\" \/><\/p>\n<p>&nbsp;<\/p>\n<p>\u2014 \u00c9dition limit\u00e9e<br \/>\ncr\u00e9\u00e9e par l\u2019artiste Jennifer Caubet<br \/>\nProduit par les \u00e9ditions Empire<\/p>\n<p><em>Marque-page<\/em>, 2023<br \/>\nacier inoxydable d\u00e9coup\u00e9 au laser, fil de polyester et plomb, 5 x 19 x 0,1 cm<br \/>\n\u00e9dition de 20<\/p>\n<p>&nbsp;<\/p>\n<div class=\"product-inline pl-xl text-xs\">\n\t<a class=\"x xab xje button\" href=\"?add-to-cart=2534\">\n\t\t\n\t<span class=\"price\"><span class=\"woocommerce-Price-amount amount\"><bdi>150,00<span class=\"woocommerce-Price-currencySymbol\">&euro;<\/span><\/bdi><\/span><\/span>\n <span class=\"px-xs\">\u2014<\/span>\n\t\t<h2 class=\"text-lg text-secondary strong \">(including the monograph)<\/h2>\n\t<\/a>\n<\/div>\n","protected":false},"excerpt":{"rendered":"<p>isbn 979-10-95991-31-1<br \/>\nFran\u00e7ais\/Anglais<br \/>\n242 pages<br \/>\n20,5 \u00d7\u00a030,5 cm<br \/>\nCMJN<br \/>\nGraphisme : Syndicat<br \/>\n35 \u20ac<br \/>\n2023<\/p>\n","protected":false},"featured_media":2356,"comment_status":"open","ping_status":"closed","template":"","meta":[],"product_brand":[],"product_cat":[164],"product_tag":[],"contributor":[301,135,134,4506,302],"season":[],"subject":[3185,3909],"collection":[4507],"artist":[4492],"limited_edition":[],"class_list":{"0":"post-17596","1":"product","2":"type-product","3":"status-publish","4":"has-post-thumbnail","6":"product_cat-empire-fr","7":"contributor-annabela-tournon-zubieta","8":"contributor-isabelle-reiher","9":"contributor-jennifer-caubet","10":"contributor-pedro-morais","11":"contributor-sarah-ihler-meyer","12":"subject-art-fr","13":"subject-contemporary-art-fr","14":"collection-monographie","15":"artist-jennifer-caubet","17":"first","18":"instock","19":"featured","20":"shipping-taxable","21":"purchasable","22":"product-type-simple"},"_links":{"self":[{"href":"https:\/\/e-m-p-i-r-e.eu\/fr\/wp-json\/wp\/v2\/product\/17596","targetHints":{"allow":["GET"]}}],"collection":[{"href":"https:\/\/e-m-p-i-r-e.eu\/fr\/wp-json\/wp\/v2\/product"}],"about":[{"href":"https:\/\/e-m-p-i-r-e.eu\/fr\/wp-json\/wp\/v2\/types\/product"}],"replies":[{"embeddable":true,"href":"https:\/\/e-m-p-i-r-e.eu\/fr\/wp-json\/wp\/v2\/comments?post=17596"}],"wp:featuredmedia":[{"embeddable":true,"href":"https:\/\/e-m-p-i-r-e.eu\/fr\/wp-json\/wp\/v2\/media\/2356"}],"wp:attachment":[{"href":"https:\/\/e-m-p-i-r-e.eu\/fr\/wp-json\/wp\/v2\/media?parent=17596"}],"wp:term":[{"taxonomy":"product_brand","embeddable":true,"href":"https:\/\/e-m-p-i-r-e.eu\/fr\/wp-json\/wp\/v2\/product_brand?post=17596"},{"taxonomy":"product_cat","embeddable":true,"href":"https:\/\/e-m-p-i-r-e.eu\/fr\/wp-json\/wp\/v2\/product_cat?post=17596"},{"taxonomy":"product_tag","embeddable":true,"href":"https:\/\/e-m-p-i-r-e.eu\/fr\/wp-json\/wp\/v2\/product_tag?post=17596"},{"taxonomy":"contributor","embeddable":true,"href":"https:\/\/e-m-p-i-r-e.eu\/fr\/wp-json\/wp\/v2\/contributor?post=17596"},{"taxonomy":"season","embeddable":true,"href":"https:\/\/e-m-p-i-r-e.eu\/fr\/wp-json\/wp\/v2\/season?post=17596"},{"taxonomy":"subject","embeddable":true,"href":"https:\/\/e-m-p-i-r-e.eu\/fr\/wp-json\/wp\/v2\/subject?post=17596"},{"taxonomy":"collection","embeddable":true,"href":"https:\/\/e-m-p-i-r-e.eu\/fr\/wp-json\/wp\/v2\/collection?post=17596"},{"taxonomy":"artist","embeddable":true,"href":"https:\/\/e-m-p-i-r-e.eu\/fr\/wp-json\/wp\/v2\/artist?post=17596"},{"taxonomy":"limited_edition","embeddable":true,"href":"https:\/\/e-m-p-i-r-e.eu\/fr\/wp-json\/wp\/v2\/limited_edition?post=17596"}],"curies":[{"name":"wp","href":"https:\/\/api.w.org\/{rel}","templated":true}]}}