{"id":17595,"date":"2026-02-10T17:12:23","date_gmt":"2026-02-10T16:12:23","guid":{"rendered":"https:\/\/e-m-p-i-r-e.eu\/?post_type=product&#038;p=17595"},"modified":"2026-02-10T20:20:45","modified_gmt":"2026-02-10T19:20:45","slug":"sentimental-a-house-of-ink-ali-kazma-2","status":"publish","type":"product","link":"https:\/\/e-m-p-i-r-e.eu\/fr\/produit\/sentimental-a-house-of-ink-ali-kazma-2\/","title":{"rendered":"Sentimental \/ A House of Ink, Ali Kazma"},"content":{"rendered":"<p>L\u2019ouvrage pr\u00e9sente les deux derni\u00e8res \u0153uvres de Kazma, consacr\u00e9es \u00e0 son compatriote, le prix Nobel Orhan Pamuk. Le livre prolonge la structure de ces vid\u00e9os. <em>A House of Ink <\/em>(2022) offre une succession de d\u00e9tails de l\u2019appartement de l\u2019\u00e9crivain, ses manuscrits, sa biblioth\u00e8que\u2026 comme si cet int\u00e9rieur r\u00e9v\u00e9lait, serait-ce de mani\u00e8re allusive, son monde int\u00e9rieur. Comme s\u2019il \u00e9tait, non pas seulement le lieu, mais aussi le moyen de la cr\u00e9ation. <em>Sentimental <\/em>(2022) se structure autour bref \u00e9change survenu entre l\u2019\u00e9crivain et le vid\u00e9aste apr\u00e8s des journ\u00e9es enti\u00e8res de prises de vues silencieuses. On y voit Pamuk d\u00e9dicacer des livres \u00e0 la cha\u00eene tout en s\u2019interrogeant sur ces deux sortes d\u2019artistes que sont le \u00ab na\u00eff \u00bb qui parcourt le monde pour trouver l\u2019inspiration et le \u00ab\u00a0sentimental \u00bb qui, comme lui, a besoin pour cr\u00e9er de la qui\u00e9tude et de l\u2019immuabilit\u00e9 de ce qu\u2019on pourrait appeler \u00ab\u00a0une chambre \u00e0 soi\u00a0\u00bb.<\/p>\n<p>Le catalogue d\u2019exposition con\u00e7u par les \u00e9ditions Empire a \u00e9t\u00e9 pens\u00e9 selon les caract\u00e9ristiques du roman dont il reprend plusieurs \u00e9l\u00e9ments distinctifs tout en offrant un regard sur la structure m\u00eame du livre, en \u00e9cho \u00e0 l\u2019int\u00e9r\u00eat d\u2019Ali Kazma pour les processus de production et de cr\u00e9ation. Outre de nombreuses illustrations tir\u00e9es de ses derni\u00e8res \u0153uvres et de travaux plus anciens, l\u2019ouvrage comprend un texte introductif de la jeune critique et curatrice turque Nil\u00fcfer \u015ea\u015fmazer, ainsi qu\u2019un entretien r\u00e9alis\u00e9 par Guillaume de Sardes avec l\u2019artiste.<\/p>\n","protected":false},"excerpt":{"rendered":"<p>Nouveau Mus\u00e9e National de Monaco et Empire books<br \/>\nisbn 979-10-95991-24-3<br \/>\nAnglais\/Fran\u00e7ais<br \/>\n128 pages<br \/>\n13,5 \u00d7 22,5 cm<br \/>\nCMJN + 1 PMS<br \/>\nConception graphique : Syndicat<br \/>\n24 \u20ac<br \/>\n2023<\/p>\n","protected":false},"featured_media":2256,"comment_status":"open","ping_status":"closed","template":"","meta":[],"product_brand":[],"product_cat":[164],"product_tag":[],"contributor":[294,295,293],"season":[],"subject":[3899,3909,3883],"collection":[],"artist":[4504,4505],"limited_edition":[],"class_list":{"0":"post-17595","1":"product","2":"type-product","3":"status-publish","4":"has-post-thumbnail","6":"product_cat-empire-fr","7":"contributor-ali-kazma","8":"contributor-guillaume-de-sardes","9":"contributor-nilufer-sasmazer","10":"subject-book-fr","11":"subject-contemporary-art-fr","12":"subject-writing-fr","13":"artist-ali-kazma","14":"artist-orhan-pamuk","16":"first","17":"instock","18":"featured","19":"shipping-taxable","20":"purchasable","21":"product-type-simple"},"_links":{"self":[{"href":"https:\/\/e-m-p-i-r-e.eu\/fr\/wp-json\/wp\/v2\/product\/17595","targetHints":{"allow":["GET"]}}],"collection":[{"href":"https:\/\/e-m-p-i-r-e.eu\/fr\/wp-json\/wp\/v2\/product"}],"about":[{"href":"https:\/\/e-m-p-i-r-e.eu\/fr\/wp-json\/wp\/v2\/types\/product"}],"replies":[{"embeddable":true,"href":"https:\/\/e-m-p-i-r-e.eu\/fr\/wp-json\/wp\/v2\/comments?post=17595"}],"wp:featuredmedia":[{"embeddable":true,"href":"https:\/\/e-m-p-i-r-e.eu\/fr\/wp-json\/wp\/v2\/media\/2256"}],"wp:attachment":[{"href":"https:\/\/e-m-p-i-r-e.eu\/fr\/wp-json\/wp\/v2\/media?parent=17595"}],"wp:term":[{"taxonomy":"product_brand","embeddable":true,"href":"https:\/\/e-m-p-i-r-e.eu\/fr\/wp-json\/wp\/v2\/product_brand?post=17595"},{"taxonomy":"product_cat","embeddable":true,"href":"https:\/\/e-m-p-i-r-e.eu\/fr\/wp-json\/wp\/v2\/product_cat?post=17595"},{"taxonomy":"product_tag","embeddable":true,"href":"https:\/\/e-m-p-i-r-e.eu\/fr\/wp-json\/wp\/v2\/product_tag?post=17595"},{"taxonomy":"contributor","embeddable":true,"href":"https:\/\/e-m-p-i-r-e.eu\/fr\/wp-json\/wp\/v2\/contributor?post=17595"},{"taxonomy":"season","embeddable":true,"href":"https:\/\/e-m-p-i-r-e.eu\/fr\/wp-json\/wp\/v2\/season?post=17595"},{"taxonomy":"subject","embeddable":true,"href":"https:\/\/e-m-p-i-r-e.eu\/fr\/wp-json\/wp\/v2\/subject?post=17595"},{"taxonomy":"collection","embeddable":true,"href":"https:\/\/e-m-p-i-r-e.eu\/fr\/wp-json\/wp\/v2\/collection?post=17595"},{"taxonomy":"artist","embeddable":true,"href":"https:\/\/e-m-p-i-r-e.eu\/fr\/wp-json\/wp\/v2\/artist?post=17595"},{"taxonomy":"limited_edition","embeddable":true,"href":"https:\/\/e-m-p-i-r-e.eu\/fr\/wp-json\/wp\/v2\/limited_edition?post=17595"}],"curies":[{"name":"wp","href":"https:\/\/api.w.org\/{rel}","templated":true}]}}