{"id":17593,"date":"2026-02-10T17:04:41","date_gmt":"2026-02-10T16:04:41","guid":{"rendered":"https:\/\/e-m-p-i-r-e.eu\/?post_type=product&#038;p=17593"},"modified":"2026-02-13T09:42:52","modified_gmt":"2026-02-13T08:42:52","slug":"intuitions-naco-marcelo-joulia-2","status":"publish","type":"product","link":"https:\/\/e-m-p-i-r-e.eu\/fr\/produit\/intuitions-naco-marcelo-joulia-2\/","title":{"rendered":"Intuitions, Na\u00e7o, Marcelo Joulia"},"content":{"rendered":"<p>Cr\u00e9er, voyager, dessiner, construire : c\u2019est l\u2019ADN du bouillonnant architecte et designer Marcelo Joulia. Chass\u00e9 de son pays, l\u2019Argentine, par le coup d\u2019\u00e9tat militaire en 1976 il a puis\u00e9 dans ce traumatisme personnel la force des grands b\u00e2tisseurs. Depuis trente ans, il a fait de son agence Naco \u2013 \u00ab intuition \u00bb en guarani \u2013, le laboratoire d\u2019une architecture globale et inventive qui d\u00e9cloisonne les genres et les m\u00e9tiers, m\u00ealant les savoirs, les arts et les parcours. N\u2019appartenant \u00e0 aucune \u00e9cole, farouchement attach\u00e9 \u00e0 son ind\u00e9pendance et \u00e0 sa libert\u00e9, il a imagin\u00e9 un espace de cr\u00e9ation unique dont le savoir-faire et la rigueur s\u2019\u00e9panouissent aussi bien dans l\u2019univers du luxe que dans celui de la mobilit\u00e9 urbaine ou des grands projets architecturaux. Aventurier insatiable, il s\u2019int\u00e9resse \u00e0 tout, immeubles de grande envergure, design, mobilier, v\u00e9los, bateaux, et ne s\u2019interdit rien. Sa passion : travailler en \u00e9quipe, faire se rencontrer des talents pour imaginer des mondes. Epicurien, gourmand, g\u00e9n\u00e9reux, passionn\u00e9 d\u2019art et de gastronomie, Marcelo Joulia invente des lieux \u00e0 son image, uniques et accueillants, toujours dynamiques.<\/p>\n<p>Ce livre retrace la vision d\u2019un homme et d\u2019une agence qui a su s\u2019entourer des meilleurs pour continuer \u00e0 faire vivre dans le futur une architecture exigeante et iconoclaste.<\/p>\n<p>&nbsp;<\/p>\n<p>Entretien avec J\u00e9r\u00f4me Sans<\/p>\n","protected":false},"excerpt":{"rendered":"<p>Empire books et Ruptures &amp; Imbernon<br \/>\nisbn 978-29-19230-33-4<br \/>\n\u00c9dition fran\u00e7aise (couverture Rouge, Bleu et Verte)<br \/>\n\u00c9dition anglaise (couverture Jaune)<br \/>\n560 pages<br \/>\n32 \u00d7 22 cm<br \/>\nCMJN + 1 PMS<br \/>\nCouverture rigide<br \/>\nConception graphique et \u00e9ditoriale: Syndicat<br \/>\n80 \u20ac<br \/>\n2022<\/p>\n","protected":false},"featured_media":2102,"comment_status":"open","ping_status":"closed","template":"","meta":[],"product_brand":[],"product_cat":[164],"product_tag":[],"contributor":[292,291],"season":[],"subject":[3168,3170],"collection":[4507],"artist":[4502],"limited_edition":[],"class_list":{"0":"post-17593","1":"product","2":"type-product","3":"status-publish","4":"has-post-thumbnail","6":"product_cat-empire-fr","7":"contributor-jerome-sans","8":"contributor-marcelo-joulia","9":"subject-architecture-fr","10":"subject-design-fr","11":"collection-monographie","12":"artist-marcelo-joulia","14":"first","15":"instock","16":"featured","17":"shipping-taxable","18":"purchasable","19":"product-type-simple"},"_links":{"self":[{"href":"https:\/\/e-m-p-i-r-e.eu\/fr\/wp-json\/wp\/v2\/product\/17593","targetHints":{"allow":["GET"]}}],"collection":[{"href":"https:\/\/e-m-p-i-r-e.eu\/fr\/wp-json\/wp\/v2\/product"}],"about":[{"href":"https:\/\/e-m-p-i-r-e.eu\/fr\/wp-json\/wp\/v2\/types\/product"}],"replies":[{"embeddable":true,"href":"https:\/\/e-m-p-i-r-e.eu\/fr\/wp-json\/wp\/v2\/comments?post=17593"}],"wp:featuredmedia":[{"embeddable":true,"href":"https:\/\/e-m-p-i-r-e.eu\/fr\/wp-json\/wp\/v2\/media\/2102"}],"wp:attachment":[{"href":"https:\/\/e-m-p-i-r-e.eu\/fr\/wp-json\/wp\/v2\/media?parent=17593"}],"wp:term":[{"taxonomy":"product_brand","embeddable":true,"href":"https:\/\/e-m-p-i-r-e.eu\/fr\/wp-json\/wp\/v2\/product_brand?post=17593"},{"taxonomy":"product_cat","embeddable":true,"href":"https:\/\/e-m-p-i-r-e.eu\/fr\/wp-json\/wp\/v2\/product_cat?post=17593"},{"taxonomy":"product_tag","embeddable":true,"href":"https:\/\/e-m-p-i-r-e.eu\/fr\/wp-json\/wp\/v2\/product_tag?post=17593"},{"taxonomy":"contributor","embeddable":true,"href":"https:\/\/e-m-p-i-r-e.eu\/fr\/wp-json\/wp\/v2\/contributor?post=17593"},{"taxonomy":"season","embeddable":true,"href":"https:\/\/e-m-p-i-r-e.eu\/fr\/wp-json\/wp\/v2\/season?post=17593"},{"taxonomy":"subject","embeddable":true,"href":"https:\/\/e-m-p-i-r-e.eu\/fr\/wp-json\/wp\/v2\/subject?post=17593"},{"taxonomy":"collection","embeddable":true,"href":"https:\/\/e-m-p-i-r-e.eu\/fr\/wp-json\/wp\/v2\/collection?post=17593"},{"taxonomy":"artist","embeddable":true,"href":"https:\/\/e-m-p-i-r-e.eu\/fr\/wp-json\/wp\/v2\/artist?post=17593"},{"taxonomy":"limited_edition","embeddable":true,"href":"https:\/\/e-m-p-i-r-e.eu\/fr\/wp-json\/wp\/v2\/limited_edition?post=17593"}],"curies":[{"name":"wp","href":"https:\/\/api.w.org\/{rel}","templated":true}]}}