{"id":17590,"date":"2026-02-10T16:58:09","date_gmt":"2026-02-10T15:58:09","guid":{"rendered":"https:\/\/e-m-p-i-r-e.eu\/?post_type=product&#038;p=17590"},"modified":"2026-02-10T20:20:46","modified_gmt":"2026-02-10T19:20:46","slug":"the-sun-comes-in-whenever-it-wants-sky-hopinka-2","status":"publish","type":"product","link":"https:\/\/e-m-p-i-r-e.eu\/fr\/produit\/the-sun-comes-in-whenever-it-wants-sky-hopinka-2\/","title":{"rendered":"The sun comes in whenever it wants, Sky Hopinka"},"content":{"rendered":"<p><em>The sun comes in whenever it wants<\/em><\/p>\n<p>Une exposition du travail de Sky Hopinka \u00e0 LUMA Arles. Cet ouvrage comprend des essais de Flora Katz,Vassilis Oikonomopoulos et Diana Flores Ru\u00edz. Un entretien de Sky Hopinka par Andrea Lissoni et Filipa Ramos.<\/p>\n<p>&nbsp;<\/p>\n<p>Chaque ouvrage est unique\u2009: il est compos\u00e9 de dix-sept cahiers dont quinze sont reli\u00e9s de mani\u00e8re al\u00e9atoire. \u00c9dit\u00e9 \u00e0 700 exemplaires, toutes les couvertures pr\u00e9sentent un extrait diff\u00e9rent de l\u2019\u0153uvre vid\u00e9o de Sky Hopinka <em>Mnemonics of Shape and Reason<\/em> (2021).<\/p>\n","protected":false},"excerpt":{"rendered":"<p>LUMA Arles et Empire books<br \/>\nisbn 979-10-95991-30-4<br \/>\nFran\u00e7ais\/Anglais<br \/>\n146 pages<br \/>\n16 \u00d7 25 cm<br \/>\nCMJN + 3 PMS<br \/>\nConception graphique : Syndicat<br \/>\n28 \u20ac<br \/>\n2022<\/p>\n","protected":false},"featured_media":2044,"comment_status":"open","ping_status":"closed","template":"","meta":[],"product_brand":[],"product_cat":[164],"product_tag":[],"contributor":[289,288,290,286,287],"season":[],"subject":[3185,3909,3885],"collection":[],"artist":[4501],"limited_edition":[],"class_list":{"0":"post-17590","1":"product","2":"type-product","3":"status-publish","4":"has-post-thumbnail","6":"product_cat-empire-fr","7":"contributor-andrea-lissoni","8":"contributor-diana-flores-ruiz","9":"contributor-filipa-ramos","10":"contributor-flora-katz","11":"contributor-vassilis-oikonomopoulos","12":"subject-art-fr","13":"subject-contemporary-art-fr","14":"subject-photography-fr","15":"artist-sky-hopinka","17":"first","18":"instock","19":"featured","20":"shipping-taxable","21":"purchasable","22":"product-type-simple"},"_links":{"self":[{"href":"https:\/\/e-m-p-i-r-e.eu\/fr\/wp-json\/wp\/v2\/product\/17590","targetHints":{"allow":["GET"]}}],"collection":[{"href":"https:\/\/e-m-p-i-r-e.eu\/fr\/wp-json\/wp\/v2\/product"}],"about":[{"href":"https:\/\/e-m-p-i-r-e.eu\/fr\/wp-json\/wp\/v2\/types\/product"}],"replies":[{"embeddable":true,"href":"https:\/\/e-m-p-i-r-e.eu\/fr\/wp-json\/wp\/v2\/comments?post=17590"}],"wp:featuredmedia":[{"embeddable":true,"href":"https:\/\/e-m-p-i-r-e.eu\/fr\/wp-json\/wp\/v2\/media\/2044"}],"wp:attachment":[{"href":"https:\/\/e-m-p-i-r-e.eu\/fr\/wp-json\/wp\/v2\/media?parent=17590"}],"wp:term":[{"taxonomy":"product_brand","embeddable":true,"href":"https:\/\/e-m-p-i-r-e.eu\/fr\/wp-json\/wp\/v2\/product_brand?post=17590"},{"taxonomy":"product_cat","embeddable":true,"href":"https:\/\/e-m-p-i-r-e.eu\/fr\/wp-json\/wp\/v2\/product_cat?post=17590"},{"taxonomy":"product_tag","embeddable":true,"href":"https:\/\/e-m-p-i-r-e.eu\/fr\/wp-json\/wp\/v2\/product_tag?post=17590"},{"taxonomy":"contributor","embeddable":true,"href":"https:\/\/e-m-p-i-r-e.eu\/fr\/wp-json\/wp\/v2\/contributor?post=17590"},{"taxonomy":"season","embeddable":true,"href":"https:\/\/e-m-p-i-r-e.eu\/fr\/wp-json\/wp\/v2\/season?post=17590"},{"taxonomy":"subject","embeddable":true,"href":"https:\/\/e-m-p-i-r-e.eu\/fr\/wp-json\/wp\/v2\/subject?post=17590"},{"taxonomy":"collection","embeddable":true,"href":"https:\/\/e-m-p-i-r-e.eu\/fr\/wp-json\/wp\/v2\/collection?post=17590"},{"taxonomy":"artist","embeddable":true,"href":"https:\/\/e-m-p-i-r-e.eu\/fr\/wp-json\/wp\/v2\/artist?post=17590"},{"taxonomy":"limited_edition","embeddable":true,"href":"https:\/\/e-m-p-i-r-e.eu\/fr\/wp-json\/wp\/v2\/limited_edition?post=17590"}],"curies":[{"name":"wp","href":"https:\/\/api.w.org\/{rel}","templated":true}]}}