{"id":17585,"date":"2026-02-10T16:30:49","date_gmt":"2026-02-10T15:30:49","guid":{"rendered":"https:\/\/e-m-p-i-r-e.eu\/?post_type=product&#038;p=17585"},"modified":"2026-02-10T20:20:47","modified_gmt":"2026-02-10T19:20:47","slug":"grand-bazar-choix-de-jean-hubert-martin-dans-la-collection-antoine-de-galbert","status":"publish","type":"product","link":"https:\/\/e-m-p-i-r-e.eu\/fr\/produit\/grand-bazar-choix-de-jean-hubert-martin-dans-la-collection-antoine-de-galbert\/","title":{"rendered":"Grand Bazar, choix de Jean-Hubert Martin dans la collection Antoine de Galbert"},"content":{"rendered":"<p>Le catalogue de l\u2019exposition au ch\u00e2teau d\u2019Oiron pr\u00e9sente plus de 170 \u0153uvres issues de la collection Antoine de Galbert install\u00e9es pour dialoguer avec la collection permanente d\u2019art contemporain <em>Curios &amp; Mirabilia<\/em>, rassembl\u00e9e en 1993 par le m\u00eame Jean-Hubert Martin. Dans les galeries d\u2019expositions, la collection d\u2019Antoine de Galbert se d\u00e9ploie selon des th\u00e8mes qui lui sont propres avec une place importante laiss\u00e9e \u00e0 l\u2019\u0153il, au visage et ses expressions, aux blessures. La confrontation entre ces deux collections et le dialogue entre les deux hommes ouvrent \u00e0 de nouveaux effets de surprises dans le catalogue \u00e0 travers des collages aussi frontaux que joueurs. Le catalogue pr\u00e9sente l\u2019int\u00e9gralit\u00e9 des \u0153uvres pr\u00e9sent\u00e9es dans l\u2019espace dont <em>From here to ear<\/em> de C\u00e9leste Boursier-Mougenot fera entendre sa musique entre les murs du XVI<sup>e<\/sup> si\u00e8cle. Plusieurs artistes sont communs aux deux collections : Hubert Duprat, Markus Raetz, Wim Delvoye, Annette Messager, Christian Boltanski, Marina Abramovic, Bertrand Lavier, Nicolas Darrot\u2026 D\u2019autres font leur entr\u00e9e \u00e0 Oiron : Th\u00e9o Mercier, Gilles Barbier, St\u00e9phane Thidet, Barth\u00e9l\u00e9my Toguo, Jackie Kayser, Steven Cohen\u2026<\/p>\n","protected":false},"excerpt":{"rendered":"<p>Empire books &amp; Chateau d\u2019Oiron, Centre des Monuments Nationaux<br \/>\nisbn 979-10-95991-26-7<br \/>\nFran\u00e7ais \/ Anglais<br \/>\n160 pages, 215 \u00d7 27,5 mm<br \/>\nCouverture rigide, CMJN + 2 Pantone\u00a9<br \/>\nConception graphique: <a href=\"http:\/\/www.s-y-n-d-i-c-a-t.eu\/\" target=\"_blank\" rel=\"noopener\">Syndicat<\/a><br \/>\nPhotographies: Julia Andr\u00e9one<br \/>\n2021<\/p>\n","protected":false},"featured_media":1762,"comment_status":"open","ping_status":"closed","template":"","meta":[],"product_brand":[],"product_cat":[164],"product_tag":[],"contributor":[152,149,43],"season":[],"subject":[3142,3909,3977],"collection":[],"artist":[],"limited_edition":[],"class_list":{"0":"post-17585","1":"product","2":"type-product","3":"status-publish","4":"has-post-thumbnail","6":"product_cat-empire-fr","7":"contributor-antoine-de-galbert","8":"contributor-jean-hubert-martin","9":"contributor-julia-andreone","10":"subject-collection-fr","11":"subject-contemporary-art-fr","12":"subject-exhibition-fr","14":"first","15":"instock","16":"featured","17":"shipping-taxable","18":"purchasable","19":"product-type-simple"},"_links":{"self":[{"href":"https:\/\/e-m-p-i-r-e.eu\/fr\/wp-json\/wp\/v2\/product\/17585","targetHints":{"allow":["GET"]}}],"collection":[{"href":"https:\/\/e-m-p-i-r-e.eu\/fr\/wp-json\/wp\/v2\/product"}],"about":[{"href":"https:\/\/e-m-p-i-r-e.eu\/fr\/wp-json\/wp\/v2\/types\/product"}],"replies":[{"embeddable":true,"href":"https:\/\/e-m-p-i-r-e.eu\/fr\/wp-json\/wp\/v2\/comments?post=17585"}],"wp:featuredmedia":[{"embeddable":true,"href":"https:\/\/e-m-p-i-r-e.eu\/fr\/wp-json\/wp\/v2\/media\/1762"}],"wp:attachment":[{"href":"https:\/\/e-m-p-i-r-e.eu\/fr\/wp-json\/wp\/v2\/media?parent=17585"}],"wp:term":[{"taxonomy":"product_brand","embeddable":true,"href":"https:\/\/e-m-p-i-r-e.eu\/fr\/wp-json\/wp\/v2\/product_brand?post=17585"},{"taxonomy":"product_cat","embeddable":true,"href":"https:\/\/e-m-p-i-r-e.eu\/fr\/wp-json\/wp\/v2\/product_cat?post=17585"},{"taxonomy":"product_tag","embeddable":true,"href":"https:\/\/e-m-p-i-r-e.eu\/fr\/wp-json\/wp\/v2\/product_tag?post=17585"},{"taxonomy":"contributor","embeddable":true,"href":"https:\/\/e-m-p-i-r-e.eu\/fr\/wp-json\/wp\/v2\/contributor?post=17585"},{"taxonomy":"season","embeddable":true,"href":"https:\/\/e-m-p-i-r-e.eu\/fr\/wp-json\/wp\/v2\/season?post=17585"},{"taxonomy":"subject","embeddable":true,"href":"https:\/\/e-m-p-i-r-e.eu\/fr\/wp-json\/wp\/v2\/subject?post=17585"},{"taxonomy":"collection","embeddable":true,"href":"https:\/\/e-m-p-i-r-e.eu\/fr\/wp-json\/wp\/v2\/collection?post=17585"},{"taxonomy":"artist","embeddable":true,"href":"https:\/\/e-m-p-i-r-e.eu\/fr\/wp-json\/wp\/v2\/artist?post=17585"},{"taxonomy":"limited_edition","embeddable":true,"href":"https:\/\/e-m-p-i-r-e.eu\/fr\/wp-json\/wp\/v2\/limited_edition?post=17585"}],"curies":[{"name":"wp","href":"https:\/\/api.w.org\/{rel}","templated":true}]}}