{"id":17538,"date":"2021-08-24T12:21:45","date_gmt":"2021-08-24T10:21:45","guid":{"rendered":"https:\/\/e-m-p-i-r-e.eu\/produit\/n16-a-reproduction-what-el-lissitzkzy-wants-author-james-langdon\/"},"modified":"2026-02-10T10:31:45","modified_gmt":"2026-02-10T09:31:45","slug":"n16-a-reproduction-what-el-lissitzkzy-wants-author-james-langdon","status":"publish","type":"product","link":"https:\/\/e-m-p-i-r-e.eu\/fr\/produit\/n16-a-reproduction-what-el-lissitzkzy-wants-author-james-langdon\/","title":{"rendered":"n\u00b016 \u2014 Une reproduction : Ce que veut El Lissitzky. Auteur : James Langdon"},"content":{"rendered":"<p>Je suis rarement satisfait quand je vois une production graphique imprim\u00e9e \u00e0 l\u2019origine dans deux encres reproduite en quadrichromie. Avant l\u2019av\u00e8nement commercial de l\u2019impression offset, les couleurs \u00e9l\u00e9mentaires d\u2019impression \u2013 de Gutenberg \u00e0 Tschichold \u2013 \u00e9taient le noir et le rouge. Au d\u00e9but du XX<sup>e<\/sup> si\u00e8cle, les graphistes utilisaient le noir et le rouge non pas pour tenter de recr\u00e9er le spectre de couleurs reconnu par l\u2019\u0153il humain, mais bien pour donner un impact graphique singulier. Pour faire la distinction. Pour cr\u00e9er du dynamisme. Incarner une id\u00e9ologie dans la page. En particulier, la combinaison de noir et de rouge sur du papier blanc est devenue synonyme du Supr\u00e9matisme et du graphisme r\u00e9volutionnaire russe.<\/p>\n<p class=\"p1\">\u00a0 \u00a0 \u00a0 \u00a0 \u00a0\u00a0Les proc\u00e9d\u00e9s de traitement d\u2019image contemporains peuvent permettre des reproductions extraordinaires de cette esth\u00e9tique historique. Une photo num\u00e9rique haute r\u00e9solution d\u2019un livre original imprim\u00e9 en noir et rouge des ann\u00e9es 1920 peut \u00eatre trait\u00e9e \u00e0 l\u2019aide d\u2019un profil de couleur afin de calibrer son apparence \u00e0 chacune des \u00e9tapes de travail\u00a0: la correction des couleurs dans les logiciels, l\u2019\u00e9preuvage et l\u2019impression. Cette m\u00e9thode de travail permet finalement d\u2019obtenir une image belle et pr\u00e9cise de cet artefact graphique tel qu\u2019il se pr\u00e9sente aujourd\u2019hui, jusqu\u2019aux d\u00e9tails les plus fins de sa patine, de sa d\u00e9coloration due \u00e0 l\u2019exposition au soleil et aux nombreuses autres subtilit\u00e9s qui le d\u00e9finissent comme un objet d\u2019archives.<\/p>\n<p class=\"p1\">\u00a0 \u00a0 \u00a0 \u00a0 \u00a0\u00a0Mais une telle reproduction pr\u00e9sente un \u00e9trange anachronisme technique. Qu\u2019en est-il des contraintes qui ont \u00e0 l\u2019origine fa\u00e7onn\u00e9 la conception de ce livre \u2013 le lien implicite entre les deux couleurs de son graphisme et l\u2019architecture de la presse \u00e0 une ou deux couleurs sur laquelle il a \u00e9t\u00e9 imprim\u00e9\u2009? Ne sont-elles pas importantes\u2009? Peuvent-elles \u00eatre reproduites\u2009?<\/p>\n<p class=\"p1\">\u00a0 \u00a0 \u00a0 \u00a0 \u00a0\u00a0Je compare ici les reproductions imprim\u00e9es de l\u2019iconique couverture noire et rouge du livre <i>Die Kunstismen<\/i>(1925), con\u00e7u par le russe El Lissitzky. Publi\u00e9es entre 1967 et 2017, ces images traitent des caract\u00e9ristiques mat\u00e9rielles de la couleur du livre original de diff\u00e9rentes mani\u00e8res, faisant appel \u00e0 des notions contradictoires de fid\u00e9lit\u00e9.<\/p>\n","protected":false},"excerpt":{"rendered":"<p>\u00c9puis\u00e9 \u2014 Disponible uniquement avec l\u2019abonnement \u00e0 la saison 2<br \/>\nAuteur : James Langdon<br \/>\n12 pages \u2013 21 \u00d7 29,7 cm<br \/>\n+ 1 poster A2, CMY<br \/>\nisbn 979-10-95991-15-1<br \/>\nissn 2558-2062<\/p>\n","protected":false},"featured_media":17225,"comment_status":"open","ping_status":"closed","template":"","meta":[],"product_brand":[],"product_cat":[3849],"product_tag":[203,4195,4196,4197,4198,3891,4447,3941,4448,4449,4353,4450,4025,4026],"contributor":[41],"season":[34],"subject":[3114,3899,4208,3900,3901,3915,3917,4031,3128],"collection":[],"artist":[3934],"limited_edition":[],"class_list":{"0":"post-17538","1":"product","2":"type-product","3":"status-publish","4":"has-post-thumbnail","6":"product_cat-revue-faire-fr","7":"product_tag-art-fr","8":"product_tag-color-printing-fr-2","9":"product_tag-color-profiles-fr-2","10":"product_tag-color-separation-fr-2","11":"product_tag-colors-fr","12":"product_tag-cover-fr","13":"product_tag-die-kunstismen-fr-2","14":"product_tag-el-lissitzky-fr-2","15":"product_tag-hans-arp-fr","16":"product_tag-james-langdon-fr-2","17":"product_tag-jost-hochuli-fr-2","18":"product_tag-modernism-fr","19":"product_tag-reprint-fr-2","20":"product_tag-reproduction-fr-2","21":"contributor-james-langdon","22":"season-34","23":"subject-archive-fr","24":"subject-book-fr","25":"subject-color-fr","26":"subject-cover-fr","27":"subject-graphic-design-fr","28":"subject-offset-printing-fr","29":"subject-printed-matter-fr","30":"subject-reprint-fr","31":"subject-reproduction-fr","32":"artist-el-lissitzky","34":"first","35":"outofstock","36":"featured","37":"shipping-taxable","38":"product-type-simple"},"_links":{"self":[{"href":"https:\/\/e-m-p-i-r-e.eu\/fr\/wp-json\/wp\/v2\/product\/17538","targetHints":{"allow":["GET"]}}],"collection":[{"href":"https:\/\/e-m-p-i-r-e.eu\/fr\/wp-json\/wp\/v2\/product"}],"about":[{"href":"https:\/\/e-m-p-i-r-e.eu\/fr\/wp-json\/wp\/v2\/types\/product"}],"replies":[{"embeddable":true,"href":"https:\/\/e-m-p-i-r-e.eu\/fr\/wp-json\/wp\/v2\/comments?post=17538"}],"wp:featuredmedia":[{"embeddable":true,"href":"https:\/\/e-m-p-i-r-e.eu\/fr\/wp-json\/wp\/v2\/media\/17225"}],"wp:attachment":[{"href":"https:\/\/e-m-p-i-r-e.eu\/fr\/wp-json\/wp\/v2\/media?parent=17538"}],"wp:term":[{"taxonomy":"product_brand","embeddable":true,"href":"https:\/\/e-m-p-i-r-e.eu\/fr\/wp-json\/wp\/v2\/product_brand?post=17538"},{"taxonomy":"product_cat","embeddable":true,"href":"https:\/\/e-m-p-i-r-e.eu\/fr\/wp-json\/wp\/v2\/product_cat?post=17538"},{"taxonomy":"product_tag","embeddable":true,"href":"https:\/\/e-m-p-i-r-e.eu\/fr\/wp-json\/wp\/v2\/product_tag?post=17538"},{"taxonomy":"contributor","embeddable":true,"href":"https:\/\/e-m-p-i-r-e.eu\/fr\/wp-json\/wp\/v2\/contributor?post=17538"},{"taxonomy":"season","embeddable":true,"href":"https:\/\/e-m-p-i-r-e.eu\/fr\/wp-json\/wp\/v2\/season?post=17538"},{"taxonomy":"subject","embeddable":true,"href":"https:\/\/e-m-p-i-r-e.eu\/fr\/wp-json\/wp\/v2\/subject?post=17538"},{"taxonomy":"collection","embeddable":true,"href":"https:\/\/e-m-p-i-r-e.eu\/fr\/wp-json\/wp\/v2\/collection?post=17538"},{"taxonomy":"artist","embeddable":true,"href":"https:\/\/e-m-p-i-r-e.eu\/fr\/wp-json\/wp\/v2\/artist?post=17538"},{"taxonomy":"limited_edition","embeddable":true,"href":"https:\/\/e-m-p-i-r-e.eu\/fr\/wp-json\/wp\/v2\/limited_edition?post=17538"}],"curies":[{"name":"wp","href":"https:\/\/api.w.org\/{rel}","templated":true}]}}