{"id":17537,"date":"2021-08-24T12:23:38","date_gmt":"2021-08-24T10:23:38","guid":{"rendered":"https:\/\/e-m-p-i-r-e.eu\/produit\/n-17-an-acronym-acab-authors-ariane-bosshard-jerome-dupeyrat-olivier-huz-and-julie-martin\/"},"modified":"2026-02-10T10:28:20","modified_gmt":"2026-02-10T09:28:20","slug":"n-17-an-acronym-acab-authors-ariane-bosshard-jerome-dupeyrat-olivier-huz-and-julie-martin","status":"publish","type":"product","link":"https:\/\/e-m-p-i-r-e.eu\/fr\/produit\/n-17-an-acronym-acab-authors-ariane-bosshard-jerome-dupeyrat-olivier-huz-and-julie-martin\/","title":{"rendered":"n\u00b017 \u2014 Un acronyme : ACAB. Auteurs : Ariane Bosshard, J\u00e9r\u00f4me Dupeyrat, Olivier Huz et Julie Martin"},"content":{"rendered":"<p>L\u2019acronyme ACAB, souvent vu dans l\u2019espace urbain sous forme de graffitis ou de stickers, est apparu au Royaume-Uni dans les ann\u00e9es 1970 en lien avec la culture punk, et y a \u00e9t\u00e9 popularis\u00e9 lors des mouvements sociaux des ann\u00e9es 1980. Signifiant \u00ab\u00a0<i>All Cops Are Bastards<\/i>\u00a0\u00bb, il s\u2019est largement r\u00e9pandu dans l\u2019espace public international ces vingt derni\u00e8res ann\u00e9es, dans le sillage de diverses mouvances politiques, de l\u2019altermondialisme aux gilets jaunes en passant par le black bloc et les ZAD, et en faisant \u00e9galement l\u2019objet de diverses variantes telles que \u00ab\u00a0<i>All Capitalists Are Bastards<\/i>\u00a0\u00bb, \u00ab\u00a0<i>All Colors Are Beautiful\u00a0<\/i>\u00bb ou encore \u00ab\u00a0<i>All Cats Are Beautiful\u00a0<\/i>\u00bb.<\/p>\n<p class=\"p1\">\u00a0 \u00a0 \u00a0 \u00a0 \u00a0\u00a0Observer les inscriptions ACAB (ou 1312, en version chiffr\u00e9e) permet de traverser de multiples terrains politiques, mais aussi plusieurs cultures visuelles (anar, punk, hip-hop, LOL) parmi lesquelles migre cet acronyme. C\u2019est au cours de cette circulation scripturale, graphique et visuelle qu\u2019il devient \u00e0 la fois un signe de reconnaissance et un \u00e9nonc\u00e9 polys\u00e9mique.<\/p>\n","protected":false},"excerpt":{"rendered":"<p>\u00c9puis\u00e9 \u2014 Disponible uniquement avec l\u2019abonnement \u00e0 la saison 2<br \/>\nAuteurs : Ariane Bosshard, J\u00e9r\u00f4me Dupeyrat, Olivier Huz et Julie Martin<\/p>\n<p>20 pages, 21 \u00d7 29,7 cm, CMJN<br \/>\n26 novembre 2019<br \/>\nisbn 979-10-95991-15-1<br \/>\nissn 2558-2062<\/p>\n","protected":false},"featured_media":17219,"comment_status":"open","ping_status":"closed","template":"","meta":[],"product_brand":[],"product_cat":[3849],"product_tag":[4441,4442,4443,4444,4128,4075,4445,4446],"contributor":[37,42,44,48],"season":[34],"subject":[3133,3135,3136,3139,3883],"collection":[],"artist":[],"limited_edition":[],"class_list":{"0":"post-17537","1":"product","2":"type-product","3":"status-publish","4":"has-post-thumbnail","6":"product_cat-revue-faire-fr","7":"product_tag-1312-fr","8":"product_tag-acab-fr-2","9":"product_tag-acronym-fr","10":"product_tag-anarchy-fr","11":"product_tag-graffiti-fr-2","12":"product_tag-logo-fr-2","13":"product_tag-raymond-pattibon-fr","14":"product_tag-tag-fr","15":"contributor-ariane-bosshard","16":"contributor-jerome-dupeyrat","17":"contributor-julie-martin","18":"contributor-olivier-huz","19":"season-34","20":"subject-communication-fr","21":"subject-graffiti-fr","22":"subject-logo-fr","23":"subject-signature-fr","24":"subject-writing-fr","26":"first","27":"outofstock","28":"featured","29":"shipping-taxable","30":"product-type-simple"},"_links":{"self":[{"href":"https:\/\/e-m-p-i-r-e.eu\/fr\/wp-json\/wp\/v2\/product\/17537","targetHints":{"allow":["GET"]}}],"collection":[{"href":"https:\/\/e-m-p-i-r-e.eu\/fr\/wp-json\/wp\/v2\/product"}],"about":[{"href":"https:\/\/e-m-p-i-r-e.eu\/fr\/wp-json\/wp\/v2\/types\/product"}],"replies":[{"embeddable":true,"href":"https:\/\/e-m-p-i-r-e.eu\/fr\/wp-json\/wp\/v2\/comments?post=17537"}],"wp:featuredmedia":[{"embeddable":true,"href":"https:\/\/e-m-p-i-r-e.eu\/fr\/wp-json\/wp\/v2\/media\/17219"}],"wp:attachment":[{"href":"https:\/\/e-m-p-i-r-e.eu\/fr\/wp-json\/wp\/v2\/media?parent=17537"}],"wp:term":[{"taxonomy":"product_brand","embeddable":true,"href":"https:\/\/e-m-p-i-r-e.eu\/fr\/wp-json\/wp\/v2\/product_brand?post=17537"},{"taxonomy":"product_cat","embeddable":true,"href":"https:\/\/e-m-p-i-r-e.eu\/fr\/wp-json\/wp\/v2\/product_cat?post=17537"},{"taxonomy":"product_tag","embeddable":true,"href":"https:\/\/e-m-p-i-r-e.eu\/fr\/wp-json\/wp\/v2\/product_tag?post=17537"},{"taxonomy":"contributor","embeddable":true,"href":"https:\/\/e-m-p-i-r-e.eu\/fr\/wp-json\/wp\/v2\/contributor?post=17537"},{"taxonomy":"season","embeddable":true,"href":"https:\/\/e-m-p-i-r-e.eu\/fr\/wp-json\/wp\/v2\/season?post=17537"},{"taxonomy":"subject","embeddable":true,"href":"https:\/\/e-m-p-i-r-e.eu\/fr\/wp-json\/wp\/v2\/subject?post=17537"},{"taxonomy":"collection","embeddable":true,"href":"https:\/\/e-m-p-i-r-e.eu\/fr\/wp-json\/wp\/v2\/collection?post=17537"},{"taxonomy":"artist","embeddable":true,"href":"https:\/\/e-m-p-i-r-e.eu\/fr\/wp-json\/wp\/v2\/artist?post=17537"},{"taxonomy":"limited_edition","embeddable":true,"href":"https:\/\/e-m-p-i-r-e.eu\/fr\/wp-json\/wp\/v2\/limited_edition?post=17537"}],"curies":[{"name":"wp","href":"https:\/\/api.w.org\/{rel}","templated":true}]}}