{"id":17536,"date":"2021-08-24T13:09:07","date_gmt":"2021-08-24T11:09:07","guid":{"rendered":"https:\/\/e-m-p-i-r-e.eu\/produit\/n18-a-studio-visit-the-studio-of-ines-cox-authors-manon-bruet-and-julia-andreone\/"},"modified":"2026-02-10T10:25:38","modified_gmt":"2026-02-10T09:25:38","slug":"n18-a-studio-visit-the-studio-of-ines-cox-authors-manon-bruet-and-julia-andreone","status":"publish","type":"product","link":"https:\/\/e-m-p-i-r-e.eu\/fr\/produit\/n18-a-studio-visit-the-studio-of-ines-cox-authors-manon-bruet-and-julia-andreone\/","title":{"rendered":"n\u00b018 \u2014 Une visite d\u2019atelier : le studio d\u2019Ines Cox. Auteures : Manon Bruet et Julia Andr\u00e9one"},"content":{"rendered":"<p>Trois femmes entrent dans un bar. La premi\u00e8re vit dans un grand appartement \u00e0 Anvers, en Belgique. La seconde est une graphiste ind\u00e9pendante qui a fond\u00e9 son propre studio. La troisi\u00e8me est un avatar \u2013 <i>vous <\/i>la<i> connaissez peut-\u00eatre <\/i>\u2013 qui a un int\u00e9r\u00eat certain pour les proc\u00e9d\u00e9s cr\u00e9atifs, les interfaces et leurs vocabulaires. Ensemble, elles mangent des pistaches, commandent des vodkas et ne sont pas s\u00fbres de pouvoir se lever pour donner cours le lendemain \u00e0 la Royal Academy of Fine Arts. Mais ensemble, elles forment surtout la troublante personnalit\u00e9 multiple d\u2019Ines Cox, graphiste belge que Julia Andr\u00e9one et Manon Bruet sont all\u00e9es rencontrer dans son atelier en juin 2019. L\u2019occasion de mener un r\u00e9cit \u00e0 trois voix et de dessiner les contours d\u2019un parcours, d\u2019une pratique et d\u2019un personnage.<\/p>\n","protected":false},"excerpt":{"rendered":"<p>Texte : Manon Bruet<\/p>\n<p>Photos : Julia Andr\u00e9one<\/p>\n<p>20 pages, 21 \u00d7 29,7 cm, CMJN+1PMS<br \/>\n17 d\u00e9cembre 2019<br \/>\nisbn 979-10-95991-15-1<br \/>\nissn 2558-2062<\/p>\n","protected":false},"featured_media":17211,"comment_status":"open","ping_status":"closed","template":"","meta":[],"product_brand":[],"product_cat":[3849],"product_tag":[4125,4435,3890,4270,3893,4006,4436,3971,4437,4438,4392,4439,4440,4207,4393],"contributor":[43,47],"season":[34],"subject":[3114,3899,3142,3901,3144,4277,3146,3916],"collection":[],"artist":[3998],"limited_edition":[],"class_list":{"0":"post-17536","1":"product","2":"type-product","3":"status-publish","4":"has-post-thumbnail","6":"product_cat-revue-faire-fr","7":"product_tag-archives-fr-2","8":"product_tag-archiving-fr","9":"product_tag-collection-fr-2","10":"product_tag-fiction-fr-2","11":"product_tag-graphic-design-fr-2","12":"product_tag-ines-cox-fr-2","13":"product_tag-julia-andreone-fr","14":"product_tag-photography-fr","15":"product_tag-save-fr","16":"product_tag-still-life-fr","17":"product_tag-studio-visit-fr","18":"product_tag-suggested-friends-fr","19":"product_tag-teaching-fr","20":"product_tag-tools-fr","21":"product_tag-working-process-fr","22":"contributor-julia-andreone","23":"contributor-manon-bruet","24":"season-34","25":"subject-archive-fr","26":"subject-book-fr","27":"subject-collection-fr","28":"subject-graphic-design-fr","29":"subject-instagram-fr","30":"subject-pedagogy-fr","31":"subject-portrait-fr","32":"subject-poster-fr","33":"artist-ines-cox","35":"first","36":"outofstock","37":"featured","38":"shipping-taxable","39":"product-type-simple"},"_links":{"self":[{"href":"https:\/\/e-m-p-i-r-e.eu\/fr\/wp-json\/wp\/v2\/product\/17536","targetHints":{"allow":["GET"]}}],"collection":[{"href":"https:\/\/e-m-p-i-r-e.eu\/fr\/wp-json\/wp\/v2\/product"}],"about":[{"href":"https:\/\/e-m-p-i-r-e.eu\/fr\/wp-json\/wp\/v2\/types\/product"}],"replies":[{"embeddable":true,"href":"https:\/\/e-m-p-i-r-e.eu\/fr\/wp-json\/wp\/v2\/comments?post=17536"}],"wp:featuredmedia":[{"embeddable":true,"href":"https:\/\/e-m-p-i-r-e.eu\/fr\/wp-json\/wp\/v2\/media\/17211"}],"wp:attachment":[{"href":"https:\/\/e-m-p-i-r-e.eu\/fr\/wp-json\/wp\/v2\/media?parent=17536"}],"wp:term":[{"taxonomy":"product_brand","embeddable":true,"href":"https:\/\/e-m-p-i-r-e.eu\/fr\/wp-json\/wp\/v2\/product_brand?post=17536"},{"taxonomy":"product_cat","embeddable":true,"href":"https:\/\/e-m-p-i-r-e.eu\/fr\/wp-json\/wp\/v2\/product_cat?post=17536"},{"taxonomy":"product_tag","embeddable":true,"href":"https:\/\/e-m-p-i-r-e.eu\/fr\/wp-json\/wp\/v2\/product_tag?post=17536"},{"taxonomy":"contributor","embeddable":true,"href":"https:\/\/e-m-p-i-r-e.eu\/fr\/wp-json\/wp\/v2\/contributor?post=17536"},{"taxonomy":"season","embeddable":true,"href":"https:\/\/e-m-p-i-r-e.eu\/fr\/wp-json\/wp\/v2\/season?post=17536"},{"taxonomy":"subject","embeddable":true,"href":"https:\/\/e-m-p-i-r-e.eu\/fr\/wp-json\/wp\/v2\/subject?post=17536"},{"taxonomy":"collection","embeddable":true,"href":"https:\/\/e-m-p-i-r-e.eu\/fr\/wp-json\/wp\/v2\/collection?post=17536"},{"taxonomy":"artist","embeddable":true,"href":"https:\/\/e-m-p-i-r-e.eu\/fr\/wp-json\/wp\/v2\/artist?post=17536"},{"taxonomy":"limited_edition","embeddable":true,"href":"https:\/\/e-m-p-i-r-e.eu\/fr\/wp-json\/wp\/v2\/limited_edition?post=17536"}],"curies":[{"name":"wp","href":"https:\/\/api.w.org\/{rel}","templated":true}]}}