{"id":17535,"date":"2021-08-24T13:11:18","date_gmt":"2021-08-24T11:11:18","guid":{"rendered":"https:\/\/e-m-p-i-r-e.eu\/produit\/n19-a-history-graphic-designer-publishers-author-thierry-chancogne\/"},"modified":"2026-02-10T10:18:27","modified_gmt":"2026-02-10T09:18:27","slug":"n19-a-history-graphic-designer-publishers-author-thierry-chancogne","status":"publish","type":"product","link":"https:\/\/e-m-p-i-r-e.eu\/fr\/produit\/n19-a-history-graphic-designer-publishers-author-thierry-chancogne\/","title":{"rendered":"n\u00b019 \u2014 Une histoire : des graphistes \u00e9diteurs. Auteur : Thierry Chancogne"},"content":{"rendered":"<p>D\u00e8s 1275, on statue dans le Royaume de France sur les droits des s<i>tationarii<\/i> (copistes) et des <i>librarii <\/i>(libraires) (Friedrich Karl von Savigny (auteur et \u00e9diteur),<i> Histoire du droit romain au Moyen-\u00c2ge<\/i>, Tome III, Charles Hingray, Paris, 1839 (1815), p. 415) fra\u00eechement \u00e9mancip\u00e9s du joug de l\u2019\u00c9glise.<\/p>\n<p class=\"p1\">\u00a0 \u00a0 \u00a0 \u00a0 \u00a0\u00a0C\u2019est qu\u2019il s\u2019agit, avant m\u00eame l\u2019invention de l\u2019imprimerie, de r\u00e9gler la circulation des \u00e9crits et la d\u00e9finition de ceux qui sont en charge de leur inscription et de leur diffusion.<\/p>\n<p class=\"p1\">\u00a0 \u00a0 \u00a0 \u00a0 \u00a0\u00a0C\u2019est que, bien avant la figure moderne du typographe rep\u00e9r\u00e9e par Robin Kinross au XVII<sup>e <\/sup>avec <i>The Doctrine of Handy-Works: Applied to the Art of Printing<\/i> de Joseph Moxon (Robin Kinross, <i>La typographie moderne\u00a0: Un essai d\u2019histoire critique<\/i>, B 42, Paris, 2012 (1992) p. 11-12), les graphistes, les copistes et les typographes comme Geoffroy Tory ou Henri Estienne l\u2019Ancien ont aussi \u00e9t\u00e9 libraires et \u00e9diteurs en r\u00e9fl\u00e9chissant leur pratique et les contenus qu\u2019ils amenaient sur la place publique.<\/p>\n<p class=\"p1\">\u00a0 \u00a0 \u00a0 \u00a0 \u00a0\u00a0Or il semble qu\u2019il soit temps de refaire le point sur cette ancienne tradition, alors que de plus en plus de graphistes et de <i>graphic designers<\/i> fondent leur maison d\u2019\u00e9dition pour d\u00e9fendre leur ligne \u00e9ditoriale dans les deux sens que prend ce mot en anglais\u00a0: \u00e0 la fois dans le sens de l\u2019<i>editing<\/i> et du choix et de l\u2019ordonnancement des mati\u00e8res graphiques, mais aussi au sens du <i>publishing<\/i>, soit une certaine \u00e9thique de la diffusion et de la publicit\u00e9 des contenus.<\/p>\n","protected":false},"excerpt":{"rendered":"<p>\u00c9puis\u00e9 \u2014 Disponible uniquement avec l\u2019abonnement \u00e0 la saison 2<br \/>\nAuteur : Thierry Chancogne<br \/>\n20 pages, 21 \u00d7 29,7 cm, CMYK<br \/>\n5 f\u00e9vrier 2020<\/p>\n<p>isbn 979-10-95991-16-8<br \/>\nissn 2558-2062<\/p>\n","protected":false},"featured_media":17205,"comment_status":"open","ping_status":"closed","template":"","meta":[],"product_brand":[],"product_cat":[3849],"product_tag":[4267,4400,4401,4402,4297,4403,4404,4405,4406,3851,4407,3853,4408,4071,4409,4410,4411,4412,4413,4414,4415,3893,4416,3894,4050,4417,4418,4419,4420,4421,4422,4423,4424,4425,4057,4273,4222,3896,4426,4427,4428,4429,4145,4146,4430,4431,4432,4292,1765,4236,4064,4433,4434],"contributor":[50],"season":[34],"subject":[3898,4394,3899,3133,3917,3904,4148],"collection":[],"artist":[4399,4395,4396,3822,4032,3811,4398,4134,4397,3808],"limited_edition":[],"class_list":{"0":"post-17535","1":"product","2":"type-product","3":"status-publish","4":"has-post-thumbnail","6":"product_cat-revue-faire-fr","7":"product_tag-abake-fr-2","8":"product_tag-abyme-fr-2","9":"product_tag-alaric-garnier-fr-2","10":"product_tag-alexandre-dimos-fr-2","11":"product_tag-alexandru-balgiu-fr-2","12":"product_tag-art-paper-editions-fr-2","13":"product_tag-b42-fr-2","14":"product_tag-bardhi-haliti-fr-2","15":"product_tag-building-books-fr-2","16":"product_tag-charles-maze-fr-2","17":"product_tag-christios-lialios-fr-2","18":"product_tag-coline-sunier-fr-2","19":"product_tag-collection-revue-fr-2","20":"product_tag-communication-fr-2","21":"product_tag-dent-de-leone-fr","22":"product_tag-doc-fr-2","23":"product_tag-empire-fr-2","24":"product_tag-erik-van-der-weijde-fr","25":"product_tag-future-fr-2","26":"product_tag-fw-fr-2","27":"product_tag-geoffroy-tory-fr-2","28":"product_tag-graphic-design-fr-2","29":"product_tag-hans-gremmen-fr-2","30":"product_tag-identity-fr-2","31":"product_tag-inotherwords-fr-2","32":"product_tag-john-morgan-fr-2","33":"product_tag-jungle-book-fr-2","34":"product_tag-jurgen-maelfeyt-fr-2","35":"product_tag-katerina-vazoura-fr-2","36":"product_tag-kelmscott-press-fr-2","37":"product_tag-lena-araguas-fr-2","38":"product_tag-michael-bussaer-fr-2","39":"product_tag-na-kim-fr-2","40":"product_tag-occasional-papers-fr-2","41":"product_tag-ok-rm-fr-2","42":"product_tag-olivier-lebrun-fr-2","43":"product_tag-publisher-fr","44":"product_tag-publishing-fr","45":"product_tag-revue-faire-fr-2","46":"product_tag-riot-fr-2","47":"product_tag-robert-estienne-fr-2","48":"product_tag-robert-granjon-fr-2","49":"product_tag-roger-willems-fr-2","50":"product_tag-roma-publications-fr-2","51":"product_tag-rotolux-press-fr-2","52":"product_tag-sara-de-bondt-fr-2","53":"product_tag-sebastien-gryphe-fr-2","54":"product_tag-self-publishing-fr-2","55":"product_tag-syndicat-fr","56":"product_tag-urs-lehni-fr-2","57":"product_tag-visual-identity-fr","58":"product_tag-william-morris-fr-2","59":"product_tag-yellow-pages-fr-2","60":"contributor-thierry-chancogne","61":"season-34","62":"subject-bibliophily-fr","63":"subject-binding-fr","64":"subject-book-fr","65":"subject-communication-fr","66":"subject-printed-matter-fr","67":"subject-publishing-fr","68":"subject-roma-fr","69":"artist-christios-lialios-katerina-vazoura","70":"artist-hans-gremmen","71":"artist-john-morgan","72":"artist-manuel-raeder","73":"artist-ok-rm","74":"artist-olivier-lebrun","75":"artist-robin-kinross","76":"artist-roger-willems","77":"artist-sara-de-bondt","78":"artist-urs-lehni","80":"first","81":"outofstock","82":"featured","83":"shipping-taxable","84":"product-type-simple"},"_links":{"self":[{"href":"https:\/\/e-m-p-i-r-e.eu\/fr\/wp-json\/wp\/v2\/product\/17535","targetHints":{"allow":["GET"]}}],"collection":[{"href":"https:\/\/e-m-p-i-r-e.eu\/fr\/wp-json\/wp\/v2\/product"}],"about":[{"href":"https:\/\/e-m-p-i-r-e.eu\/fr\/wp-json\/wp\/v2\/types\/product"}],"replies":[{"embeddable":true,"href":"https:\/\/e-m-p-i-r-e.eu\/fr\/wp-json\/wp\/v2\/comments?post=17535"}],"wp:featuredmedia":[{"embeddable":true,"href":"https:\/\/e-m-p-i-r-e.eu\/fr\/wp-json\/wp\/v2\/media\/17205"}],"wp:attachment":[{"href":"https:\/\/e-m-p-i-r-e.eu\/fr\/wp-json\/wp\/v2\/media?parent=17535"}],"wp:term":[{"taxonomy":"product_brand","embeddable":true,"href":"https:\/\/e-m-p-i-r-e.eu\/fr\/wp-json\/wp\/v2\/product_brand?post=17535"},{"taxonomy":"product_cat","embeddable":true,"href":"https:\/\/e-m-p-i-r-e.eu\/fr\/wp-json\/wp\/v2\/product_cat?post=17535"},{"taxonomy":"product_tag","embeddable":true,"href":"https:\/\/e-m-p-i-r-e.eu\/fr\/wp-json\/wp\/v2\/product_tag?post=17535"},{"taxonomy":"contributor","embeddable":true,"href":"https:\/\/e-m-p-i-r-e.eu\/fr\/wp-json\/wp\/v2\/contributor?post=17535"},{"taxonomy":"season","embeddable":true,"href":"https:\/\/e-m-p-i-r-e.eu\/fr\/wp-json\/wp\/v2\/season?post=17535"},{"taxonomy":"subject","embeddable":true,"href":"https:\/\/e-m-p-i-r-e.eu\/fr\/wp-json\/wp\/v2\/subject?post=17535"},{"taxonomy":"collection","embeddable":true,"href":"https:\/\/e-m-p-i-r-e.eu\/fr\/wp-json\/wp\/v2\/collection?post=17535"},{"taxonomy":"artist","embeddable":true,"href":"https:\/\/e-m-p-i-r-e.eu\/fr\/wp-json\/wp\/v2\/artist?post=17535"},{"taxonomy":"limited_edition","embeddable":true,"href":"https:\/\/e-m-p-i-r-e.eu\/fr\/wp-json\/wp\/v2\/limited_edition?post=17535"}],"curies":[{"name":"wp","href":"https:\/\/api.w.org\/{rel}","templated":true}]}}