{"id":17534,"date":"2021-08-24T13:29:13","date_gmt":"2021-08-24T11:29:13","guid":{"rendered":"https:\/\/e-m-p-i-r-e.eu\/produit\/n21-an-original-the-most-beautiful-swiss-books-2004-2006-authors-james-langdon-laurent-benner-adrian-samson\/"},"modified":"2026-02-10T10:11:39","modified_gmt":"2026-02-10T09:11:39","slug":"n21-an-original-the-most-beautiful-swiss-books-2004-2006-authors-james-langdon-laurent-benner-adrian-samson","status":"publish","type":"product","link":"https:\/\/e-m-p-i-r-e.eu\/fr\/produit\/n21-an-original-the-most-beautiful-swiss-books-2004-2006-authors-james-langdon-laurent-benner-adrian-samson\/","title":{"rendered":"n\u00b021 \u2014 Un original : Les Plus beaux livres suisses 2004-2006. Auteurs : James Langdon, Laurent Benner et Adrian Samson"},"content":{"rendered":"<p>Le concours des Plus beaux livres suisses a \u00e9t\u00e9 organis\u00e9 presque sans interruption par l\u2019Office F\u00e9d\u00e9ral de la Culture depuis 1943. Un prix de la conception du livre avec une telle histoire, inscrit dans une telle culture nationale de la typographie, qui offre des perspectives significatives sur le graphisme \u00e9ditorial, les valeurs culturelles de ses commanditaires et les discours critiques qui l\u2019accompagnent.<\/p>\n<p class=\"p1\">\u00a0 \u00a0 \u00a0 \u00a0 \u00a0\u00a0Chaque ann\u00e9e, un catalogue g\u00e9n\u00e9reux r\u00e9alis\u00e9 par un des graphistes laur\u00e9ats des ann\u00e9es pr\u00e9c\u00e9dentes vient documenter les livres prim\u00e9s. La dimension auto-r\u00e9flexive inh\u00e9rente \u00e0 ce genre de catalogue \u2013 livre de livres, graphisme de graphisme \u2013 propose un cadre aussi stimulant que risqu\u00e9 aux concepteurs de livres. Un regard r\u00e9trospectif sur les deux derni\u00e8res d\u00e9cennies de catalogues donne \u00e0 voir une divergence \u00e9vidente des pratiques graphiques. Apr\u00e8s un ou une s\u00e9rie d\u2019ouvrages \u2013 souvent les graphistes sont mandat\u00e9s sur deux ou trois catalogues \u2013 d\u2019une sophistication toute conceptuelle suit une simple documentation visuelle. Apr\u00e8s une proposition sobre et finement ouvrag\u00e9e, vient quelque chose de fastueux ou d\u2019exp\u00e9rimental.<\/p>\n<p class=\"p1\">\u00a0 \u00a0 \u00a0 \u00a0 \u00a0\u00a0Les catalogues 2004-2006 ont \u00e9t\u00e9 con\u00e7us par Laurent Benner, un designer suisse travaillant \u00e0 Londres, et dessin\u00e9s en collaboration avec le designer anglais Jonathan Hares. La proposition de Laurent pour le catalogue 2004 \u00e9tait audacieuse. Il a contact\u00e9 les imprimeurs de chacun des vingt livres prim\u00e9s de cette ann\u00e9e et leur a demand\u00e9 de r\u00e9imprimer une section de leur livre. Toutes les sections r\u00e9imprim\u00e9es ont ensuite \u00e9t\u00e9 reli\u00e9es en Suisse, avec quelques pages suppl\u00e9mentaires au d\u00e9but et \u00e0 la fin, pour constituer le catalogue.<\/p>\n","protected":false},"excerpt":{"rendered":"<p>Entretien de Laurent Benner par James Langdon<\/p>\n<p>Photos : Adrian Samson<br \/>\n20 pages, 21 \u00d7 29,7 cm, CMJN<br \/>\n25 mars 2020<br \/>\nisbn 979-10-95991-16-8<br \/>\nissn 2558-2062<\/p>\n","protected":false},"featured_media":17193,"comment_status":"open","ping_status":"closed","template":"","meta":[],"product_brand":[],"product_cat":[3849],"product_tag":[4387,4388,3982,3855,4389,4390,4231,4200,4024,3971,3987,4391,4202,4318,3988,4025,4026,4392,4205,4362,4393],"contributor":[36,41],"season":[34],"subject":[4394,3899,3900,3177,3901,3180,3915,4191,3885,3917,3918,3904,4031,3990,3882],"collection":[],"artist":[3819,4386,3841],"limited_edition":[],"class_list":{"0":"post-17534","1":"product","2":"type-product","3":"status-publish","4":"has-post-thumbnail","6":"product_cat-revue-faire-fr","7":"product_tag-adrien-samson-fr-2","8":"product_tag-books-fr","9":"product_tag-cornel-windlin-fr-2","10":"product_tag-ecal-fr-2","11":"product_tag-gilles-gavillet-fr-2","12":"product_tag-laurent-benner-fr-2","13":"product_tag-norm-fr-2","14":"product_tag-offset-printing-fr","15":"product_tag-pdf-fr-2","16":"product_tag-photography-fr","17":"product_tag-printed-matter-fr","18":"product_tag-printer-fr","19":"product_tag-printing-fr","20":"product_tag-process-fr","21":"product_tag-production-fr-2","22":"product_tag-reprint-fr-2","23":"product_tag-reproduction-fr-2","24":"product_tag-studio-visit-fr","25":"product_tag-technical-process-fr","26":"product_tag-the-most-beautiful-swiss-books-fr","27":"product_tag-working-process-fr","28":"contributor-samson-adrian","29":"contributor-james-langdon","30":"season-34","31":"subject-binding-fr","32":"subject-book-fr","33":"subject-cover-fr","34":"subject-ecal-fr","35":"subject-graphic-design-fr","36":"subject-manipulation-fr","37":"subject-offset-printing-fr","38":"subject-paper-fr","39":"subject-photography-fr","40":"subject-printed-matter-fr","41":"subject-process-fr","42":"subject-publishing-fr","43":"subject-reprint-fr","44":"subject-the-most-beautiful-swiss-book-fr","45":"subject-typography-fr","46":"artist-cornel-windlin","47":"artist-laurent-benner","48":"artist-norm","50":"first","51":"instock","52":"featured","53":"shipping-taxable","54":"purchasable","55":"product-type-simple"},"_links":{"self":[{"href":"https:\/\/e-m-p-i-r-e.eu\/fr\/wp-json\/wp\/v2\/product\/17534","targetHints":{"allow":["GET"]}}],"collection":[{"href":"https:\/\/e-m-p-i-r-e.eu\/fr\/wp-json\/wp\/v2\/product"}],"about":[{"href":"https:\/\/e-m-p-i-r-e.eu\/fr\/wp-json\/wp\/v2\/types\/product"}],"replies":[{"embeddable":true,"href":"https:\/\/e-m-p-i-r-e.eu\/fr\/wp-json\/wp\/v2\/comments?post=17534"}],"wp:featuredmedia":[{"embeddable":true,"href":"https:\/\/e-m-p-i-r-e.eu\/fr\/wp-json\/wp\/v2\/media\/17193"}],"wp:attachment":[{"href":"https:\/\/e-m-p-i-r-e.eu\/fr\/wp-json\/wp\/v2\/media?parent=17534"}],"wp:term":[{"taxonomy":"product_brand","embeddable":true,"href":"https:\/\/e-m-p-i-r-e.eu\/fr\/wp-json\/wp\/v2\/product_brand?post=17534"},{"taxonomy":"product_cat","embeddable":true,"href":"https:\/\/e-m-p-i-r-e.eu\/fr\/wp-json\/wp\/v2\/product_cat?post=17534"},{"taxonomy":"product_tag","embeddable":true,"href":"https:\/\/e-m-p-i-r-e.eu\/fr\/wp-json\/wp\/v2\/product_tag?post=17534"},{"taxonomy":"contributor","embeddable":true,"href":"https:\/\/e-m-p-i-r-e.eu\/fr\/wp-json\/wp\/v2\/contributor?post=17534"},{"taxonomy":"season","embeddable":true,"href":"https:\/\/e-m-p-i-r-e.eu\/fr\/wp-json\/wp\/v2\/season?post=17534"},{"taxonomy":"subject","embeddable":true,"href":"https:\/\/e-m-p-i-r-e.eu\/fr\/wp-json\/wp\/v2\/subject?post=17534"},{"taxonomy":"collection","embeddable":true,"href":"https:\/\/e-m-p-i-r-e.eu\/fr\/wp-json\/wp\/v2\/collection?post=17534"},{"taxonomy":"artist","embeddable":true,"href":"https:\/\/e-m-p-i-r-e.eu\/fr\/wp-json\/wp\/v2\/artist?post=17534"},{"taxonomy":"limited_edition","embeddable":true,"href":"https:\/\/e-m-p-i-r-e.eu\/fr\/wp-json\/wp\/v2\/limited_edition?post=17534"}],"curies":[{"name":"wp","href":"https:\/\/api.w.org\/{rel}","templated":true}]}}