{"id":17533,"date":"2021-08-24T13:31:42","date_gmt":"2021-08-24T11:31:42","guid":{"rendered":"https:\/\/e-m-p-i-r-e.eu\/produit\/n22-special-issue-artists-posters-authors-thierry-chancogne-jerome-dupeyrat-mathias-augustyniak\/"},"modified":"2026-02-10T10:08:19","modified_gmt":"2026-02-10T09:08:19","slug":"n22-special-issue-artists-posters-authors-thierry-chancogne-jerome-dupeyrat-mathias-augustyniak","status":"publish","type":"product","link":"https:\/\/e-m-p-i-r-e.eu\/fr\/produit\/n22-special-issue-artists-posters-authors-thierry-chancogne-jerome-dupeyrat-mathias-augustyniak\/","title":{"rendered":"n\u00b022 \u2014 Num\u00e9ro Sp\u00e9cial : Les affiches d\u2019artistes. Auteurs : Thierry Chancogne, J\u00e9r\u00f4me Dupeyrat, Mathias Augustyniak"},"content":{"rendered":"<p>\u00c0 l\u2019occasion de la visite de l\u2019exposition au MRAC Occitanie\/Pyr\u00e9n\u00e9es-M\u00e9diterran\u00e9e \u00ab\u00a0Honey I Rearranged The Collection\u00a0\u00bb, J\u00e9r\u00f4me Dupeyrat et Thierry Chancogne reprennent leur discussion autour des rapports controvers\u00e9s de l\u2019art et du graphisme \u00e0 partir d\u2019une collection historique de \u00ab\u00a0posters d\u2019artistes\u00a0\u00bb.<\/p>\n<p class=\"p1\">\u00a0 \u00a0 \u00a0 \u00a0 \u00a0\u00a0Le poster ou l\u2019affiche d\u2019artiste est \u00e0 la fois l\u2019ancien support oblig\u00e9 de la publicit\u00e9 des manifestations artistiques produit par les artistes, le m\u00e9dium historique d\u2019une certaine passion de la peinture de l\u2019affiche \u00e0 la fran\u00e7aise comme celui de la volont\u00e9 de d\u00e9mocratisation de l\u2019art d\u2019une certaine pratique artistique, le sympt\u00f4me ou le symbole de possibles nouveaux rapports du graphisme et de l\u2019art \u00e0 l\u2019\u00e8re d\u2019une nouvelle culture graphique des artistes et d\u2019une nouvelle ambition artistique des graphistes.<\/p>\n<p class=\"p1\">\u00a0 \u00a0 \u00a0 \u00a0 \u00a0\u00a0Les \u00e9changes th\u00e9matiques nourris de r\u00e9f\u00e9rences th\u00e9oriques, artistiques et graphiques issues de l\u2019histoire r\u00e9cente et contemporaine seront ponctu\u00e9s de r\u00e9flexions de Mathias Augustinyak, fort de ses exp\u00e9riences du poster pour artistes, du poster d\u2019artiste, du poster artistique, de l\u2019art du poster.<\/p>\n<p class=\"p1\">\u00a0 \u00a0 \u00a0 \u00a0 \u00a0\u00a0Num\u00e9ro sp\u00e9cial 72 pages<\/p>\n","protected":false},"excerpt":{"rendered":"<p>Auteurs : Thierry Chancogne, J\u00e9r\u00f4me Dupeyrat, Mathias Augustyniak<br \/>\n72 pages, 21 \u00d7 29,7 cm, CMJN + 1 PMS<br \/>\n27 mai 2020<br \/>\nisbn 979-10-95991-21-2<\/p>\n","protected":false},"featured_media":17185,"comment_status":"open","ping_status":"closed","template":"","meta":[],"product_brand":[],"product_cat":[3849],"product_tag":[4370,4371,4372,203,4373,4099,4374,1153,3962,3963,1084,4375,1077,4376,4377,4378,4379,3868,4380,4381,4382,4076,3974,4383,4384,4385],"contributor":[42,142,141,50],"season":[34],"subject":[3185,3142,3909,3977,3901,3916],"collection":[],"artist":[4368,4367,4369,3814,4366,4364,4365],"limited_edition":[],"class_list":{"0":"post-17533","1":"product","2":"type-product","3":"status-publish","4":"has-post-thumbnail","6":"product_cat-revue-faire-fr","7":"product_tag-allan-kaprow-fr-2","8":"product_tag-allen-ruppersberg-fr-2","9":"product_tag-andy-warhol-fr-2","10":"product_tag-art-fr","11":"product_tag-claes-oldenburg-fr-2","12":"product_tag-contemporary-art-fr","13":"product_tag-daniel-buren-fr-2","14":"product_tag-dieter-roth-fr","15":"product_tag-exhibition-fr","16":"product_tag-exhibition-view-fr","17":"product_tag-hanne-darboven-fr","18":"product_tag-honey-i-rearranged-the-collection-fr-2","19":"product_tag-james-lee-byars-fr","20":"product_tag-jean-dubuffet-fr-2","21":"product_tag-jenny-holzer-fr-2","22":"product_tag-john-baldessari-fr-2","23":"product_tag-lawrence-weiner-fr-2","24":"product_tag-m-m-paris-fr-2","25":"product_tag-michael-riedel-fr-2","26":"product_tag-michel-quarez-fr-2","27":"product_tag-mrac-serignan-fr-2","28":"product_tag-poster-fr-2","29":"product_tag-richard-hamilton-fr-2","30":"product_tag-robert-rauschenberg-fr","31":"product_tag-sturtevant-fr-2","32":"product_tag-thomas-hirschhorn-fr-2","33":"contributor-jerome-dupeyrat","34":"contributor-m-m-paris","35":"contributor-mathias-augustyniak","36":"contributor-thierry-chancogne","37":"season-34","38":"subject-art-fr","39":"subject-collection-fr","40":"subject-contemporary-art-fr","41":"subject-exhibition-fr","42":"subject-graphic-design-fr","43":"subject-poster-fr","44":"artist-allan-kaprow","45":"artist-jenny-holzer","46":"artist-john-baldessari","47":"artist-m-m-paris","48":"artist-michael-riedel","49":"artist-richard-hamilton","50":"artist-sturtevant","52":"first","53":"instock","54":"featured","55":"shipping-taxable","56":"purchasable","57":"product-type-simple"},"_links":{"self":[{"href":"https:\/\/e-m-p-i-r-e.eu\/fr\/wp-json\/wp\/v2\/product\/17533","targetHints":{"allow":["GET"]}}],"collection":[{"href":"https:\/\/e-m-p-i-r-e.eu\/fr\/wp-json\/wp\/v2\/product"}],"about":[{"href":"https:\/\/e-m-p-i-r-e.eu\/fr\/wp-json\/wp\/v2\/types\/product"}],"replies":[{"embeddable":true,"href":"https:\/\/e-m-p-i-r-e.eu\/fr\/wp-json\/wp\/v2\/comments?post=17533"}],"wp:featuredmedia":[{"embeddable":true,"href":"https:\/\/e-m-p-i-r-e.eu\/fr\/wp-json\/wp\/v2\/media\/17185"}],"wp:attachment":[{"href":"https:\/\/e-m-p-i-r-e.eu\/fr\/wp-json\/wp\/v2\/media?parent=17533"}],"wp:term":[{"taxonomy":"product_brand","embeddable":true,"href":"https:\/\/e-m-p-i-r-e.eu\/fr\/wp-json\/wp\/v2\/product_brand?post=17533"},{"taxonomy":"product_cat","embeddable":true,"href":"https:\/\/e-m-p-i-r-e.eu\/fr\/wp-json\/wp\/v2\/product_cat?post=17533"},{"taxonomy":"product_tag","embeddable":true,"href":"https:\/\/e-m-p-i-r-e.eu\/fr\/wp-json\/wp\/v2\/product_tag?post=17533"},{"taxonomy":"contributor","embeddable":true,"href":"https:\/\/e-m-p-i-r-e.eu\/fr\/wp-json\/wp\/v2\/contributor?post=17533"},{"taxonomy":"season","embeddable":true,"href":"https:\/\/e-m-p-i-r-e.eu\/fr\/wp-json\/wp\/v2\/season?post=17533"},{"taxonomy":"subject","embeddable":true,"href":"https:\/\/e-m-p-i-r-e.eu\/fr\/wp-json\/wp\/v2\/subject?post=17533"},{"taxonomy":"collection","embeddable":true,"href":"https:\/\/e-m-p-i-r-e.eu\/fr\/wp-json\/wp\/v2\/collection?post=17533"},{"taxonomy":"artist","embeddable":true,"href":"https:\/\/e-m-p-i-r-e.eu\/fr\/wp-json\/wp\/v2\/artist?post=17533"},{"taxonomy":"limited_edition","embeddable":true,"href":"https:\/\/e-m-p-i-r-e.eu\/fr\/wp-json\/wp\/v2\/limited_edition?post=17533"}],"curies":[{"name":"wp","href":"https:\/\/api.w.org\/{rel}","templated":true}]}}