{"id":17532,"date":"2021-08-24T13:34:40","date_gmt":"2021-08-24T11:34:40","guid":{"rendered":"https:\/\/e-m-p-i-r-e.eu\/produit\/n23-a-portrait-the-master-approving-of-his-own-work-author-ziga-testen\/"},"modified":"2026-02-10T10:03:41","modified_gmt":"2026-02-10T09:03:41","slug":"n23-a-portrait-the-master-approving-of-his-own-work-author-ziga-testen","status":"publish","type":"product","link":"https:\/\/e-m-p-i-r-e.eu\/fr\/produit\/n23-a-portrait-the-master-approving-of-his-own-work-author-ziga-testen\/","title":{"rendered":"n\u00b023 \u2014 Un portrait : Le ma\u00eetre satisfait de son propre travail. Auteur : \u017diga Testen"},"content":{"rendered":"<p>Dans cet article, \u017diga Testen, graphiste et\u00a0universitaire bas\u00e9 \u00e0 Melbourne, se concentre sur\u00a0une seule image : un portrait photographique\u00a0d\u2019une figure historique bien connue, le concepteur\u00a0et typographe Jan Tschichold. Par l\u00e0 \u017diga Testen\u00a0fouille les ruines d\u2019une histoire du design alors que\u00a0la confiance dans cette institution et ses m\u00e9tar\u00e9cits\u00a0s\u2019est \u00e9rod\u00e9e. Testen questionne ce qui a pu\u00a0\u00eatre consid\u00e9r\u00e9 comme la forme canonique de\u00a0l\u2019histoire du design graphique, comment et dans\u00a0quelles perspectives on a \u00e9crit \u00e0 son sujet. En\u00a0particulier, il s\u2019int\u00e9resse \u00e0 la fa\u00e7on dont cette\u00a0photographie a \u00e9t\u00e9 utilis\u00e9e et quelles histoires en\u00a0ont \u00e9t\u00e9 racont\u00e9es.<\/p>\n","protected":false},"excerpt":{"rendered":"<p>Auteur: \u017diga Testen<br \/>\n24 pages, 21 \u00d7 29,7 cm CMJN<br \/>\n9 September 2020<br \/>\nisbn 979-10-95991-17-5<br \/>\nissn 2558-2062<\/p>\n","protected":false},"featured_media":17157,"comment_status":"open","ping_status":"closed","template":"","meta":[],"product_brand":[],"product_cat":[3849],"product_tag":[3888,3889,3891,4351,4352,3943,3946,3894,3983,4353,4340,4354,4355,3971,4343,4356,4357,4358,4359,4360,4361,4362,3878,4363],"contributor":[143],"season":[34],"subject":[3899,3133,3900,3901,3902,3197,3885,3146,3128,3139,3990,3882],"collection":[],"artist":[4350],"limited_edition":[],"class_list":{"0":"post-17532","1":"product","2":"type-product","3":"status-publish","4":"has-post-thumbnail","6":"product_cat-revue-faire-fr","7":"product_tag-book-fr-2","8":"product_tag-book-design-fr","9":"product_tag-cover-fr","10":"product_tag-franck-bolliger-fr-2","11":"product_tag-franck-bollinger-fr-2","12":"product_tag-germany-fr","13":"product_tag-history-fr","14":"product_tag-identity-fr-2","15":"product_tag-jan-tschichold-fr-2","16":"product_tag-jost-hochuli-fr-2","17":"product_tag-max-bill-fr-2","18":"product_tag-new-typography-fr-2","19":"product_tag-penguin-books-fr-2","20":"product_tag-photography-fr","21":"product_tag-portrait-fr-2","22":"product_tag-richard-doubleday-fr-2","23":"product_tag-richard-hollis-fr-2","24":"product_tag-robin-kinross-fr-2","25":"product_tag-ruari-mclean-fr-2","26":"product_tag-stanley-morison-fr-2","27":"product_tag-switzerland-fr","28":"product_tag-the-most-beautiful-swiss-books-fr","29":"product_tag-typography-fr","30":"product_tag-united-kingdom-fr","31":"contributor-ziga-testen","32":"season-34","33":"subject-book-fr","34":"subject-communication-fr","35":"subject-cover-fr","36":"subject-graphic-design-fr","37":"subject-identity-fr","38":"subject-image-fr","39":"subject-photography-fr","40":"subject-portrait-fr","41":"subject-reproduction-fr","42":"subject-signature-fr","43":"subject-the-most-beautiful-swiss-book-fr","44":"subject-typography-fr","45":"artist-jan-tschichold","47":"first","48":"instock","49":"featured","50":"shipping-taxable","51":"purchasable","52":"product-type-simple"},"_links":{"self":[{"href":"https:\/\/e-m-p-i-r-e.eu\/fr\/wp-json\/wp\/v2\/product\/17532","targetHints":{"allow":["GET"]}}],"collection":[{"href":"https:\/\/e-m-p-i-r-e.eu\/fr\/wp-json\/wp\/v2\/product"}],"about":[{"href":"https:\/\/e-m-p-i-r-e.eu\/fr\/wp-json\/wp\/v2\/types\/product"}],"replies":[{"embeddable":true,"href":"https:\/\/e-m-p-i-r-e.eu\/fr\/wp-json\/wp\/v2\/comments?post=17532"}],"wp:featuredmedia":[{"embeddable":true,"href":"https:\/\/e-m-p-i-r-e.eu\/fr\/wp-json\/wp\/v2\/media\/17157"}],"wp:attachment":[{"href":"https:\/\/e-m-p-i-r-e.eu\/fr\/wp-json\/wp\/v2\/media?parent=17532"}],"wp:term":[{"taxonomy":"product_brand","embeddable":true,"href":"https:\/\/e-m-p-i-r-e.eu\/fr\/wp-json\/wp\/v2\/product_brand?post=17532"},{"taxonomy":"product_cat","embeddable":true,"href":"https:\/\/e-m-p-i-r-e.eu\/fr\/wp-json\/wp\/v2\/product_cat?post=17532"},{"taxonomy":"product_tag","embeddable":true,"href":"https:\/\/e-m-p-i-r-e.eu\/fr\/wp-json\/wp\/v2\/product_tag?post=17532"},{"taxonomy":"contributor","embeddable":true,"href":"https:\/\/e-m-p-i-r-e.eu\/fr\/wp-json\/wp\/v2\/contributor?post=17532"},{"taxonomy":"season","embeddable":true,"href":"https:\/\/e-m-p-i-r-e.eu\/fr\/wp-json\/wp\/v2\/season?post=17532"},{"taxonomy":"subject","embeddable":true,"href":"https:\/\/e-m-p-i-r-e.eu\/fr\/wp-json\/wp\/v2\/subject?post=17532"},{"taxonomy":"collection","embeddable":true,"href":"https:\/\/e-m-p-i-r-e.eu\/fr\/wp-json\/wp\/v2\/collection?post=17532"},{"taxonomy":"artist","embeddable":true,"href":"https:\/\/e-m-p-i-r-e.eu\/fr\/wp-json\/wp\/v2\/artist?post=17532"},{"taxonomy":"limited_edition","embeddable":true,"href":"https:\/\/e-m-p-i-r-e.eu\/fr\/wp-json\/wp\/v2\/limited_edition?post=17532"}],"curies":[{"name":"wp","href":"https:\/\/api.w.org\/{rel}","templated":true}]}}