{"id":17531,"date":"2021-08-24T13:36:27","date_gmt":"2021-08-24T11:36:27","guid":{"rendered":"https:\/\/e-m-p-i-r-e.eu\/produit\/n24-a-theater-identity-the-schauspielhaus-by-cornel-windlin-authors-etienne-hervy-and-thierry-chancogne\/"},"modified":"2026-02-10T09:59:24","modified_gmt":"2026-02-10T08:59:24","slug":"n24-a-theater-identity-the-schauspielhaus-by-cornel-windlin-authors-etienne-hervy-and-thierry-chancogne","status":"publish","type":"product","link":"https:\/\/e-m-p-i-r-e.eu\/fr\/produit\/n24-a-theater-identity-the-schauspielhaus-by-cornel-windlin-authors-etienne-hervy-and-thierry-chancogne\/","title":{"rendered":"n\u00b024 \u2014 Une identit\u00e9 de th\u00e9\u00e2tre : le Schauspielhaus par Cornel Windlin. Auteurs : \u00c9tienne Hervy et Thierry Chancogne"},"content":{"rendered":"<p class=\"p1\">\u00a0 \u00a0 \u00a0 \u00a0 \u00a0\u00a0Une masse<br \/>\nCon\u00e7ue par Cornel Windlin (et\/avec Gregor Huber) communication du Schauspielhaus de Z\u00fcrich pour les saisons 2009\/10 et 2010\/11 appara\u00eet simultan\u00e9ment \u00e0 l\u2019arr\u00eat de la collaboration de designers avec le th\u00e9\u00e2tre\u00a0: le Grand Prix de la biennale de Brno en 2010, le 1<sup>er<\/sup> prix du concours international et une exposition \u00e0 Chaumont l\u2019ann\u00e9e suivante en m\u00eame temps qu\u2019un Swiss Federal Design Award, une br\u00e8ve apparition dans les revues et sites sp\u00e9cialis\u00e9s et puis rien. Une fois encore, Cornel Windlin est redevenu rare, laissant un travail qui s\u2019impose dans un silence lourd par son amplitude et sa compl\u00e9tude. Par la masse prot\u00e9iforme de l\u2019imagerie m\u00e9diatique qu\u2019il r\u00e9active.<\/p>\n<p class=\"p1\">\u00a0 \u00a0 \u00a0 \u00a0 \u00a0\u00a0S\u00e9ries d\u2019affiches de saison, affiches de spectacle, programmes annuels et mensuels, livrets d\u00e9di\u00e9s \u00e0 chaque pi\u00e8ce, invitations, flyers, mat\u00e9riel graphique de la programmation jeune public\u2026 tout est l\u00e0, compos\u00e9 dans une graisse tun\u00e9e sp\u00e9cifiquement de l\u2019Unica77 num\u00e9ris\u00e9 avec l\u2019\u00e9quipe originelle de ses concepteurs par la fonderie Lineto (Windlin aussi), tout fait bloc dans cet aveuglement propre aux jours d\u2019\u00e9clipse o\u00f9 se d\u00e9tache le disque noir choisi comme identifiant par Windlin pour le Schauspielhaus. Dix ann\u00e9es plus tard, il s\u2019agira d\u2019en proposer une r\u00e9ception m\u00e9ticuleusement ordonn\u00e9e, renseign\u00e9e par Cornel Widlin et mise en perspective cavali\u00e8re par l\u2019analyse de Thierry Chancogne.<span class=\"Apple-converted-space\">\u00a0<\/span><\/p>\n","protected":false},"excerpt":{"rendered":"<p>Auteurs: \u00c9tienne Hervy et Thierry Chancogne<br \/>\n36 pages,\u00a021 \u00d7 29,7 cm, CMJN<br \/>\n23 septembre 2020<br \/>\nisbn 979-10-95991-17-5<br \/>\nissn 2558-2062<\/p>\n","protected":false},"featured_media":17149,"comment_status":"open","ping_status":"closed","template":"","meta":[],"product_brand":[],"product_cat":[3849],"product_tag":[4329,4330,4331,3982,4332,4049,4333,4334,4335,4226,4142,3894,3965,4336,4337,3866,4338,4229,4339,3868,4340,4341,4342,3971,4343,4076,4026,4344,4059,4235,4345,4346,4078,4347,4121,3878,4348,4064,4349],"contributor":[97,50],"season":[34],"subject":[3200,3114,3133,3901,4147,3902,3197,3136,3915,4191,3885,3146,3916,3917,3904,3128,4080,3882],"collection":[],"artist":[3819,3815,4328],"limited_edition":[],"class_list":{"0":"post-17531","1":"product","2":"type-product","3":"status-publish","4":"has-post-thumbnail","6":"product_cat-revue-faire-fr","7":"product_tag-andre-gurtler-fr-2","8":"product_tag-armin-hoffman-fr-2","9":"product_tag-christian-mengelt-fr-2","10":"product_tag-cornel-windlin-fr-2","11":"product_tag-erich-gschwind-fr-2","12":"product_tag-graphic-identity-fr","13":"product_tag-gregor-huber-fr-2","14":"product_tag-haas-fr-2","15":"product_tag-haas-unica-fr-2","16":"product_tag-hans-rudolf-lutz-fr-2","17":"product_tag-iconographers-fr","18":"product_tag-identity-fr-2","19":"product_tag-image-fr-2","20":"product_tag-isabel-truniger-fr-2","21":"product_tag-josef-muller-brockmann-fr-2","22":"product_tag-laurenz-brunner-fr-2","23":"product_tag-leaflets-fr","24":"product_tag-lineto-fr-2","25":"product_tag-ludwig-schopp-fr-2","26":"product_tag-m-m-paris-fr-2","27":"product_tag-max-bill-fr-2","28":"product_tag-neville-brody-fr-2","29":"product_tag-nieves-book-fr-2","30":"product_tag-photography-fr","31":"product_tag-portrait-fr-2","32":"product_tag-poster-fr-2","33":"product_tag-reproduction-fr-2","34":"product_tag-reusing-fr","35":"product_tag-schauspielhaus-zurich-fr-2","36":"product_tag-stephan-muller-fr-2","37":"product_tag-team-77-fr-2","38":"product_tag-team77-fr-2","39":"product_tag-theater-fr","40":"product_tag-theater-identity-fr","41":"product_tag-type-design-fr","42":"product_tag-typography-fr","43":"product_tag-unica-fr-2","44":"product_tag-visual-identity-fr","45":"product_tag-zurich-fr-2","46":"contributor-etienne-hervy","47":"contributor-thierry-chancogne","48":"season-34","49":"subject-appropriation-fr","50":"subject-archive-fr","51":"subject-communication-fr","52":"subject-graphic-design-fr","53":"subject-iconographer-fr","54":"subject-identity-fr","55":"subject-image-fr","56":"subject-logo-fr","57":"subject-offset-printing-fr","58":"subject-paper-fr","59":"subject-photography-fr","60":"subject-portrait-fr","61":"subject-poster-fr","62":"subject-printed-matter-fr","63":"subject-publishing-fr","64":"subject-reproduction-fr","65":"subject-theather-fr","66":"subject-typography-fr","67":"artist-cornel-windlin","68":"artist-laurenz-brunner","69":"artist-stephan-muller","71":"first","72":"instock","73":"featured","74":"shipping-taxable","75":"purchasable","76":"product-type-simple"},"_links":{"self":[{"href":"https:\/\/e-m-p-i-r-e.eu\/fr\/wp-json\/wp\/v2\/product\/17531","targetHints":{"allow":["GET"]}}],"collection":[{"href":"https:\/\/e-m-p-i-r-e.eu\/fr\/wp-json\/wp\/v2\/product"}],"about":[{"href":"https:\/\/e-m-p-i-r-e.eu\/fr\/wp-json\/wp\/v2\/types\/product"}],"replies":[{"embeddable":true,"href":"https:\/\/e-m-p-i-r-e.eu\/fr\/wp-json\/wp\/v2\/comments?post=17531"}],"wp:featuredmedia":[{"embeddable":true,"href":"https:\/\/e-m-p-i-r-e.eu\/fr\/wp-json\/wp\/v2\/media\/17149"}],"wp:attachment":[{"href":"https:\/\/e-m-p-i-r-e.eu\/fr\/wp-json\/wp\/v2\/media?parent=17531"}],"wp:term":[{"taxonomy":"product_brand","embeddable":true,"href":"https:\/\/e-m-p-i-r-e.eu\/fr\/wp-json\/wp\/v2\/product_brand?post=17531"},{"taxonomy":"product_cat","embeddable":true,"href":"https:\/\/e-m-p-i-r-e.eu\/fr\/wp-json\/wp\/v2\/product_cat?post=17531"},{"taxonomy":"product_tag","embeddable":true,"href":"https:\/\/e-m-p-i-r-e.eu\/fr\/wp-json\/wp\/v2\/product_tag?post=17531"},{"taxonomy":"contributor","embeddable":true,"href":"https:\/\/e-m-p-i-r-e.eu\/fr\/wp-json\/wp\/v2\/contributor?post=17531"},{"taxonomy":"season","embeddable":true,"href":"https:\/\/e-m-p-i-r-e.eu\/fr\/wp-json\/wp\/v2\/season?post=17531"},{"taxonomy":"subject","embeddable":true,"href":"https:\/\/e-m-p-i-r-e.eu\/fr\/wp-json\/wp\/v2\/subject?post=17531"},{"taxonomy":"collection","embeddable":true,"href":"https:\/\/e-m-p-i-r-e.eu\/fr\/wp-json\/wp\/v2\/collection?post=17531"},{"taxonomy":"artist","embeddable":true,"href":"https:\/\/e-m-p-i-r-e.eu\/fr\/wp-json\/wp\/v2\/artist?post=17531"},{"taxonomy":"limited_edition","embeddable":true,"href":"https:\/\/e-m-p-i-r-e.eu\/fr\/wp-json\/wp\/v2\/limited_edition?post=17531"}],"curies":[{"name":"wp","href":"https:\/\/api.w.org\/{rel}","templated":true}]}}