{"id":17530,"date":"2021-08-24T13:39:48","date_gmt":"2021-08-24T11:39:48","guid":{"rendered":"https:\/\/e-m-p-i-r-e.eu\/produit\/n25-exhibition-views-jonathan-monk-author-remi-parcollet\/"},"modified":"2026-02-10T09:55:07","modified_gmt":"2026-02-10T08:55:07","slug":"n25-exhibition-views-jonathan-monk-author-remi-parcollet","status":"publish","type":"product","link":"https:\/\/e-m-p-i-r-e.eu\/fr\/produit\/n25-exhibition-views-jonathan-monk-author-remi-parcollet\/","title":{"rendered":"n\u00b025 \u2014 Image d\u2019exposition : exposer l\u2019\u0153uvre avec son contexte d\u2019apparition. Jonathan Monk. Auteur : Remi Parcollet"},"content":{"rendered":"<p>Les photographies d\u2019\u0153uvres en situation d\u2019exposition ou d\u2019atelier \u00e9largis \u00e0 la taille du mur deviennent une composante essentielle et de plus en plus syst\u00e9matique de la mus\u00e9ographie contemporaine. Le conservateur institutionnel accompagn\u00e9 de son sc\u00e9nographe, tout comme le curateur ind\u00e9pendant, l\u2019exploitent autant pour re-contextualiser les \u0153uvres que pour les qualit\u00e9s esth\u00e9tiques d\u2019une image documentaire devenue immersive et r\u00e9flexive.<\/p>\n<p class=\"p1\">\u00a0 \u00a0 \u00a0 \u00a0 \u00a0\u00a0Le rapport, \u00e9videmment plus riche, des artistes \u00e0 ces images singuli\u00e8res, r\u00e9v\u00e8le, de diff\u00e9rentes mani\u00e8res, les enjeux actuels de l\u2019acte d\u2019exposer.<\/p>\n<p class=\"p1\">\u00a0 \u00a0 \u00a0 \u00a0 \u00a0\u00a0Pour construire une forme de r\u00e9trospective de son travail Jonathan Monk a ainsi d\u00e9but\u00e9 en 2016 une s\u00e9rie d\u2019expositions intitul\u00e9e\u00a0\u00ab\u00a0Exhibit Model\u00a0\u00bb*, consistant \u00e0 recouvrir les murs de l\u2019espace d\u2019exposition par des photographies d\u2019archives documentant ses propres \u0153uvres des vingt derni\u00e8res ann\u00e9es dans diff\u00e9rents contextes. Marie J. Jean con\u00e7oit ces vues d\u2019exposition mises en espace comme\u00a0r\u00e9alit\u00e9 augment\u00e9e\u00a0: \u00ab\u00a0Cette mani\u00e8re de reconsid\u00e9rer l\u2019exposition, c\u2019est-\u00e0-dire d\u2019exposer l\u2019\u0153uvre avec son contexte d\u2019apparition, nous rappelle que l\u2019\u0153uvre d\u2019art \u00ab est un lieu \u00bb, \u00ab institue un lieu \u00bb, est \u00ab un avoir lieu**. \u00bb<\/p>\n<p class=\"p1\">\u00a0 \u00a0 \u00a0 \u00a0 \u00a0\u00a0Mais pour Jonathan Monk, qui utilise souvent les \u0153uvres d\u2019autres artistes, n\u2019est-ce pas simplement une mani\u00e8re de s\u2019approprier son propre travail\u2009?<\/p>\n<p><span class=\"serif\">* \u2014 Kunsthaus Baselland et Galerie Nicolai Wallner \u00e0 Copenhague en 2016, VOX, centre de l\u2019image contemporaine de Montr\u00e9al en 2017, KINDL, Centre d\u2019art contemporain de Berlin en 2019.<\/span><\/p>\n<p><span class=\"serif\">** \u2014\u00a0Marie J. Jean. \u00ab\u00a0Autour de Jonathan Monk. Les vues d\u2019expositions comme r\u00e9alit\u00e9 augment\u00e9e.\u00a0\u00bb <i>Ciel variable<\/i>,\u00a0num\u00e9ro\u00a0109, printemps 2018, p.\u00a056\u201365<\/span><\/p>\n<p>&nbsp;<\/p>\n<p><img loading=\"lazy\" decoding=\"async\" src=\"https:\/\/e-m-p-i-r-e.eu\/wp-content\/uploads\/2021\/08\/Revue-Faire-Issue-25-Exhibition-views-Jonathan-Monk-Remi-Parcollet_POSTER.jpg\" alt=\"\" width=\"1500\" height=\"1125\" \/><br \/>\n<span style=\"text-decoration: underline;\">Jonathan Monk, \u00abExhibit Model Four\u00bb, 2019 Kindl, Berlin. Photographie: Jens Ziehe<\/span>. <span class=\"s1\">A1 format poster printed in CMYK on blue back paper<br \/>\n<\/span><br \/>\n<\/p>\n","protected":false},"excerpt":{"rendered":"<p>Auteur: Remi Parcollet<br \/>\n20 pages,\u00a021 \u00d7 29,7 cm, CMJN<br \/>\n14 octobre 2020<\/p>\n<p>isbn 979-10-95991-17-5<br \/>\nissn 2558-2062<\/p>\n","protected":false},"featured_media":17135,"comment_status":"open","ping_status":"closed","template":"","meta":[],"product_brand":[],"product_cat":[3849],"product_tag":[],"contributor":[2225,144],"season":[34],"subject":[3185,3909,3977,3978,3885],"collection":[],"artist":[3935,4327],"limited_edition":[],"class_list":{"0":"post-17530","1":"product","2":"type-product","3":"status-publish","4":"has-post-thumbnail","6":"product_cat-revue-faire-fr","7":"contributor-jonathan-monk","8":"contributor-remi-parcollet","9":"season-34","10":"subject-art-fr","11":"subject-contemporary-art-fr","12":"subject-exhibition-fr","13":"subject-exhibition-view-fr","14":"subject-photography-fr","15":"artist-herbert-bayer","16":"artist-jonathan-monk","18":"first","19":"outofstock","20":"featured","21":"shipping-taxable","22":"product-type-simple"},"_links":{"self":[{"href":"https:\/\/e-m-p-i-r-e.eu\/fr\/wp-json\/wp\/v2\/product\/17530","targetHints":{"allow":["GET"]}}],"collection":[{"href":"https:\/\/e-m-p-i-r-e.eu\/fr\/wp-json\/wp\/v2\/product"}],"about":[{"href":"https:\/\/e-m-p-i-r-e.eu\/fr\/wp-json\/wp\/v2\/types\/product"}],"replies":[{"embeddable":true,"href":"https:\/\/e-m-p-i-r-e.eu\/fr\/wp-json\/wp\/v2\/comments?post=17530"}],"wp:featuredmedia":[{"embeddable":true,"href":"https:\/\/e-m-p-i-r-e.eu\/fr\/wp-json\/wp\/v2\/media\/17135"}],"wp:attachment":[{"href":"https:\/\/e-m-p-i-r-e.eu\/fr\/wp-json\/wp\/v2\/media?parent=17530"}],"wp:term":[{"taxonomy":"product_brand","embeddable":true,"href":"https:\/\/e-m-p-i-r-e.eu\/fr\/wp-json\/wp\/v2\/product_brand?post=17530"},{"taxonomy":"product_cat","embeddable":true,"href":"https:\/\/e-m-p-i-r-e.eu\/fr\/wp-json\/wp\/v2\/product_cat?post=17530"},{"taxonomy":"product_tag","embeddable":true,"href":"https:\/\/e-m-p-i-r-e.eu\/fr\/wp-json\/wp\/v2\/product_tag?post=17530"},{"taxonomy":"contributor","embeddable":true,"href":"https:\/\/e-m-p-i-r-e.eu\/fr\/wp-json\/wp\/v2\/contributor?post=17530"},{"taxonomy":"season","embeddable":true,"href":"https:\/\/e-m-p-i-r-e.eu\/fr\/wp-json\/wp\/v2\/season?post=17530"},{"taxonomy":"subject","embeddable":true,"href":"https:\/\/e-m-p-i-r-e.eu\/fr\/wp-json\/wp\/v2\/subject?post=17530"},{"taxonomy":"collection","embeddable":true,"href":"https:\/\/e-m-p-i-r-e.eu\/fr\/wp-json\/wp\/v2\/collection?post=17530"},{"taxonomy":"artist","embeddable":true,"href":"https:\/\/e-m-p-i-r-e.eu\/fr\/wp-json\/wp\/v2\/artist?post=17530"},{"taxonomy":"limited_edition","embeddable":true,"href":"https:\/\/e-m-p-i-r-e.eu\/fr\/wp-json\/wp\/v2\/limited_edition?post=17530"}],"curies":[{"name":"wp","href":"https:\/\/api.w.org\/{rel}","templated":true}]}}