{"id":17528,"date":"2021-08-24T13:45:29","date_gmt":"2021-08-24T11:45:29","guid":{"rendered":"https:\/\/e-m-p-i-r-e.eu\/produit\/n27-rhizomes-of-london-archigram-and-mental-images-of-the-city-author-sonia-de-puineuf\/"},"modified":"2026-02-10T09:44:58","modified_gmt":"2026-02-10T08:44:58","slug":"n27-rhizomes-of-london-archigram-and-mental-images-of-the-city-author-sonia-de-puineuf","status":"publish","type":"product","link":"https:\/\/e-m-p-i-r-e.eu\/fr\/produit\/n27-rhizomes-of-london-archigram-and-mental-images-of-the-city-author-sonia-de-puineuf\/","title":{"rendered":"n\u00b027 \u2014 Rhizomes de Londres. Archigram et images mentales de la ville. Auteure : Sonia de Puineuf"},"content":{"rendered":"<p>La revue Archigram (1961-1970) \u00e9tait d\u00e9j\u00e0 regard\u00e9e et analys\u00e9e de pr\u00e8s par les architectes, historiens, th\u00e9oriciens et critiques de l\u2019architecture en tant que r\u00e9servoir d\u2019images et d\u2019id\u00e9es pour la pratique architecturale et urbanistique. La pr\u00e9sente \u00e9tude aborde Archigram sous un autre angle\u00a0: elle essaye de l\u2019interpr\u00e9ter comme un artefact r\u00e9ussi du design graphique en la confrontant aux r\u00e9alisations de son \u00e9poque et des \u00e9poques inspiratrices qui rel\u00e8vent du champ du graphisme, tant \u00e9ditorial qu\u2019environnemental. Elle tend \u00e0 expliquer l\u2019\u00e9volution graphique de la revue en prenant en compte les stimuli graphiques de Londres, la ville o\u00f9 le groupe d\u2019architectes d\u2019Archigram \u0153uvrait au quotidien. L\u2019\u00e9tude veut d\u00e9montrer que cette publication de prime abord d\u00e9routante par son h\u00e9t\u00e9rog\u00e9n\u00e9it\u00e9 s\u2019apparente \u00e0 une cartographie exhaustive des bruissements secrets et tendances \u00e9videntes de la m\u00e9tropole anglaise o\u00f9 l\u2019utopie futuriste de la ville dynamique prit corps d\u2019une mani\u00e8re particuli\u00e8re. Recensant le potentiel de Londres des mythiques Sixties, la revue Archigram se pr\u00e9sente comme une image rhizomique, miroir vivant de l\u2019organisme urbain.<\/p>\n","protected":false},"excerpt":{"rendered":"<p>Auteure : Sonia de Puineuf<br \/>\n12 pages, 21 \u00d7 29,7 cm, NB<\/p>\n<p>+ 1 A1 poster, CMJN<br \/>\n2 f\u00e9vrier 2021<\/p>\n<p>isbn 979-10-95991-18-2<br \/>\nissn 2558-2062<\/p>\n","protected":false},"featured_media":17117,"comment_status":"open","ping_status":"closed","template":"","meta":[],"product_brand":[],"product_cat":[3849],"product_tag":[4279,4280,4281,4282,4283,3858,4284,4285,3965,3867,4075,4286,3895,4287,4288,4289,4290,3896,4291,4292,4293,4294,3878],"contributor":[145],"season":[34],"subject":[3168,3901,3222,3881,3903,3979,3882],"collection":[],"artist":[4278],"limited_edition":[],"class_list":{"0":"post-17528","1":"product","2":"type-product","3":"status-publish","4":"has-post-thumbnail","6":"product_cat-revue-faire-fr","7":"product_tag-archigram-fr-2","8":"product_tag-architecture-fr-2","9":"product_tag-city-fr","10":"product_tag-data-fr-2","11":"product_tag-david-green-fr-2","12":"product_tag-edward-johnston-fr-2","13":"product_tag-edward-wright-fr-2","14":"product_tag-herbert-spencer-fr-2","15":"product_tag-image-fr-2","16":"product_tag-lettering-fr","17":"product_tag-logo-fr-2","18":"product_tag-london-fr","19":"product_tag-magazine-fr-2","20":"product_tag-map-fr","21":"product_tag-op-art-fr-2","22":"product_tag-peter-cook-fr-2","23":"product_tag-pop-fr-2","24":"product_tag-publishing-fr","25":"product_tag-representation-fr-2","26":"product_tag-self-publishing-fr-2","27":"product_tag-subway-maps-fr","28":"product_tag-theo-crosby-fr-2","29":"product_tag-typography-fr","30":"contributor-sonia-de-puineuf","31":"season-34","32":"subject-architecture-fr","33":"subject-graphic-design-fr","34":"subject-journal-fr","35":"subject-lettering-fr","36":"subject-magazine-fr","37":"subject-signage-fr","38":"subject-typography-fr","39":"artist-archigram","41":"first","42":"instock","43":"featured","44":"shipping-taxable","45":"purchasable","46":"product-type-simple"},"_links":{"self":[{"href":"https:\/\/e-m-p-i-r-e.eu\/fr\/wp-json\/wp\/v2\/product\/17528","targetHints":{"allow":["GET"]}}],"collection":[{"href":"https:\/\/e-m-p-i-r-e.eu\/fr\/wp-json\/wp\/v2\/product"}],"about":[{"href":"https:\/\/e-m-p-i-r-e.eu\/fr\/wp-json\/wp\/v2\/types\/product"}],"replies":[{"embeddable":true,"href":"https:\/\/e-m-p-i-r-e.eu\/fr\/wp-json\/wp\/v2\/comments?post=17528"}],"wp:featuredmedia":[{"embeddable":true,"href":"https:\/\/e-m-p-i-r-e.eu\/fr\/wp-json\/wp\/v2\/media\/17117"}],"wp:attachment":[{"href":"https:\/\/e-m-p-i-r-e.eu\/fr\/wp-json\/wp\/v2\/media?parent=17528"}],"wp:term":[{"taxonomy":"product_brand","embeddable":true,"href":"https:\/\/e-m-p-i-r-e.eu\/fr\/wp-json\/wp\/v2\/product_brand?post=17528"},{"taxonomy":"product_cat","embeddable":true,"href":"https:\/\/e-m-p-i-r-e.eu\/fr\/wp-json\/wp\/v2\/product_cat?post=17528"},{"taxonomy":"product_tag","embeddable":true,"href":"https:\/\/e-m-p-i-r-e.eu\/fr\/wp-json\/wp\/v2\/product_tag?post=17528"},{"taxonomy":"contributor","embeddable":true,"href":"https:\/\/e-m-p-i-r-e.eu\/fr\/wp-json\/wp\/v2\/contributor?post=17528"},{"taxonomy":"season","embeddable":true,"href":"https:\/\/e-m-p-i-r-e.eu\/fr\/wp-json\/wp\/v2\/season?post=17528"},{"taxonomy":"subject","embeddable":true,"href":"https:\/\/e-m-p-i-r-e.eu\/fr\/wp-json\/wp\/v2\/subject?post=17528"},{"taxonomy":"collection","embeddable":true,"href":"https:\/\/e-m-p-i-r-e.eu\/fr\/wp-json\/wp\/v2\/collection?post=17528"},{"taxonomy":"artist","embeddable":true,"href":"https:\/\/e-m-p-i-r-e.eu\/fr\/wp-json\/wp\/v2\/artist?post=17528"},{"taxonomy":"limited_edition","embeddable":true,"href":"https:\/\/e-m-p-i-r-e.eu\/fr\/wp-json\/wp\/v2\/limited_edition?post=17528"}],"curies":[{"name":"wp","href":"https:\/\/api.w.org\/{rel}","templated":true}]}}