{"id":17527,"date":"2021-08-24T13:47:06","date_gmt":"2021-08-24T11:47:06","guid":{"rendered":"https:\/\/e-m-p-i-r-e.eu\/produit\/n28-the-conference-a-format-authors-manon-bruet-area-of-work\/"},"modified":"2026-02-10T09:41:17","modified_gmt":"2026-02-10T08:41:17","slug":"n28-the-conference-a-format-authors-manon-bruet-area-of-work","status":"publish","type":"product","link":"https:\/\/e-m-p-i-r-e.eu\/fr\/produit\/n28-the-conference-a-format-authors-manon-bruet-area-of-work\/","title":{"rendered":"n\u00b028 \u2014 Un format : la conf\u00e9rence. Auteure : Manon Bruet avec Area of Work"},"content":{"rendered":"<p>Dans le champ du design graphique, les espaces de m\u00e9diatisation du travail sont de plus en plus nombreux.<\/p>\n<p class=\"p1\">\u00a0 \u00a0 \u00a0 \u00a0 \u00a0\u00a0La conf\u00e9rence, entre autres, permet d\u2019expliciter les pratiques et les m\u00e9thodologies des designers. Pour certains, elle est l\u2019occasion de dresser l\u2019\u00e9tat des lieux d\u2019une d\u00e9marche, un inventaire des formes produites. Pour d\u2019autres, au contraire, elle constitue un pr\u00e9texte \u00e0 la production de nouvelles formes, parfois plus exp\u00e9rimentales.<\/p>\n","protected":false},"excerpt":{"rendered":"<p>Auteure: Manon Bruet<\/p>\n<p>3D : Area of Work<br \/>\n28 pages,\u00a021 \u00d7 29,7 cm, CMJN<br \/>\n13 janvier 2021<br \/>\nisbn 979-10-95991-18-2<br \/>\nissn 2558-2062<\/p>\n","protected":false},"featured_media":17109,"comment_status":"open","ping_status":"closed","template":"","meta":[],"product_brand":[],"product_cat":[3849],"product_tag":[4266,4267,4071,4268,4269,4048,4270,4271,1613,4164,4165,4272,4273,4201,4274,4275,4058,4276],"contributor":[306,47],"season":[34],"subject":[3114,3133,3901,4277],"collection":[],"artist":[4037,4265,3811,4034],"limited_edition":[],"class_list":{"0":"post-17527","1":"product","2":"type-product","3":"status-publish","4":"has-post-thumbnail","6":"product_cat-revue-faire-fr","7":"product_tag-3d-fr-2","8":"product_tag-abake-fr-2","9":"product_tag-communication-fr-2","10":"product_tag-context-fr","11":"product_tag-eric-duyckearts-fr","12":"product_tag-experimental-jetset-fr-2","13":"product_tag-fiction-fr-2","14":"product_tag-format-fr-2","15":"product_tag-john-cage-fr","16":"product_tag-mediation-fr-2","17":"product_tag-mediatization-fr","18":"product_tag-officeabc-fr-2","19":"product_tag-olivier-lebrun-fr-2","20":"product_tag-pedagogy-fr","21":"product_tag-performance-fr-2","22":"product_tag-presentation-fr-2","23":"product_tag-rossje-klap-fr-2","24":"product_tag-talks-fr","25":"contributor-area-of-work","26":"contributor-manon-bruet","27":"season-34","28":"subject-archive-fr","29":"subject-communication-fr","30":"subject-graphic-design-fr","31":"subject-pedagogy-fr","32":"artist-experimental-jetset","33":"artist-officeabc","34":"artist-olivier-lebrun","35":"artist-roosje-klap","37":"first","38":"instock","39":"featured","40":"shipping-taxable","41":"purchasable","42":"product-type-simple"},"_links":{"self":[{"href":"https:\/\/e-m-p-i-r-e.eu\/fr\/wp-json\/wp\/v2\/product\/17527","targetHints":{"allow":["GET"]}}],"collection":[{"href":"https:\/\/e-m-p-i-r-e.eu\/fr\/wp-json\/wp\/v2\/product"}],"about":[{"href":"https:\/\/e-m-p-i-r-e.eu\/fr\/wp-json\/wp\/v2\/types\/product"}],"replies":[{"embeddable":true,"href":"https:\/\/e-m-p-i-r-e.eu\/fr\/wp-json\/wp\/v2\/comments?post=17527"}],"wp:featuredmedia":[{"embeddable":true,"href":"https:\/\/e-m-p-i-r-e.eu\/fr\/wp-json\/wp\/v2\/media\/17109"}],"wp:attachment":[{"href":"https:\/\/e-m-p-i-r-e.eu\/fr\/wp-json\/wp\/v2\/media?parent=17527"}],"wp:term":[{"taxonomy":"product_brand","embeddable":true,"href":"https:\/\/e-m-p-i-r-e.eu\/fr\/wp-json\/wp\/v2\/product_brand?post=17527"},{"taxonomy":"product_cat","embeddable":true,"href":"https:\/\/e-m-p-i-r-e.eu\/fr\/wp-json\/wp\/v2\/product_cat?post=17527"},{"taxonomy":"product_tag","embeddable":true,"href":"https:\/\/e-m-p-i-r-e.eu\/fr\/wp-json\/wp\/v2\/product_tag?post=17527"},{"taxonomy":"contributor","embeddable":true,"href":"https:\/\/e-m-p-i-r-e.eu\/fr\/wp-json\/wp\/v2\/contributor?post=17527"},{"taxonomy":"season","embeddable":true,"href":"https:\/\/e-m-p-i-r-e.eu\/fr\/wp-json\/wp\/v2\/season?post=17527"},{"taxonomy":"subject","embeddable":true,"href":"https:\/\/e-m-p-i-r-e.eu\/fr\/wp-json\/wp\/v2\/subject?post=17527"},{"taxonomy":"collection","embeddable":true,"href":"https:\/\/e-m-p-i-r-e.eu\/fr\/wp-json\/wp\/v2\/collection?post=17527"},{"taxonomy":"artist","embeddable":true,"href":"https:\/\/e-m-p-i-r-e.eu\/fr\/wp-json\/wp\/v2\/artist?post=17527"},{"taxonomy":"limited_edition","embeddable":true,"href":"https:\/\/e-m-p-i-r-e.eu\/fr\/wp-json\/wp\/v2\/limited_edition?post=17527"}],"curies":[{"name":"wp","href":"https:\/\/api.w.org\/{rel}","templated":true}]}}