{"id":17526,"date":"2021-08-24T13:50:16","date_gmt":"2021-08-24T11:50:16","guid":{"rendered":"https:\/\/e-m-p-i-r-e.eu\/produit\/n29-girls-esthetisation-du-politique-et-manipulation-du-divertissement-auteure-alexandra-midal\/"},"modified":"2021-08-24T13:50:16","modified_gmt":"2021-08-24T11:50:16","slug":"n29-girls-esthetisation-du-politique-et-manipulation-du-divertissement-auteure-alexandra-midal","status":"publish","type":"product","link":"https:\/\/e-m-p-i-r-e.eu\/fr\/produit\/n29-girls-esthetisation-du-politique-et-manipulation-du-divertissement-auteure-alexandra-midal\/","title":{"rendered":"n\u00b029 \u2014 Girls : Esth\u00e9tisation du politique et manipulation du divertissement. Auteure : Alexandra Midal"},"content":{"rendered":"<p>Invent\u00e9e par John Tiller dans une filature de coton en 1880, l\u2019origine britannique de la danse synchronis\u00e9e est rapidement oubli\u00e9e\u00a0\u00e0 Berlin o\u00f9 les revues s\u2019imposent comme l\u2019expression de la standardisation et du capitalisme am\u00e9ricain. Les fameuses Tiller Girls incarnent la \u00ab\u00a0New Woman\u00a0\u00bb moderne et les spectacles rassemblent plus de 4 millions de spectateurs chaque ann\u00e9e. S\u00e9duit, Hitler demande \u00e0 disposer d\u2019une troupe\u00a0: les Hiller Girls. Face \u00e0 face, les deux revues sont des r\u00e9pliques que formellement rien ne permet de distinguer, mais qui d\u00e9livrent des messages oppos\u00e9s.<\/p>\n<p class=\"p1\">\u00a0 \u00a0 \u00a0 \u00a0 \u00a0\u00a0La danse synchronis\u00e9e d\u00e9voile les formes donn\u00e9es au discours politique entre d\u00e9mocratie et fascisme de la R\u00e9publique de Weimar \u00e0 la prise de pouvoir par le NSDAP. Entre pouvoir des formes et formes du pouvoir, face aux destructions des villes, aux d\u00e9crets bannissant l\u2019usage du Fraktur et la destruction de l\u2019art d\u00e9g\u00e9n\u00e9r\u00e9, ces spectacles de danse, sans doute, parce qu\u2019ils sont populaires, montrent que le national socialisme a utilis\u00e9 des strat\u00e9gies insidieuses et invisibles, vidant le contenu des formes pour n\u2019en garder que l\u2019apparence, et que cette pratique de l\u2019ombre se r\u00e9v\u00e8le au final tout aussi barbare que la destruction et les autodaf\u00e9s.<\/p>\n","protected":false},"excerpt":{"rendered":"<div>Auteure : Alexandra Midal<\/div>\n<div>17 f\u00e9vrier 2021<br \/>\n32 pages, 21 \u00d7 29,7 cm, noir et blanc<br \/>\nisbn 979-10-95991-18-2<br \/>\nissn 2558-2062<\/div>\n","protected":false},"featured_media":17101,"comment_status":"open","ping_status":"closed","template":"","meta":[],"product_brand":[],"product_cat":[3849],"product_tag":[4240,4241,4242,4243,4244,4245,4246,4247,4248,4249,4250,4251,4252,4156,4253,4254,4255,4256,4257,4258,4259,4260],"contributor":[146],"season":[34],"subject":[4261,3234,4262,3128,4263,4264],"collection":[],"artist":[4239,4238],"limited_edition":[],"class_list":{"0":"post-17526","1":"product","2":"type-product","3":"status-publish","4":"has-post-thumbnail","6":"product_cat-revue-faire-fr","7":"product_tag-ankle-gleber-fr-2","8":"product_tag-atina-grossmann-fr-2","9":"product_tag-cabarets-fr-2","10":"product_tag-danse-fr","11":"product_tag-divertissement-fr","12":"product_tag-felicia-mccarren-fr-2","13":"product_tag-filles-fr","14":"product_tag-gilkultur-fr-2","15":"product_tag-hiller-girls-fr-2","16":"product_tag-ina-van-elben-fr-2","17":"product_tag-jane-goodall-fr-2","18":"product_tag-joseph-goebbels-fr-2","19":"product_tag-kracauer-fr-2","20":"product_tag-manipulation-fr-2","21":"product_tag-nazi-fr-2","22":"product_tag-rolf-hiller-fr-2","23":"product_tag-susan-buck-morss-fr-2","24":"product_tag-taylorisme-fr","25":"product_tag-tiller-girls-fr-2","26":"product_tag-troisieme-reich-fr","27":"product_tag-troopers-of-dance-fr-2","28":"product_tag-walter-ruttmann-fr-2","29":"contributor-alexandra-midal","30":"season-34","31":"subject-danse-fr","32":"subject-performance-fr","33":"subject-propaganda-fr","34":"subject-reproduction-fr","35":"subject-taylorism-fr","36":"subject-third-reich-fr","37":"artist-hiller-girls","38":"artist-tiller-girls","40":"first","41":"instock","42":"featured","43":"shipping-taxable","44":"purchasable","45":"product-type-simple"},"_links":{"self":[{"href":"https:\/\/e-m-p-i-r-e.eu\/fr\/wp-json\/wp\/v2\/product\/17526","targetHints":{"allow":["GET"]}}],"collection":[{"href":"https:\/\/e-m-p-i-r-e.eu\/fr\/wp-json\/wp\/v2\/product"}],"about":[{"href":"https:\/\/e-m-p-i-r-e.eu\/fr\/wp-json\/wp\/v2\/types\/product"}],"replies":[{"embeddable":true,"href":"https:\/\/e-m-p-i-r-e.eu\/fr\/wp-json\/wp\/v2\/comments?post=17526"}],"wp:featuredmedia":[{"embeddable":true,"href":"https:\/\/e-m-p-i-r-e.eu\/fr\/wp-json\/wp\/v2\/media\/17101"}],"wp:attachment":[{"href":"https:\/\/e-m-p-i-r-e.eu\/fr\/wp-json\/wp\/v2\/media?parent=17526"}],"wp:term":[{"taxonomy":"product_brand","embeddable":true,"href":"https:\/\/e-m-p-i-r-e.eu\/fr\/wp-json\/wp\/v2\/product_brand?post=17526"},{"taxonomy":"product_cat","embeddable":true,"href":"https:\/\/e-m-p-i-r-e.eu\/fr\/wp-json\/wp\/v2\/product_cat?post=17526"},{"taxonomy":"product_tag","embeddable":true,"href":"https:\/\/e-m-p-i-r-e.eu\/fr\/wp-json\/wp\/v2\/product_tag?post=17526"},{"taxonomy":"contributor","embeddable":true,"href":"https:\/\/e-m-p-i-r-e.eu\/fr\/wp-json\/wp\/v2\/contributor?post=17526"},{"taxonomy":"season","embeddable":true,"href":"https:\/\/e-m-p-i-r-e.eu\/fr\/wp-json\/wp\/v2\/season?post=17526"},{"taxonomy":"subject","embeddable":true,"href":"https:\/\/e-m-p-i-r-e.eu\/fr\/wp-json\/wp\/v2\/subject?post=17526"},{"taxonomy":"collection","embeddable":true,"href":"https:\/\/e-m-p-i-r-e.eu\/fr\/wp-json\/wp\/v2\/collection?post=17526"},{"taxonomy":"artist","embeddable":true,"href":"https:\/\/e-m-p-i-r-e.eu\/fr\/wp-json\/wp\/v2\/artist?post=17526"},{"taxonomy":"limited_edition","embeddable":true,"href":"https:\/\/e-m-p-i-r-e.eu\/fr\/wp-json\/wp\/v2\/limited_edition?post=17526"}],"curies":[{"name":"wp","href":"https:\/\/api.w.org\/{rel}","templated":true}]}}