{"id":17523,"date":"2021-09-13T20:22:19","date_gmt":"2021-09-13T18:22:19","guid":{"rendered":"https:\/\/e-m-p-i-r-e.eu\/produit\/season-3-subscription-31st-to-45th-issue\/"},"modified":"2026-02-09T22:30:10","modified_gmt":"2026-02-09T21:30:10","slug":"season-3-subscription-31st-to-45th-issue","status":"publish","type":"product","link":"https:\/\/e-m-p-i-r-e.eu\/fr\/produit\/season-3-subscription-31st-to-45th-issue\/","title":{"rendered":"Saison 3, num\u00e9ros 31 \u00e0 45"},"content":{"rendered":"<p>n\u00b031 \u2014 <u>Une \u00e9dition<\/u> : The Serving Library. Entretien avec Stuart Bertolotti-Bailey par James Langdon<br \/>\nn\u00b032 \u2014 <u>Un graphiste dessinateur<\/u> : Br\u00e1ulio Amado. Auteure : Manon Bruet<br \/>\nn\u00b033 \u2014 <u>Formes ligneuses et tentaculaires<\/u> : Plantes mangeuses d\u2019hommes et invasions d\u00e9coratives. Auteur: Camille Pageard<br \/>\nn\u00b034 \u2014 <u>Un prix<\/u> : Qu\u2019est-ce qu\u2019un plus beau livre? Auteur : Thierry Chancogne<\/p>\n<p>n\u00b035 \u2014 <u>Un \u0153il<\/u> : le regard des artistes sur le monde moderne 1911-1938. Auteure : Sonia de Puineuf<br \/>\nn\u00b036 \u2014 <u>La photographie suspendue<\/u> : Herbert Bayer. Auteur : Remi Parcollet<br \/>\nn\u00b037 \u2014 <u>Un polygraphe<\/u> : Georges Nelson. Auteure : Catherine Geel<br \/>\nn\u00b038 \u2014 <u>Un d\u00e9bat<\/u> : Jan Van Toorn \/ Wim Crouwel. Auteur : Thierry Chancogne<\/p>\n<p>n\u00b039 \u2014 <u>Une s\u00e9rie de cartes et performances<\/u> : <i>My Calling (Card)<\/i> #1 #2 #3 d\u2019Adrian Piper. Auteur : J\u00e9r\u00f4me Dupeyrat<br \/>\nn\u00b040 \u2014 <u>Une collaboration<\/u> : Les Urbaines et Eurostandard. Auteure : Manon Bruet<br \/>\nn\u00b041 \u2014 <u>L\u2019image de mode<\/u> : Oublier la photographie (de mode) ? Auteure : Aude Felley<\/p>\n<p>n\u00b042 \u2014 <u>12 ou 13 choses que je sais d\u2019elle<\/u> : <i>F.R.DAVID<\/i>. Auteures : Victoire Le Bars et Benjamin Thorel<\/p>\n<p>n\u00b043 \u2014 <u>Un caract\u00e8re<\/u> : L\u2019\u00ab \u00e9criture typographi\u00e9e \u00bb. Auteur: Thierry Chancogne<br \/>\nn\u00b044 \u2014 <u>Une \u00e9nigme<\/u> : la communication visuelle des neurosciences. Auteur : James Langdon<br \/>\nn\u00b045 \u2014 <u>Quatre gabarits<\/u>. Auteur : Stuart Bertolotti-Bailey<\/p>\n","protected":false},"excerpt":{"rendered":"<p>Num\u00e9ros 31, 32, 33, 34, 35, 36, 37, 38, 39, 40, 41, 42, 43, 44 et 45<\/p>\n<p>Anglais\/fran\u00e7ais<br \/>\n210 \u00d7 297 mm, Piq\u00fbre \u00e0 cheval<br \/>\nCMJN et parfois plus, 20 pages ou plus<br \/>\nConception graphique : <a href=\"http:\/\/www.s-y-n-d-i-c-a-t.eu\/\">Syndicat<\/a><\/p>\n<p>7\u20ac par num\u00e9ro ou 90 l\u2019abonnement<\/p>\n","protected":false},"featured_media":17522,"comment_status":"open","ping_status":"closed","template":"","meta":[],"product_brand":[],"product_cat":[3849],"product_tag":[],"contributor":[],"season":[35],"subject":[],"collection":[],"artist":[],"limited_edition":[],"class_list":{"0":"post-17523","1":"product","2":"type-product","3":"status-publish","4":"has-post-thumbnail","6":"product_cat-revue-faire-fr","7":"season-35","9":"first","10":"instock","11":"featured","12":"shipping-taxable","13":"purchasable","14":"product-type-simple"},"_links":{"self":[{"href":"https:\/\/e-m-p-i-r-e.eu\/fr\/wp-json\/wp\/v2\/product\/17523","targetHints":{"allow":["GET"]}}],"collection":[{"href":"https:\/\/e-m-p-i-r-e.eu\/fr\/wp-json\/wp\/v2\/product"}],"about":[{"href":"https:\/\/e-m-p-i-r-e.eu\/fr\/wp-json\/wp\/v2\/types\/product"}],"replies":[{"embeddable":true,"href":"https:\/\/e-m-p-i-r-e.eu\/fr\/wp-json\/wp\/v2\/comments?post=17523"}],"wp:featuredmedia":[{"embeddable":true,"href":"https:\/\/e-m-p-i-r-e.eu\/fr\/wp-json\/wp\/v2\/media\/17522"}],"wp:attachment":[{"href":"https:\/\/e-m-p-i-r-e.eu\/fr\/wp-json\/wp\/v2\/media?parent=17523"}],"wp:term":[{"taxonomy":"product_brand","embeddable":true,"href":"https:\/\/e-m-p-i-r-e.eu\/fr\/wp-json\/wp\/v2\/product_brand?post=17523"},{"taxonomy":"product_cat","embeddable":true,"href":"https:\/\/e-m-p-i-r-e.eu\/fr\/wp-json\/wp\/v2\/product_cat?post=17523"},{"taxonomy":"product_tag","embeddable":true,"href":"https:\/\/e-m-p-i-r-e.eu\/fr\/wp-json\/wp\/v2\/product_tag?post=17523"},{"taxonomy":"contributor","embeddable":true,"href":"https:\/\/e-m-p-i-r-e.eu\/fr\/wp-json\/wp\/v2\/contributor?post=17523"},{"taxonomy":"season","embeddable":true,"href":"https:\/\/e-m-p-i-r-e.eu\/fr\/wp-json\/wp\/v2\/season?post=17523"},{"taxonomy":"subject","embeddable":true,"href":"https:\/\/e-m-p-i-r-e.eu\/fr\/wp-json\/wp\/v2\/subject?post=17523"},{"taxonomy":"collection","embeddable":true,"href":"https:\/\/e-m-p-i-r-e.eu\/fr\/wp-json\/wp\/v2\/collection?post=17523"},{"taxonomy":"artist","embeddable":true,"href":"https:\/\/e-m-p-i-r-e.eu\/fr\/wp-json\/wp\/v2\/artist?post=17523"},{"taxonomy":"limited_edition","embeddable":true,"href":"https:\/\/e-m-p-i-r-e.eu\/fr\/wp-json\/wp\/v2\/limited_edition?post=17523"}],"curies":[{"name":"wp","href":"https:\/\/api.w.org\/{rel}","templated":true}]}}