{"id":17458,"date":"2021-09-13T20:25:24","date_gmt":"2021-09-13T18:25:24","guid":{"rendered":"https:\/\/e-m-p-i-r-e.eu\/produit\/season-1-1st-to-15th-issue\/"},"modified":"2026-02-09T22:35:22","modified_gmt":"2026-02-09T21:35:22","slug":"season-1-1st-to-15th-issue","status":"publish","type":"product","link":"https:\/\/e-m-p-i-r-e.eu\/fr\/produit\/season-1-1st-to-15th-issue\/","title":{"rendered":"Saison 1, num\u00e9ros 1 \u00e0 15"},"content":{"rendered":"<p>n\u00b001 \u2014 Une collection\u202f: <em>Rouge-gorge<\/em> aux \u00e9ditions Cent pages par SpMillot. Auteur : Thierry Chancogne<br \/>\nn\u00b002 \u2014 Une plateforme technique : www.colorlibrary.ch par Maximage. Auteure : Manon Bruet<br \/>\nn\u00b003 \u2014 Une monographie : <em>Recollected Work<\/em> par Mevis &amp; Van Deursen. Auteur : \u00c9tienne Hervy<br \/>\nn\u00b004 \u2014 Une communication : Cartons d\u2019invitation de l\u2019artiste Stanley Brouwn. Auteure : C\u00e9line Chazalviel<br \/>\nn\u00b005 \u2014 Un post Instagram : P\/Pa\/Para\/Paradiso par jetset_experimental (1 Juillet 2017). Auteure : Manon Bruet<br \/>\nn\u00b006 \u2014 Une suite de gestes : <em>Invisible Touch. De Farocki \u00e0 l\u2019Architecture Aujourd\u2019hui<\/em>, quelques notes sur le manuel des choses. Auteure : Catherine Guiral<br \/>\nn\u00b007 \u2014 Un livre : <em>Parallel Encyclopedia<\/em>, Batia Suter. Auteur : J\u00e9r\u00f4me Dupeyrat<br \/>\nn\u00b008 \u2014 Une r\u00e9sidence : Coline Sunier et Charles Maz\u00e9 \u00e0 la Villa M\u00e9dicis. Auteur : Thierry Chancogne<br \/>\nn\u00b009 \u2014 Une typographie : Le <em>Mitim<\/em> de Radim Pesko. Auteur : Thierry Chancogne<br \/>\nn\u00b010 \u2014 Une ligne : Robert Brownjohn. Auteurs : \u00c9tienne Hervy, Natasha Leluc<br \/>\nn\u00b011 \u2014 Une exposition imprim\u00e9e : <em>vol.19<\/em> de Klaus Scher\u00fcbel et <em>Title of the Show<\/em> de Julia Born, <em>THEREHERETHENTHERE<\/em>de Simon Starling. Auteur : J\u00e9r\u00f4me Dupeyrat<br \/>\nn\u00b012 \u2014 Une revue : Poster of a Girl, Revue <em>Emmanuelle<\/em>. Auteures : Catherine Guiral et Sarah Vad\u00e9<br \/>\nn\u00b013 \u2014 Une proposition curatoriale : <em>Graphic Design in the White Cube<\/em> par Peter Bil\u2019ak. Auteure : Lise Brosseau<br \/>\nn\u00b014 \u2014 Une s\u00e9rie d\u2019affiches : CDDB Th\u00e9\u00e2tre de Lorient par M\/M (Paris). Auteur\u202f: \u00c9tienne Hervy<br \/>\nn\u00b015 \u2014 Un travail quotidien : le Mucem. Auteurs : Manon Bruet et Thomas Petitjean. + Questions pos\u00e9es \u00e0 Experimental Jetset, Bureau Mirko Borsche, Cornel Windlin, OK-RM, Mevis &amp; van Deursen, Strobo, Roosje Klap, Studio Dumbar.<\/p>\n","protected":false},"excerpt":{"rendered":"<p>Anglais\/fran\u00e7ais<br \/>\n15 num\u00e9ros\u00a0\u00d7 20 pages (et parfois plus)<br \/>\n210 \u00d7 297 mm<br \/>\nCMJN et parfois plus<br \/>\nPiq\u00fbre \u00e0 cheval<br \/>\nConception graphique : <a href=\"http:\/\/www.s-y-n-d-i-c-a-t.eu\/\">Syndicat<\/a><br \/>\n\u00c9puis\u00e9 \u2014 disponible uniquement sur demande<\/p>\n","protected":false},"featured_media":17457,"comment_status":"open","ping_status":"closed","template":"","meta":[],"product_brand":[],"product_cat":[3849],"product_tag":[],"contributor":[],"season":[33],"subject":[],"collection":[],"artist":[],"limited_edition":[],"class_list":{"0":"post-17458","1":"product","2":"type-product","3":"status-publish","4":"has-post-thumbnail","6":"product_cat-revue-faire-fr","7":"season-33","9":"first","10":"outofstock","11":"featured","12":"shipping-taxable","13":"product-type-simple"},"_links":{"self":[{"href":"https:\/\/e-m-p-i-r-e.eu\/fr\/wp-json\/wp\/v2\/product\/17458","targetHints":{"allow":["GET"]}}],"collection":[{"href":"https:\/\/e-m-p-i-r-e.eu\/fr\/wp-json\/wp\/v2\/product"}],"about":[{"href":"https:\/\/e-m-p-i-r-e.eu\/fr\/wp-json\/wp\/v2\/types\/product"}],"replies":[{"embeddable":true,"href":"https:\/\/e-m-p-i-r-e.eu\/fr\/wp-json\/wp\/v2\/comments?post=17458"}],"wp:featuredmedia":[{"embeddable":true,"href":"https:\/\/e-m-p-i-r-e.eu\/fr\/wp-json\/wp\/v2\/media\/17457"}],"wp:attachment":[{"href":"https:\/\/e-m-p-i-r-e.eu\/fr\/wp-json\/wp\/v2\/media?parent=17458"}],"wp:term":[{"taxonomy":"product_brand","embeddable":true,"href":"https:\/\/e-m-p-i-r-e.eu\/fr\/wp-json\/wp\/v2\/product_brand?post=17458"},{"taxonomy":"product_cat","embeddable":true,"href":"https:\/\/e-m-p-i-r-e.eu\/fr\/wp-json\/wp\/v2\/product_cat?post=17458"},{"taxonomy":"product_tag","embeddable":true,"href":"https:\/\/e-m-p-i-r-e.eu\/fr\/wp-json\/wp\/v2\/product_tag?post=17458"},{"taxonomy":"contributor","embeddable":true,"href":"https:\/\/e-m-p-i-r-e.eu\/fr\/wp-json\/wp\/v2\/contributor?post=17458"},{"taxonomy":"season","embeddable":true,"href":"https:\/\/e-m-p-i-r-e.eu\/fr\/wp-json\/wp\/v2\/season?post=17458"},{"taxonomy":"subject","embeddable":true,"href":"https:\/\/e-m-p-i-r-e.eu\/fr\/wp-json\/wp\/v2\/subject?post=17458"},{"taxonomy":"collection","embeddable":true,"href":"https:\/\/e-m-p-i-r-e.eu\/fr\/wp-json\/wp\/v2\/collection?post=17458"},{"taxonomy":"artist","embeddable":true,"href":"https:\/\/e-m-p-i-r-e.eu\/fr\/wp-json\/wp\/v2\/artist?post=17458"},{"taxonomy":"limited_edition","embeddable":true,"href":"https:\/\/e-m-p-i-r-e.eu\/fr\/wp-json\/wp\/v2\/limited_edition?post=17458"}],"curies":[{"name":"wp","href":"https:\/\/api.w.org\/{rel}","templated":true}]}}