{"id":17425,"date":"2021-08-24T14:54:03","date_gmt":"2021-08-24T12:54:03","guid":{"rendered":"https:\/\/e-m-p-i-r-e.eu\/produit\/n01-a-collection-rouge-gorge-editions-cent-pages-by-spmillot-author-thierry-chancogne\/"},"modified":"2026-02-09T22:15:44","modified_gmt":"2026-02-09T21:15:44","slug":"n01-a-collection-rouge-gorge-editions-cent-pages-by-spmillot-author-thierry-chancogne","status":"publish","type":"product","link":"https:\/\/e-m-p-i-r-e.eu\/fr\/produit\/n01-a-collection-rouge-gorge-editions-cent-pages-by-spmillot-author-thierry-chancogne\/","title":{"rendered":"n\u00b001 \u2014 Une collection\u202f: Rouge-gorge aux \u00e9ditions Cent pages par SpMillot. Auteur\u202f: Thierry Chancogne"},"content":{"rendered":"<p>Sp Millot. S pour Sophie, P pour Philippe. Sp comme le monogramme typographique d\u2019une entit\u00e9 ligatur\u00e9e. Millot comme \u00ab ville \u00bb et pas comme \u00ab Villon \u00bb \u2013 que Philippe adore pourtant tellement \u2013 pour la famille.<\/p>\n<p class=\"p1\">\u00a0 \u00a0 \u00a0 \u00a0 \u00a0\u00a0Sp Millot. Un travail du texte par des graphistes qui le lisent. Un travail lettr\u00e9 de la lettre et de sa composition dans la page et la s\u00e9quence du livre. Un travail typographique qui sait qu\u2019inscrire un \u00e9crit est aussi bien dessiner qu\u2019\u00e9crire, que r\u00e9fl\u00e9chir et faire jouer l\u2019\u00e9criture. D\u00e9cider, d\u00e9signer, signer. Se raconter des histoires dans l\u2019Histoire et diss\u00e9miner les indices. Arranger et faire miroiter les mati\u00e8res. Mati\u00e8res du r\u00e9cit, mati\u00e8res du texte, mati\u00e8res du livre et des conditions de sa mise en \u0153uvre.<\/p>\n","protected":false},"excerpt":{"rendered":"<p>Auteur : Thierry Chancogne.<br \/>\n20 pages, 21 \u00d7 29,7 cm, CMJN<br \/>\n25 octobre 2017<br \/>\nisbn 979-10-95991-04-5<br \/>\nissn 2558-2062<\/p>\n","protected":false},"featured_media":17349,"comment_status":"open","ping_status":"closed","template":"","meta":[],"product_brand":[],"product_cat":[3849],"product_tag":[3888,3889,4211,4212,3891,4213,3893,4214,4091,4215,4216,4217,4218,4219,4220,4221,3987,4222,3896,4223,3873,4224,4121,3878],"contributor":[50],"season":[33],"subject":[3898,3899,3900,3901,3902,4191,3917,3904,3882],"collection":[],"artist":[4210,3809,4209],"limited_edition":[],"class_list":{"0":"post-17425","1":"product","2":"type-product","3":"status-publish","4":"has-post-thumbnail","6":"product_cat-revue-faire-fr","7":"product_tag-book-fr-2","8":"product_tag-book-design-fr","9":"product_tag-collection-rouge-gorge-fr-2","10":"product_tag-colophon-fr-2","11":"product_tag-cover-fr","12":"product_tag-editions-cent-pages-fr-2","13":"product_tag-graphic-design-fr-2","14":"product_tag-jacques-darche-fr-2","15":"product_tag-jean-jacques-pauvert-fr-2","16":"product_tag-jeanine-fricker-fr-2","17":"product_tag-livre-de-poche-fr-2","18":"product_tag-massin-fr-2","19":"product_tag-matthew-carter-fr-2","20":"product_tag-olivier-gadet-fr-2","21":"product_tag-pierre-faucheux-fr-2","22":"product_tag-pocket-fr","23":"product_tag-printed-matter-fr","24":"product_tag-publisher-fr","25":"product_tag-publishing-fr","26":"product_tag-robert-massin-fr-2","27":"product_tag-signature-fr-2","28":"product_tag-spmillot-fr-2","29":"product_tag-type-design-fr","30":"product_tag-typography-fr","31":"contributor-thierry-chancogne","32":"season-33","33":"subject-bibliophily-fr","34":"subject-book-fr","35":"subject-cover-fr","36":"subject-graphic-design-fr","37":"subject-identity-fr","38":"subject-paper-fr","39":"subject-printed-matter-fr","40":"subject-publishing-fr","41":"subject-typography-fr","42":"artist-matthew-carter","43":"artist-pierre-faucheux","44":"artist-spmillot","46":"first","47":"instock","48":"featured","49":"shipping-taxable","50":"purchasable","51":"product-type-simple"},"_links":{"self":[{"href":"https:\/\/e-m-p-i-r-e.eu\/fr\/wp-json\/wp\/v2\/product\/17425","targetHints":{"allow":["GET"]}}],"collection":[{"href":"https:\/\/e-m-p-i-r-e.eu\/fr\/wp-json\/wp\/v2\/product"}],"about":[{"href":"https:\/\/e-m-p-i-r-e.eu\/fr\/wp-json\/wp\/v2\/types\/product"}],"replies":[{"embeddable":true,"href":"https:\/\/e-m-p-i-r-e.eu\/fr\/wp-json\/wp\/v2\/comments?post=17425"}],"wp:featuredmedia":[{"embeddable":true,"href":"https:\/\/e-m-p-i-r-e.eu\/fr\/wp-json\/wp\/v2\/media\/17349"}],"wp:attachment":[{"href":"https:\/\/e-m-p-i-r-e.eu\/fr\/wp-json\/wp\/v2\/media?parent=17425"}],"wp:term":[{"taxonomy":"product_brand","embeddable":true,"href":"https:\/\/e-m-p-i-r-e.eu\/fr\/wp-json\/wp\/v2\/product_brand?post=17425"},{"taxonomy":"product_cat","embeddable":true,"href":"https:\/\/e-m-p-i-r-e.eu\/fr\/wp-json\/wp\/v2\/product_cat?post=17425"},{"taxonomy":"product_tag","embeddable":true,"href":"https:\/\/e-m-p-i-r-e.eu\/fr\/wp-json\/wp\/v2\/product_tag?post=17425"},{"taxonomy":"contributor","embeddable":true,"href":"https:\/\/e-m-p-i-r-e.eu\/fr\/wp-json\/wp\/v2\/contributor?post=17425"},{"taxonomy":"season","embeddable":true,"href":"https:\/\/e-m-p-i-r-e.eu\/fr\/wp-json\/wp\/v2\/season?post=17425"},{"taxonomy":"subject","embeddable":true,"href":"https:\/\/e-m-p-i-r-e.eu\/fr\/wp-json\/wp\/v2\/subject?post=17425"},{"taxonomy":"collection","embeddable":true,"href":"https:\/\/e-m-p-i-r-e.eu\/fr\/wp-json\/wp\/v2\/collection?post=17425"},{"taxonomy":"artist","embeddable":true,"href":"https:\/\/e-m-p-i-r-e.eu\/fr\/wp-json\/wp\/v2\/artist?post=17425"},{"taxonomy":"limited_edition","embeddable":true,"href":"https:\/\/e-m-p-i-r-e.eu\/fr\/wp-json\/wp\/v2\/limited_edition?post=17425"}],"curies":[{"name":"wp","href":"https:\/\/api.w.org\/{rel}","templated":true}]}}