{"id":17422,"date":"2021-08-24T14:59:11","date_gmt":"2021-08-24T12:59:11","guid":{"rendered":"https:\/\/e-m-p-i-r-e.eu\/produit\/n02-a-technical-platform-www-colorlibrary-ch-by-maximage-author-manon-bruet\/"},"modified":"2026-02-09T22:10:38","modified_gmt":"2026-02-09T21:10:38","slug":"n02-a-technical-platform-www-colorlibrary-ch-by-maximage-author-manon-bruet","status":"publish","type":"product","link":"https:\/\/e-m-p-i-r-e.eu\/fr\/produit\/n02-a-technical-platform-www-colorlibrary-ch-by-maximage-author-manon-bruet\/","title":{"rendered":"n\u00b002 \u2014 Une plateforme technique\u202f: www.colorlibrary.ch par Maximage. Auteure\u202f: Manon Bruet"},"content":{"rendered":"<p class=\"p1\"><span class=\"s1\">Le projet de recherches Workflow, men\u00e9 \u00e0 l\u2019\u00e9cal par Tatiana Rhis, Guy Meldem, et Julien Tavelli et David Keshavjee (Maximage), s\u2019int\u00e9resse aux nouvelles technologies de l\u2019objet imprim\u00e9. Il consiste en une s\u00e9rie d\u2019exp\u00e9riences qui tentent de d\u00e9jouer les technologies de production aujourd\u2019hui \u00e0 disposition, provoquer le hasard et les accidents afin d\u2019obtenir des r\u00e9sultats in\u00e9dits. Plus que de se questionner sur le d\u00e9tournement possible des outils, Workflow en explore la technicit\u00e9, les modes de fonctionnement et les failles. Ce programme poursuit ainsi le champ d\u2019exp\u00e9rimentations ouvert par le studio suisse Maximage depuis 2008. D\u00e9j\u00e0 dans le cadre de leur dipl\u00f4me \u00e0 l\u2019\u00e9cal, Julien Tavelli et David Keshavjee associaient les techniques manuelles et num\u00e9riques pour d\u00e9velopper leurs propres outils de production, et notamment leurs propres modalit\u00e9s d\u2019impressions. De leurs exp\u00e9riences sont n\u00e9es, entre autres, la typographie \u00ab\u202fProgramme\u202f\u00bb, et la publication \u00ab\u202fLes impressions magiques\u202f\u00bb, qui appara\u00eet aujourd\u2019hui comme un objet manifeste de leur d\u00e9marche.<\/span><\/p>\n<p class=\"p1\"><span class=\"s1\">\u00a0 \u00a0 \u00a0 \u00a0 \u00a0 Un des premiers r\u00e9sultats du programme Workflow est la cr\u00e9ation d\u2019une s\u00e9rie de profils colorim\u00e9triques permettant de convertir des images num\u00e9riques pour l\u2019impression avec une, deux, trois, quatre ou cinq couleurs d\u2019accompagnement, qu\u2019elles soient basiques, pastels, fluos ou m\u00e9tallis\u00e9es.<\/span><\/p>\n<p class=\"p1\"><span class=\"s1\">\u00a0 \u00a0 \u00a0 \u00a0 \u00a0 Le travail sur ces profils a deux vis\u00e9es. Il sert \u00e0 sensibiliser les \u00e9tudiants de l\u2019\u00e9cal \u00e0 la gestion et la th\u00e9orie de la couleur; mais il permet aussi, et ce pour la premi\u00e8re fois, l\u2019automatisation d\u2019op\u00e9rations et de r\u00e9glages jusqu\u2019alors r\u00e9alis\u00e9s au cas par cas et manuellement sur les logiciels de retouches et de PAO.<\/span><\/p>\n<p class=\"p1\"><span class=\"s1\">\u00a0 \u00a0 \u00a0 \u00a0 \u00a0 Revendiquant une solution \u00ab\u202fnovatrice\u202f\u00bb et \u00ab\u202fprofessionnelle\u202f\u00bb pour le traitement de la couleur, l\u2019\u00e9cal et le programme Workflow lancent en 2016 le site <a href=\"https:\/\/e-m-p-i-r-e.eu\/faire\/www.colorlibrary.ch\" target=\"_blank\" rel=\"noopener\">www.colorlibrary.ch<\/a>, qui propose ces profils \u00e0 la vente. La plateforme appara\u00eet comme une biblioth\u00e8que en ligne pr\u00e9sentant une grande vari\u00e9t\u00e9 de profils aux diff\u00e9rentes combinaisons color\u00e9es. Les diff\u00e9rents profils s\u2019affichent \u00e0 l\u2019\u00e9cran, appliqu\u00e9s aux photographies de l\u2019iranienne Shirana Shahbazi, qui semblent rejouer les codes des images types Photoshop\u2014du papillon \u00e0 l\u2019\u0153il et de la nature morte \u00e0 la cascade.<\/span><\/p>\n<p class=\"p1\"><span class=\"s1\">\u00a0 \u00a0 \u00a0 \u00a0 \u00a0 \u00a0\u00c0 partir de l\u2019analyse de la structure de cette plateforme, des langages esth\u00e9tiques et terminologiques qu\u2019elle convoque et de leurs limites, nous ouvrirons plusieurs champs d\u2019investigations, plus largement li\u00e9s \u00e0 la question des outils et des modes de production des images.<\/span><\/p>\n","protected":false},"excerpt":{"rendered":"<p>\u00c9puis\u00e9<br \/>\nAuteure : Manon Bruet.<br \/>\n12 pages, 21 \u00d7 29,7 cm, Noir et Cyan + 1 poster A2, 3 PMS<br \/>\n+ 1 poster A2, CMJN (r\u00e9serv\u00e9 aux abonn\u00e9s) (\u00e9puis\u00e9)<br \/>\n8 novembre 2017<br \/>\nisbn 979-10-95991-04-5<br \/>\nISSN: 2558-2062<\/p>\n","protected":false},"featured_media":17720,"comment_status":"open","ping_status":"closed","template":"","meta":[],"product_brand":[],"product_cat":[3849],"product_tag":[4193,4194,4195,4196,4197,4198,4199,3855,3984,4200,4201,4202,4026,4203,4204,4205,4206,4207,4030],"contributor":[43,47],"season":[33],"subject":[3899,4208,3177,3901,3915,3885,3916,3917,3843,3904,4031,3245,3990,3882,3920,3219],"collection":[],"artist":[3821,4192],"limited_edition":[],"class_list":{"0":"post-17422","1":"product","2":"type-product","3":"status-publish","4":"has-post-thumbnail","6":"product_cat-revue-faire-fr","7":"product_tag-automation-fr-2","8":"product_tag-color-library-fr-2","9":"product_tag-color-printing-fr-2","10":"product_tag-color-profiles-fr-2","11":"product_tag-color-separation-fr-2","12":"product_tag-colors-fr","13":"product_tag-database-fr-2","14":"product_tag-ecal-fr-2","15":"product_tag-maximage-fr-2","16":"product_tag-offset-printing-fr","17":"product_tag-pedagogy-fr","18":"product_tag-printing-fr","19":"product_tag-reproduction-fr-2","20":"product_tag-shirana-shahbazi-fr-2","21":"product_tag-stadard-fr-2","22":"product_tag-technical-process-fr","23":"product_tag-technology-fr","24":"product_tag-tools-fr","25":"product_tag-website-fr","26":"contributor-julia-andreone","27":"contributor-manon-bruet","28":"season-33","29":"subject-book-fr","30":"subject-color-fr","31":"subject-ecal-fr","32":"subject-graphic-design-fr","33":"subject-offset-printing-fr","34":"subject-photography-fr","35":"subject-poster-fr","36":"subject-printed-matter-fr","37":"subject-publicite-fr","38":"subject-publishing-fr","39":"subject-reprint-fr","40":"subject-specimen-fr","41":"subject-the-most-beautiful-swiss-book-fr","42":"subject-typography-fr","43":"subject-website-fr","44":"subject-workshop-fr","45":"artist-maximage","46":"artist-shirana-shahbazi","48":"first","49":"outofstock","50":"featured","51":"shipping-taxable","52":"product-type-simple"},"_links":{"self":[{"href":"https:\/\/e-m-p-i-r-e.eu\/fr\/wp-json\/wp\/v2\/product\/17422","targetHints":{"allow":["GET"]}}],"collection":[{"href":"https:\/\/e-m-p-i-r-e.eu\/fr\/wp-json\/wp\/v2\/product"}],"about":[{"href":"https:\/\/e-m-p-i-r-e.eu\/fr\/wp-json\/wp\/v2\/types\/product"}],"replies":[{"embeddable":true,"href":"https:\/\/e-m-p-i-r-e.eu\/fr\/wp-json\/wp\/v2\/comments?post=17422"}],"wp:featuredmedia":[{"embeddable":true,"href":"https:\/\/e-m-p-i-r-e.eu\/fr\/wp-json\/wp\/v2\/media\/17720"}],"wp:attachment":[{"href":"https:\/\/e-m-p-i-r-e.eu\/fr\/wp-json\/wp\/v2\/media?parent=17422"}],"wp:term":[{"taxonomy":"product_brand","embeddable":true,"href":"https:\/\/e-m-p-i-r-e.eu\/fr\/wp-json\/wp\/v2\/product_brand?post=17422"},{"taxonomy":"product_cat","embeddable":true,"href":"https:\/\/e-m-p-i-r-e.eu\/fr\/wp-json\/wp\/v2\/product_cat?post=17422"},{"taxonomy":"product_tag","embeddable":true,"href":"https:\/\/e-m-p-i-r-e.eu\/fr\/wp-json\/wp\/v2\/product_tag?post=17422"},{"taxonomy":"contributor","embeddable":true,"href":"https:\/\/e-m-p-i-r-e.eu\/fr\/wp-json\/wp\/v2\/contributor?post=17422"},{"taxonomy":"season","embeddable":true,"href":"https:\/\/e-m-p-i-r-e.eu\/fr\/wp-json\/wp\/v2\/season?post=17422"},{"taxonomy":"subject","embeddable":true,"href":"https:\/\/e-m-p-i-r-e.eu\/fr\/wp-json\/wp\/v2\/subject?post=17422"},{"taxonomy":"collection","embeddable":true,"href":"https:\/\/e-m-p-i-r-e.eu\/fr\/wp-json\/wp\/v2\/collection?post=17422"},{"taxonomy":"artist","embeddable":true,"href":"https:\/\/e-m-p-i-r-e.eu\/fr\/wp-json\/wp\/v2\/artist?post=17422"},{"taxonomy":"limited_edition","embeddable":true,"href":"https:\/\/e-m-p-i-r-e.eu\/fr\/wp-json\/wp\/v2\/limited_edition?post=17422"}],"curies":[{"name":"wp","href":"https:\/\/api.w.org\/{rel}","templated":true}]}}