{"id":17421,"date":"2021-08-24T15:00:41","date_gmt":"2021-08-24T13:00:41","guid":{"rendered":"https:\/\/e-m-p-i-r-e.eu\/produit\/n03-a-monograph-recollected-work-by-mevis-van-deursen-author-etienne-hervy\/"},"modified":"2026-02-09T22:06:26","modified_gmt":"2026-02-09T21:06:26","slug":"n03-a-monograph-recollected-work-by-mevis-van-deursen-author-etienne-hervy","status":"publish","type":"product","link":"https:\/\/e-m-p-i-r-e.eu\/fr\/produit\/n03-a-monograph-recollected-work-by-mevis-van-deursen-author-etienne-hervy\/","title":{"rendered":"n\u00b003 \u2014 Une monographie\u202f: Recollected Work par Mevis &#038; Van Deursen. Auteur\u202f: \u00c9tienne Hervy"},"content":{"rendered":"<p class=\"p1\"><span class=\"s1\">En 2006, l\u2019\u00e9diteur Artimo confie \u00e0 Linda van Deursen et Armand Mevis la direction \u00e9ditoriale et la conception graphique de leur propre monographie\u202f: <i>Recollected Works<\/i>. Associ\u00e9s \u00e0 Paul Elliman pour les textes, les deux graphistes r\u00e9pondent par une d\u00e9marche similaire \u00e0 celle qui est la leur lorsqu\u2019ils accompagnent d\u2019autres artistes ou photographes \u00e0 travers des livres dont la pertinence a largement contribu\u00e9 \u00e0 la r\u00e9putation du studio. Mevis &amp; van Deursen proposent au lecteur de faire l\u2019exp\u00e9rience de leur travail \u00e0 l\u2019\u0153uvre plut\u00f4t que de le contenter par une restitution de travaux pr\u00e9sent\u00e9s comme \u0153uvres en soi. Plut\u00f4t que la nostalgie d\u2019une organisation plus ou moins formalis\u00e9e de leurs projets pr\u00e9c\u00e9dents, les deux graphistes regardent leur production pass\u00e9e comme le mat\u00e9riau d\u2019un projet autonome que sera ce livre.<\/span><\/p>\n<p class=\"p1\"><span class=\"s1\">\u00a0 \u00a0 \u00a0 \u00a0 \u00a0 Un tel choix pose directement la question de la constitution et de la transmission d\u2019une culture propre au design graphique que ce soit \u00e0 destination sp\u00e9cifique des designers aussi bien qu\u2019\u00e0 l\u2019adresse d\u2019un public plus large. Comment transmettre les enjeux et points de qualit\u00e9 d\u2019une discipline elle-m\u00eame d\u00e9di\u00e9e \u00e0 la transmission\u202f? Il faudra avant tout reconna\u00eetre \u00e0 ce champs \u00e9minemment visuel la capacit\u00e9 \u00e0 se confronter aux apparences.<\/span><\/p>\n<p class=\"p1\"><span class=\"s1\">\u00a0 \u00a0 \u00a0 \u00a0 \u00a0 Notre \u00e9tude de ce travail sera \u00e9videmment r\u00e9f\u00e9renc\u00e9e par un corpus de monographies et de publications \u00e9mises par des graphistes (Christophe Jacquet, Joost Grootens, M\/M (Paris), Karel Martens, Experimental Jetset, Wolgang Weingart\u2026) en m\u00eame temps qu\u2019il regardera plus largement les formes couramment adopt\u00e9es pour la transmission du graphisme (expositions, conf\u00e9rences\u2026). Au del\u00e0 des enjeux port\u00e9s et des questionnements soulev\u00e9s par <i>Recollected Works<\/i>, il s\u2019agira tout \u00e0 la fois de tirer le fil du travail de Mevis &amp; van Deursen (existe-til une continuit\u00e9 entre le design editorial de <i>Why Mister, Why\u202f?<\/i> pour Geert van Kesteren ou <i>Library Of The Museum Museum<\/i> of Contemporary African Art pour Meschac Gaba et l\u2019identit\u00e9 du Stedelijk Museum) et d\u2019interroger la pertinence d\u2019un discours sp\u00e9cifique au design graphique.<\/span><\/p>\n","protected":false},"excerpt":{"rendered":"<p>\u00c9puis\u00e9<br \/>\nAuteur : \u00c9tienne Hervy.<br \/>\n20 pages, 21 \u00d7 29,7 cm, CMJN<br \/>\n22 novembre 2017<br \/>\nisbn 979-10-95991-04-5<br \/>\nissn 2558-2062<\/p>\n","protected":false},"featured_media":17335,"comment_status":"open","ping_status":"closed","template":"","meta":[],"product_brand":[],"product_cat":[3849],"product_tag":[3888,3889,4182,4183,4048,3893,4184,4185,4186,4187,3868,4188,4189,4157,3987,3878],"contributor":[97],"season":[33],"subject":[3899,3901,3902,4190,4191,3885,3917,3904,3882],"collection":[],"artist":[3814,4036,3810],"limited_edition":[],"class_list":{"0":"post-17421","1":"product","2":"type-product","3":"status-publish","4":"has-post-thumbnail","6":"product_cat-revue-faire-fr","7":"product_tag-book-fr-2","8":"product_tag-book-design-fr","9":"product_tag-dutch-design-fr-2","10":"product_tag-emily-king-fr-2","11":"product_tag-experimental-jetset-fr-2","12":"product_tag-graphic-design-fr-2","13":"product_tag-graphic-tought-facility-fr","14":"product_tag-gtf-fr-2","15":"product_tag-joost-grootens-fr-2","16":"product_tag-louise-dossing-fr-2","17":"product_tag-m-m-paris-fr-2","18":"product_tag-mevis-and-van-deursen-fr-2","19":"product_tag-monograph-fr","20":"product_tag-paul-elliman-fr-2","21":"product_tag-printed-matter-fr","22":"product_tag-typography-fr","23":"contributor-etienne-hervy","24":"season-33","25":"subject-book-fr","26":"subject-graphic-design-fr","27":"subject-identity-fr","28":"subject-monograph-fr","29":"subject-paper-fr","30":"subject-photography-fr","31":"subject-printed-matter-fr","32":"subject-publishing-fr","33":"subject-typography-fr","34":"artist-m-m-paris","35":"artist-mevis-van-deursen","36":"artist-paul-elliman","38":"first","39":"outofstock","40":"featured","41":"shipping-taxable","42":"product-type-simple"},"_links":{"self":[{"href":"https:\/\/e-m-p-i-r-e.eu\/fr\/wp-json\/wp\/v2\/product\/17421","targetHints":{"allow":["GET"]}}],"collection":[{"href":"https:\/\/e-m-p-i-r-e.eu\/fr\/wp-json\/wp\/v2\/product"}],"about":[{"href":"https:\/\/e-m-p-i-r-e.eu\/fr\/wp-json\/wp\/v2\/types\/product"}],"replies":[{"embeddable":true,"href":"https:\/\/e-m-p-i-r-e.eu\/fr\/wp-json\/wp\/v2\/comments?post=17421"}],"wp:featuredmedia":[{"embeddable":true,"href":"https:\/\/e-m-p-i-r-e.eu\/fr\/wp-json\/wp\/v2\/media\/17335"}],"wp:attachment":[{"href":"https:\/\/e-m-p-i-r-e.eu\/fr\/wp-json\/wp\/v2\/media?parent=17421"}],"wp:term":[{"taxonomy":"product_brand","embeddable":true,"href":"https:\/\/e-m-p-i-r-e.eu\/fr\/wp-json\/wp\/v2\/product_brand?post=17421"},{"taxonomy":"product_cat","embeddable":true,"href":"https:\/\/e-m-p-i-r-e.eu\/fr\/wp-json\/wp\/v2\/product_cat?post=17421"},{"taxonomy":"product_tag","embeddable":true,"href":"https:\/\/e-m-p-i-r-e.eu\/fr\/wp-json\/wp\/v2\/product_tag?post=17421"},{"taxonomy":"contributor","embeddable":true,"href":"https:\/\/e-m-p-i-r-e.eu\/fr\/wp-json\/wp\/v2\/contributor?post=17421"},{"taxonomy":"season","embeddable":true,"href":"https:\/\/e-m-p-i-r-e.eu\/fr\/wp-json\/wp\/v2\/season?post=17421"},{"taxonomy":"subject","embeddable":true,"href":"https:\/\/e-m-p-i-r-e.eu\/fr\/wp-json\/wp\/v2\/subject?post=17421"},{"taxonomy":"collection","embeddable":true,"href":"https:\/\/e-m-p-i-r-e.eu\/fr\/wp-json\/wp\/v2\/collection?post=17421"},{"taxonomy":"artist","embeddable":true,"href":"https:\/\/e-m-p-i-r-e.eu\/fr\/wp-json\/wp\/v2\/artist?post=17421"},{"taxonomy":"limited_edition","embeddable":true,"href":"https:\/\/e-m-p-i-r-e.eu\/fr\/wp-json\/wp\/v2\/limited_edition?post=17421"}],"curies":[{"name":"wp","href":"https:\/\/api.w.org\/{rel}","templated":true}]}}