{"id":17419,"date":"2021-08-24T15:03:59","date_gmt":"2021-08-24T13:03:59","guid":{"rendered":"https:\/\/e-m-p-i-r-e.eu\/produit\/n05-an-instagram-post-p-pa-para-paradiso-by-jetset_experimental-july-1-2017-author-manon-bruet\/"},"modified":"2026-02-09T22:00:11","modified_gmt":"2026-02-09T21:00:11","slug":"n05-an-instagram-post-p-pa-para-paradiso-by-jetset_experimental-july-1-2017-author-manon-bruet","status":"publish","type":"product","link":"https:\/\/e-m-p-i-r-e.eu\/fr\/produit\/n05-an-instagram-post-p-pa-para-paradiso-by-jetset_experimental-july-1-2017-author-manon-bruet\/","title":{"rendered":"n\u00b005 \u2014 Un post Instagram\u202f: P\/Pa\/Para\/Paradiso par jetset_experimental (1 Juillet 2017). Auteure\u202f: Manon Bruet"},"content":{"rendered":"<p class=\"p1\"><span class=\"s1\">Le 1<sup>er<\/sup> juillet 2017, alors que je m\u2019appr\u00eate \u00e0 commencer des recherches sur l\u2019usage des r\u00e9seaux sociaux par les designers graphiques, le studio n\u00e9erlandais Experimental Jetset poste sur Instagram un diaporama de 7 images. Titr\u00e9 \u00ab\u202fP\/Pa\/Para\/Paradiso\u202f\u00bb, celui-ci pr\u00e9sente, dans son ensemble et en d\u00e9tails, l\u2019affichage de leurs nouveaux posters pour le centre de musique et de culture amstellodamois Paradiso. Outre la filiation formelle \u00e9vidente avec le poster <i>Blow up<\/i> qu\u2019ils r\u00e9alisent en 2007 pour le Design Museum de Londres, ce diaporama ne donne que peu de cl\u00e9s de lecture pour ce qui semble \u00eatre une nouvelle facette de la communication de ce lieu, \u00e0 laquelle Experimental Jetset travaille depuis 1996.<\/span><\/p>\n<p class=\"p1\"><span class=\"s1\">\u00a0 \u00a0 \u00a0 \u00a0 \u00a0 Avec aujourd\u2019hui plus de 1500 <i>likes<\/i> et des dizaines de commentaires, ce post constitue le point de d\u00e9part de mon article. L\u2019occasion d\u2019enqu\u00eater donc, de revenir sur cette collaboration qui a pris durant plus de 20 ans diverses formes (flyers, programmes, posters), et ainsi sur la pratique singuli\u00e8re et radicale d\u2019Experimental Jetset. Mais l\u2019occasion aussi de porter un regard plus th\u00e9orique sur la mani\u00e8re dont est montr\u00e9 et regard\u00e9 le graphisme sur les diff\u00e9rentes plateformes, qui font aujourd\u2019hui partie int\u00e9grante de l\u2019enseignement et de l\u2019\u00e9volution de la discipline.<\/span><\/p>\n","protected":false},"excerpt":{"rendered":"<p>Auteure\u202f: Manon Bruet<br \/>\n20 pages, 21 \u00d7 29,7 cm, CMJN<br \/>\n20 d\u00e9cembre 2017<br \/>\nisbn 979-10-95991-05-2<br \/>\nissn 2558-2062<\/p>\n","protected":false},"featured_media":17321,"comment_status":"open","ping_status":"closed","template":"","meta":[],"product_brand":[],"product_cat":[3849],"product_tag":[4125,4159,4071,4048,4160,4161,4162,4163,4164,4165,4166,4167,4168,4169,4064,3879],"contributor":[47],"season":[33],"subject":[3114,3133,3902,3144,3233,3261,3128,3882,3883],"collection":[],"artist":[4037],"limited_edition":[],"class_list":{"0":"post-17419","1":"product","2":"type-product","3":"status-publish","4":"has-post-thumbnail","6":"product_cat-revue-faire-fr","7":"product_tag-archives-fr-2","8":"product_tag-blogs-fr-2","9":"product_tag-communication-fr-2","10":"product_tag-experimental-jetset-fr-2","11":"product_tag-ffffound-fr-2","12":"product_tag-instagram-fr-2","13":"product_tag-lev-manovich-fr-2","14":"product_tag-manystuff-fr-2","15":"product_tag-mediation-fr-2","16":"product_tag-mediatization-fr","17":"product_tag-paradiso-fr-2","18":"product_tag-remix-fr-2","19":"product_tag-sample-fr-2","20":"product_tag-tumblr-fr-2","21":"product_tag-visual-identity-fr","22":"product_tag-writing-fr","23":"contributor-manon-bruet","24":"season-33","25":"subject-archive-fr","26":"subject-communication-fr","27":"subject-identity-fr","28":"subject-instagram-fr","29":"subject-mediation-fr","30":"subject-musique-fr","31":"subject-reproduction-fr","32":"subject-typography-fr","33":"subject-writing-fr","34":"artist-experimental-jetset","36":"first","37":"outofstock","38":"featured","39":"shipping-taxable","40":"product-type-simple"},"_links":{"self":[{"href":"https:\/\/e-m-p-i-r-e.eu\/fr\/wp-json\/wp\/v2\/product\/17419","targetHints":{"allow":["GET"]}}],"collection":[{"href":"https:\/\/e-m-p-i-r-e.eu\/fr\/wp-json\/wp\/v2\/product"}],"about":[{"href":"https:\/\/e-m-p-i-r-e.eu\/fr\/wp-json\/wp\/v2\/types\/product"}],"replies":[{"embeddable":true,"href":"https:\/\/e-m-p-i-r-e.eu\/fr\/wp-json\/wp\/v2\/comments?post=17419"}],"wp:featuredmedia":[{"embeddable":true,"href":"https:\/\/e-m-p-i-r-e.eu\/fr\/wp-json\/wp\/v2\/media\/17321"}],"wp:attachment":[{"href":"https:\/\/e-m-p-i-r-e.eu\/fr\/wp-json\/wp\/v2\/media?parent=17419"}],"wp:term":[{"taxonomy":"product_brand","embeddable":true,"href":"https:\/\/e-m-p-i-r-e.eu\/fr\/wp-json\/wp\/v2\/product_brand?post=17419"},{"taxonomy":"product_cat","embeddable":true,"href":"https:\/\/e-m-p-i-r-e.eu\/fr\/wp-json\/wp\/v2\/product_cat?post=17419"},{"taxonomy":"product_tag","embeddable":true,"href":"https:\/\/e-m-p-i-r-e.eu\/fr\/wp-json\/wp\/v2\/product_tag?post=17419"},{"taxonomy":"contributor","embeddable":true,"href":"https:\/\/e-m-p-i-r-e.eu\/fr\/wp-json\/wp\/v2\/contributor?post=17419"},{"taxonomy":"season","embeddable":true,"href":"https:\/\/e-m-p-i-r-e.eu\/fr\/wp-json\/wp\/v2\/season?post=17419"},{"taxonomy":"subject","embeddable":true,"href":"https:\/\/e-m-p-i-r-e.eu\/fr\/wp-json\/wp\/v2\/subject?post=17419"},{"taxonomy":"collection","embeddable":true,"href":"https:\/\/e-m-p-i-r-e.eu\/fr\/wp-json\/wp\/v2\/collection?post=17419"},{"taxonomy":"artist","embeddable":true,"href":"https:\/\/e-m-p-i-r-e.eu\/fr\/wp-json\/wp\/v2\/artist?post=17419"},{"taxonomy":"limited_edition","embeddable":true,"href":"https:\/\/e-m-p-i-r-e.eu\/fr\/wp-json\/wp\/v2\/limited_edition?post=17419"}],"curies":[{"name":"wp","href":"https:\/\/api.w.org\/{rel}","templated":true}]}}