{"id":17416,"date":"2021-08-24T15:10:34","date_gmt":"2021-08-24T13:10:34","guid":{"rendered":"https:\/\/e-m-p-i-r-e.eu\/produit\/n08-a-residency-coline-sunier-and-charles-maze-at-villa-medici-author-thierry-chancogne\/"},"modified":"2026-02-09T21:50:12","modified_gmt":"2026-02-09T20:50:12","slug":"n08-a-residency-coline-sunier-and-charles-maze-at-villa-medici-author-thierry-chancogne","status":"publish","type":"product","link":"https:\/\/e-m-p-i-r-e.eu\/fr\/produit\/n08-a-residency-coline-sunier-and-charles-maze-at-villa-medici-author-thierry-chancogne\/","title":{"rendered":"n\u00b008 \u2014 Une r\u00e9sidence\u202f: Coline Sunier et Charles Maz\u00e9 \u00e0 la Villa M\u00e9dicis. Auteur\u202f: Thierry Chancogne"},"content":{"rendered":"<p class=\"p1\"><span class=\"s1\">\u00a0 \u00a0 \u00a0 \u00a0 \u00a0 Relev\u00e9s typo-topographiques <\/span><\/p>\n<p class=\"p1\"><span class=\"s1\">Alors qu\u2019elle \u00e9tait encore \u00e9tudiante \u00e0 l\u2019\u00e9sad Valence, Coline Sunier avait, avec Gr\u00e9gory Ambos, frapp\u00e9 la premi\u00e8re de couverture du livret associ\u00e9 au programme de Zak Kyes, <i>Forms of inquiry<\/i>, d\u2019une s\u00e9rie de fleurons pr\u00e9lev\u00e9s dans le patrimoine graphique plus ou moins h\u00e9raldique des embl\u00e8mes tr\u00e8s locaux.<\/span><\/p>\n<p class=\"p1\"><span class=\"s1\">\u00a0 \u00a0 \u00a0 \u00a0 \u00a0 Lorsqu\u2019elle fonde son studio avec Charles Maz\u00e9, le duo poursuit ce travail de collection qui est \u00e0 la fois une des \u00e9tymologies de la lecture et une des caract\u00e9ristiques de l\u2019esth\u00e9tique conceptuelle de la liste des ann\u00e9es 1970. D\u2019abord dans la refonte de l\u2019identit\u00e9 de l\u2019\u00e9sad r\u00e9alis\u00e9e en 2012-2013. Ensuite, dans le travail de r\u00e9sidence \u00e0 la Villa M\u00e9dicis <i>Come vanno le cose?<\/i> consacr\u00e9 aux relev\u00e9s, sur les murs de Rome de 1512 graffiti dessinant en creux le portrait d\u2019un myst\u00e9rieux survivant peut-\u00eatre fantasm\u00e9 des Brigades Rouges. Enfin dans le travail d\u2019identit\u00e9 d\u00e9velopp\u00e9 depuis peu pour le Centre d\u2019art contemporain de Br\u00e9tigny.<\/span><\/p>\n<p class=\"p1\"><span class=\"s1\">\u00a0 \u00a0 \u00a0 \u00a0 \u00a0 La collection des signes de pouvoir et des traces de r\u00e9sistance profond\u00e9ment inscrits dans les mati\u00e8res toujours politiques des lieux s\u2019accompagne souvent d\u2019un effort de traduction typographique qui rappelle aussi le travail de typisation des \u00e9critures personnelles de Fernand Baudin r\u00e9alis\u00e9 pour le catalogue du prix \u00e9ponyme 2012.<\/span><\/p>\n","protected":false},"excerpt":{"rendered":"<p>Entretien avec Coline Sunier et Charles Maz\u00e9 par Thierry Chancogne<br \/>\n20 pages, 21 \u00d7 29,7 cm + 1 poster A2 (r\u00e9serv\u00e9 aux abonn\u00e9s ou sur demande)<br \/>\n07 f\u00e9vrier 2018<br \/>\nisbn 979-10-95991-05-2<br \/>\nissn 2558-2096<\/p>\n","protected":false},"featured_media":17293,"comment_status":"open","ping_status":"closed","template":"","meta":[],"product_brand":[],"product_cat":[3849],"product_tag":[4124,4125,3851,3853,4126,4127,4128,3893,4049,3894,4129,4121,3878,4130,4131,4064,3879,4132],"contributor":[1987,50],"season":[33],"subject":[3200,3899,3909,3135,3901,3902,4068,3136,3904,3128,4133,3139,3882,3219,3883],"collection":[],"artist":[3820,4123],"limited_edition":[],"class_list":{"0":"post-17416","1":"product","2":"type-product","3":"status-publish","4":"has-post-thumbnail","6":"product_cat-revue-faire-fr","7":"product_tag-appropriation-fr-2","8":"product_tag-archives-fr-2","9":"product_tag-charles-maze-fr-2","10":"product_tag-coline-sunier-fr-2","11":"product_tag-fernand-baudin-fr-2","12":"product_tag-francois-delsarte-fr-2","13":"product_tag-graffiti-fr-2","14":"product_tag-graphic-design-fr-2","15":"product_tag-graphic-identity-fr","16":"product_tag-identity-fr-2","17":"product_tag-residency-fr","18":"product_tag-type-design-fr","19":"product_tag-typography-fr","20":"product_tag-vier5-fr-2","21":"product_tag-villa-medici-fr-2","22":"product_tag-visual-identity-fr","23":"product_tag-writing-fr","24":"product_tag-zak-kyes-fr-2","25":"contributor-coline-sunier-charles-maze","26":"contributor-thierry-chancogne","27":"season-33","28":"subject-appropriation-fr","29":"subject-book-fr","30":"subject-contemporary-art-fr","31":"subject-graffiti-fr","32":"subject-graphic-design-fr","33":"subject-identity-fr","34":"subject-invitation-card-fr","35":"subject-logo-fr","36":"subject-publishing-fr","37":"subject-reproduction-fr","38":"subject-residency-fr","39":"subject-signature-fr","40":"subject-typography-fr","41":"subject-workshop-fr","42":"subject-writing-fr","43":"artist-coline-sunier-et-charles-maze","44":"artist-vier-5","46":"first","47":"instock","48":"featured","49":"shipping-taxable","50":"purchasable","51":"product-type-simple"},"_links":{"self":[{"href":"https:\/\/e-m-p-i-r-e.eu\/fr\/wp-json\/wp\/v2\/product\/17416","targetHints":{"allow":["GET"]}}],"collection":[{"href":"https:\/\/e-m-p-i-r-e.eu\/fr\/wp-json\/wp\/v2\/product"}],"about":[{"href":"https:\/\/e-m-p-i-r-e.eu\/fr\/wp-json\/wp\/v2\/types\/product"}],"replies":[{"embeddable":true,"href":"https:\/\/e-m-p-i-r-e.eu\/fr\/wp-json\/wp\/v2\/comments?post=17416"}],"wp:featuredmedia":[{"embeddable":true,"href":"https:\/\/e-m-p-i-r-e.eu\/fr\/wp-json\/wp\/v2\/media\/17293"}],"wp:attachment":[{"href":"https:\/\/e-m-p-i-r-e.eu\/fr\/wp-json\/wp\/v2\/media?parent=17416"}],"wp:term":[{"taxonomy":"product_brand","embeddable":true,"href":"https:\/\/e-m-p-i-r-e.eu\/fr\/wp-json\/wp\/v2\/product_brand?post=17416"},{"taxonomy":"product_cat","embeddable":true,"href":"https:\/\/e-m-p-i-r-e.eu\/fr\/wp-json\/wp\/v2\/product_cat?post=17416"},{"taxonomy":"product_tag","embeddable":true,"href":"https:\/\/e-m-p-i-r-e.eu\/fr\/wp-json\/wp\/v2\/product_tag?post=17416"},{"taxonomy":"contributor","embeddable":true,"href":"https:\/\/e-m-p-i-r-e.eu\/fr\/wp-json\/wp\/v2\/contributor?post=17416"},{"taxonomy":"season","embeddable":true,"href":"https:\/\/e-m-p-i-r-e.eu\/fr\/wp-json\/wp\/v2\/season?post=17416"},{"taxonomy":"subject","embeddable":true,"href":"https:\/\/e-m-p-i-r-e.eu\/fr\/wp-json\/wp\/v2\/subject?post=17416"},{"taxonomy":"collection","embeddable":true,"href":"https:\/\/e-m-p-i-r-e.eu\/fr\/wp-json\/wp\/v2\/collection?post=17416"},{"taxonomy":"artist","embeddable":true,"href":"https:\/\/e-m-p-i-r-e.eu\/fr\/wp-json\/wp\/v2\/artist?post=17416"},{"taxonomy":"limited_edition","embeddable":true,"href":"https:\/\/e-m-p-i-r-e.eu\/fr\/wp-json\/wp\/v2\/limited_edition?post=17416"}],"curies":[{"name":"wp","href":"https:\/\/api.w.org\/{rel}","templated":true}]}}