{"id":17414,"date":"2021-08-24T15:12:06","date_gmt":"2021-08-24T13:12:06","guid":{"rendered":"https:\/\/e-m-p-i-r-e.eu\/produit\/n09-a-typeface-mitim-by-radim-pesko-author-thierry-chancogne\/"},"modified":"2026-02-09T21:44:16","modified_gmt":"2026-02-09T20:44:16","slug":"n09-a-typeface-mitim-by-radim-pesko-author-thierry-chancogne","status":"publish","type":"product","link":"https:\/\/e-m-p-i-r-e.eu\/fr\/produit\/n09-a-typeface-mitim-by-radim-pesko-author-thierry-chancogne\/","title":{"rendered":"n\u00b009 \u2014 Une typographie\u202f: Le Mitim de Radim Pesko. Auteur\u202f: Thierry Chancogne"},"content":{"rendered":"<p class=\"p1\"><span class=\"s1\"><i>Mitim<\/i>. Trois lettres interpol\u00e9es en palindrome et en ambigramme. \/Mit\/, en n\u00e9erlandais comme en allemand avec. Trois sommets, un effet de sym\u00e9trie et de circulation. La structure triadique du signe. De ce qui tient lieu. De ce qui relie. Signifiant, Signifi\u00e9, R\u00e9f\u00e9rent.<\/span><\/p>\n<p class=\"p1\"><span class=\"s1\"><i>\u00a0 \u00a0 \u00a0 \u00a0 \u00a0 Mitim<\/i>, une typographie dessin\u00e9e par Radim Pe\u0161ko pour Dot dot dot. \u00c0 nouveau trois signes et une diffusion. Trois points qui se suivent et invitent \u00e0 la poursuite, m\u00eame si la p\u00e9riodicit\u00e9 de cette indispensable revue a cess\u00e9 apr\u00e8s 10 ans et vingt num\u00e9ros.<\/span><\/p>\n<p class=\"p1\"><span class=\"s1\"><i>\u00a0 \u00a0 \u00a0 \u00a0 \u00a0 Mitim<\/i>, une figure fil\u00e9e du triangle qui en appelle \u00e0 l\u2019ast\u00e9risme, \u2042 , constellation d\u2019\u00e9toiles qui est la figure m\u00eame de la constitution du sens en m\u00eame temps que le signe typographique du changement de paragraphe ou <i>couillard<\/i>. Signe f\u00e9cond de la rupture et de la suite qui marque la condition de tout texte et de toute parution p\u00e9riodique. Signe qui propose, dans sa forme de suite horizontale d\u2019\u00e9toiles, un \u00e9quivalent du triple point de suspension, en anglais <i>dot dot dot<\/i>.<\/span><\/p>\n<p class=\"p1\"><span class=\"s1\"><i>\u00a0 \u00a0 \u00a0 \u00a0 \u00a0 Mitim<\/i>, une figure triangul\u00e9e qui renvoie aux signes typographiques de la logique et de la relation math\u00e9matique\u202f: cons\u00e9quence \u00b7\u02d9\u00b7, cause \u02d9\u00b7\u02d9. Dans certaines expressions ma\u00e7onniques, une figure qui est celle de l\u2019abr\u00e9viation, de la pr\u00e9visibilit\u00e9 de la redondance comme de ce qui est cach\u00e9 dans le signe\u202f: le signe du secret \u00e0 d\u00e9ployer, du secret \u00e0 poursuivre.<\/span><\/p>\n<p class=\"p1\"><span class=\"s1\"><i>\u00a0 \u00a0 \u00a0 \u00a0 \u00a0 Mitim<\/i>, un dessin de caract\u00e8re qui s\u2019\u00e9tend \u00e0 un projet artistique et typographique auto-r\u00e9flexif. Un alphabet qui \u00e9volue et s\u2019adapte au cycle des parutions d\u2019une revue en forme de suite.<\/span><\/p>\n","protected":false},"excerpt":{"rendered":"<p>\u00c9puis\u00e9<br \/>\nAuteur : Thierry Chancogne<br \/>\n16 pages, 21 \u00d7 29,7 cm CMJN + 4 cartes NB dans une enveloppe C4<br \/>\n28 f\u00e9vrier 2018<br \/>\nisbn 979-10-95991-08-3<br \/>\nissn 2558-2062<\/p>\n","protected":false},"featured_media":17285,"comment_status":"open","ping_status":"closed","template":"","meta":[],"product_brand":[],"product_cat":[3849],"product_tag":[4115,3854,4017,4019,3893,4116,4117,4118,4084,4119,4120,3874,4028,3875,3877,4121,3878],"contributor":[50],"season":[33],"subject":[3114,3900,3272,3901,3902,3903,3904,3278,3882],"collection":[],"artist":[4081,4114,3906],"limited_edition":[],"class_list":{"0":"post-17414","1":"product","2":"type-product","3":"status-publish","4":"has-post-thumbnail","6":"product_cat-revue-faire-fr","7":"product_tag-blast-fr-2","8":"product_tag-david-reinfurt-fr-2","9":"product_tag-dexter-sinister-fr-2","10":"product_tag-dot-dot-dot-fr-2","11":"product_tag-graphic-design-fr-2","12":"product_tag-louis-luthi-fr-2","13":"product_tag-mickey-fr-2","14":"product_tag-monotype-corporation-fr-2","15":"product_tag-peter-bilak-fr-2","16":"product_tag-radim-pesko-fr-2","17":"product_tag-ryan-gander-fr-2","18":"product_tag-specimen-fr-2","19":"product_tag-stuart-bailey-fr-2","20":"product_tag-stuart-bertolotti-bailey-fr-2","21":"product_tag-the-serving-library-fr-2","22":"product_tag-type-design-fr","23":"product_tag-typography-fr","24":"contributor-thierry-chancogne","25":"season-33","26":"subject-archive-fr","27":"subject-cover-fr","28":"subject-dot-dot-dot-fr","29":"subject-graphic-design-fr","30":"subject-identity-fr","31":"subject-magazine-fr","32":"subject-publishing-fr","33":"subject-the-serving-library-fr","34":"subject-typography-fr","35":"artist-peter-bilak","36":"artist-radim-pesko","37":"artist-stuart-bertolotti-bailey","39":"first","40":"outofstock","41":"featured","42":"shipping-taxable","43":"product-type-simple"},"_links":{"self":[{"href":"https:\/\/e-m-p-i-r-e.eu\/fr\/wp-json\/wp\/v2\/product\/17414","targetHints":{"allow":["GET"]}}],"collection":[{"href":"https:\/\/e-m-p-i-r-e.eu\/fr\/wp-json\/wp\/v2\/product"}],"about":[{"href":"https:\/\/e-m-p-i-r-e.eu\/fr\/wp-json\/wp\/v2\/types\/product"}],"replies":[{"embeddable":true,"href":"https:\/\/e-m-p-i-r-e.eu\/fr\/wp-json\/wp\/v2\/comments?post=17414"}],"wp:featuredmedia":[{"embeddable":true,"href":"https:\/\/e-m-p-i-r-e.eu\/fr\/wp-json\/wp\/v2\/media\/17285"}],"wp:attachment":[{"href":"https:\/\/e-m-p-i-r-e.eu\/fr\/wp-json\/wp\/v2\/media?parent=17414"}],"wp:term":[{"taxonomy":"product_brand","embeddable":true,"href":"https:\/\/e-m-p-i-r-e.eu\/fr\/wp-json\/wp\/v2\/product_brand?post=17414"},{"taxonomy":"product_cat","embeddable":true,"href":"https:\/\/e-m-p-i-r-e.eu\/fr\/wp-json\/wp\/v2\/product_cat?post=17414"},{"taxonomy":"product_tag","embeddable":true,"href":"https:\/\/e-m-p-i-r-e.eu\/fr\/wp-json\/wp\/v2\/product_tag?post=17414"},{"taxonomy":"contributor","embeddable":true,"href":"https:\/\/e-m-p-i-r-e.eu\/fr\/wp-json\/wp\/v2\/contributor?post=17414"},{"taxonomy":"season","embeddable":true,"href":"https:\/\/e-m-p-i-r-e.eu\/fr\/wp-json\/wp\/v2\/season?post=17414"},{"taxonomy":"subject","embeddable":true,"href":"https:\/\/e-m-p-i-r-e.eu\/fr\/wp-json\/wp\/v2\/subject?post=17414"},{"taxonomy":"collection","embeddable":true,"href":"https:\/\/e-m-p-i-r-e.eu\/fr\/wp-json\/wp\/v2\/collection?post=17414"},{"taxonomy":"artist","embeddable":true,"href":"https:\/\/e-m-p-i-r-e.eu\/fr\/wp-json\/wp\/v2\/artist?post=17414"},{"taxonomy":"limited_edition","embeddable":true,"href":"https:\/\/e-m-p-i-r-e.eu\/fr\/wp-json\/wp\/v2\/limited_edition?post=17414"}],"curies":[{"name":"wp","href":"https:\/\/api.w.org\/{rel}","templated":true}]}}