{"id":17412,"date":"2021-08-24T15:13:54","date_gmt":"2021-08-24T13:13:54","guid":{"rendered":"https:\/\/e-m-p-i-r-e.eu\/produit\/n10-a-line-robert-brownjohn-author-etienne-hervy-natasha-leluc\/"},"modified":"2026-02-09T21:38:47","modified_gmt":"2026-02-09T20:38:47","slug":"n10-a-line-robert-brownjohn-author-etienne-hervy-natasha-leluc","status":"publish","type":"product","link":"https:\/\/e-m-p-i-r-e.eu\/fr\/produit\/n10-a-line-robert-brownjohn-author-etienne-hervy-natasha-leluc\/","title":{"rendered":"n\u00b010 \u2014 Une ligne\u202f: Robert Brownjohn. Auteur\u202f: \u00c9tienne Hervy, Natasha Leluc"},"content":{"rendered":"<p>La figure de Robert Brownjohn oscille entre New York et Londres, elle tangue entre les ann\u00e9es 1950 et les ann\u00e9es 1960, elle jongle encore, dans la profusion de sa production, entre les jeux typographiques et les essais photographiques, les identit\u00e9s sur ent\u00eate de lettres et les installations publicitaires, le packaging en forme de projet refus\u00e9 et le g\u00e9n\u00e9rique devenu arch\u00e9type du film d\u2019espionnage. Vascillant sans cesse entre la vie et les id\u00e9es, la trajectoire de l\u2019\u00e9l\u00e8ve prodige de Moholy-Nagy devenu le designer prodigue du swinging London est une ligne qui n\u2019en finit pas de finir. Qu\u2019il ait trop brill\u00e9 ou trop br\u00fbl\u00e9, ce g\u00e9nie ing\u00e9rable effarouche les yeux de l\u2019histoire qui pr\u00e9f\u00e8re regarder ailleurs pour ne pas effaroucher les enfants sages. Alors qu\u2019importe l\u2019histoire pourvu qu\u2019\u00e0 la fin ce soit sign\u00e9 Love B.J.<br \/>\nCe 10<sup>e<\/sup> num\u00e9ro de la Revue Faire contient des aquarelles originales des travaux de Robert Brownjohn par Natasha Leluc.<\/p>\n","protected":false},"excerpt":{"rendered":"<p><span class=\"s1\">Texte: \u00c9tienne Hervy<\/span><\/p>\n<p><span class=\"s1\">Aquarelles: Natasha Leluc<\/span><span class=\"s1\"><br \/>\n<\/span><span class=\"s1\">28 pages, 21 \u00d7 29,7 cm, CMJN<br \/>\n<\/span><span class=\"s1\">4 avril 2018<br \/>\n<\/span><span class=\"s1\">isbn 979-10-95991-09-0<br \/>\n<\/span><span class=\"s1\">issn 2558-2062<\/span><\/p>\n","protected":false},"featured_media":17269,"comment_status":"open","ping_status":"closed","template":"","meta":[],"product_brand":[],"product_cat":[3849],"product_tag":[4107,3893,3947,4108,4109,4011,4110,4111,3873,4112],"contributor":[97,2345],"season":[33],"subject":[3133,3902,3885,3916,3843,3128,3139],"collection":[],"artist":[4106,4105],"limited_edition":[],"class_list":{"0":"post-17412","1":"product","2":"type-product","3":"status-publish","4":"has-post-thumbnail","6":"product_cat-revue-faire-fr","7":"product_tag-advertising-fr","8":"product_tag-graphic-design-fr-2","9":"product_tag-laszlo-moholy-nagy-fr-2","10":"product_tag-michael-cooper-fr-2","11":"product_tag-movie-fr-2","12":"product_tag-musique-fr-2","13":"product_tag-opening-titles-fr-2","14":"product_tag-robert-brownjohn-fr-2","15":"product_tag-signature-fr-2","16":"product_tag-water-color-fr","17":"contributor-etienne-hervy","18":"contributor-natasha-leluc","19":"season-33","20":"subject-communication-fr","21":"subject-identity-fr","22":"subject-photography-fr","23":"subject-poster-fr","24":"subject-publicite-fr","25":"subject-reproduction-fr","26":"subject-signature-fr","27":"artist-natasha-leluc","28":"artist-robert-brownjohn","30":"first","31":"instock","32":"featured","33":"shipping-taxable","34":"purchasable","35":"product-type-simple"},"_links":{"self":[{"href":"https:\/\/e-m-p-i-r-e.eu\/fr\/wp-json\/wp\/v2\/product\/17412","targetHints":{"allow":["GET"]}}],"collection":[{"href":"https:\/\/e-m-p-i-r-e.eu\/fr\/wp-json\/wp\/v2\/product"}],"about":[{"href":"https:\/\/e-m-p-i-r-e.eu\/fr\/wp-json\/wp\/v2\/types\/product"}],"replies":[{"embeddable":true,"href":"https:\/\/e-m-p-i-r-e.eu\/fr\/wp-json\/wp\/v2\/comments?post=17412"}],"wp:featuredmedia":[{"embeddable":true,"href":"https:\/\/e-m-p-i-r-e.eu\/fr\/wp-json\/wp\/v2\/media\/17269"}],"wp:attachment":[{"href":"https:\/\/e-m-p-i-r-e.eu\/fr\/wp-json\/wp\/v2\/media?parent=17412"}],"wp:term":[{"taxonomy":"product_brand","embeddable":true,"href":"https:\/\/e-m-p-i-r-e.eu\/fr\/wp-json\/wp\/v2\/product_brand?post=17412"},{"taxonomy":"product_cat","embeddable":true,"href":"https:\/\/e-m-p-i-r-e.eu\/fr\/wp-json\/wp\/v2\/product_cat?post=17412"},{"taxonomy":"product_tag","embeddable":true,"href":"https:\/\/e-m-p-i-r-e.eu\/fr\/wp-json\/wp\/v2\/product_tag?post=17412"},{"taxonomy":"contributor","embeddable":true,"href":"https:\/\/e-m-p-i-r-e.eu\/fr\/wp-json\/wp\/v2\/contributor?post=17412"},{"taxonomy":"season","embeddable":true,"href":"https:\/\/e-m-p-i-r-e.eu\/fr\/wp-json\/wp\/v2\/season?post=17412"},{"taxonomy":"subject","embeddable":true,"href":"https:\/\/e-m-p-i-r-e.eu\/fr\/wp-json\/wp\/v2\/subject?post=17412"},{"taxonomy":"collection","embeddable":true,"href":"https:\/\/e-m-p-i-r-e.eu\/fr\/wp-json\/wp\/v2\/collection?post=17412"},{"taxonomy":"artist","embeddable":true,"href":"https:\/\/e-m-p-i-r-e.eu\/fr\/wp-json\/wp\/v2\/artist?post=17412"},{"taxonomy":"limited_edition","embeddable":true,"href":"https:\/\/e-m-p-i-r-e.eu\/fr\/wp-json\/wp\/v2\/limited_edition?post=17412"}],"curies":[{"name":"wp","href":"https:\/\/api.w.org\/{rel}","templated":true}]}}