{"id":17411,"date":"2021-08-24T15:15:49","date_gmt":"2021-08-24T13:15:49","guid":{"rendered":"https:\/\/e-m-p-i-r-e.eu\/produit\/n11-a-printed-exhibition-vol-19-by-klaus-scherubel-title-of-the-show-by-julia-born-and-thereherethenthere-by-simon-starling-author-jerome-dupeyrat\/"},"modified":"2026-02-09T21:34:41","modified_gmt":"2026-02-09T20:34:41","slug":"n11-a-printed-exhibition-vol-19-by-klaus-scherubel-title-of-the-show-by-julia-born-and-thereherethenthere-by-simon-starling-author-jerome-dupeyrat","status":"publish","type":"product","link":"https:\/\/e-m-p-i-r-e.eu\/fr\/produit\/n11-a-printed-exhibition-vol-19-by-klaus-scherubel-title-of-the-show-by-julia-born-and-thereherethenthere-by-simon-starling-author-jerome-dupeyrat\/","title":{"rendered":"n\u00b011 \u2014 Une exposition imprim\u00e9e\u202f: vol.19 de Klaus Scher\u00fcbel et Title of the Show de Julia Born, THEREHERETHENTHERE de Simon Starling. Auteur\u202f: J\u00e9r\u00f4me Dupeyrat"},"content":{"rendered":"<p class=\"p1\">Il s\u2019agira \u00e0 travers ce texte d\u2019observer et d\u2019analyser <span class=\"s1\">comment la pratique de certains artistes et designers graphiques se construit dans une relation de r\u00e9ciprocit\u00e9 entre la pratique de l\u2019\u00e9dition et celle de l\u2019exposition, sp\u00e9cifiquement selon deux modalit\u00e9s\u2009:<\/span><\/p>\n<p class=\"p1\"><span class=\"s1\">\u00a0 \u00a0 \u00a0 \u00a0 \u00a0 L\u2019exposition con\u00e7ue comme un processus \u00e9ditorial, selon un d\u00e9placement vers l\u2019espace d\u2019exposition de logiques <\/span>d\u2019\u00e9critures et de mise en forme ayant leur origine dans <span class=\"s1\">l\u2019espace du livre.<\/span><\/p>\n<p class=\"p1\">\u00a0 \u00a0 \u00a0 \u00a0 \u00a0 Le catalogue d\u2019exposition consid\u00e9r\u00e9 comme espace et comme mode d\u2019amplification du travail artistique et <span class=\"s1\">curatorial,\u00a0 au-del\u00e0 des stricts enjeux documentaires et critiques habituellement d\u00e9volus \u00e0 ce type de publications.<\/span><\/p>\n<p class=\"p1\"><span class=\"s1\">\u00a0 \u00a0 \u00a0 \u00a0 \u00a0 Le texte se d\u00e9veloppera \u00e0 partir de cas concrets, et portera plus particuli\u00e8rement sur Julia Born en regardant J\u00e9r\u00f4me Saint-Loubert Bi\u00e9, Klaus Scher\u00fcbel, Yann S\u00e9randour et Simon Starling, tout en inscrivant l\u2019analyse de leur travail dans une histoire \u00e9tendue, allant du ph\u00e9nom\u00e8ne du \u00ablivre galerie\u00bb au XVII<\/span><sup><span class=\"s2\">e<\/span><\/sup><span class=\"s1\">si\u00e8cle jusqu\u2019\u00e0 l\u2019\u0153uvre de Marcel Broodthaers.<\/span><\/p>\n","protected":false},"excerpt":{"rendered":"<p><span class=\"s1\">Auteur : J\u00e9r\u00f4me Dupeyrat.<br \/>\n20 pages, 21 \u00d7 29,7 cm, CMJN<br \/>\n25 avril 2018<\/span><span class=\"s1\">isbn 979-10-95991-09-0<br \/>\n<\/span><span class=\"s1\">issn 2558-2062<\/span><\/p>\n","protected":false},"featured_media":17261,"comment_status":"open","ping_status":"closed","template":"","meta":[],"product_brand":[],"product_cat":[3849],"product_tag":[203,3960,3888,4099,4100,3962,4101,3963,4020,4102,3865,4103,3866,4026,4104],"contributor":[42],"season":[33],"subject":[3185,3899,3909,3900,3977,3978,3901,3885,3916,3917,3904,3128],"collection":[],"artist":[4097,4095,4098,3815,4096],"limited_edition":[],"class_list":{"0":"post-17411","1":"product","2":"type-product","3":"status-publish","4":"has-post-thumbnail","6":"product_cat-revue-faire-fr","7":"product_tag-art-fr","8":"product_tag-art-fr-2","9":"product_tag-book-fr-2","10":"product_tag-contemporary-art-fr","11":"product_tag-dummy-fr-2","12":"product_tag-exhibition-fr","13":"product_tag-exhibition-catalog-fr","14":"product_tag-exhibition-view-fr","15":"product_tag-graphic-design-exhibition-fr","16":"product_tag-jerome-saint-loubert-bie-fr-2","17":"product_tag-julia-born-fr-2","18":"product_tag-klaus-scherubel-fr-2","19":"product_tag-laurenz-brunner-fr-2","20":"product_tag-reproduction-fr-2","21":"product_tag-simon-starling-fr-2","22":"contributor-jerome-dupeyrat","23":"season-33","24":"subject-art-fr","25":"subject-book-fr","26":"subject-contemporary-art-fr","27":"subject-cover-fr","28":"subject-exhibition-fr","29":"subject-exhibition-view-fr","30":"subject-graphic-design-fr","31":"subject-photography-fr","32":"subject-poster-fr","33":"subject-printed-matter-fr","34":"subject-publishing-fr","35":"subject-reproduction-fr","36":"artist-jerome-saint-loubert-bie","37":"artist-julia-born","38":"artist-klaus-scherubel","39":"artist-laurenz-brunner","40":"artist-simon-starling","42":"first","43":"outofstock","44":"featured","45":"shipping-taxable","46":"product-type-simple"},"_links":{"self":[{"href":"https:\/\/e-m-p-i-r-e.eu\/fr\/wp-json\/wp\/v2\/product\/17411","targetHints":{"allow":["GET"]}}],"collection":[{"href":"https:\/\/e-m-p-i-r-e.eu\/fr\/wp-json\/wp\/v2\/product"}],"about":[{"href":"https:\/\/e-m-p-i-r-e.eu\/fr\/wp-json\/wp\/v2\/types\/product"}],"replies":[{"embeddable":true,"href":"https:\/\/e-m-p-i-r-e.eu\/fr\/wp-json\/wp\/v2\/comments?post=17411"}],"wp:featuredmedia":[{"embeddable":true,"href":"https:\/\/e-m-p-i-r-e.eu\/fr\/wp-json\/wp\/v2\/media\/17261"}],"wp:attachment":[{"href":"https:\/\/e-m-p-i-r-e.eu\/fr\/wp-json\/wp\/v2\/media?parent=17411"}],"wp:term":[{"taxonomy":"product_brand","embeddable":true,"href":"https:\/\/e-m-p-i-r-e.eu\/fr\/wp-json\/wp\/v2\/product_brand?post=17411"},{"taxonomy":"product_cat","embeddable":true,"href":"https:\/\/e-m-p-i-r-e.eu\/fr\/wp-json\/wp\/v2\/product_cat?post=17411"},{"taxonomy":"product_tag","embeddable":true,"href":"https:\/\/e-m-p-i-r-e.eu\/fr\/wp-json\/wp\/v2\/product_tag?post=17411"},{"taxonomy":"contributor","embeddable":true,"href":"https:\/\/e-m-p-i-r-e.eu\/fr\/wp-json\/wp\/v2\/contributor?post=17411"},{"taxonomy":"season","embeddable":true,"href":"https:\/\/e-m-p-i-r-e.eu\/fr\/wp-json\/wp\/v2\/season?post=17411"},{"taxonomy":"subject","embeddable":true,"href":"https:\/\/e-m-p-i-r-e.eu\/fr\/wp-json\/wp\/v2\/subject?post=17411"},{"taxonomy":"collection","embeddable":true,"href":"https:\/\/e-m-p-i-r-e.eu\/fr\/wp-json\/wp\/v2\/collection?post=17411"},{"taxonomy":"artist","embeddable":true,"href":"https:\/\/e-m-p-i-r-e.eu\/fr\/wp-json\/wp\/v2\/artist?post=17411"},{"taxonomy":"limited_edition","embeddable":true,"href":"https:\/\/e-m-p-i-r-e.eu\/fr\/wp-json\/wp\/v2\/limited_edition?post=17411"}],"curies":[{"name":"wp","href":"https:\/\/api.w.org\/{rel}","templated":true}]}}